{"id":114,"date":"2020-03-26T12:17:09","date_gmt":"2020-03-26T10:17:09","guid":{"rendered":"https:\/\/blog.edu.turku.fi\/tyovaenopisto\/?page_id=114"},"modified":"2026-01-05T08:06:22","modified_gmt":"2026-01-05T06:06:22","slug":"opetustilat","status":"publish","type":"page","link":"https:\/\/blog.edu.turku.fi\/tyovaenopisto\/opetustilat\/","title":{"rendered":"Opetustilat"},"content":{"rendered":"<p>Suomenkielisell\u00e4 ty\u00f6v\u00e4enopistolla on oma opistotalo kaupungin keskustassa (os. Kaskenkatu 5).<\/p>\n<p>Teorialuokkien lis\u00e4ksi opistotalosta l\u00f6ytyy mm. kielistudio, atk-luokka sek\u00e4 useita k\u00e4dentaito- ja kuvataideluokkia. L\u00e4hes jokaisessa opetustilassa on tietokone, kaiuttimet, dataprojektori sek\u00e4 dokumenttikamera. Opistotalossa on my\u00f6s 54-paikkainen auditorio, 112-paikkainen luentosali sek\u00e4 300-paikkainen Usko Puustinen -sali.<\/p>\n<p>Monet opetustilamme ja luokkamme ovat vuokrattavissa. Tiloista perit\u00e4\u00e4n tunti- tai p\u00e4iv\u00e4vuokria, joihin lis\u00e4t\u00e4\u00e4n vahtimestarikulut silloin kun opistolla ei ole omaa toimintaa. Yhteydenotot tilavarauksista arkisin klo 10\u201315: Tuovi Haaponiemi, p. 040 668 2382, etunimi.sukunimi@edu.turku.fi.<\/p>\n<hr \/>\n<p><strong>Luentosali \u2013 1. kerros \u2013 112 paikkaa<\/strong><\/p>\n<p><strong>Sijainti<\/strong><\/p>\n<p>\u2013 Turun suomenkielinen ty\u00f6v\u00e4enopisto, Kaskenkatu 5, 1. kerros<br \/>\n\u2013 Sis\u00e4\u00e4nk\u00e4ynti katutason \/ ensimm\u00e4isen kerroksen ala-aulan kahvilan ja kierreportaiden v\u00e4list\u00e4<\/p>\n<p><strong>Istumapaikat<\/strong><\/p>\n<p>\u2013 112<\/p>\n<p><strong>Tekniikka<\/strong><\/p>\n<p>\u2013 Kannettava tietokone: Lenovo ThinkPad T470<br \/>\n\u2013 Dataprojektori Optoma (2021), HDMI-liitin<br \/>\n\u2013 Dokumenttikamera Optoma DC450 (k\u00e4ytet\u00e4\u00e4n Smart DC Pro -tietokoneohjelmalla)<br \/>\n\u2013 Mikrofonit: langaton sankamikrofoni, langallinen kapulamikrofoni ja langaton kapulamikrofoni<br \/>\n\u2013 Mikrofonit verkkoluentok\u00e4ytt\u00f6\u00f6n: ClearOne Chat 150<br \/>\n(\u2013 Tulossa 2026: induktiosilmukka.)<br \/>\n\u2013 Kamera Logitech C920<br \/>\n\u2013 Laserosoitin PowerPoint-esityksille<br \/>\n\u2013 WiFi; Turku-Open. Vierailijatunnuksen voi pyyt\u00e4\u00e4 hyviss\u00e4 ajoin osoitteesta tyovaenopisto[at]turku.fi. Tunnus on voimassa kalenterikuukauden.<br \/>\n\u2013 CD-\/DVD-soitin<br \/>\n\u2013 Macintosh-k\u00e4ytt\u00e4j\u00e4t, jotka k\u00e4ytt\u00e4v\u00e4t omaa tietokonetta: varmistakaa, ett\u00e4 itsell\u00e4nne on tarvittava hdmi-sovitin<\/p>\n<p><strong>Sis\u00e4\u00e4nkirjautuminen tietokoneelle<\/strong><\/p>\n<p>\u2013 Kirjaudu henkil\u00f6kohtaisella edu.turku.fi-tunnuksellasi, jotta Microsoft 365 on k\u00e4ytett\u00e4viss\u00e4. Vaihtoehtoisesti voit kirjautua yhteysk\u00e4ytt\u00f6tunnuksella vahtimestarin (p. 050 432 3674) avulla<\/p>\n<p><strong>Tietokoneen k\u00e4ytt\u00f6j\u00e4rjestelm\u00e4 ja ohjelmat<\/strong><\/p>\n<p>\u2013 Windows 11<br \/>\n\u2013 MS Office 365 (vaatii oman edu.turku.fi-tunnuksen!)<br \/>\n\u2013 LibreOffice 7.2<br \/>\n\u2013 Windows Media Player<br \/>\n\u2013 VLC media player<br \/>\n\u2013 Microsoft Edge<br \/>\n\u2013 Mozilla Firefox<br \/>\n\u2013 Google Chrome<br \/>\n\u2013 Adobe Reader XI<\/p>\n<p><strong>Muut<\/strong><\/p>\n<p>\u2013 Liitutaulu<br \/>\n\u2013 Fl\u00e4ppitaulu<br \/>\n\u2013 S\u00e4hk\u00f6piano CASIO Celviano AP-21<\/p>\n<p><img decoding=\"async\" src=\"https:\/\/blog.edu.turku.fi\/tyovaenopisto\/files\/2020\/04\/Luentosali_1_w580.jpg\" alt=\"katsomo\" border=\"0\" \/><\/p>\n<p><img decoding=\"async\" src=\"https:\/\/blog.edu.turku.fi\/tyovaenopisto\/files\/2020\/04\/Luentosali_2_w580.jpg\" alt=\"luennoitsijan paikka\" border=\"0\" \/><\/p>\n<p><img decoding=\"async\" src=\"https:\/\/blog.edu.turku.fi\/tyovaenopisto\/files\/2020\/04\/luentosali-IMG_8539.jpg\" alt=\"katsomo\" border=\"0\" \/><\/p>\n<p>&nbsp;<\/p>\n<hr \/>\n<p><strong>Usko Puustinen -sali (juhlasali) \u2013 2. kerros \u2013 300 paikkaa<br \/>\n<\/strong><\/p>\n<p><strong>Sijainti<\/strong><\/p>\n<p>\u2013 Turun suomenkielinen ty\u00f6v\u00e4enopisto, Kaskenkatu 5, 2. kerros<br \/>\n\u2013 Ala-aulasta saapuen kierreportaiden yl\u00e4p\u00e4\u00e4ss\u00e4 oikealla puolella. Hissilt\u00e4 katsoen suoraan k\u00e4yt\u00e4v\u00e4n p\u00e4\u00e4ss\u00e4.<\/p>\n<p><strong>Istumapaikat<\/strong><\/p>\n<p>\u2013 300<\/p>\n<p><strong>Lava<\/strong><\/p>\n<p>\u2013 Aukon leveys 8,5 m<br \/>\n\u2013 Aukon korkeus 5 m<br \/>\n\u2013 Lavan syvyys 7 m<\/p>\n<p><strong>Tekniikka: \u00e4\u00e4net<br \/>\n<\/strong><\/p>\n<p>\u2013 Mikrofonit; kaksi langatonta SHURE SM58 mikrofonia. Mikseriss\u00e4 vapaita kanavia lankamikrofoneille 3\u20134 kpl. Solmio- tai sankamikrofonia ei t\u00e4ll\u00e4 hetkell\u00e4 ole.<br \/>\n\u2013 lis\u00e4tietoa tulossa<\/p>\n<p><strong>Tekniikka: valot<\/strong><\/p>\n<p>\u2013 Esitysvalot (RGB). Katkaisija on sein\u00e4ss\u00e4, ulko-oven oikealla puolella yleis\u00f6valojen &#8221;takana&#8221;. Valop\u00f6yt\u00e4 on lavan reunassa, mutta se on mahdollista siirt\u00e4\u00e4 katsomon taakse tarkkaamoon. Esitysvaloja on n. 20 kpl.<\/p>\n<p><strong>Tekniikka: tietokone ja dataprojektori<\/strong><\/p>\n<p>\u2013 Tietokone on puhujanp\u00f6nt\u00f6ss\u00e4<br \/>\n\u2013 Tietokone Lenovo ThinkPad T470<br \/>\n\u2013 Dataprojektori katossa, 1920 x 1080, HDMI<br \/>\n\u2013 Tietokoneen kuvan saa valkokankaalle vain puhujanp\u00f6nt\u00f6lt\u00e4. Suositellaan k\u00e4ytett\u00e4v\u00e4n salissa olevaa tietokonettamme.<\/p>\n<p><strong>Sis\u00e4\u00e4nkirjautuminen tietokoneelle<\/strong><\/p>\n<p>\u2013 Kirjaudu edu.turku.fi-tunnuksellasi, jotta Microsoft 365 -paketti on k\u00e4ytett\u00e4viss\u00e4. Vaihtoehtoisesti voit pyyt\u00e4\u00e4 vahtimestaria (p. 050 432 3674) kirjautumaan koneelle yhteysk\u00e4ytt\u00f6tunnuksella.<\/p>\n<p><strong>Tekniikka: tietokoneen k\u00e4ytt\u00f6j\u00e4rjestelm\u00e4 ja ohjelmat<\/strong><\/p>\n<p>\u2013 Windows 11<br \/>\n\u2013 MS Office 365<br \/>\n\u2013 Windows Media Player<br \/>\n\u2013 VLC Media player<br \/>\n\u2013 Microsoft Edge<br \/>\n\u2013 Mozilla Firefox<br \/>\n\u2013 Adobe Reader<\/p>\n<p>Suositeltavaa k\u00e4ytt\u00e4\u00e4 salin tietokonetta \u00e4\u00e4nentoistoon ja kuvan heijastamiseen projektorilla valkokankaalle. Omankin tietokoneen tai puhelimen saa liitetty\u00e4 mikseriin joko tarkkaamosta tai puhujanp\u00f6nt\u00f6n miniplug-liittimist\u00e4.<\/p>\n<p><strong>Tekniikka: WiFi<\/strong><\/p>\n<p>\u2013 WiFi; Turku-Open. Vierailijatunnuksen voi pyyt\u00e4\u00e4 hyviss\u00e4 ajoin osoitteesta tyovaenopisto[at]turku.fi. Tunnus on voimassa kalenterikuukauden.<\/p>\n<p><strong>Muut<\/strong><\/p>\n<p>\u2013 Steinway-flyygeli. Viritetty 2.12.2025.<br \/>\n\u2013 Esirippu on s\u00e4hk\u00f6k\u00e4ytt\u00f6inen, hallintapainikkeet ovat puhujanp\u00f6nt\u00f6n takana sein\u00e4palkissa valkokankaan puolella sek\u00e4 tarkkaamossa.<br \/>\n\u2013 Ilmastointiajastin on puhujanp\u00f6nt\u00f6n takana, sein\u00e4palkissa valkokankaan puolella.<\/p>\n<p>&nbsp;<\/p>\n<p><img decoding=\"async\" src=\"https:\/\/blog.edu.turku.fi\/tyovaenopisto\/files\/2020\/04\/UP-sali-www-1.jpg\" alt=\"katsomo\" width=\"580\" border=\"0\" \/><\/p>\n<p><img decoding=\"async\" src=\"https:\/\/blog.edu.turku.fi\/tyovaenopisto\/files\/2020\/04\/UP-sali-www-5.jpg\" alt=\"katsomo\" width=\"580\" border=\"0\" \/><\/p>\n<p><img decoding=\"async\" src=\"https:\/\/blog.edu.turku.fi\/tyovaenopisto\/files\/2020\/04\/UP-sali-www-6.jpg\" alt=\"puhujanpontto\" width=\"580\" border=\"0\" \/><\/p>\n<p><img decoding=\"async\" src=\"https:\/\/blog.edu.turku.fi\/tyovaenopisto\/files\/2020\/04\/UP-sali-www-x32.jpg\" alt=\"mikseri\" width=\"580\" \/><\/p>\n<p>&nbsp;<\/p>\n<p><img decoding=\"async\" src=\"https:\/\/blog.edu.turku.fi\/tyovaenopisto\/files\/2020\/04\/UP-sali-www-x2.jpg\" alt=\"valopoyta\" border=\"0\" \/><\/p>\n<p>&nbsp;<\/p>\n<p><img decoding=\"async\" src=\"https:\/\/blog.edu.turku.fi\/tyovaenopisto\/files\/2020\/04\/UP-sali-www-x1.jpg\" alt=\"cd-soitin\" border=\"0\" \/><\/p>\n<p>&nbsp;<\/p>\n<hr \/>\n<p>&nbsp;<\/p>\n<p><strong>Auditorio \u2013 5. kerros \u2013 54 paikka<\/strong><strong>a<br \/>\n<\/strong><\/p>\n<p><strong>Sijainti<\/strong><\/p>\n<p>\u2013 Turun suomenkielinen ty\u00f6v\u00e4enopisto, Kaskenkatu 5, 5. kerros.<br \/>\n\u2013\u00a0Hissill\u00e4 tai portaita saapuen oven j\u00e4lkeen oikealle johtavan k\u00e4yt\u00e4v\u00e4n p\u00e4\u00e4ss\u00e4 oikealla puolella.<\/p>\n<p><strong>Istumapaikat<\/strong><\/p>\n<p>\u2013 54 (+4 istuinpaikkaa takasivuilla ilman p\u00f6yt\u00e4\u00e4)<\/p>\n<p><strong>Tekniikka<\/strong><\/p>\n<p>\u2013 Lenovo ThinkPad T470<br \/>\n\u2013 Dataprojektori Benq, FullHD<br \/>\n\u2013 Dokumenttikamera<br \/>\n\u2013 Genelec-kaiuttimet<br \/>\n\u2013 WiFi; Turku-Open. Vierailijatunnuksen voi pyyt\u00e4\u00e4 hyviss\u00e4 ajoin osoitteesta tyovaenopisto[at]turku.fi<br \/>\n\u2013 Lankaverkko = Opetusverkko. Langattomasti k\u00e4ytett\u00e4viss\u00e4 my\u00f6s esim. Turku-A ja Turku-Device.<\/p>\n<p><strong>Tietokoneen k\u00e4ytt\u00f6j\u00e4rjestelm\u00e4 ja ohjelmat<\/strong><\/p>\n<p>\u2013 Windows 11<br \/>\n\u2013 MS Office 365 (Kirjautuminen edu.turku.fi-tunnuksella!)<br \/>\n\u2013 Windows Media Player<br \/>\n\u2013 VLC Media player<br \/>\n\u2013 Microsoft Edge<br \/>\n\u2013 Mozilla Firefox<br \/>\n\u2013 Adobe Reader XI<\/p>\n<p><strong>Muut<\/strong><\/p>\n<p>\u2013 Liitutaulu, liikuteltava<br \/>\n\u2013 Piano<\/p>\n<p><img decoding=\"async\" src=\"https:\/\/blog.edu.turku.fi\/tyovaenopisto\/files\/2020\/04\/Auditorio_5krs_11.jpg\" alt=\"katsomo\" \/><\/p>\n<p><img decoding=\"async\" src=\"https:\/\/blog.edu.turku.fi\/tyovaenopisto\/files\/2020\/04\/Auditorio_5krs_6.jpg\" alt=\"katsomo ja valkokangas\" \/><\/p>\n<p>&nbsp;<\/p>\n<p><img decoding=\"async\" src=\"https:\/\/blog.edu.turku.fi\/tyovaenopisto\/files\/2020\/04\/Auditorio_5krs_5.jpg\" alt=\"opettajan paikka ja laitteet\" \/><\/p>\n<p><img decoding=\"async\" src=\"https:\/\/blog.edu.turku.fi\/tyovaenopisto\/files\/2020\/04\/Auditorio_5krs_8.jpg\" alt=\"yleisnakyma auditoriosta tuomiokirkon suuntaan\" \/><\/p>\n","protected":false},"excerpt":{"rendered":"<p>Suomenkielisell\u00e4 ty\u00f6v\u00e4enopistolla on oma opistotalo kaupungin keskustassa (os. Kaskenkatu 5). Teorialuokkien lis\u00e4ksi opistotalosta l\u00f6ytyy mm. kielistudio, atk-luokka sek\u00e4 useita k\u00e4dentaito- ja kuvataideluokkia. L\u00e4hes jokaisessa opetustilassa on tietokone, kaiuttimet, dataprojektori sek\u00e4 dokumenttikamera. Opistotalossa on my\u00f6s 54-paikkainen auditorio, 112-paikkainen luentosali sek\u00e4 300-paikkainen Usko Puustinen -sali. Monet opetustilamme ja luokkamme ovat vuokrattavissa. Tiloista perit\u00e4\u00e4n tunti- tai p\u00e4iv\u00e4vuokria, joihin &hellip; <a href=\"https:\/\/blog.edu.turku.fi\/tyovaenopisto\/opetustilat\/\" class=\"more-link\">Jatka lukemista<span class=\"screen-reader-text\"> &#8221;Opetustilat&#8221;<\/span><\/a><\/p>\n","protected":false},"author":2817,"featured_media":0,"parent":0,"menu_order":0,"comment_status":"closed","ping_status":"closed","template":"","meta":{"footnotes":""},"class_list":["post-114","page","type-page","status-publish","hentry"],"_links":{"self":[{"href":"https:\/\/blog.edu.turku.fi\/tyovaenopisto\/wp-json\/wp\/v2\/pages\/114","targetHints":{"allow":["GET"]}}],"collection":[{"href":"https:\/\/blog.edu.turku.fi\/tyovaenopisto\/wp-json\/wp\/v2\/pages"}],"about":[{"href":"https:\/\/blog.edu.turku.fi\/tyovaenopisto\/wp-json\/wp\/v2\/types\/page"}],"author":[{"embeddable":true,"href":"https:\/\/blog.edu.turku.fi\/tyovaenopisto\/wp-json\/wp\/v2\/users\/2817"}],"replies":[{"embeddable":true,"href":"https:\/\/blog.edu.turku.fi\/tyovaenopisto\/wp-json\/wp\/v2\/comments?post=114"}],"version-history":[{"count":45,"href":"https:\/\/blog.edu.turku.fi\/tyovaenopisto\/wp-json\/wp\/v2\/pages\/114\/revisions"}],"predecessor-version":[{"id":4389,"href":"https:\/\/blog.edu.turku.fi\/tyovaenopisto\/wp-json\/wp\/v2\/pages\/114\/revisions\/4389"}],"wp:attachment":[{"href":"https:\/\/blog.edu.turku.fi\/tyovaenopisto\/wp-json\/wp\/v2\/media?parent=114"}],"curies":[{"name":"wp","href":"https:\/\/api.w.org\/{rel}","templated":true}]}}