{"id":108,"date":"2020-03-26T12:16:25","date_gmt":"2020-03-26T10:16:25","guid":{"rendered":"https:\/\/blog.edu.turku.fi\/tyovaenopisto\/?page_id=108"},"modified":"2026-02-25T13:11:44","modified_gmt":"2026-02-25T11:11:44","slug":"opiston-yleisesittely","status":"publish","type":"page","link":"https:\/\/blog.edu.turku.fi\/tyovaenopisto\/opiston-yleisesittely\/","title":{"rendered":"Opiston yleisesittely"},"content":{"rendered":"<p><span data-olk-copy-source=\"MessageBody\">Turun suomenkielinen ty\u00f6v\u00e4enopisto tarjoaa vapaan sivistysty\u00f6n opetusta aikuisille. Kaskenkadulla sijaitsevan opistotalon lis\u00e4ksi opetusta on my\u00f6s useissa sivupisteiss\u00e4 ymp\u00e4ri kaupunkia. Kursseille ovat tervetulleita turkulaisten lis\u00e4ksi kaikki kuntarajoista riippumatta. Toiminta opistolla on poliittisesti ja ideologisesti sitoutumatonta.<\/span><\/p>\n<p>Turun suomenkielinen ty\u00f6v\u00e4enopisto on maakuntamme suurin ja maamme nelj\u00e4nneksi vanhin kansalaisopisto, perustettu vuonna 1908. Ty\u00f6v\u00e4enopistossa opiskelee vuosittain noin 15 000 kurssilaista ja kursseja j\u00e4rjestet\u00e4\u00e4n vuosittain yli 700 ja n\u00e4ist\u00e4 kertyy opetustunteja l\u00e4hes 25\u00a0000. Vakituista henkil\u00f6kuntaa opistolla on suhteessa vain v\u00e4h\u00e4n, 5 opettajaa ja 4 muuta henkil\u00f6kuntaa, mutta heid\u00e4n lis\u00e4ksi palkataan vuosittain yli 200 m\u00e4\u00e4r\u00e4aikaista tuntiopettajaa.<\/p>\n<p>Suosituimpia oppiaineita ty\u00f6v\u00e4enopistolla ovat kielet, k\u00e4dentaidot, kuvataide, tanssi ja liikunta. Kurssivalikoima on eritt\u00e4in runsas, ja tarjolla on mm. musiikkia, maalausta, piirustusta, grafiikkaa, keramiikkaa, ompelua, kudontaa, teknist\u00e4 ty\u00f6t\u00e4, joogaa, balettia, b\u00e4ndej\u00e4, kuoroja, teatteria, merenkulkua, valokuvausta, tietotekniikkaa sek\u00e4 lukuisia muita erikoiskursseja. Kielten kursseilla on mahdollista suorittaa my\u00f6s opintopisteit\u00e4. Erityisen tuen tarpeessa oleville on j\u00e4rjestetty omat kurssit. L\u00e4hes kolmasosa opiston opetuksesta on suunnattu maahanmuuttajille. Kurssitoiminnan lis\u00e4ksi opisto j\u00e4rjest\u00e4\u00e4 my\u00f6s luentosarjoja ja erilaisia seminaareja.<\/p>\n<p>Tasa-arvo ja yhdenvertaisuus ovat t\u00e4rke\u00e4 osa toimintaamme ja turvallisemman tilan periaatteet on huomioitu kaikessa toiminnassamme ja toimitiloissa.<\/p>\n","protected":false},"excerpt":{"rendered":"<p>Turun suomenkielinen ty\u00f6v\u00e4enopisto tarjoaa vapaan sivistysty\u00f6n opetusta aikuisille. Kaskenkadulla sijaitsevan opistotalon lis\u00e4ksi opetusta on my\u00f6s useissa sivupisteiss\u00e4 ymp\u00e4ri kaupunkia. Kursseille ovat tervetulleita turkulaisten lis\u00e4ksi kaikki kuntarajoista riippumatta. Toiminta opistolla on poliittisesti ja ideologisesti sitoutumatonta. Turun suomenkielinen ty\u00f6v\u00e4enopisto on maakuntamme suurin ja maamme nelj\u00e4nneksi vanhin kansalaisopisto, perustettu vuonna 1908. Ty\u00f6v\u00e4enopistossa opiskelee vuosittain noin 15 000 kurssilaista &hellip; <a href=\"https:\/\/blog.edu.turku.fi\/tyovaenopisto\/opiston-yleisesittely\/\" class=\"more-link\">Jatka lukemista<span class=\"screen-reader-text\"> &#8221;Opiston yleisesittely&#8221;<\/span><\/a><\/p>\n","protected":false},"author":2817,"featured_media":0,"parent":0,"menu_order":0,"comment_status":"closed","ping_status":"closed","template":"","meta":{"footnotes":""},"class_list":["post-108","page","type-page","status-publish","hentry"],"_links":{"self":[{"href":"https:\/\/blog.edu.turku.fi\/tyovaenopisto\/wp-json\/wp\/v2\/pages\/108","targetHints":{"allow":["GET"]}}],"collection":[{"href":"https:\/\/blog.edu.turku.fi\/tyovaenopisto\/wp-json\/wp\/v2\/pages"}],"about":[{"href":"https:\/\/blog.edu.turku.fi\/tyovaenopisto\/wp-json\/wp\/v2\/types\/page"}],"author":[{"embeddable":true,"href":"https:\/\/blog.edu.turku.fi\/tyovaenopisto\/wp-json\/wp\/v2\/users\/2817"}],"replies":[{"embeddable":true,"href":"https:\/\/blog.edu.turku.fi\/tyovaenopisto\/wp-json\/wp\/v2\/comments?post=108"}],"version-history":[{"count":4,"href":"https:\/\/blog.edu.turku.fi\/tyovaenopisto\/wp-json\/wp\/v2\/pages\/108\/revisions"}],"predecessor-version":[{"id":4565,"href":"https:\/\/blog.edu.turku.fi\/tyovaenopisto\/wp-json\/wp\/v2\/pages\/108\/revisions\/4565"}],"wp:attachment":[{"href":"https:\/\/blog.edu.turku.fi\/tyovaenopisto\/wp-json\/wp\/v2\/media?parent=108"}],"curies":[{"name":"wp","href":"https:\/\/api.w.org\/{rel}","templated":true}]}}