{"id":105,"date":"2020-03-26T12:16:06","date_gmt":"2020-03-26T10:16:06","guid":{"rendered":"https:\/\/blog.edu.turku.fi\/tyovaenopisto\/?page_id=105"},"modified":"2025-11-25T09:11:51","modified_gmt":"2025-11-25T07:11:51","slug":"toimipaikat","status":"publish","type":"page","link":"https:\/\/blog.edu.turku.fi\/tyovaenopisto\/toimipaikat\/","title":{"rendered":"Toimipaikat"},"content":{"rendered":"<h2>Toimipaikat 2025\u20132026<\/h2>\n<p>Opistotalo, Kaskenkatu 5 (niukasti pys\u00e4k\u00f6intitilaa)<br \/>\nAunelan palloiluhalli, Opintie 1<br \/>\nKasvitieteellinen puutarha, Ruissalon puistotie 215<br \/>\nLuostarivuoren lyseon lukio, Luostarinkatu 13<br \/>\nMartin koulu, Hopeasep\u00e4nkuja 2<br \/>\nMets\u00e4m\u00e4en Ravirata, Raviraitti 45<br \/>\nMikaelin koulu, Koulukatu 8<br \/>\nMoision koulu, Moision koulutie 2<br \/>\nPaattisten koulu, Toffinkuja 2<br \/>\nPaavo Nurmen stadion, Paavo Nurmen puistotie 9<br \/>\nPuolalanm\u00e4en lukio, Torninkatu 4<br \/>\nPuropellon koulu, Sep\u00e4nkatu 11<br \/>\nP\u00e4\u00e4skyvuoren koulu, Talvitie 10<br \/>\nRieskal\u00e4hteen koulu, J\u00f6llintie 3<br \/>\nSuikkilan koulu, Talinkorventie 16<br \/>\nTaiteen talo, Nunnankatu 4<br \/>\nV\u00e4h\u00e4-Heikkil\u00e4n koulu, Myllym\u00e4entie 42<br \/>\nYli-Maarian monitoimitalo Ypsilon, Kukkamaariankatu 44<\/p>\n","protected":false},"excerpt":{"rendered":"<p>Toimipaikat 2025\u20132026 Opistotalo, Kaskenkatu 5 (niukasti pys\u00e4k\u00f6intitilaa) Aunelan palloiluhalli, Opintie 1 Kasvitieteellinen puutarha, Ruissalon puistotie 215 Luostarivuoren lyseon lukio, Luostarinkatu 13 Martin koulu, Hopeasep\u00e4nkuja 2 Mets\u00e4m\u00e4en Ravirata, Raviraitti 45 Mikaelin koulu, Koulukatu 8 Moision koulu, Moision koulutie 2 Paattisten koulu, Toffinkuja 2 Paavo Nurmen stadion, Paavo Nurmen puistotie 9 Puolalanm\u00e4en lukio, Torninkatu 4 Puropellon koulu, &hellip; <a href=\"https:\/\/blog.edu.turku.fi\/tyovaenopisto\/toimipaikat\/\" class=\"more-link\">Jatka lukemista<span class=\"screen-reader-text\"> &#8221;Toimipaikat&#8221;<\/span><\/a><\/p>\n","protected":false},"author":2817,"featured_media":0,"parent":0,"menu_order":0,"comment_status":"closed","ping_status":"closed","template":"","meta":{"footnotes":""},"class_list":["post-105","page","type-page","status-publish","hentry"],"_links":{"self":[{"href":"https:\/\/blog.edu.turku.fi\/tyovaenopisto\/wp-json\/wp\/v2\/pages\/105","targetHints":{"allow":["GET"]}}],"collection":[{"href":"https:\/\/blog.edu.turku.fi\/tyovaenopisto\/wp-json\/wp\/v2\/pages"}],"about":[{"href":"https:\/\/blog.edu.turku.fi\/tyovaenopisto\/wp-json\/wp\/v2\/types\/page"}],"author":[{"embeddable":true,"href":"https:\/\/blog.edu.turku.fi\/tyovaenopisto\/wp-json\/wp\/v2\/users\/2817"}],"replies":[{"embeddable":true,"href":"https:\/\/blog.edu.turku.fi\/tyovaenopisto\/wp-json\/wp\/v2\/comments?post=105"}],"version-history":[{"count":18,"href":"https:\/\/blog.edu.turku.fi\/tyovaenopisto\/wp-json\/wp\/v2\/pages\/105\/revisions"}],"predecessor-version":[{"id":4317,"href":"https:\/\/blog.edu.turku.fi\/tyovaenopisto\/wp-json\/wp\/v2\/pages\/105\/revisions\/4317"}],"wp:attachment":[{"href":"https:\/\/blog.edu.turku.fi\/tyovaenopisto\/wp-json\/wp\/v2\/media?parent=105"}],"curies":[{"name":"wp","href":"https:\/\/api.w.org\/{rel}","templated":true}]}}