{"id":4,"date":"2024-02-26T16:30:53","date_gmt":"2024-02-26T14:30:53","guid":{"rendered":"https:\/\/blog.edu.turku.fi\/turvallisuusala\/?page_id=4"},"modified":"2025-04-23T18:06:22","modified_gmt":"2025-04-23T15:06:22","slug":"etusivu","status":"publish","type":"page","link":"https:\/\/blog.edu.turku.fi\/turvallisuusala\/","title":{"rendered":"Etusivu"},"content":{"rendered":"\n<p>Sis\u00e4ll\u00f6iss\u00e4 ohjeistetaan Juhannuskukkulan koulutalon henkil\u00f6kuntaa koulutalon turvallisuusasioissa. <\/p>\n\n\n\n<p>Sis\u00e4ll\u00f6t l\u00f6ytyv\u00e4t QR-koodin avulla (&#8230;se tarra henkil\u00f6kortissasi).<\/p>\n\n\n\n<h2 class=\"wp-block-heading\">Turvallisuusalan blogi<\/h2>\n\n\n\n<p>Turvallisuusalan blogiin voi toimittaa turvallisuusalaan ja sen opetuksen liittyv\u00e4\u00e4 materiaalia osoitteella markku.hietanen@edu.turku.fi <\/p>\n\n\n\n<p>Soita 040-355 2908<\/p>\n\n\n\n<p>Julkaistavan materiaalin tekstityyli on vapaa, kunhan sis\u00e4lt\u00f6 vaan on asiallista.<\/p>\n\n\n\n<p><\/p>\n","protected":false},"excerpt":{"rendered":"<p>Sis\u00e4ll\u00f6iss\u00e4 ohjeistetaan Juhannuskukkulan koulutalon henkil\u00f6kuntaa koulutalon turvallisuusasioissa. Sis\u00e4ll\u00f6t l\u00f6ytyv\u00e4t QR-koodin avulla (&#8230;se tarra henkil\u00f6kortissasi). Turvallisuusalan blogi Turvallisuusalan blogiin voi toimittaa turvallisuusalaan ja sen opetuksen liittyv\u00e4\u00e4 materiaalia osoitteella markku.hietanen@edu.turku.fi Soita 040-355 2908 Julkaistavan materiaalin tekstityyli on vapaa, kunhan sis\u00e4lt\u00f6 vaan on asiallista.<\/p>\n","protected":false},"author":9,"featured_media":0,"parent":0,"menu_order":0,"comment_status":"closed","ping_status":"closed","template":"","meta":{"footnotes":""},"class_list":["post-4","page","type-page","status-publish","hentry"],"_links":{"self":[{"href":"https:\/\/blog.edu.turku.fi\/turvallisuusala\/wp-json\/wp\/v2\/pages\/4","targetHints":{"allow":["GET"]}}],"collection":[{"href":"https:\/\/blog.edu.turku.fi\/turvallisuusala\/wp-json\/wp\/v2\/pages"}],"about":[{"href":"https:\/\/blog.edu.turku.fi\/turvallisuusala\/wp-json\/wp\/v2\/types\/page"}],"author":[{"embeddable":true,"href":"https:\/\/blog.edu.turku.fi\/turvallisuusala\/wp-json\/wp\/v2\/users\/9"}],"replies":[{"embeddable":true,"href":"https:\/\/blog.edu.turku.fi\/turvallisuusala\/wp-json\/wp\/v2\/comments?post=4"}],"version-history":[{"count":6,"href":"https:\/\/blog.edu.turku.fi\/turvallisuusala\/wp-json\/wp\/v2\/pages\/4\/revisions"}],"predecessor-version":[{"id":44,"href":"https:\/\/blog.edu.turku.fi\/turvallisuusala\/wp-json\/wp\/v2\/pages\/4\/revisions\/44"}],"wp:attachment":[{"href":"https:\/\/blog.edu.turku.fi\/turvallisuusala\/wp-json\/wp\/v2\/media?parent=4"}],"curies":[{"name":"wp","href":"https:\/\/api.w.org\/{rel}","templated":true}]}}