{"id":85,"date":"2015-05-23T14:58:33","date_gmt":"2015-05-23T11:58:33","guid":{"rendered":"https:\/\/blog.edu.turku.fi\/turunseudunetarengas\/?page_id=85"},"modified":"2025-08-16T11:46:51","modified_gmt":"2025-08-16T08:46:51","slug":"aidinkieli","status":"publish","type":"page","link":"https:\/\/blog.edu.turku.fi\/turunseudunetarengas\/aidinkieli\/","title":{"rendered":"\u00c4idinkieli \u00c4I \/ Suomi toisena kielen\u00e4 S2"},"content":{"rendered":"<h1><\/h1>\n<h1>\u00c4idinkieli:<\/h1>\n<p><strong>\u00c4I 8 Kirjoittaminen 2 <\/strong><\/p>\n<p>pakollinen verkkokurssi<br \/>\nperiodit 1 ja 3<br \/>\nuusi ops<br \/>\n2 op<\/p>\n<p><a href=\"mailto:riikkamarja.autio@edu.turku.fi\" target=\"_blank\" rel=\"noopener\">riikkamarja.autio@edu.turku.fi<\/a><br \/>\n<a href=\"https:\/\/www.turku.fi\/turun-iltalukio\" target=\"_blank\" rel=\"noopener\">Turun iltalukio<\/a><\/p>\n<p>&nbsp;<\/p>\n<p><strong>\u00c4I 13 \/ HI 8 Syvenny elokuvaan<\/strong><\/p>\n<div>\n<div>koulukukohtainen verkkokurssi<br \/>\nperiodi 4<br \/>\n2 op<\/div>\n<div>\n<div><\/div>\n<div>\n<div><a title=\"mailto:juho.kuzu@edu.parainen.fi\" href=\"mailto:juho.kuzu@edu.parainen.fi\" data-linkindex=\"0\">juho.kuzu@edu.parainen.fi<\/a><\/div>\n<div><a title=\"mailto:laura.hatva@edu.parainen.fi\" href=\"mailto:laura.hatva@edu.parainen.fi\" data-linkindex=\"1\">laura.hatva@edu.parainen.fi<\/a><\/div>\n<\/div>\n<div><a href=\"https:\/\/www.pargas.fi\/web\/paraisten-lukio\" target=\"_blank\" rel=\"noopener\">Paraisten lukio<\/a><\/div>\n<div>Opintojakson aikana tutustutaan elokuvan historiaan sek\u00e4 elokuvakerronnan keinoihin ja analysoidaan useita elokuvia. Opiskelija syvent\u00e4\u00e4 taitojaan eritell\u00e4 ja tulkita fiktiivist\u00e4 tarinaa ja audiovisuaalisen kerronnan ominaispiirteit\u00e4.<br \/>\nOpintojakso vahvistaa mielekk\u00e4\u00e4ll\u00e4 tavalla muissa \u00e4idinkielen ja kirjallisuuden sek\u00e4 historian opintojaksoissa ja ylioppilaskokeessa mitattavia analyysitaitoja ja\u00a0 laajentaa kulttuurin ja tarinaperinteiden tuntemusta.\u00a0Opintojakso on \u00e4idinkielen ja kirjallisuuden sek\u00e4 historian oppiaineiden yhteinen opintokokonaisuus.<\/div>\n<\/div>\n<\/div>\n<div><i>\u00a0<\/i><\/div>\n<p>&nbsp;<\/p>\n<p><strong>Suomi toisena kielen\u00e4:<\/strong><\/p>\n<p><strong>S2 1 Tekstien tulkinta ja kirjoittaminen<br \/>\n<\/strong><\/p>\n<p>pakollinen verkkokurssi<br \/>\nperiodit 3 ja 5<br \/>\nuusi ops<br \/>\n2 op<\/p>\n<p><a href=\"mailto:anne.soininen-saari@edu.turku.fi\" target=\"_blank\" rel=\"noopener\">anne.soininen-saari@edu.turku.fi<\/a><br \/>\n<a href=\"https:\/\/www.turku.fi\/turun-iltalukio\" target=\"_blank\" rel=\"noopener\">Turun iltalukio<\/a><\/p>\n<p>&nbsp;<\/p>\n<p><strong>S2 3,6 Kirjoittaminen ja vuorovaikutus<\/strong><\/p>\n<p>pakollinen verkkokurssi<br \/>\nperiodit 1 ja 2<br \/>\nuusi ops<br \/>\n2 op<\/p>\n<p style=\"text-align: left\"><a href=\"mailto:perttu.pakkila@edu.turku.fi\" target=\"_blank\" rel=\"noopener\">perttu.pakkila@edu.turku.fi<\/a><br \/>\n<a href=\"https:\/\/www.turku.fi\/turun-iltalukio\" target=\"_blank\" rel=\"noopener\">Turun iltalukio<\/a><\/p>\n<p>&nbsp;<\/p>\n<p><strong>S2 4 Kirjallisuus 1\u00a0<\/strong><\/p>\n<p>pakollinen verkkokurssi<br \/>\nperiodit 1 ja 2<br \/>\nuusi ops<br \/>\n2 op<\/p>\n<p><a href=\"mailto:perttu.pakkila@edu.turku.fi\" target=\"_blank\" rel=\"noopener\">perttu.pakkila@edu.turku.fi<\/a><br \/>\n<a href=\"https:\/\/www.turku.fi\/turun-iltalukio\" target=\"_blank\" rel=\"noopener\">Turun iltalukio<\/a><\/p>\n<p>&nbsp;<\/p>\n<p><strong>S2 5 Tekstien tulkinta 1<\/strong><\/p>\n<p>pakollinen verkkokurssi<br \/>\nperiodit 1 ja 2<br \/>\nuusi ops<br \/>\n2 op<\/p>\n<p><a href=\"mailto:henna-mari.koivumaki@naantali.fi\" target=\"_blank\" rel=\"noopener\">henna-mari.koivumaki@naantali.fi<\/a><br \/>\n<a href=\"https:\/\/www.naantali.fi\/fi\/kasvatus-ja-koulutus\/naantalin-lukio\" target=\"_blank\" rel=\"noopener\">Naantalin lukio<\/a><\/p>\n<p>&nbsp;<\/p>\n<p><strong>S2 11 Tekstit ja vuorovaikutus<br \/>\n<\/strong><\/p>\n<p>koulukohtainen verkkokurssi<br \/>\nperiodit 1 ja 2<br \/>\nuusi ops<br \/>\n2 op<\/p>\n<p><a href=\"mailto:perttu.pakkila@edu.turku.fi\">perttu.pakkila@edu.turku.fi<\/a><br \/>\n<a href=\"http:\/\/www.turuniltalukio.fi\/\" target=\"_blank\" rel=\"noopener noreferrer\">Turun iltalukio<\/a><\/p>\n<p>&nbsp;<\/p>\n<p>&nbsp;<\/p>\n","protected":false},"excerpt":{"rendered":"<p>\u00c4idinkieli: \u00c4I 8 Kirjoittaminen 2 pakollinen verkkokurssi periodit 1 ja 3 uusi ops 2 op riikkamarja.autio@edu.turku.fi Turun iltalukio &nbsp; \u00c4I 13 \/ HI 8 Syvenny elokuvaan koulukukohtainen verkkokurssi periodi 4 2 op juho.kuzu@edu.parainen.fi laura.hatva@edu.parainen.fi Paraisten lukio Opintojakson aikana tutustutaan elokuvan &hellip; <a href=\"https:\/\/blog.edu.turku.fi\/turunseudunetarengas\/aidinkieli\/\">Lue loppuun <span class=\"meta-nav\">&rarr;<\/span><\/a><\/p>\n","protected":false},"author":1229,"featured_media":0,"parent":0,"menu_order":0,"comment_status":"closed","ping_status":"closed","template":"","meta":{"footnotes":""},"class_list":["post-85","page","type-page","status-publish","hentry"],"_links":{"self":[{"href":"https:\/\/blog.edu.turku.fi\/turunseudunetarengas\/wp-json\/wp\/v2\/pages\/85","targetHints":{"allow":["GET"]}}],"collection":[{"href":"https:\/\/blog.edu.turku.fi\/turunseudunetarengas\/wp-json\/wp\/v2\/pages"}],"about":[{"href":"https:\/\/blog.edu.turku.fi\/turunseudunetarengas\/wp-json\/wp\/v2\/types\/page"}],"author":[{"embeddable":true,"href":"https:\/\/blog.edu.turku.fi\/turunseudunetarengas\/wp-json\/wp\/v2\/users\/1229"}],"replies":[{"embeddable":true,"href":"https:\/\/blog.edu.turku.fi\/turunseudunetarengas\/wp-json\/wp\/v2\/comments?post=85"}],"version-history":[{"count":63,"href":"https:\/\/blog.edu.turku.fi\/turunseudunetarengas\/wp-json\/wp\/v2\/pages\/85\/revisions"}],"predecessor-version":[{"id":1132,"href":"https:\/\/blog.edu.turku.fi\/turunseudunetarengas\/wp-json\/wp\/v2\/pages\/85\/revisions\/1132"}],"wp:attachment":[{"href":"https:\/\/blog.edu.turku.fi\/turunseudunetarengas\/wp-json\/wp\/v2\/media?parent=85"}],"curies":[{"name":"wp","href":"https:\/\/api.w.org\/{rel}","templated":true}]}}