{"id":705,"date":"2020-12-04T10:25:20","date_gmt":"2020-12-04T08:25:20","guid":{"rendered":"https:\/\/blog.edu.turku.fi\/turunseudunetarengas\/?page_id=705"},"modified":"2025-12-01T16:07:06","modified_gmt":"2025-12-01T14:07:06","slug":"kurssitarjotin","status":"publish","type":"page","link":"https:\/\/blog.edu.turku.fi\/turunseudunetarengas\/kurssitarjotin\/","title":{"rendered":"OPINTOTARJOTIN"},"content":{"rendered":"<h4><\/h4>\n<h4><\/h4>\n<h4><strong>Turun seudun et\u00e4renkaan opintotarjonta 2025-2026<\/strong><\/h4>\n<p>&nbsp;<\/p>\n<p>Periodien ajat ovat Turun p\u00e4iv\u00e4lukioiden ty\u00f6p\u00e4ivien mukaiset.<\/p>\n<p>Opintojakson \/ kurssin laajuus on kaksi opintopistett\u00e4, ellei toisin ilmoiteta.<\/p>\n<p>Sama opintojakso saattaa olla tarjolla useammassa periodissa.<\/p>\n<p>Lis\u00e4tietoa saat suoraan opintojakson opettajalta.<\/p>\n<p>B3-kielet eli ns. lyhyet kielet voi aloittaa lukiossa alusta.<\/p>\n<p>&nbsp;<\/p>\n<table>\n<tbody>\n<tr>\n<td style=\"text-align: center\" width=\"53\"><strong>PERIODI<\/strong><\/td>\n<td style=\"text-align: center\" width=\"42\"><strong>AI<\/strong><\/td>\n<td style=\"text-align: center\" width=\"45\"><strong>S2<\/strong><\/td>\n<td style=\"text-align: center\" width=\"43\"><strong>ENA1<\/strong><\/td>\n<td style=\"text-align: center\" width=\"45\"><strong>RUB1<\/strong><\/td>\n<td style=\"text-align: center\" width=\"51\"><strong>U<\/strong><\/td>\n<td style=\"text-align: center\" width=\"41\"><strong>BI<\/strong><\/td>\n<td style=\"text-align: center\" width=\"42\"><strong>GE<\/strong><\/td>\n<td style=\"text-align: center\" width=\"44\"><strong>FI<\/strong><\/td>\n<td style=\"text-align: center\" width=\"42\"><strong>ET<\/strong><\/td>\n<td style=\"text-align: center\" width=\"47\"><strong>PS<\/strong><\/td>\n<td style=\"text-align: center\" width=\"45\"><strong>HI<\/strong><\/td>\n<td style=\"text-align: center\" width=\"61\"><strong>YH<\/strong><\/td>\n<\/tr>\n<tr>\n<td style=\"text-align: center\" width=\"53\"><strong>1<\/strong><\/td>\n<td style=\"text-align: center\" width=\"42\">8<\/td>\n<td style=\"text-align: center\" width=\"45\">3,6<br \/>\n4<br \/>\n5<br \/>\n11<\/td>\n<td style=\"text-align: center\" width=\"43\">ABI<\/td>\n<td style=\"text-align: center\" width=\"45\">RUA7<\/td>\n<td width=\"51\"><\/td>\n<td width=\"41\"><\/td>\n<td width=\"42\"><\/td>\n<td width=\"44\"><\/td>\n<td width=\"42\"><\/td>\n<td style=\"text-align: center\" width=\"47\"><\/td>\n<td style=\"text-align: center\" width=\"45\">5<\/td>\n<td width=\"61\"><\/td>\n<\/tr>\n<tr>\n<td style=\"text-align: center\" width=\"53\"><strong>2<\/strong><\/td>\n<td style=\"text-align: center\" width=\"42\"><\/td>\n<td style=\"text-align: center\" width=\"45\">3,6<br \/>\n4<br \/>\n5<br \/>\n11<\/td>\n<td style=\"text-align: center\" width=\"43\">11<br \/>\n12<\/td>\n<td width=\"45\"><\/td>\n<td style=\"text-align: center\" width=\"51\">UI1<br \/>\nUI2<br \/>\nUK1<br \/>\nUO1<\/td>\n<td style=\"text-align: center\" width=\"41\">1<\/td>\n<td style=\"text-align: center\" width=\"42\">4<\/td>\n<td style=\"text-align: center\" width=\"44\">4<\/td>\n<td width=\"42\"><\/td>\n<td style=\"text-align: center\" width=\"47\">1<br \/>\n3<\/td>\n<td width=\"45\"><\/td>\n<td style=\"text-align: center\" width=\"61\">4<\/td>\n<\/tr>\n<tr>\n<td style=\"text-align: center\" width=\"53\"><strong>3<\/strong><\/td>\n<td width=\"42\">\n<p style=\"text-align: center\">8<\/p>\n<\/td>\n<td style=\"text-align: center\" width=\"45\">1<\/td>\n<td style=\"text-align: center\" width=\"43\"><\/td>\n<td style=\"text-align: center\" width=\"45\">ABI<br \/>\n0<\/td>\n<td style=\"text-align: center\" width=\"51\">UE4<br \/>\nUI1<\/td>\n<td style=\"text-align: center\" width=\"41\"><\/td>\n<td style=\"text-align: center\" width=\"42\"><\/td>\n<td style=\"text-align: center\" width=\"44\"><\/td>\n<td style=\"text-align: center\" width=\"42\">1<\/td>\n<td style=\"text-align: center\" width=\"47\">2<\/td>\n<td width=\"45\"><\/td>\n<td style=\"text-align: center\" width=\"61\">6<\/td>\n<\/tr>\n<tr>\n<td style=\"text-align: center\" width=\"53\"><strong>4<\/strong><\/td>\n<td style=\"text-align: center\" width=\"42\">13<\/td>\n<td width=\"45\"><\/td>\n<td width=\"43\"><\/td>\n<td style=\"text-align: center\" width=\"45\">ABI<\/td>\n<td style=\"text-align: center\" width=\"51\">UI2<br \/>\nUK2<br \/>\nUO2<\/td>\n<td style=\"text-align: center\" width=\"41\">2+3<\/td>\n<td width=\"42\"><\/td>\n<td style=\"text-align: center\" width=\"44\"><\/td>\n<td style=\"text-align: center\" width=\"42\">2<br \/>\n3<\/td>\n<td style=\"text-align: center\" width=\"47\"><\/td>\n<td style=\"text-align: center\" width=\"45\">4<br \/>\n8<\/td>\n<td style=\"text-align: center\" width=\"61\">3<br \/>\n5<\/td>\n<\/tr>\n<tr>\n<td style=\"text-align: center\" width=\"53\"><strong>5<\/strong><\/td>\n<td style=\"text-align: center\" width=\"42\"><\/td>\n<td style=\"text-align: center\" width=\"45\">1<\/td>\n<td style=\"text-align: center\" width=\"43\">\u00a010<\/td>\n<td width=\"45\"><\/td>\n<td style=\"text-align: center\" width=\"51\"><\/td>\n<td width=\"41\"><\/td>\n<td width=\"42\"><\/td>\n<td width=\"44\"><\/td>\n<td style=\"text-align: center\" width=\"42\">4<\/td>\n<td width=\"47\"><\/td>\n<td width=\"45\"><\/td>\n<td width=\"61\"><\/td>\n<\/tr>\n<tr>\n<td colspan=\"13\" width=\"601\"><\/td>\n<\/tr>\n<tr>\n<td style=\"text-align: center\" width=\"53\"><strong>PERIODI<\/strong><\/td>\n<td style=\"text-align: center\" width=\"42\"><strong>TE<\/strong><\/td>\n<td style=\"text-align: center\" width=\"45\"><strong>TVT<\/strong><\/td>\n<td style=\"text-align: center\" width=\"43\"><strong>RAB3<\/strong><\/td>\n<td style=\"text-align: center\" width=\"45\"><strong>IAB3<\/strong><\/td>\n<td style=\"text-align: center\" width=\"51\"><strong>SAB3<\/strong><\/td>\n<td style=\"text-align: center\" width=\"41\"><strong>EAB3<\/strong><\/td>\n<td style=\"text-align: center\" width=\"42\"><strong>VEB3<\/strong><\/td>\n<td style=\"text-align: center\" width=\"44\"><strong>JAB3<\/strong><\/td>\n<td style=\"text-align: center\" width=\"42\"><strong>KIB3<\/strong><\/td>\n<td style=\"text-align: center\" width=\"47\"><strong>MAA<\/strong><\/td>\n<td style=\"text-align: center\" width=\"45\"><strong>MAB<br \/>\n<\/strong><\/td>\n<td style=\"text-align: center\" width=\"61\"><strong>MUUT<br \/>\n<\/strong><\/td>\n<\/tr>\n<tr>\n<td style=\"text-align: center\" width=\"53\"><strong>1<\/strong><\/td>\n<td style=\"text-align: center\" width=\"42\">2<br \/>\n3<br \/>\n4<\/td>\n<td style=\"text-align: center\" width=\"45\"><\/td>\n<td width=\"43\"><\/td>\n<td width=\"45\"><\/td>\n<td width=\"51\"><\/td>\n<td width=\"41\"><\/td>\n<td width=\"42\"><\/td>\n<td width=\"44\"><\/td>\n<td width=\"42\"><\/td>\n<td style=\"text-align: center\" width=\"47\"><\/td>\n<td style=\"text-align: center\" width=\"45\"><\/td>\n<td style=\"text-align: center\" width=\"61\"><\/td>\n<\/tr>\n<tr>\n<td style=\"text-align: center\" width=\"53\"><strong>2<br \/>\n<\/strong><\/td>\n<td style=\"text-align: center\" width=\"42\">2<br \/>\n3<br \/>\n4<br \/>\n6<\/td>\n<td style=\"text-align: center\" width=\"45\"><\/td>\n<td width=\"43\"><\/td>\n<td width=\"45\"><\/td>\n<td width=\"51\"><\/td>\n<td width=\"41\"><\/td>\n<td width=\"42\"><\/td>\n<td style=\"text-align: center\" width=\"44\">1<\/td>\n<td style=\"text-align: center\" width=\"42\">1<\/td>\n<td style=\"text-align: center\" width=\"47\">12<\/td>\n<td style=\"text-align: center\" width=\"45\"><\/td>\n<td style=\"text-align: center\" width=\"61\">HYGI<\/td>\n<\/tr>\n<tr>\n<td style=\"text-align: center\" width=\"53\"><strong>3<br \/>\n<\/strong><\/td>\n<td style=\"text-align: center\" width=\"42\">2<br \/>\n3<br \/>\n4<\/td>\n<td style=\"text-align: center\" width=\"45\"><\/td>\n<td style=\"text-align: center\" width=\"43\">1<\/td>\n<td style=\"text-align: center\" width=\"45\">1<\/td>\n<td style=\"text-align: center\" width=\"51\">1<\/td>\n<td style=\"text-align: center\" width=\"41\">1<\/td>\n<td style=\"text-align: center\" width=\"42\">1<\/td>\n<td style=\"text-align: center\" width=\"44\">1<\/td>\n<td style=\"text-align: center\" width=\"42\">1<\/td>\n<td style=\"text-align: center\" width=\"47\">12<\/td>\n<td style=\"text-align: center\" width=\"45\"><\/td>\n<td style=\"text-align: center\" width=\"61\"><\/td>\n<\/tr>\n<tr>\n<td style=\"text-align: center\" width=\"53\"><strong>4<\/strong><\/td>\n<td style=\"text-align: center\" width=\"42\">2<br \/>\n3<br \/>\n4<\/td>\n<td style=\"text-align: center\" width=\"45\"><\/td>\n<td style=\"text-align: center\" width=\"43\">1<br \/>\n2<\/td>\n<td style=\"text-align: center\" width=\"45\">1<br \/>\n2<\/td>\n<td style=\"text-align: center\" width=\"51\">1<br \/>\n2<\/td>\n<td style=\"text-align: center\" width=\"41\">1<br \/>\n2<\/td>\n<td style=\"text-align: center\" width=\"42\">1<br \/>\n2<\/td>\n<td style=\"text-align: center\" width=\"44\">2<\/td>\n<td style=\"text-align: center\" width=\"42\">2<\/td>\n<td style=\"text-align: center\" width=\"47\">11<\/td>\n<td style=\"text-align: center\" width=\"45\"><\/td>\n<td style=\"text-align: center\" width=\"61\">MUUT<\/td>\n<\/tr>\n<tr>\n<td style=\"text-align: center\" width=\"53\"><strong>5<\/strong><\/td>\n<td style=\"text-align: center\" width=\"42\">2<br \/>\n3<br \/>\n4<\/td>\n<td style=\"text-align: center\" width=\"45\"><\/td>\n<td style=\"text-align: center\" width=\"43\">1<br \/>\n2<\/td>\n<td style=\"text-align: center\" width=\"45\">1<br \/>\n2<\/td>\n<td style=\"text-align: center\" width=\"51\">1<br \/>\n2<\/td>\n<td style=\"text-align: center\" width=\"41\">1<br \/>\n2<\/td>\n<td style=\"text-align: center\" width=\"42\">1<br \/>\n2<\/td>\n<td style=\"text-align: center\" width=\"44\">2<\/td>\n<td style=\"text-align: center\" width=\"42\">2<\/td>\n<td style=\"text-align: center\" width=\"47\">11<br \/>\n14<\/td>\n<td style=\"text-align: center\" width=\"45\"><\/td>\n<td style=\"text-align: center\" width=\"61\">TO2<\/td>\n<\/tr>\n<\/tbody>\n<\/table>\n<p>&nbsp;<\/p>\n<p>&nbsp;<\/p>\n","protected":false},"excerpt":{"rendered":"<p>Turun seudun et\u00e4renkaan opintotarjonta 2025-2026 &nbsp; Periodien ajat ovat Turun p\u00e4iv\u00e4lukioiden ty\u00f6p\u00e4ivien mukaiset. Opintojakson \/ kurssin laajuus on kaksi opintopistett\u00e4, ellei toisin ilmoiteta. Sama opintojakso saattaa olla tarjolla useammassa periodissa. Lis\u00e4tietoa saat suoraan opintojakson opettajalta. B3-kielet eli ns. lyhyet kielet &hellip; <a href=\"https:\/\/blog.edu.turku.fi\/turunseudunetarengas\/kurssitarjotin\/\">Lue loppuun <span class=\"meta-nav\">&rarr;<\/span><\/a><\/p>\n","protected":false},"author":31,"featured_media":0,"parent":0,"menu_order":0,"comment_status":"closed","ping_status":"closed","template":"","meta":{"footnotes":""},"class_list":["post-705","page","type-page","status-publish","hentry"],"_links":{"self":[{"href":"https:\/\/blog.edu.turku.fi\/turunseudunetarengas\/wp-json\/wp\/v2\/pages\/705","targetHints":{"allow":["GET"]}}],"collection":[{"href":"https:\/\/blog.edu.turku.fi\/turunseudunetarengas\/wp-json\/wp\/v2\/pages"}],"about":[{"href":"https:\/\/blog.edu.turku.fi\/turunseudunetarengas\/wp-json\/wp\/v2\/types\/page"}],"author":[{"embeddable":true,"href":"https:\/\/blog.edu.turku.fi\/turunseudunetarengas\/wp-json\/wp\/v2\/users\/31"}],"replies":[{"embeddable":true,"href":"https:\/\/blog.edu.turku.fi\/turunseudunetarengas\/wp-json\/wp\/v2\/comments?post=705"}],"version-history":[{"count":58,"href":"https:\/\/blog.edu.turku.fi\/turunseudunetarengas\/wp-json\/wp\/v2\/pages\/705\/revisions"}],"predecessor-version":[{"id":1146,"href":"https:\/\/blog.edu.turku.fi\/turunseudunetarengas\/wp-json\/wp\/v2\/pages\/705\/revisions\/1146"}],"wp:attachment":[{"href":"https:\/\/blog.edu.turku.fi\/turunseudunetarengas\/wp-json\/wp\/v2\/media?parent=705"}],"curies":[{"name":"wp","href":"https:\/\/api.w.org\/{rel}","templated":true}]}}