{"id":536,"date":"2018-11-21T11:12:54","date_gmt":"2018-11-21T09:12:54","guid":{"rendered":"https:\/\/blog.edu.turku.fi\/turunseudunetarengas\/?page_id=536"},"modified":"2025-08-16T11:40:07","modified_gmt":"2025-08-16T08:40:07","slug":"historia-hi","status":"publish","type":"page","link":"https:\/\/blog.edu.turku.fi\/turunseudunetarengas\/historia-hi\/","title":{"rendered":"Historia HI"},"content":{"rendered":"<p>&nbsp;<\/p>\n<p><strong>HI 4 Eurooppalainen ihminen<\/strong><\/p>\n<p>syvent\u00e4v\u00e4 verkkokurssi<br \/>\nperiodi 4<br \/>\nuusi ops<br \/>\n2 op<\/p>\n<div>\n<div>Opintojakso tarkastelee yhteiskunnallisen ajattelun, aatteiden ja ihmisoikeuksien kehittymist\u00e4 sek\u00e4 myyttisi\u00e4, uskonnollisia ja tieteellisi\u00e4 maailmanselityksi\u00e4 antiikista nykyp\u00e4iv\u00e4\u00e4n. Opintojaksolla perehdyt\u00e4\u00e4n kulttuuriperint\u00f6\u00f6n, taiteeseen ja tieteeseen oman aikansa ilment\u00e4jin\u00e4 Euroopassa. Tarkastelun kohteena on eurooppalainen ihminen, yksil\u00f6n ja yhteiskunnan suhde, sukupuoli ja arkiel\u00e4m\u00e4.<\/div>\n<p>Kurssialustana on Moodle.<\/p>\n<\/div>\n<div><a href=\"mailto:aino.hallamurto@poytya.fi\">aino.hallamurto@poytya.fi<\/a><br \/>\n<a href=\"https:\/\/poytya.fi\/varhaiskasvatus-ja-koulutus\/lukio\/\">Elisenvaaran lukio <\/a><\/div>\n<div><span style=\"color: #ffffff\">.<\/span><\/div>\n<div><strong><br \/>\n<span style=\"color: #ffffff\">.<\/span><br \/>\nHI 5 Ruotsin It\u00e4maasta Suomeksi <\/strong><\/div>\n<div><span style=\"color: #ffffff\">.<\/span><\/div>\n<div>syvent\u00e4v\u00e4 verkkokurssi<br \/>\nperiodi 1<br \/>\nuusi ops<br \/>\n2 op<\/div>\n<div><span style=\"color: #ffffff\">.<\/span><\/div>\n<p>Kurssi tarkastelee Suomen varhaista kehityst\u00e4 osana It\u00e4meren alueen historiaa aina autonomian ajalle asti. Kurssi perehdytt\u00e4\u00e4 suomalaiseen kulttuuriperint\u00f6\u00f6n ja Suomen historiallisiin kehityslinjoihin. Suomen varhaishistoriaa tarkastellaan yhteiskunnan, talouden ja ymp\u00e4rist\u00f6n lis\u00e4ksi my\u00f6s arjen historian ja ihmisten el\u00e4m\u00e4ntavan sek\u00e4 elinkeinojen n\u00e4k\u00f6kulmasta. Kurssilla syvennyt\u00e4\u00e4n erityisesti l\u00e4hiymp\u00e4rist\u00f6n historian l\u00e4hteisiin ja erilaisiin tutkimusmenetelmiin.<\/p>\n<p>Oppikirjasuositus on Forum V (Otava) tai Kaikkien aikojen historia 5 (Edita). Muutkin vastaavat k\u00e4yv\u00e4t.<\/p>\n<p>Kurssialustana on Moodle.<\/p>\n<div><span style=\"color: #ffffff\">.<\/span><\/div>\n<div><a href=\"mailto:heikki.isotalo@turunsteinerkoulu.fi\">heikki.isotalo@turunsteinerkoulu.fi<\/a><br \/>\n<a href=\"http:\/\/turunsteinerkoulu.fi\/tulevat-oppilaat\/lukio\/\" target=\"_blank\" rel=\"noopener noreferrer\">Turun Steiner-koulun lukio <\/a><\/div>\n<div><\/div>\n<div><\/div>\n<div><\/div>\n<div><span style=\"color: #ffffff\">.<\/span><\/div>\n<div><\/div>\n<div><span style=\"color: #ffffff\">.<\/span><\/div>\n<div><\/div>\n<div>\n<div>\n<div><strong>HI 8 \/ \u00c4I 13\u00a0Syvenny elokuvaan<\/strong><\/div>\n<div><b>\u00a0<\/b><\/div>\n<div>koulukukohtainen verkkokurssi<br \/>\nperiodi 4<br \/>\n2 op<\/div>\n<div>\n<div><\/div>\n<div>\n<div><a title=\"mailto:juho.kuzu@edu.parainen.fi\" href=\"mailto:juho.kuzu@edu.parainen.fi\" data-linkindex=\"0\">juho.kuzu@edu.parainen.fi<\/a><\/div>\n<div><a title=\"mailto:laura.hatva@edu.parainen.fi\" href=\"mailto:laura.hatva@edu.parainen.fi\" data-linkindex=\"1\">laura.hatva@edu.parainen.fi<\/a><\/div>\n<\/div>\n<div><a href=\"https:\/\/www.pargas.fi\/web\/paraisten-lukio\" target=\"_blank\" rel=\"noopener\">Paraisten lukio<\/a><\/div>\n<div><i>\u00a0<\/i><\/div>\n<div>Opintojakson aikana tutustutaan elokuvan historiaan sek\u00e4 elokuvakerronnan keinoihin ja analysoidaan useita elokuvia. Opiskelija syvent\u00e4\u00e4 taitojaan eritell\u00e4 ja tulkita fiktiivist\u00e4 tarinaa ja audiovisuaalisen kerronnan ominaispiirteit\u00e4.<br \/>\nOpintojakso vahvistaa mielekk\u00e4\u00e4ll\u00e4 tavalla muissa \u00e4idinkielen ja kirjallisuuden sek\u00e4 historian opintojaksoissa ja ylioppilaskokeessa mitattavia analyysitaitoja ja\u00a0 laajentaa kulttuurin ja tarinaperinteiden tuntemusta.\u00a0Opintojakso on \u00e4idinkielen ja kirjallisuuden sek\u00e4 historian oppiaineiden yhteinen opintokokonaisuus.<\/div>\n<div><\/div>\n<div><\/div>\n<div><\/div>\n<\/div>\n<\/div>\n<div><\/div>\n<\/div>\n<div><\/div>\n<div><span style=\"color: #ffffff\">.<\/span><\/div>\n<div><span style=\"color: #ffffff\">.<\/span><\/div>\n<div>\n<div><\/div>\n<\/div>\n<p>&nbsp;<\/p>\n","protected":false},"excerpt":{"rendered":"<p>&nbsp; HI 4 Eurooppalainen ihminen syvent\u00e4v\u00e4 verkkokurssi periodi 4 uusi ops 2 op Opintojakso tarkastelee yhteiskunnallisen ajattelun, aatteiden ja ihmisoikeuksien kehittymist\u00e4 sek\u00e4 myyttisi\u00e4, uskonnollisia ja tieteellisi\u00e4 maailmanselityksi\u00e4 antiikista nykyp\u00e4iv\u00e4\u00e4n. Opintojaksolla perehdyt\u00e4\u00e4n kulttuuriperint\u00f6\u00f6n, taiteeseen ja tieteeseen oman aikansa ilment\u00e4jin\u00e4 Euroopassa. Tarkastelun &hellip; <a href=\"https:\/\/blog.edu.turku.fi\/turunseudunetarengas\/historia-hi\/\">Lue loppuun <span class=\"meta-nav\">&rarr;<\/span><\/a><\/p>\n","protected":false},"author":31,"featured_media":0,"parent":0,"menu_order":0,"comment_status":"closed","ping_status":"closed","template":"","meta":{"footnotes":""},"class_list":["post-536","page","type-page","status-publish","hentry"],"_links":{"self":[{"href":"https:\/\/blog.edu.turku.fi\/turunseudunetarengas\/wp-json\/wp\/v2\/pages\/536","targetHints":{"allow":["GET"]}}],"collection":[{"href":"https:\/\/blog.edu.turku.fi\/turunseudunetarengas\/wp-json\/wp\/v2\/pages"}],"about":[{"href":"https:\/\/blog.edu.turku.fi\/turunseudunetarengas\/wp-json\/wp\/v2\/types\/page"}],"author":[{"embeddable":true,"href":"https:\/\/blog.edu.turku.fi\/turunseudunetarengas\/wp-json\/wp\/v2\/users\/31"}],"replies":[{"embeddable":true,"href":"https:\/\/blog.edu.turku.fi\/turunseudunetarengas\/wp-json\/wp\/v2\/comments?post=536"}],"version-history":[{"count":41,"href":"https:\/\/blog.edu.turku.fi\/turunseudunetarengas\/wp-json\/wp\/v2\/pages\/536\/revisions"}],"predecessor-version":[{"id":1128,"href":"https:\/\/blog.edu.turku.fi\/turunseudunetarengas\/wp-json\/wp\/v2\/pages\/536\/revisions\/1128"}],"wp:attachment":[{"href":"https:\/\/blog.edu.turku.fi\/turunseudunetarengas\/wp-json\/wp\/v2\/media?parent=536"}],"curies":[{"name":"wp","href":"https:\/\/api.w.org\/{rel}","templated":true}]}}