{"id":160,"date":"2015-05-23T20:22:47","date_gmt":"2015-05-23T17:22:47","guid":{"rendered":"https:\/\/blog.edu.turku.fi\/turunseudunetarengas\/?page_id=160"},"modified":"2025-08-16T11:45:26","modified_gmt":"2025-08-16T08:45:26","slug":"uskonto-ue-ja-ui","status":"publish","type":"page","link":"https:\/\/blog.edu.turku.fi\/turunseudunetarengas\/uskonto-ue-ja-ui\/","title":{"rendered":"Uskonto UE, UI, UK, UO"},"content":{"rendered":"<p>&nbsp;<\/p>\n<p>&nbsp;<\/p>\n<p><span style=\"color: #ffffff\">.<\/span><\/p>\n<p><strong>UE 4 Uskonto, kulttuuri ja yhteiskunta Suomessa<\/strong><\/p>\n<p>syvent\u00e4v\u00e4 verkkokurssi<br \/>\nperiodi 3<br \/>\nuusi ops<br \/>\n2 op<\/p>\n<p><a href=\"mailto:jarkko.kotilainen@naantali.fi\" target=\"_blank\" rel=\"noopener\">jarkko.kotilainen@naantali.fi<\/a><br \/>\n<a href=\"https:\/\/www.naantali.fi\/fi\/kasvatus-ja-koulutus\/naantalin-lukio\" target=\"_blank\" rel=\"noopener\">Naantalin lukio<\/a><\/p>\n<p>&nbsp;<\/p>\n<p><strong>UI 1 Uskonto ilmi\u00f6n\u00e4 \u2013 juutalaisuuden, kristinuskon ja islamin j\u00e4ljill\u00e4<\/strong><\/p>\n<p>pakollinen verkkokurssi<br \/>\n<span data-olk-copy-source=\"MessageBody\">tarjolla periodeissa 2 ja 3<\/span><br \/>\nuusi ops<br \/>\n2 op<\/p>\n<p>Kurssin aikana opiskellaan islamin, juutalaisuuden ja kristinuskon keskeisi\u00e4 piirteit\u00e4 sek\u00e4 pohditaan niit\u00e4 yhdist\u00e4vi\u00e4 tekij\u00f6it\u00e4 uskontodialogin n\u00e4k\u00f6kulmasta. Tutustutaan my\u00f6s uskontoon ilmi\u00f6n\u00e4 sek\u00e4 nykyajan uskonnollisuuteen.<\/p>\n<p>Kurssi toteutetaan et\u00e4opetuksena moodle-oppimisalustassa jaksossa kaksi ja kolme. Kurssi l\u00f6ytyy moodlesta \u201dTurun seudun et\u00e4rengas\u201d \u2192 \u201dTurun iltalukio\u201d -linkkien alta. Et\u00e4tapaamiset toteutetaan Teamsissa. Et\u00e4huone l\u00f6ytyy osoitteesta <a href=\"https:\/\/blog.edu.turku.fi\/etaopetus\" target=\"_blank\" rel=\"noopener\">https:\/\/blog.edu.turku.fi\/etaopetus<\/a>. Valitse opettaja Marjukka Al-Ibadin et\u00e4huone.<\/p>\n<p>Kurssilla k\u00e4ytet\u00e4\u00e4n kirjaa Verso 1: Uskonto ilmi\u00f6n\u00e4 \u2013 juutalaisuuden, kristinuskon ja islamin j\u00e4ljill\u00e4 (LOPS2021). Kustantaja: SanomaPro Oy.<\/p>\n<p>Ilmoittaudu kurssille l\u00e4hett\u00e4m\u00e4ll\u00e4 opettajalle s\u00e4hk\u00f6postia.<\/p>\n<p><a href=\"mailto:marjukka.al-ibadi@edu.turku.fi\">marjukka.al-ibadi@edu.turku.fi<\/a><br \/>\n<a href=\"http:\/\/www.kerttulinlukio.fi\/\" target=\"_blank\" rel=\"noopener noreferrer\">Kerttulin lukio<\/a><\/p>\n<p><strong><span style=\"color: #ffffff\">.<\/span><\/strong><\/p>\n<p><strong>UI 2 Maailmanlaajuinen islam<\/strong><\/p>\n<p>pakollinen verkkokurssi<br \/>\ntarjolla periodeissa 2 ja 4<br \/>\nuusi ops<br \/>\n2 op<\/p>\n<p>Kurssin aikana opiskellaan islamin opillista perustaa sek\u00e4 islamin sis\u00e4ist\u00e4 monimuotoisuutta. Tutustaan islamin asemaan ja kulttuurivaikutuksiin eri maanosissa sek\u00e4 poliittiseen islamiin ja erilaisiin islamilaisiin liikkeisiin nykyaikana. Pohditaan ihmisoikeusetiikan, uskonnonvapauden ja uskontodialogin merkityst\u00e4.<\/p>\n<p>Kurssi toteutetaan et\u00e4opetuksena moodle-oppimisalustassa jaksossa kaksi ja nelj\u00e4. Kurssi l\u00f6ytyy moodlesta \u201dTurun seudun et\u00e4rengas\u201d \u2192 \u201dTurun iltalukio\u201d -linkkien alta. Et\u00e4tapaamiset toteutetaan Teamsissa. Et\u00e4huone l\u00f6ytyy osoiteesta <a href=\"https:\/\/blog.edu.turku.fi\/etaopetus\" target=\"_blank\" rel=\"noopener\">https:\/\/blog.edu.turku.fi\/etaopetus<\/a>. Valitse opettaja Marjukka Al-Ibadin et\u00e4huone.<\/p>\n<p>Kurssilla ei ole k\u00e4yt\u00f6ss\u00e4 erillist\u00e4 oppikirjaa, vaan kaikki tarvittava materiaali l\u00f6ytyy moodlesta.<\/p>\n<p>Ilmoittaudu kurssille l\u00e4hett\u00e4m\u00e4ll\u00e4 opettajalle s\u00e4hk\u00f6postia.<\/p>\n<p><a href=\"mailto:marjukka.al-ibadi@edu.turku.fi\">marjukka.al-ibadi@edu.turku.fi<\/a><br \/>\n<a href=\"http:\/\/www.kerttulinlukio.fi\/\" target=\"_blank\" rel=\"noopener noreferrer\">Kerttulin lukio<\/a><\/p>\n<p>&nbsp;<\/p>\n<p><strong>UK 1 Uskonto ilmi\u00f6n\u00e4 \u2013 juutalaisuuden, kristinuskon ja islamin j\u00e4ljill\u00e4<br \/>\n<\/strong><\/p>\n<p>pakollinen verkkokurssi<br \/>\nperiodi 2<br \/>\n2 op<\/p>\n<p>Tervetuloa opintojaksolle <i>UK1 Uskonto ilmi\u00f6n\u00e4 \u2013 juutalaisuuden, kristinuskon ja islamin j\u00e4ljill\u00e4<\/i>. Opintojaksolla k\u00e4ytet\u00e4\u00e4n Studeon (<a id=\"OWAbdfa570f-3a3e-a492-773b-ff562d5869a7\" title=\"http:\/\/www.studeo.fi\" href=\"http:\/\/www.studeo.fi\" target=\"_blank\" rel=\"noopener noreferrer\" data-auth=\"NotApplicable\" data-linkindex=\"0\">www.studeo.fi<\/a>) s\u00e4hk\u00f6ist\u00e4 oppimateriaalia nimelt\u00e4 \u201dUskonto ilmi\u00f6n\u00e4 \u2013 juutalaisuuden, kristinuskon ja islamin j\u00e4ljill\u00e4\u201d (LOPS 2021). Tarkemmat ohjeistukset opintojakson suorituksista, viikkoteht\u00e4vist\u00e4 ja arvioinnista l\u00f6ytyv\u00e4t Moodle-alueelta, jonka salasanan saat ilmoittautuessasi opintojaksolle s\u00e4hk\u00f6postitse osoitteeseen <a id=\"OWAc217451d-c779-192b-b540-83dbe2459ba3\" title=\"mailto:vilma.laurila@edu.turku.fi\" href=\"mailto:vilma.laurila@edu.turku.fi\" target=\"_blank\" rel=\"noopener\" data-linkindex=\"1\">vilma.laurila@edu.turku.fi<\/a>.<\/p>\n<p>Opintojaksolla perehdyt\u00e4\u00e4n kristinuskon, juutalaisuuden ja islamin historiaan, niiden keskeisiin oppeihin sek\u00e4 niiden kulttuurisiin ja yhteiskunnallisiin vaikutuksiin. P\u00e4\u00e4set pohtimaan uskontoa ilmi\u00f6n\u00e4 sek\u00e4 uskonnon asemaa ja roolia nykyp\u00e4iv\u00e4n maailmassa. Opintojaksolla tutustutaan my\u00f6s uskonnottomuuteen ja uskonnonvapauteen sek\u00e4 ajankohtaisiin aiheisiin juutalaisuudessa, kristinuskossa ja islamissa.<\/p>\n<p>Jos haluat osallistua opintojaksolle, sinun pit\u00e4\u00e4 kirjautua Turun iltalukion opiskelijaksi. Muualla kuin Turun kaupungin lukioissa opiskelevat ilmoittautuvat iltalukion opiskelijaksi t\u00e4m\u00e4n linkin kautta: <a id=\"OWA45ff088b-e57d-6235-9d8b-57ecdbcb66e3\" title=\"https:\/\/turku.inschool.fi\/apply?school-id=11&amp;long-term=8115&amp;checkout=true\" href=\"https:\/\/turku.inschool.fi\/apply?school-id=11&amp;long-term=8115&amp;checkout=true\" target=\"_blank\" rel=\"noopener noreferrer\" data-auth=\"NotApplicable\" data-linkindex=\"2\">https:\/\/turku.inschool.fi\/apply?school-id=11&amp;long-term=8115&amp;checkout=true<\/a><\/p>\n<p><a id=\"OWAfefd8592-5449-ed13-f61e-374699120a24\" title=\"mailto:vilma.laurila@edu.turku.fi\" href=\"mailto:vilma.laurila@edu.turku.fi\" target=\"_blank\" rel=\"noopener\" data-linkindex=\"3\">vilma.laurila@edu.turku.fi<\/a><\/p>\n<p>&nbsp;<\/p>\n<p><strong>UK 2 Maailmanlaajuinen kristinusko<br \/>\n<\/strong><\/p>\n<p>pakollinen verkkokurssi<br \/>\nperiodi 4<br \/>\n2 op<\/p>\n<p data-olk-copy-source=\"MessageBody\">Tervetuloa opintojaksolle <i>UK2 Maailmanlaajuinen kristinusko. <\/i>Opintojaksolla k\u00e4ytet\u00e4\u00e4n Studeon (<a id=\"OWA1eaa8658-1995-ffce-c712-8f6cc5f93ddd\" title=\"http:\/\/www.studeo.fi\" href=\"http:\/\/www.studeo.fi\" target=\"_blank\" rel=\"noopener noreferrer\" data-auth=\"NotApplicable\" data-linkindex=\"8\">www.studeo.fi<\/a>) s\u00e4hk\u00f6ist\u00e4 oppimateriaalia nimelt\u00e4 \u201dUE2 Maailmanlaajuinen kristinusko\u201d (LOPS 2021). Tarkemmat ohjeistukset opintojakson suorituksista, viikkoteht\u00e4vist\u00e4 ja arvioinnista l\u00f6ytyv\u00e4t Moodle-alueelta, jonka salasanan saat ilmoittautuessasi opintojaksolle s\u00e4hk\u00f6postitse osoitteeseen <a id=\"OWAdb309e83-6a3b-941c-6652-5fe2548896db\" title=\"mailto:vilma.laurila@edu.turku.fi\" href=\"mailto:vilma.laurila@edu.turku.fi\" target=\"_blank\" rel=\"noopener\" data-linkindex=\"9\">vilma.laurila@edu.turku.fi<\/a>.<\/p>\n<p>Opintojaksolla syvennyt\u00e4\u00e4n kristinuskon monimuotoisuuteen ja sen levi\u00e4miseen eri puolille maailmaa. Tarkastelemme kristinuskon historiaa ja kehityst\u00e4 globaalisti sek\u00e4 sen roolia eri kulttuureissa ja yhteiskunnissa. K\u00e4sittelemme my\u00f6s kristinuskon eri suuntauksia, kuten katolisuutta, ortodoksisuutta, protestantismia ja uudempia vapaita suuntauksia. Opintojaksolla opit ymm\u00e4rt\u00e4m\u00e4\u00e4n, milt\u00e4 kristinusko n\u00e4ytt\u00e4\u00e4 erilaisissa kulttuureissa ja poliittisissa konteksteissa. Pohdimme my\u00f6s kirkon asemaa ja vuorovaikutusta ymp\u00e4r\u00f6iv\u00e4n kulttuurin ja yhteiskunnan kanssa sek\u00e4 ekumenian ja uskontodialogin merkityst\u00e4 nykymaailmassa. Opintojaksolla saat tietoa my\u00f6s ajankohtaisista kristinuskoon ja katolisuuteen liittyvist\u00e4 kysymyksist\u00e4.<\/p>\n<p>Jos haluat osallistua opintojaksolle, sinun pit\u00e4\u00e4 kirjautua Turun iltalukion opiskelijaksi. Muualla kuin Turun kaupungin lukioissa opiskelevat ilmoittautuvat iltalukion opiskelijaksi t\u00e4m\u00e4n linkin kautta: <a id=\"OWA90e8ead0-6df4-5a32-0649-21e17cff318a\" title=\"https:\/\/turku.inschool.fi\/apply?school-id=11&amp;long-term=8115&amp;checkout=true\" href=\"https:\/\/turku.inschool.fi\/apply?school-id=11&amp;long-term=8115&amp;checkout=true\" target=\"_blank\" rel=\"noopener noreferrer\" data-auth=\"NotApplicable\" data-linkindex=\"10\">https:\/\/turku.inschool.fi\/apply?school-id=11&amp;long-term=8115&amp;checkout=true<\/a><\/p>\n<p><a id=\"OWA9a036635-b90e-017e-ffdc-f9061e127daa\" title=\"mailto:vilma.laurila@edu.turku.fi\" href=\"mailto:vilma.laurila@edu.turku.fi\" target=\"_blank\" rel=\"noopener\" data-linkindex=\"11\">vilma.laurila@edu.turku.fi<\/a><\/p>\n<p><strong><br \/>\nUO 1 Uskonto ilmi\u00f6n\u00e4 \u2013 juutalaisuuden, kristinuskon ja islamin j\u00e4ljill\u00e4<br \/>\n<\/strong><\/p>\n<p>pakollinen verkkokurssi<br \/>\nperiodi 2<br \/>\n2 op<\/p>\n<p>Tervetuloa opintojaksolle <i>UO1 Uskonto ilmi\u00f6n\u00e4 \u2013 juutalaisuuden, kristinuskon ja islamin j\u00e4ljill\u00e4<\/i>. Opintojaksolla k\u00e4ytet\u00e4\u00e4n Studeon (<a id=\"OWA35fad307-d139-ab40-60db-f7536c7be5cd\" title=\"http:\/\/www.studeo.fi\" href=\"http:\/\/www.studeo.fi\" target=\"_blank\" rel=\"noopener noreferrer\" data-auth=\"NotApplicable\" data-linkindex=\"4\">www.studeo.fi<\/a>) s\u00e4hk\u00f6ist\u00e4 oppimateriaalia nimelt\u00e4 \u201dUskonto ilmi\u00f6n\u00e4 \u2013 juutalaisuuden, kristinuskon ja islamin j\u00e4ljill\u00e4\u201d (LOPS 2021). Tarkemmat ohjeistukset opintojakson suorituksista, viikkoteht\u00e4vist\u00e4 ja arvioinnista l\u00f6ytyv\u00e4t Moodle-alueelta, jonka salasanan saat ilmoittautuessasi opintojaksolle s\u00e4hk\u00f6postitse osoitteeseen <a id=\"OWA4c76ac18-685d-c2b9-b3af-deb7b8172369\" title=\"mailto:vilma.laurila@edu.turku.fi\" href=\"mailto:vilma.laurila@edu.turku.fi\" target=\"_blank\" rel=\"noopener\" data-linkindex=\"5\">vilma.laurila@edu.turku.fi<\/a>.<\/p>\n<p>Opintojaksolla perehdyt\u00e4\u00e4n kristinuskon, juutalaisuuden ja islamin historiaan, niiden keskeisiin oppeihin sek\u00e4 niiden kulttuurisiin ja yhteiskunnallisiin vaikutuksiin. P\u00e4\u00e4set pohtimaan uskontoa ilmi\u00f6n\u00e4 sek\u00e4 uskonnon asemaa ja roolia nykyp\u00e4iv\u00e4n maailmassa. Opintojaksolla tutustutaan my\u00f6s uskonnottomuuteen ja uskonnonvapauteen sek\u00e4 ajankohtaisiin aiheisiin juutalaisuudessa, kristinuskossa ja islamissa.<\/p>\n<p>Jos haluat osallistua opintojaksolle, sinun pit\u00e4\u00e4 kirjautua Turun iltalukion opiskelijaksi. Muualla kuin Turun kaupungin lukioissa opiskelevat ilmoittautuvat iltalukion opiskelijaksi t\u00e4m\u00e4n linkin kautta: <a id=\"OWAa62deb5b-9bb3-7437-c1dc-8936529fe7c1\" title=\"https:\/\/turku.inschool.fi\/apply?school-id=11&amp;long-term=8115&amp;checkout=true\" href=\"https:\/\/turku.inschool.fi\/apply?school-id=11&amp;long-term=8115&amp;checkout=true\" target=\"_blank\" rel=\"noopener noreferrer\" data-auth=\"NotApplicable\" data-linkindex=\"6\">https:\/\/turku.inschool.fi\/apply?school-id=11&amp;long-term=8115&amp;checkout=true<\/a><\/p>\n<p><a id=\"OWA922c0995-8d7d-65b7-a0d5-5d0fc23dacbd\" title=\"mailto:vilma.laurila@edu.turku.fi\" href=\"mailto:vilma.laurila@edu.turku.fi\" target=\"_blank\" rel=\"noopener\" data-linkindex=\"7\">vilma.laurila@edu.turku.fi<\/a><\/p>\n<p>&nbsp;<\/p>\n<p><strong>UO 2 Ortodoksisuus maailmassa<\/strong><\/p>\n<p>pakollinen verkkokurssi<br \/>\nperiodi 4<br \/>\n2 op<\/p>\n<p data-olk-copy-source=\"MessageBody\">ervetuloa opintojaksolle <i>UO2 Ortodoksisuus maailmassa<\/i>. Opintojaksolla k\u00e4ytet\u00e4\u00e4n Studeon (<a id=\"OWA7631db64-10e3-482f-af43-4e09d4b8c069\" title=\"http:\/\/www.studeo.fi\" href=\"http:\/\/www.studeo.fi\" target=\"_blank\" rel=\"noopener noreferrer\" data-auth=\"NotApplicable\" data-linkindex=\"12\">www.studeo.fi<\/a>) s\u00e4hk\u00f6ist\u00e4 oppimateriaalia nimelt\u00e4 \u201dUE2 Maailmanlaajuinen kristinusko\u201d (LOPS 2021). Tarkemmat ohjeistukset opintojakson suorituksista, viikkoteht\u00e4vist\u00e4 ja arvioinnista l\u00f6ytyv\u00e4t Moodle-alueelta, jonka salasanan saat ilmoittautuessasi opintojaksolle s\u00e4hk\u00f6postitse osoitteeseen <a id=\"OWAb1c62881-7868-2d45-61e9-54129c1e6ca0\" title=\"mailto:vilma.laurila@edu.turku.fi\" href=\"mailto:vilma.laurila@edu.turku.fi\" target=\"_blank\" rel=\"noopener\" data-linkindex=\"13\">vilma.laurila@edu.turku.fi<\/a>.<\/p>\n<p>Opintojaksolla syvennyt\u00e4\u00e4n kristinuskon monimuotoisuuteen ja sen levi\u00e4miseen eri puolille maailmaa. Tarkastelemme kristinuskon historiaa ja kehityst\u00e4 globaalisti sek\u00e4 sen roolia eri kulttuureissa ja yhteiskunnissa. K\u00e4sittelemme my\u00f6s kristinuskon eri suuntauksia, kuten katolisuutta, ortodoksisuutta, protestantismia ja uudempia vapaita suuntauksia. Opintojaksolla opit ymm\u00e4rt\u00e4m\u00e4\u00e4n, milt\u00e4 kristinusko n\u00e4ytt\u00e4\u00e4 erilaisissa kulttuureissa ja poliittisissa konteksteissa. Pohdimme my\u00f6s kirkon asemaa ja vuorovaikutusta ymp\u00e4r\u00f6iv\u00e4n kulttuurin ja yhteiskunnan kanssa sek\u00e4 ekumenian ja uskontodialogin merkityst\u00e4 nykymaailmassa. Opintojaksolla saat tietoa my\u00f6s ajankohtaisista kristinuskoon ja ortodoksisuuteen liittyvist\u00e4 kysymyksist\u00e4.<\/p>\n<p>Jos haluat osallistua opintojaksolle, sinun pit\u00e4\u00e4 kirjautua Turun iltalukion opiskelijaksi. Muualla kuin Turun kaupungin lukioissa opiskelevat ilmoittautuvat iltalukion opiskelijaksi t\u00e4m\u00e4n linkin kautta: <a id=\"OWA310638a4-d8d9-5b5c-79fa-05a94db5b16b\" title=\"https:\/\/turku.inschool.fi\/apply?school-id=11&amp;long-term=8115&amp;checkout=true\" href=\"https:\/\/turku.inschool.fi\/apply?school-id=11&amp;long-term=8115&amp;checkout=true\" target=\"_blank\" rel=\"noopener noreferrer\" data-auth=\"NotApplicable\" data-linkindex=\"14\">https:\/\/turku.inschool.fi\/apply?school-id=11&amp;long-term=8115&amp;checkout=true<\/a><\/p>\n<p><a id=\"OWA1bca7f68-9e29-b51b-e9ed-7a112f1adf20\" title=\"mailto:vilma.laurila@edu.turku.fi\" href=\"mailto:vilma.laurila@edu.turku.fi\" target=\"_blank\" rel=\"noopener\" data-linkindex=\"15\">vilma.laurila@edu.turku.fi<\/a><\/p>\n<p>&nbsp;<\/p>\n<p>&nbsp;<\/p>\n","protected":false},"excerpt":{"rendered":"<p>&nbsp; &nbsp; . UE 4 Uskonto, kulttuuri ja yhteiskunta Suomessa syvent\u00e4v\u00e4 verkkokurssi periodi 3 uusi ops 2 op jarkko.kotilainen@naantali.fi Naantalin lukio &nbsp; UI 1 Uskonto ilmi\u00f6n\u00e4 \u2013 juutalaisuuden, kristinuskon ja islamin j\u00e4ljill\u00e4 pakollinen verkkokurssi tarjolla periodeissa 2 ja 3 uusi &hellip; <a href=\"https:\/\/blog.edu.turku.fi\/turunseudunetarengas\/uskonto-ue-ja-ui\/\">Lue loppuun <span class=\"meta-nav\">&rarr;<\/span><\/a><\/p>\n","protected":false},"author":1229,"featured_media":0,"parent":0,"menu_order":0,"comment_status":"closed","ping_status":"closed","template":"","meta":{"footnotes":""},"class_list":["post-160","page","type-page","status-publish","hentry"],"_links":{"self":[{"href":"https:\/\/blog.edu.turku.fi\/turunseudunetarengas\/wp-json\/wp\/v2\/pages\/160","targetHints":{"allow":["GET"]}}],"collection":[{"href":"https:\/\/blog.edu.turku.fi\/turunseudunetarengas\/wp-json\/wp\/v2\/pages"}],"about":[{"href":"https:\/\/blog.edu.turku.fi\/turunseudunetarengas\/wp-json\/wp\/v2\/types\/page"}],"author":[{"embeddable":true,"href":"https:\/\/blog.edu.turku.fi\/turunseudunetarengas\/wp-json\/wp\/v2\/users\/1229"}],"replies":[{"embeddable":true,"href":"https:\/\/blog.edu.turku.fi\/turunseudunetarengas\/wp-json\/wp\/v2\/comments?post=160"}],"version-history":[{"count":59,"href":"https:\/\/blog.edu.turku.fi\/turunseudunetarengas\/wp-json\/wp\/v2\/pages\/160\/revisions"}],"predecessor-version":[{"id":1131,"href":"https:\/\/blog.edu.turku.fi\/turunseudunetarengas\/wp-json\/wp\/v2\/pages\/160\/revisions\/1131"}],"wp:attachment":[{"href":"https:\/\/blog.edu.turku.fi\/turunseudunetarengas\/wp-json\/wp\/v2\/media?parent=160"}],"curies":[{"name":"wp","href":"https:\/\/api.w.org\/{rel}","templated":true}]}}