{"id":157,"date":"2015-05-23T20:00:46","date_gmt":"2015-05-23T17:00:46","guid":{"rendered":"https:\/\/blog.edu.turku.fi\/turunseudunetarengas\/?page_id=157"},"modified":"2025-05-06T11:49:41","modified_gmt":"2025-05-06T08:49:41","slug":"terveystieto-te","status":"publish","type":"page","link":"https:\/\/blog.edu.turku.fi\/turunseudunetarengas\/terveystieto-te\/","title":{"rendered":"Terveystieto TE"},"content":{"rendered":"<p><strong><br \/>\nTE 2 Terveys ja ymp\u00e4rist\u00f6<\/strong><\/p>\n<p>syvent\u00e4v\u00e4 verkkokurssi<br \/>\nperiodit 1-5<br \/>\nuusi ops<br \/>\n2 op<\/p>\n<p>oppikirja: Lukion Syke 2. Terveys ja ymp\u00e4risto, Edita<\/p>\n<p><a href=\"mailto:tiina.vaahtoranta@edu.turku.fi\">tiina.vaahtoranta@edu.turku.fi<\/a><br \/>\n<a href=\"http:\/\/www.turuniltalukio.fi\/\" target=\"_blank\" rel=\"noopener noreferrer\">Turun iltalukio<\/a><\/p>\n<p><strong><br \/>\nTE 3 Terveys ja yhteiskunta<br \/>\n<\/strong><\/p>\n<p>syvent\u00e4v\u00e4 verkkokurssi<br \/>\nperiodit 1-5<br \/>\nuusi ops<br \/>\n2 op<\/p>\n<p>oppikirja: Lukion Syke 3. Terveys ja yhteiskunta, Edita<\/p>\n<p><a href=\"mailto:tiina.vaahtoranta@edu.turku.fi\">tiina.vaahtoranta@edu.turku.fi<\/a><br \/>\n<a href=\"http:\/\/www.turuniltalukio.fi\/\" target=\"_blank\" rel=\"noopener noreferrer\">Turun iltalukio<\/a><\/p>\n<p><strong><br \/>\nTE 4 Terveystiedon kertaus<br \/>\n<\/strong><\/p>\n<p>koulukohtainen verkkokurssi<br \/>\nperiodit 1-5<br \/>\nuusi ops<br \/>\n2 op<\/p>\n<p>Terveystiedon ylioppilaskokeisiin valmentava kurssi 4 on nyt mahdollista suorittaa verkossa Turun iltalukion kautta.<\/p>\n<p>Kurssi on suunnattu kev\u00e4\u00e4n tai ensi syksyn kirjoittajille. Laajuus on yksi kurssi ja kurssilla on numeroarviointi.<\/p>\n<p>Ideana on harjoitella yo-vastauksen laatimista k\u00e4ytt\u00e4en apuna vanhoja yo-teht\u00e4vi\u00e4. Opettaja antaa palautetta ja vinkkej\u00e4 henkil\u00f6kohtaisesti. Kurssia voi suorittaa omaan tahtiin t\u00e4m\u00e4n lukuvuoden aikana.<\/p>\n<p>oppikirja: vapaavalintainen<\/p>\n<p><a href=\"mailto:tiina.vaahtoranta@edu.turku.fi\">tiina.vaahtoranta@edu.turku.fi<\/a><br \/>\n<a href=\"http:\/\/www.turuniltalukio.fi\/\" target=\"_blank\" rel=\"noopener noreferrer\">Turun iltalukio<\/a><\/p>\n<p>&nbsp;<\/p>\n<p><strong>TE 6 Ravitsemus ja liikunta <\/strong><\/p>\n<p>koulukohtainen verkkokurssi<br \/>\nperiodi 2<br \/>\nuusi ops<br \/>\n2 op<\/p>\n<p><a href=\"mailto:liisa.laukkanen@laitila.fi\" target=\"_blank\" rel=\"noopener\">liisa.laukkanen@laitila.fi<\/a><br \/>\n<a href=\"mailto:sanna.myllymaa@laitila.fi\" target=\"_blank\" rel=\"noopener\">sanna.myllymaa@laitila.fi<\/a><br \/>\n<a href=\"https:\/\/www.laitila.fi\/palvelut\/opetus\/lukiokoulutus\/\" target=\"_blank\" rel=\"noopener\">Laitilan lukio<\/a><\/p>\n<p>&nbsp;<\/p>\n","protected":false},"excerpt":{"rendered":"<p>TE 2 Terveys ja ymp\u00e4rist\u00f6 syvent\u00e4v\u00e4 verkkokurssi periodit 1-5 uusi ops 2 op oppikirja: Lukion Syke 2. Terveys ja ymp\u00e4risto, Edita tiina.vaahtoranta@edu.turku.fi Turun iltalukio TE 3 Terveys ja yhteiskunta syvent\u00e4v\u00e4 verkkokurssi periodit 1-5 uusi ops 2 op oppikirja: Lukion Syke &hellip; <a href=\"https:\/\/blog.edu.turku.fi\/turunseudunetarengas\/terveystieto-te\/\">Lue loppuun <span class=\"meta-nav\">&rarr;<\/span><\/a><\/p>\n","protected":false},"author":1229,"featured_media":0,"parent":0,"menu_order":0,"comment_status":"closed","ping_status":"closed","template":"","meta":{"footnotes":""},"class_list":["post-157","page","type-page","status-publish","hentry"],"_links":{"self":[{"href":"https:\/\/blog.edu.turku.fi\/turunseudunetarengas\/wp-json\/wp\/v2\/pages\/157","targetHints":{"allow":["GET"]}}],"collection":[{"href":"https:\/\/blog.edu.turku.fi\/turunseudunetarengas\/wp-json\/wp\/v2\/pages"}],"about":[{"href":"https:\/\/blog.edu.turku.fi\/turunseudunetarengas\/wp-json\/wp\/v2\/types\/page"}],"author":[{"embeddable":true,"href":"https:\/\/blog.edu.turku.fi\/turunseudunetarengas\/wp-json\/wp\/v2\/users\/1229"}],"replies":[{"embeddable":true,"href":"https:\/\/blog.edu.turku.fi\/turunseudunetarengas\/wp-json\/wp\/v2\/comments?post=157"}],"version-history":[{"count":40,"href":"https:\/\/blog.edu.turku.fi\/turunseudunetarengas\/wp-json\/wp\/v2\/pages\/157\/revisions"}],"predecessor-version":[{"id":1073,"href":"https:\/\/blog.edu.turku.fi\/turunseudunetarengas\/wp-json\/wp\/v2\/pages\/157\/revisions\/1073"}],"wp:attachment":[{"href":"https:\/\/blog.edu.turku.fi\/turunseudunetarengas\/wp-json\/wp\/v2\/media?parent=157"}],"curies":[{"name":"wp","href":"https:\/\/api.w.org\/{rel}","templated":true}]}}