{"id":147,"date":"2015-05-23T19:42:50","date_gmt":"2015-05-23T16:42:50","guid":{"rendered":"https:\/\/blog.edu.turku.fi\/turunseudunetarengas\/?page_id=147"},"modified":"2025-11-10T19:59:43","modified_gmt":"2025-11-10T17:59:43","slug":"ruotsi-ru","status":"publish","type":"page","link":"https:\/\/blog.edu.turku.fi\/turunseudunetarengas\/ruotsi-ru\/","title":{"rendered":"Ruotsi RUB1"},"content":{"rendered":"<h2><\/h2>\n<h2>RUA7 Ymp\u00e4rist\u00f6 ja kest\u00e4v\u00e4 el\u00e4m\u00e4ntapa<\/h2>\n<p>syvent\u00e4v\u00e4 verkkokurssi<br \/>\nperiodi 1<br \/>\nuusi ops<br \/>\n2 op<\/p>\n<p>Opintojakson kuvaus:<\/p>\n<ul>\n<li>globaalit ymp\u00e4rist\u00f6kysymykset, esimerkiksi ilmastonmuutos<\/li>\n<li>kest\u00e4v\u00e4 el\u00e4m\u00e4ntapa opiskelijan omassa elinpiiriss\u00e4<\/li>\n<li>esimerkkej\u00e4 kansainv\u00e4lisist\u00e4 sopimuksista tai sopimusneuvotteluista<\/li>\n<li>ratkaisukeskeisyys<\/li>\n<\/ul>\n<p><a href=\"mailto:nina.tuorila@edu.lieto.fi\" target=\"_blank\" rel=\"noopener\">nina.tuorila@edu.lieto.fi<\/a><br \/>\n<a href=\"https:\/\/lieto.fi\/palvelut-ja-asiointi\/opetus\/lukio\/\" target=\"_blank\" rel=\"noopener\">Liedon lukio<\/a><\/p>\n<h2><\/h2>\n<h2>RUB1.0 Peruskieliopin kertauskurssi<\/h2>\n<p>koulukohtainen verkkokurssi<br \/>\nperiodi 3<br \/>\nuusi ops<br \/>\n2 op<\/p>\n<p>Kurssissa ei ole loppukoetta, vaan suoritusmerkinn\u00e4n edellytyksen\u00e4 on kurssin teht\u00e4vien palauttaminen annettuihin m\u00e4\u00e4r\u00e4aikoihin menness\u00e4. Kurssilla kerrataan ruotsin peruskielioppia.<\/p>\n<p><a href=\"mailto:anne.santamaki@raisio.fi\">anne.santamaki@raisio.fi<\/a><br \/>\n<a href=\"http:\/\/www.raisionlukio.fi\/\" target=\"_blank\" rel=\"noopener noreferrer\">Raision lukio<\/a><\/p>\n<h2><span style=\"color: #ffffff\">.<\/span><\/h2>\n<h2><\/h2>\n<h2>RUB1 ABI Kertauskurssi A- ja B-tasoille<\/h2>\n<p>koulukohtainen verkkokurssi<br \/>\nperiodit 3 ja 4<br \/>\nuusi ops<br \/>\n2 op<\/p>\n<p>Ensisijaisesti kev\u00e4\u00e4n\u00a0kirjoittajille<\/p>\n<p><a href=\"mailto:vilhelmiina.uotila@paimio.fi\" target=\"_blank\" rel=\"noopener\"><span style=\"color: #000000\">vilhelmiina.uotila@paimio.fi <\/span><\/a><br \/>\n<a href=\"http:\/\/www.paimio.fi\/lukio\" target=\"_blank\" rel=\"noopener noreferrer\">Paimion lukio<\/a><\/p>\n<p>&nbsp;<\/p>\n<p>&nbsp;<\/p>\n","protected":false},"excerpt":{"rendered":"<p>RUA7 Ymp\u00e4rist\u00f6 ja kest\u00e4v\u00e4 el\u00e4m\u00e4ntapa syvent\u00e4v\u00e4 verkkokurssi periodi 1 uusi ops 2 op Opintojakson kuvaus: globaalit ymp\u00e4rist\u00f6kysymykset, esimerkiksi ilmastonmuutos kest\u00e4v\u00e4 el\u00e4m\u00e4ntapa opiskelijan omassa elinpiiriss\u00e4 esimerkkej\u00e4 kansainv\u00e4lisist\u00e4 sopimuksista tai sopimusneuvotteluista ratkaisukeskeisyys nina.tuorila@edu.lieto.fi Liedon lukio RUB1.0 Peruskieliopin kertauskurssi koulukohtainen verkkokurssi periodi 3 &hellip; <a href=\"https:\/\/blog.edu.turku.fi\/turunseudunetarengas\/ruotsi-ru\/\">Lue loppuun <span class=\"meta-nav\">&rarr;<\/span><\/a><\/p>\n","protected":false},"author":1229,"featured_media":0,"parent":0,"menu_order":0,"comment_status":"closed","ping_status":"closed","template":"","meta":{"footnotes":""},"class_list":["post-147","page","type-page","status-publish","hentry"],"_links":{"self":[{"href":"https:\/\/blog.edu.turku.fi\/turunseudunetarengas\/wp-json\/wp\/v2\/pages\/147","targetHints":{"allow":["GET"]}}],"collection":[{"href":"https:\/\/blog.edu.turku.fi\/turunseudunetarengas\/wp-json\/wp\/v2\/pages"}],"about":[{"href":"https:\/\/blog.edu.turku.fi\/turunseudunetarengas\/wp-json\/wp\/v2\/types\/page"}],"author":[{"embeddable":true,"href":"https:\/\/blog.edu.turku.fi\/turunseudunetarengas\/wp-json\/wp\/v2\/users\/1229"}],"replies":[{"embeddable":true,"href":"https:\/\/blog.edu.turku.fi\/turunseudunetarengas\/wp-json\/wp\/v2\/comments?post=147"}],"version-history":[{"count":16,"href":"https:\/\/blog.edu.turku.fi\/turunseudunetarengas\/wp-json\/wp\/v2\/pages\/147\/revisions"}],"predecessor-version":[{"id":1074,"href":"https:\/\/blog.edu.turku.fi\/turunseudunetarengas\/wp-json\/wp\/v2\/pages\/147\/revisions\/1074"}],"wp:attachment":[{"href":"https:\/\/blog.edu.turku.fi\/turunseudunetarengas\/wp-json\/wp\/v2\/media?parent=147"}],"curies":[{"name":"wp","href":"https:\/\/api.w.org\/{rel}","templated":true}]}}