{"id":144,"date":"2015-05-23T19:38:26","date_gmt":"2015-05-23T16:38:26","guid":{"rendered":"https:\/\/blog.edu.turku.fi\/turunseudunetarengas\/?page_id=144"},"modified":"2025-08-16T11:43:23","modified_gmt":"2025-08-16T08:43:23","slug":"psykologia-ps","status":"publish","type":"page","link":"https:\/\/blog.edu.turku.fi\/turunseudunetarengas\/psykologia-ps\/","title":{"rendered":"Psykologia PS"},"content":{"rendered":"<h2><\/h2>\n<h2>PS 1 Toimiva ja oppiva ihminen<\/h2>\n<p>pakollinen verkkokurssi<br \/>\nperiodi 2<br \/>\nuusi ops<br \/>\n2 op<\/p>\n<p><a href=\"mailto:jani.mikkola@salo.fi\" target=\"_blank\" rel=\"noopener\">jani.mikkola@salo.fi<\/a><br \/>\n<a href=\"http:\/\/www.tkukoulu.fi\/%7Etsykl\/\">S<\/a><a href=\"http:\/\/www.salonlukio.fi\/\" target=\"_blank\" rel=\"noopener noreferrer\">alon lukio<\/a><\/p>\n<p>&nbsp;<\/p>\n<p><strong>PS 2 Kehittyv\u00e4 ihminen<\/strong><\/p>\n<p>syvent\u00e4v\u00e4 verkkokurssi<br \/>\nperiodi 3<br \/>\nuusi ops<br \/>\n2 op<\/p>\n<p><span style=\"font-size: small\">Opintojaksolla tarkastellaan ihmisen psyykkist\u00e4 kehityst\u00e4 sek\u00e4 kehitykseen vaikuttavia hermoston toiminnan periaatteita. Opintojaksolla perehdyt\u00e4\u00e4n erityisesti lapsuus- ja nuoruusi\u00e4n kehityksen eri osa-alueisiin. Opintojakson tavoitteena on, ett\u00e4 opiskelija ymm\u00e4rt\u00e4\u00e4 yksil\u00f6n kehityksen perustana olevia psyykkisi\u00e4, biologisia ja sosiaalisia tekij\u00f6it\u00e4 ja osaa soveltaa kehityspsykologista tietoa omaan el\u00e4m\u00e4\u00e4ns\u00e4. <br aria-hidden=\"true\" \/><br aria-hidden=\"true\" \/>Opintojaksolla k\u00e4ytet\u00e4\u00e4n Studeon oppimateriaalia \u201cPS2 Kehittyv\u00e4 ihminen (lops 2021)\u201d.<br aria-hidden=\"true\" \/><br aria-hidden=\"true\" \/>Opintojakso suoritetaan kokonaan et\u00e4n\u00e4 ja suorituksen ohjeistus ja oppimateriaalin k\u00e4ytt\u00f6\u00f6n liittyv\u00e4t ohjeet l\u00e4hetet\u00e4\u00e4n ilmoittautumisen p\u00e4\u00e4tytty\u00e4 s\u00e4hk\u00f6postitse.<br aria-hidden=\"true\" \/><br aria-hidden=\"true\" \/>Suoritus perustuu p\u00e4\u00e4s\u00e4\u00e4nt\u00f6isesti itsen\u00e4isten teht\u00e4vien tekemiseen.<\/span><\/p>\n<p><a href=\"mailto:minna.nummenmaa@raisio.fi\" target=\"_blank\" rel=\"noopener\">minna.nummenmaa@raisio.fi<\/a><br \/>\n<a href=\"https:\/\/www.raisionlukio.fi\/\" target=\"_blank\" rel=\"noopener\">Raision lukio<\/a><\/p>\n<p>&nbsp;<\/p>\n<p><strong>PS 3 Tietoa k\u00e4sittelev\u00e4 ihminen<\/strong><\/p>\n<p>syvent\u00e4v\u00e4 verkkokurssi<br \/>\nperiodi 2<br \/>\nuusi ops<br \/>\n2 op<\/p>\n<p><a href=\"mailto:elina.stahlberg@edu.mynamaki.fi\" target=\"_blank\" rel=\"noopener\">elina.stahlberg@edu.mynamaki.fi<\/a><br \/>\n<a href=\"http:\/\/lukio.mynamaki.fi\/\">Myn\u00e4m\u00e4en lukio <\/a><\/p>\n<p><span style=\"color: #ffffff\">.<\/span><\/p>\n","protected":false},"excerpt":{"rendered":"<p>PS 1 Toimiva ja oppiva ihminen pakollinen verkkokurssi periodi 2 uusi ops 2 op jani.mikkola@salo.fi Salon lukio &nbsp; PS 2 Kehittyv\u00e4 ihminen syvent\u00e4v\u00e4 verkkokurssi periodi 3 uusi ops 2 op Opintojaksolla tarkastellaan ihmisen psyykkist\u00e4 kehityst\u00e4 sek\u00e4 kehitykseen vaikuttavia hermoston toiminnan &hellip; <a href=\"https:\/\/blog.edu.turku.fi\/turunseudunetarengas\/psykologia-ps\/\">Lue loppuun <span class=\"meta-nav\">&rarr;<\/span><\/a><\/p>\n","protected":false},"author":1229,"featured_media":0,"parent":0,"menu_order":0,"comment_status":"closed","ping_status":"closed","template":"","meta":{"footnotes":""},"class_list":["post-144","page","type-page","status-publish","hentry"],"_links":{"self":[{"href":"https:\/\/blog.edu.turku.fi\/turunseudunetarengas\/wp-json\/wp\/v2\/pages\/144","targetHints":{"allow":["GET"]}}],"collection":[{"href":"https:\/\/blog.edu.turku.fi\/turunseudunetarengas\/wp-json\/wp\/v2\/pages"}],"about":[{"href":"https:\/\/blog.edu.turku.fi\/turunseudunetarengas\/wp-json\/wp\/v2\/types\/page"}],"author":[{"embeddable":true,"href":"https:\/\/blog.edu.turku.fi\/turunseudunetarengas\/wp-json\/wp\/v2\/users\/1229"}],"replies":[{"embeddable":true,"href":"https:\/\/blog.edu.turku.fi\/turunseudunetarengas\/wp-json\/wp\/v2\/comments?post=144"}],"version-history":[{"count":30,"href":"https:\/\/blog.edu.turku.fi\/turunseudunetarengas\/wp-json\/wp\/v2\/pages\/144\/revisions"}],"predecessor-version":[{"id":1129,"href":"https:\/\/blog.edu.turku.fi\/turunseudunetarengas\/wp-json\/wp\/v2\/pages\/144\/revisions\/1129"}],"wp:attachment":[{"href":"https:\/\/blog.edu.turku.fi\/turunseudunetarengas\/wp-json\/wp\/v2\/media?parent=144"}],"curies":[{"name":"wp","href":"https:\/\/api.w.org\/{rel}","templated":true}]}}