{"id":134,"date":"2015-05-23T19:10:45","date_gmt":"2015-05-23T16:10:45","guid":{"rendered":"https:\/\/blog.edu.turku.fi\/turunseudunetarengas\/?page_id=134"},"modified":"2025-05-06T11:39:18","modified_gmt":"2025-05-06T08:39:18","slug":"matematiikka-maa-ja-mab","status":"publish","type":"page","link":"https:\/\/blog.edu.turku.fi\/turunseudunetarengas\/matematiikka-maa-ja-mab\/","title":{"rendered":"Matematiikka MAA ja MAB"},"content":{"rendered":"<p><strong><br \/>\nMAA 11 Algoritmit ja lukuteoria<br \/>\n<\/strong><\/p>\n<p>syvent\u00e4v\u00e4 verkkokurssi<br \/>\nperiodit 4 ja 5<br \/>\nuusi ops<br \/>\n2 op<\/p>\n<p>Kurssin suoritusaikataulu:<\/p>\n<p>Kurssi alkaa nelj\u00e4nnen jakson puoliv\u00e4list\u00e4 11. viikolla, ja kurssi kest\u00e4\u00e4 viidennen jakson lopulle, jolloin suoritetaan kurssikoe.<\/p>\n<p>Oppikirja:<\/p>\n<p>Kurssilla k\u00e4ytet\u00e4\u00e4n kirjaa MAA11:Moodi \u201cAlgoritmit ja lukuteoria\u201d (sanoma pro).<\/p>\n<p>Kurssin oppisis\u00e4lt\u00f6:<\/p>\n<p>Kurssilla opiskellaan ensin lauselogiikan ja lukuteorian perusteita. T\u00e4m\u00e4n j\u00e4lkeen opetellaan ohjelmointia Python -kielell\u00e4.<\/p>\n<p>Kurssin suoritustapa:<\/p>\n<p>Kurssilla tarjotaan meet -et\u00e4opetustuokiota kaksi kertaa viikossa. N\u00e4ille osallistuminen ei ole pakollista, jos osallistuminen ei ole mahdollista aikataulusyist\u00e4. Oppilas osoittaa etenemisens\u00e4 kurssin oppisis\u00e4ll\u00f6iss\u00e4 suorittamalla h\u00e4nelle annettuja viikkoteht\u00e4vi\u00e4. Kurssin lopuksi oppilas suorittaa kurssikokeen.<\/p>\n<p><a href=\"mailto:jukka.vaajoensuu@edu.nousiainen.fi\">jukka.vaajoensuu@edu.nousiainen.fi<\/a><br \/>\n<a href=\"https:\/\/www.nousiaistenlukio.fi\/\" target=\"_blank\" rel=\"noopener\">Nousiaisten lukio<\/a><\/p>\n<p>&nbsp;<\/p>\n<p><strong>MAA 12 Analyysi ja jatkuva jakauma<br \/>\n<\/strong><\/p>\n<p>koulukohtainen verkkokurssi<br \/>\nperiodit 2 ja 3<br \/>\nuusi ops<br \/>\n2 op<\/p>\n<p>Kurssin suoritusaikataulu:<\/p>\n<p>Kurssi alkaa toisen jakson alussa ja kest\u00e4\u00e4 kolmanteen jaksoon. Opetus saattaa jatkua viel\u00e4 viikon tai pari kolmannen jakson aikana. Kun kurssin asiat on saatu k\u00e4sitelty\u00e4 loppuun suoritetaan kurssikoe.<\/p>\n<p>Oppikirja:<\/p>\n<p>Kurssilla k\u00e4ytet\u00e4\u00e4n kirjaa MAA12: Moodi \u201cAnalyysi ja jatkuva jakauma\u201d (sanoma pro).<\/p>\n<p>Kurssin oppisis\u00e4lt\u00f6:<\/p>\n<p>Kurssilla opetellaan matemaattisen analyysin perusk\u00e4sitteit\u00e4, kuten esim. k\u00e4\u00e4nteisfunktio. Integraalilaskennan taitoja t\u00e4ydennet\u00e4\u00e4n ja opetellaan m\u00e4\u00e4ritt\u00e4m\u00e4\u00e4n normaalijakaumiin liittyvi\u00e4 todenn\u00e4k\u00f6isyyksi\u00e4.<\/p>\n<p>Kurssin suoritustapa:<\/p>\n<p>Kurssilla tarjotaan meet -et\u00e4opetustuokiota kaksi kertaa viikossa. N\u00e4ille osallistuminen ei ole pakollista, jos osallistuminen ei ole mahdollista aikataulusyist\u00e4. Oppilas osoittaa etenemisens\u00e4 kurssin oppisis\u00e4ll\u00f6iss\u00e4 suorittamalla h\u00e4nelle annettuja viikkoteht\u00e4vi\u00e4. Kurssin lopuksi oppilas suorittaa kurssikokeen.<\/p>\n<p><a href=\"mailto:jukka.vaajoensuu@edu.nousiainen.fi\">jukka.vaajoensuu@edu.nousiainen.fi<\/a><br \/>\n<a href=\"https:\/\/www.nousiaistenlukio.fi\/\" target=\"_blank\" rel=\"noopener\">Nousiaisten lukio<\/a><\/p>\n<p>&nbsp;<\/p>\n<p><strong>MAA 14 Matriisilaskenta<\/strong><\/p>\n<p>koulukohtainen verkkokurssi<br \/>\nperiodi 5<br \/>\nuusi ops<br \/>\n2 op<\/p>\n<p>Opintojaksolla tutustutaan matriisilaskennan perusteisiin.<br \/>\nKurssin tavoitteena on, ett\u00e4 opiskelija<\/p>\n<ul>\n<li>oppii matriisin peruslaskutoimitukset<\/li>\n<li>oppii hy\u00f6dynt\u00e4m\u00e4\u00e4n matriiseja moniulotteisiin vektorilaskennan ongelmien ratkaisemiseen<\/li>\n<li>tutustutaan vektoriavaruuteen<\/li>\n<\/ul>\n<p><a href=\"mailto:sirpa.rietz@somero.fi\" target=\"_blank\" rel=\"noopener noreferrer\" data-auth=\"NotApplicable\" data-linkindex=\"0\">sirpa.rietz@somero.fi<\/a><br \/>\n<a href=\"https:\/\/www.someronlukio.fi\/\" target=\"_blank\" rel=\"noopener\">Someron lukio<\/a><\/p>\n<h2><span style=\"color: #ffffff\">.<\/span><\/h2>\n<p>&nbsp;<\/p>\n","protected":false},"excerpt":{"rendered":"<p>MAA 11 Algoritmit ja lukuteoria syvent\u00e4v\u00e4 verkkokurssi periodit 4 ja 5 uusi ops 2 op Kurssin suoritusaikataulu: Kurssi alkaa nelj\u00e4nnen jakson puoliv\u00e4list\u00e4 11. viikolla, ja kurssi kest\u00e4\u00e4 viidennen jakson lopulle, jolloin suoritetaan kurssikoe. Oppikirja: Kurssilla k\u00e4ytet\u00e4\u00e4n kirjaa MAA11:Moodi \u201cAlgoritmit ja &hellip; <a href=\"https:\/\/blog.edu.turku.fi\/turunseudunetarengas\/matematiikka-maa-ja-mab\/\">Lue loppuun <span class=\"meta-nav\">&rarr;<\/span><\/a><\/p>\n","protected":false},"author":1229,"featured_media":0,"parent":0,"menu_order":0,"comment_status":"closed","ping_status":"closed","template":"","meta":{"footnotes":""},"class_list":["post-134","page","type-page","status-publish","hentry"],"_links":{"self":[{"href":"https:\/\/blog.edu.turku.fi\/turunseudunetarengas\/wp-json\/wp\/v2\/pages\/134","targetHints":{"allow":["GET"]}}],"collection":[{"href":"https:\/\/blog.edu.turku.fi\/turunseudunetarengas\/wp-json\/wp\/v2\/pages"}],"about":[{"href":"https:\/\/blog.edu.turku.fi\/turunseudunetarengas\/wp-json\/wp\/v2\/types\/page"}],"author":[{"embeddable":true,"href":"https:\/\/blog.edu.turku.fi\/turunseudunetarengas\/wp-json\/wp\/v2\/users\/1229"}],"replies":[{"embeddable":true,"href":"https:\/\/blog.edu.turku.fi\/turunseudunetarengas\/wp-json\/wp\/v2\/comments?post=134"}],"version-history":[{"count":36,"href":"https:\/\/blog.edu.turku.fi\/turunseudunetarengas\/wp-json\/wp\/v2\/pages\/134\/revisions"}],"predecessor-version":[{"id":1069,"href":"https:\/\/blog.edu.turku.fi\/turunseudunetarengas\/wp-json\/wp\/v2\/pages\/134\/revisions\/1069"}],"wp:attachment":[{"href":"https:\/\/blog.edu.turku.fi\/turunseudunetarengas\/wp-json\/wp\/v2\/media?parent=134"}],"curies":[{"name":"wp","href":"https:\/\/api.w.org\/{rel}","templated":true}]}}