{"id":111,"date":"2015-05-23T17:55:07","date_gmt":"2015-05-23T14:55:07","guid":{"rendered":"https:\/\/blog.edu.turku.fi\/turunseudunetarengas\/?page_id=111"},"modified":"2025-05-19T16:12:18","modified_gmt":"2025-05-19T13:12:18","slug":"filosofia-fi","status":"publish","type":"page","link":"https:\/\/blog.edu.turku.fi\/turunseudunetarengas\/filosofia-fi\/","title":{"rendered":"Filosofia FI"},"content":{"rendered":"<p><span data-olk-copy-source=\"MessageBody\"><strong>FI 4 Totuus\u00a0<\/strong> <\/span><\/p>\n<p>syvent\u00e4v\u00e4 verkkokurssi<br \/>\n<span data-olk-copy-source=\"MessageBody\">periodi 2 <\/span><br \/>\n<span data-olk-copy-source=\"MessageBody\">LOPS2021 \/ LOPS2016<br \/>\n2 op<\/span><\/p>\n<p><span data-olk-copy-source=\"MessageBody\">Opintojaksolla syvennyt\u00e4\u00e4n filosofisiin teorioihin tiedosta, totuudesta, kielest\u00e4, todellisuuden luonteesta ja tieteest\u00e4, opitaan arvioimaan tieteellisen tutkimuksen, p\u00e4\u00e4ttelyn ja selitt\u00e4misen luonnetta sek\u00e4 muodostetaan kokonaiskuva olio-, olemis- ja tiet\u00e4miskysymysten filosofianhistoriallisesta kehityksest\u00e4. Opintojaksolla ty\u00f6skennell\u00e4\u00e4n viikkokohtaisten kirjallisten metafysiikan, tietoteorian ja tieteenfilosofian teht\u00e4vien parissa. N\u00e4iden pohjalta kirjoitetaan kokoava loppuessee.<\/span><\/p>\n<p><span data-olk-copy-source=\"MessageBody\">Opiskeluymp\u00e4rist\u00f6n\u00e4 on googlen classroom, jota varten opiskelijalla tulee olla google-tunnus<\/span>.<\/p>\n<p><span data-olk-copy-source=\"MessageBody\">2. periodi 1.10 &#8211; 27.11.2025<\/span><\/p>\n<p><span data-olk-copy-source=\"MessageBody\">ilmoittautuminen\u00a0<\/span>24.9.2025 menness\u00e4<\/p>\n<p><span data-olk-copy-source=\"MessageBody\">Perttu Ollila<br \/>\n<a title=\"mailto:perttu.ollila@turunsteinerkoulu.fi\" href=\"mailto:perttu.ollila@turunsteinerkoulu.fi\" target=\"_blank\" rel=\"noopener\" data-linkindex=\"0\">perttu.ollila@turunsteinerkoulu.fi<\/a><\/span><\/p>\n<p><a href=\"https:\/\/turunsteinerkoulu.fi\/\" target=\"_blank\" rel=\"noopener\">Turun Steiner-koulu<\/a><\/p>\n<p>&nbsp;<\/p>\n","protected":false},"excerpt":{"rendered":"<p>FI 4 Totuus\u00a0 syvent\u00e4v\u00e4 verkkokurssi periodi 2 LOPS2021 \/ LOPS2016 2 op Opintojaksolla syvennyt\u00e4\u00e4n filosofisiin teorioihin tiedosta, totuudesta, kielest\u00e4, todellisuuden luonteesta ja tieteest\u00e4, opitaan arvioimaan tieteellisen tutkimuksen, p\u00e4\u00e4ttelyn ja selitt\u00e4misen luonnetta sek\u00e4 muodostetaan kokonaiskuva olio-, olemis- ja tiet\u00e4miskysymysten filosofianhistoriallisesta kehityksest\u00e4. &hellip; <a href=\"https:\/\/blog.edu.turku.fi\/turunseudunetarengas\/filosofia-fi\/\">Lue loppuun <span class=\"meta-nav\">&rarr;<\/span><\/a><\/p>\n","protected":false},"author":1229,"featured_media":0,"parent":0,"menu_order":0,"comment_status":"closed","ping_status":"closed","template":"","meta":{"footnotes":""},"class_list":["post-111","page","type-page","status-publish","hentry"],"_links":{"self":[{"href":"https:\/\/blog.edu.turku.fi\/turunseudunetarengas\/wp-json\/wp\/v2\/pages\/111","targetHints":{"allow":["GET"]}}],"collection":[{"href":"https:\/\/blog.edu.turku.fi\/turunseudunetarengas\/wp-json\/wp\/v2\/pages"}],"about":[{"href":"https:\/\/blog.edu.turku.fi\/turunseudunetarengas\/wp-json\/wp\/v2\/types\/page"}],"author":[{"embeddable":true,"href":"https:\/\/blog.edu.turku.fi\/turunseudunetarengas\/wp-json\/wp\/v2\/users\/1229"}],"replies":[{"embeddable":true,"href":"https:\/\/blog.edu.turku.fi\/turunseudunetarengas\/wp-json\/wp\/v2\/comments?post=111"}],"version-history":[{"count":21,"href":"https:\/\/blog.edu.turku.fi\/turunseudunetarengas\/wp-json\/wp\/v2\/pages\/111\/revisions"}],"predecessor-version":[{"id":1087,"href":"https:\/\/blog.edu.turku.fi\/turunseudunetarengas\/wp-json\/wp\/v2\/pages\/111\/revisions\/1087"}],"wp:attachment":[{"href":"https:\/\/blog.edu.turku.fi\/turunseudunetarengas\/wp-json\/wp\/v2\/media?parent=111"}],"curies":[{"name":"wp","href":"https:\/\/api.w.org\/{rel}","templated":true}]}}