{"id":104,"date":"2015-05-23T17:32:49","date_gmt":"2015-05-23T14:32:49","guid":{"rendered":"https:\/\/blog.edu.turku.fi\/turunseudunetarengas\/?page_id=104"},"modified":"2024-05-28T10:30:08","modified_gmt":"2024-05-28T07:30:08","slug":"elamankatsomustieto-et","status":"publish","type":"page","link":"https:\/\/blog.edu.turku.fi\/turunseudunetarengas\/elamankatsomustieto-et\/","title":{"rendered":"El\u00e4m\u00e4nkatsomustieto ET"},"content":{"rendered":"<p>&nbsp;<\/p>\n<p><strong>ET 1 Min\u00e4 ja hyv\u00e4 el\u00e4m\u00e4<\/strong><\/p>\n<p>pakollinen verkkokurssi<br \/>\nperiodi 3<br \/>\nuusi ops<br \/>\n2 op<\/p>\n<p><a href=\"mailto:maria.helin@salo.fi\" target=\"_blank\" rel=\"noopener\">maria.helin@salo.fi<\/a><br \/>\n<a href=\"https:\/\/peda.net\/salo\/koulut\/halikon-lukio\" target=\"_blank\" rel=\"noopener\">Halikon lukio<\/a><\/p>\n<h2><strong>ET 2 Min\u00e4 ja yhteiskunta <\/strong><\/h2>\n<p>pakollinen verkkokurssi<br \/>\nperiodi 4<br \/>\nuusi ops<br \/>\n2 op<\/p>\n<p><a href=\"mailto:maria.helin@salo.fi\" target=\"_blank\" rel=\"noopener\">maria.helin@salo.fi<\/a><br \/>\n<a href=\"https:\/\/peda.net\/salo\/koulut\/halikon-lukio\" target=\"_blank\" rel=\"noopener\">Halikon lukio<\/a><\/p>\n<h2>ET 3 Kulttuurit<\/h2>\n<p>syvent\u00e4v\u00e4 verkkokurssi<br \/>\nperiodi 4<br \/>\nuusi ops<br \/>\n2 op<\/p>\n<p><a href=\"mailto:ilmari.raevuori@kaarina.fi\" target=\"_blank\" rel=\"noopener\">ilmari.raevuori@kaarina.fi<\/a><br \/>\n<a href=\"https:\/\/kaarinanlukio.fi\/\" target=\"_blank\" rel=\"noopener\">Kaarinan lukio<\/a><\/p>\n<h2>ET 4 Katsomukset<\/h2>\n<p>syvent\u00e4v\u00e4 verkkokurssi<br \/>\nperiodi 5<br \/>\nuusi ops<br \/>\n2 op<\/p>\n<p><a href=\"mailto:ilmari.raevuori@kaarina.fi\" target=\"_blank\" rel=\"noopener\">ilmari.raevuori@kaarina.fi<\/a><br \/>\n<a href=\"https:\/\/kaarinanlukio.fi\/\" target=\"_blank\" rel=\"noopener\">Kaarinan lukio<\/a><\/p>\n<h2><\/h2>\n<p>&nbsp;<\/p>\n","protected":false},"excerpt":{"rendered":"<p>&nbsp; ET 1 Min\u00e4 ja hyv\u00e4 el\u00e4m\u00e4 pakollinen verkkokurssi periodi 3 uusi ops 2 op maria.helin@salo.fi Halikon lukio ET 2 Min\u00e4 ja yhteiskunta pakollinen verkkokurssi periodi 4 uusi ops 2 op maria.helin@salo.fi Halikon lukio ET 3 Kulttuurit syvent\u00e4v\u00e4 verkkokurssi periodi &hellip; <a href=\"https:\/\/blog.edu.turku.fi\/turunseudunetarengas\/elamankatsomustieto-et\/\">Lue loppuun <span class=\"meta-nav\">&rarr;<\/span><\/a><\/p>\n","protected":false},"author":5,"featured_media":0,"parent":0,"menu_order":0,"comment_status":"closed","ping_status":"closed","template":"","meta":{"footnotes":""},"class_list":["post-104","page","type-page","status-publish","hentry"],"_links":{"self":[{"href":"https:\/\/blog.edu.turku.fi\/turunseudunetarengas\/wp-json\/wp\/v2\/pages\/104","targetHints":{"allow":["GET"]}}],"collection":[{"href":"https:\/\/blog.edu.turku.fi\/turunseudunetarengas\/wp-json\/wp\/v2\/pages"}],"about":[{"href":"https:\/\/blog.edu.turku.fi\/turunseudunetarengas\/wp-json\/wp\/v2\/types\/page"}],"author":[{"embeddable":true,"href":"https:\/\/blog.edu.turku.fi\/turunseudunetarengas\/wp-json\/wp\/v2\/users\/5"}],"replies":[{"embeddable":true,"href":"https:\/\/blog.edu.turku.fi\/turunseudunetarengas\/wp-json\/wp\/v2\/comments?post=104"}],"version-history":[{"count":20,"href":"https:\/\/blog.edu.turku.fi\/turunseudunetarengas\/wp-json\/wp\/v2\/pages\/104\/revisions"}],"predecessor-version":[{"id":910,"href":"https:\/\/blog.edu.turku.fi\/turunseudunetarengas\/wp-json\/wp\/v2\/pages\/104\/revisions\/910"}],"wp:attachment":[{"href":"https:\/\/blog.edu.turku.fi\/turunseudunetarengas\/wp-json\/wp\/v2\/media?parent=104"}],"curies":[{"name":"wp","href":"https:\/\/api.w.org\/{rel}","templated":true}]}}