{"id":101,"date":"2015-05-23T17:26:30","date_gmt":"2015-05-23T14:26:30","guid":{"rendered":"https:\/\/blog.edu.turku.fi\/turunseudunetarengas\/?page_id=101"},"modified":"2025-05-06T11:27:02","modified_gmt":"2025-05-06T08:27:02","slug":"englanti-ea","status":"publish","type":"page","link":"https:\/\/blog.edu.turku.fi\/turunseudunetarengas\/englanti-ea\/","title":{"rendered":"Englanti ENA1"},"content":{"rendered":"<p>&nbsp;<\/p>\n<p style=\"text-align: left\"><strong>ENA1 10 Business English<\/strong><\/p>\n<p>koulukohtainen verkkokurssi<br \/>\nperiodi 5<br \/>\nuusi ops<br \/>\n2 op<\/p>\n<p>Opintojaksolla opiskellaan ty\u00f6el\u00e4m\u00e4\u00e4n, yritt\u00e4jyyteen ja talousel\u00e4m\u00e4\u00e4n liittyv\u00e4\u00e4 kaupallista englantia ajankohtaisten artikkelien ja muun materiaalin avulla. Opintojakso toteutetaan verkko-opetuksena moodle-oppimisalustaa k\u00e4ytt\u00e4en. Suoritus edellytt\u00e4\u00e4 annettujen teht\u00e4vien tekemist\u00e4. Lis\u00e4tiedot: elise.salonen@utu.fi. Tervetuloa mukaan!<\/p>\n<p><a href=\"mailto:jannika.sarimo@utu.fi\" target=\"_blank\" rel=\"noopener\">jannika.sarimo@utu.fi<\/a><br \/>\n<a href=\"http:\/\/www.utu.fi\/fi\/yksikot\/tnk\/lukio\/Sivut\/home.aspx\">Turun normaalikoulun lukio<\/a><\/p>\n<p><strong><span style=\"color: #ffffff\">.<\/span><\/strong><\/p>\n<p><strong>ENA1 11 Englannin teksti- ja kirjoituskurssi<\/strong><\/p>\n<p>koulukohtainen verkkokurssi<br \/>\nperiodi 2<br \/>\nuusi ops<br \/>\n2 op<\/p>\n<p><a href=\"mailto:mira.ruponen-kuutti@parainen.fi\" target=\"_blank\" rel=\"noopener noreferrer\">mira.ruponen-kuutti@parainen.fi<\/a><br \/>\n<a href=\"https:\/\/paraistenlukio.edu.pargas.fi\/\" target=\"_blank\" rel=\"noopener noreferrer\">Paraisten lukio<\/a><br \/>\n<span style=\"color: #ffffff\">.\u00a0 <\/span><\/p>\n<h2><span style=\"color: #ffffff\">.<\/span><\/h2>\n<p><strong>ENA1 12 Englannin lukiostartti<\/strong><\/p>\n<p>syvent\u00e4v\u00e4 verkkokurssi<br \/>\nperiodi 2<br \/>\nuusi ops<br \/>\n2 op<\/p>\n<p>Kuvaus: Opintojakson tavoitteena on vahvistaa ja syvent\u00e4\u00e4 peruskoulussa opittua kielitaitoa niin, ett\u00e4 opiskelijan on helpompi selviyty\u00e4 seuraavista opintojaksoista. Sopii my\u00f6s opintojaksoksi jo alkaneelle englannin pakollisille opintojaksoille 1-2.<br \/>\nOpintojakson aikana harjoitetaan kaikkia kielitaidon osa-alueita ja p\u00e4\u00e4paino on<br \/>\nperusrakenteiden ja sanaston vahvistamisessa. Opiskelijaa ohjataan l\u00f6yt\u00e4m\u00e4\u00e4n ja k\u00e4ytt\u00e4m\u00e4\u00e4n monipuolisia, itselle sopivia opiskelutaitoja sek\u00e4 kehitt\u00e4m\u00e4\u00e4n omaa osaamistaan ja itsetuntemustaan kielen oppijana.<\/p>\n<p>Materiaali: Hero (Otava, 6 kk digilisenssi, uusin painos)<\/p>\n<p>Arviointi: Suoritusmerkint\u00e4. Verkko-opetus, mutta my\u00f6s online-oppitunteja opettajan kanssa.<\/p>\n<p><a href=\"mailto:leena.suominen@edu.mynamaki.fi\" target=\"_blank\" rel=\"noopener\">leena.suominen@edu.mynamaki.fi<\/a><br \/>\n<a href=\"https:\/\/lukio.mynamaki.fi\/\" target=\"_blank\" rel=\"noopener\">Myn\u00e4m\u00e4en lukio<\/a><\/p>\n<p>&nbsp;<\/p>\n<h2>ENA1 ABI Kertauskurssi<\/h2>\n<p>koulukohtainen verkkokurssi<br \/>\nperiodi 1<br \/>\nuusi ops<br \/>\n2 op<\/p>\n<p><a href=\"mailto:juhani.lundman@paimio.fi\">juhani.lundman@paimio.fi<\/a><br \/>\n<a href=\"http:\/\/www.paimio.fi\/lukio\/\">Paimion lukio<\/a><\/p>\n<p>&nbsp;<\/p>\n<p>&nbsp;<\/p>\n","protected":false},"excerpt":{"rendered":"<p>&nbsp; ENA1 10 Business English koulukohtainen verkkokurssi periodi 5 uusi ops 2 op Opintojaksolla opiskellaan ty\u00f6el\u00e4m\u00e4\u00e4n, yritt\u00e4jyyteen ja talousel\u00e4m\u00e4\u00e4n liittyv\u00e4\u00e4 kaupallista englantia ajankohtaisten artikkelien ja muun materiaalin avulla. Opintojakso toteutetaan verkko-opetuksena moodle-oppimisalustaa k\u00e4ytt\u00e4en. Suoritus edellytt\u00e4\u00e4 annettujen teht\u00e4vien tekemist\u00e4. Lis\u00e4tiedot: elise.salonen@utu.fi. &hellip; <a href=\"https:\/\/blog.edu.turku.fi\/turunseudunetarengas\/englanti-ea\/\">Lue loppuun <span class=\"meta-nav\">&rarr;<\/span><\/a><\/p>\n","protected":false},"author":1229,"featured_media":0,"parent":0,"menu_order":0,"comment_status":"closed","ping_status":"closed","template":"","meta":{"footnotes":""},"class_list":["post-101","page","type-page","status-publish","hentry"],"_links":{"self":[{"href":"https:\/\/blog.edu.turku.fi\/turunseudunetarengas\/wp-json\/wp\/v2\/pages\/101","targetHints":{"allow":["GET"]}}],"collection":[{"href":"https:\/\/blog.edu.turku.fi\/turunseudunetarengas\/wp-json\/wp\/v2\/pages"}],"about":[{"href":"https:\/\/blog.edu.turku.fi\/turunseudunetarengas\/wp-json\/wp\/v2\/types\/page"}],"author":[{"embeddable":true,"href":"https:\/\/blog.edu.turku.fi\/turunseudunetarengas\/wp-json\/wp\/v2\/users\/1229"}],"replies":[{"embeddable":true,"href":"https:\/\/blog.edu.turku.fi\/turunseudunetarengas\/wp-json\/wp\/v2\/comments?post=101"}],"version-history":[{"count":42,"href":"https:\/\/blog.edu.turku.fi\/turunseudunetarengas\/wp-json\/wp\/v2\/pages\/101\/revisions"}],"predecessor-version":[{"id":1079,"href":"https:\/\/blog.edu.turku.fi\/turunseudunetarengas\/wp-json\/wp\/v2\/pages\/101\/revisions\/1079"}],"wp:attachment":[{"href":"https:\/\/blog.edu.turku.fi\/turunseudunetarengas\/wp-json\/wp\/v2\/media?parent=101"}],"curies":[{"name":"wp","href":"https:\/\/api.w.org\/{rel}","templated":true}]}}