{"id":84,"date":"2013-03-07T11:30:52","date_gmt":"2013-03-07T09:30:52","guid":{"rendered":"https:\/\/blog.edu.turku.fi\/turunklassillinenlukio\/?page_id=84"},"modified":"2018-10-17T10:20:02","modified_gmt":"2018-10-17T07:20:02","slug":"sijainti","status":"publish","type":"page","link":"https:\/\/blog.edu.turku.fi\/turunklassillinenlukio\/yhteystiedot\/sijainti\/","title":{"rendered":"Sijainti"},"content":{"rendered":"<p>Turun klassillinen lukio sijaitsee Turun ydinkeskustassa Linnankadun varrella.<\/p>\n<p><a href=\"http:\/\/opaskartta.turku.fi\/Web\/Default.aspx?layers=Opaskartta&amp;cp=6704208,23459350&amp;z=2&amp;title=Eskelinkatu%204%2C%20Turku&amp;language=fin\">T\u00e4\u00e4lt\u00e4 l\u00f6yd\u00e4t lukiomme paikan kartalla<\/a><\/p>\n","protected":false},"excerpt":{"rendered":"<p>Turun klassillinen lukio sijaitsee Turun ydinkeskustassa Linnankadun varrella. T\u00e4\u00e4lt\u00e4 l\u00f6yd\u00e4t lukiomme paikan kartalla<\/p>\n","protected":false},"author":98,"featured_media":0,"parent":8,"menu_order":2,"comment_status":"closed","ping_status":"closed","template":"","meta":{"footnotes":""},"class_list":["post-84","page","type-page","status-publish","hentry"],"_links":{"self":[{"href":"https:\/\/blog.edu.turku.fi\/turunklassillinenlukio\/wp-json\/wp\/v2\/pages\/84","targetHints":{"allow":["GET"]}}],"collection":[{"href":"https:\/\/blog.edu.turku.fi\/turunklassillinenlukio\/wp-json\/wp\/v2\/pages"}],"about":[{"href":"https:\/\/blog.edu.turku.fi\/turunklassillinenlukio\/wp-json\/wp\/v2\/types\/page"}],"author":[{"embeddable":true,"href":"https:\/\/blog.edu.turku.fi\/turunklassillinenlukio\/wp-json\/wp\/v2\/users\/98"}],"replies":[{"embeddable":true,"href":"https:\/\/blog.edu.turku.fi\/turunklassillinenlukio\/wp-json\/wp\/v2\/comments?post=84"}],"version-history":[{"count":7,"href":"https:\/\/blog.edu.turku.fi\/turunklassillinenlukio\/wp-json\/wp\/v2\/pages\/84\/revisions"}],"predecessor-version":[{"id":4210,"href":"https:\/\/blog.edu.turku.fi\/turunklassillinenlukio\/wp-json\/wp\/v2\/pages\/84\/revisions\/4210"}],"up":[{"embeddable":true,"href":"https:\/\/blog.edu.turku.fi\/turunklassillinenlukio\/wp-json\/wp\/v2\/pages\/8"}],"wp:attachment":[{"href":"https:\/\/blog.edu.turku.fi\/turunklassillinenlukio\/wp-json\/wp\/v2\/media?parent=84"}],"curies":[{"name":"wp","href":"https:\/\/api.w.org\/{rel}","templated":true}]}}