{"id":818,"date":"2013-12-12T19:10:41","date_gmt":"2013-12-12T17:10:41","guid":{"rendered":"https:\/\/blog.edu.turku.fi\/turunklassillinenlukio\/?page_id=818"},"modified":"2019-04-02T14:36:48","modified_gmt":"2019-04-02T11:36:48","slug":"opinto-ohjauksen-sivusto","status":"publish","type":"page","link":"https:\/\/blog.edu.turku.fi\/turunklassillinenlukio\/opinto-ohjaus\/opinto-ohjauksen-sivusto\/","title":{"rendered":"Opinto-ohjaus lukiossa"},"content":{"rendered":"<p>Lukiossamme on kolme opinto-ohjaajaa, Anna Hongisto, Marianne Laulumaa ja Nina \u00d6stdahl, jotka pit\u00e4v\u00e4t oppitunteja ja henkil\u00f6kohtaisia ohjaustuokioita. My\u00f6s pienryhm\u00e4ohjaus ja tutustumisk\u00e4ynnit kuuluvat opinto-ohjaukseen.<\/p>\n<p>Opinto-ohjauksessa on kaksi kaikille pakollista kurssia.<\/p>\n<p><strong>OP01 Min\u00e4 opiskelijana <\/strong>-kurssi pidet\u00e4\u00e4n suurimmaksi osaksi ensimm\u00e4isen vuoden syksyll\u00e4 hajautetusti kahdessa ensimm\u00e4isess\u00e4 jaksossa. Lis\u00e4ksi kev\u00e4\u00e4ll\u00e4 ohjataan kurssivalintojen tekemisess\u00e4 ja ylioppilaskirjoitusten alustavassa suunnittelussa.<\/p>\n<p><strong>OP02 Jatko-opinnot ja ty\u00f6el\u00e4m\u00e4 <\/strong>-kurssi jakautuu kahdelle lukiovuodelle. Oppitunnit sijoittuvat p\u00e4\u00e4s\u00e4\u00e4nt\u00f6isesti toisen vuoden kev\u00e4\u00e4lle. Kurssi jatkuu abivuoden syystalvella, jolloin painopiste on tulevissa uravalinnoissa.<\/p>\n<p><strong>Opinto-ohjaajien yhteystiedot:<\/strong><\/p>\n<ul>\n<li>Anna Hongisto, p. 040 635 8231, anna.hongisto@turku.fi<\/li>\n<li>Marianne Laulumaa, p. 044 907 2345, marianne.laulumaa@turku.fi<\/li>\n<li>Nina \u00d6stdahl, p. 044 907 4405, nina.ostdahl@turku.fi<\/li>\n<\/ul>\n","protected":false},"excerpt":{"rendered":"<p>Lukiossamme on kolme opinto-ohjaajaa, Anna Hongisto, Marianne Laulumaa ja Nina \u00d6stdahl, jotka pit\u00e4v\u00e4t oppitunteja ja henkil\u00f6kohtaisia ohjaustuokioita. My\u00f6s pienryhm\u00e4ohjaus ja tutustumisk\u00e4ynnit kuuluvat opinto-ohjaukseen. Opinto-ohjauksessa on kaksi kaikille pakollista kurssia. OP01 Min\u00e4 opiskelijana -kurssi pidet\u00e4\u00e4n suurimmaksi osaksi ensimm\u00e4isen vuoden syksyll\u00e4 hajautetusti &hellip; <a href=\"https:\/\/blog.edu.turku.fi\/turunklassillinenlukio\/opinto-ohjaus\/opinto-ohjauksen-sivusto\/\">Lue loppuun <span class=\"meta-nav\">&rarr;<\/span><\/a><\/p>\n","protected":false},"author":723,"featured_media":0,"parent":52,"menu_order":0,"comment_status":"closed","ping_status":"closed","template":"","meta":{"footnotes":""},"class_list":["post-818","page","type-page","status-publish","hentry"],"_links":{"self":[{"href":"https:\/\/blog.edu.turku.fi\/turunklassillinenlukio\/wp-json\/wp\/v2\/pages\/818","targetHints":{"allow":["GET"]}}],"collection":[{"href":"https:\/\/blog.edu.turku.fi\/turunklassillinenlukio\/wp-json\/wp\/v2\/pages"}],"about":[{"href":"https:\/\/blog.edu.turku.fi\/turunklassillinenlukio\/wp-json\/wp\/v2\/types\/page"}],"author":[{"embeddable":true,"href":"https:\/\/blog.edu.turku.fi\/turunklassillinenlukio\/wp-json\/wp\/v2\/users\/723"}],"replies":[{"embeddable":true,"href":"https:\/\/blog.edu.turku.fi\/turunklassillinenlukio\/wp-json\/wp\/v2\/comments?post=818"}],"version-history":[{"count":14,"href":"https:\/\/blog.edu.turku.fi\/turunklassillinenlukio\/wp-json\/wp\/v2\/pages\/818\/revisions"}],"predecessor-version":[{"id":4504,"href":"https:\/\/blog.edu.turku.fi\/turunklassillinenlukio\/wp-json\/wp\/v2\/pages\/818\/revisions\/4504"}],"up":[{"embeddable":true,"href":"https:\/\/blog.edu.turku.fi\/turunklassillinenlukio\/wp-json\/wp\/v2\/pages\/52"}],"wp:attachment":[{"href":"https:\/\/blog.edu.turku.fi\/turunklassillinenlukio\/wp-json\/wp\/v2\/media?parent=818"}],"curies":[{"name":"wp","href":"https:\/\/api.w.org\/{rel}","templated":true}]}}