{"id":577,"date":"2013-11-29T18:58:58","date_gmt":"2013-11-29T16:58:58","guid":{"rendered":"https:\/\/blog.edu.turku.fi\/turunklassillinenlukio\/?page_id=577"},"modified":"2018-11-20T12:52:00","modified_gmt":"2018-11-20T10:52:00","slug":"lukiodiplomikatselmuskuvat2013","status":"publish","type":"page","link":"https:\/\/blog.edu.turku.fi\/turunklassillinenlukio\/tapahtumat\/tapahtumia-menneilta-vuosilta\/lukiodiplomikatselmuskuvat2013\/","title":{"rendered":"Lukiodiplomikatselmus 29.-30.11.2013"},"content":{"rendered":"<p><strong>Teatteritaiteen lukiodiplomikatselmus 29.-30.11.2013<\/strong><\/p>\n<p>Kuvia perjantain 29.11.2013 kahdesta esityksest\u00e4<\/p>\n<div id='gallery-1' class='gallery galleryid-577 gallery-columns-3 gallery-size-thumbnail'><dl class='gallery-item'>\n\t\t\t<dt class='gallery-icon landscape'>\n\t\t\t\t<a href='https:\/\/blog.edu.turku.fi\/turunklassillinenlukio\/tapahtumat\/tapahtumia-menneilta-vuosilta\/lukiodiplomikatselmuskuvat2013\/lukiodiplomikatselmus2013-056\/'><img loading=\"lazy\" decoding=\"async\" width=\"150\" height=\"150\" src=\"https:\/\/blog.edu.turku.fi\/turunklassillinenlukio\/files\/2013\/11\/lukiodiplomikatselmus2013-056-150x150.jpg\" class=\"attachment-thumbnail size-thumbnail\" alt=\"Gl\u00f6gitarjoilua Teatteritaiteen lukiodiplomip\u00e4iv\u00e4ss\u00e4\" aria-describedby=\"gallery-1-621\" \/><\/a>\n\t\t\t<\/dt>\n\t\t\t\t<dd class='wp-caption-text gallery-caption' id='gallery-1-621'>\n\t\t\t\tTarjolla oli gl\u00f6gi\u00e4 ja makeaa\n\t\t\t\t<\/dd><\/dl><dl class='gallery-item'>\n\t\t\t<dt class='gallery-icon landscape'>\n\t\t\t\t<a href='https:\/\/blog.edu.turku.fi\/turunklassillinenlukio\/tapahtumat\/tapahtumia-menneilta-vuosilta\/lukiodiplomikatselmuskuvat2013\/lukiodiplomikatselmus2013-055\/'><img loading=\"lazy\" decoding=\"async\" width=\"150\" height=\"150\" src=\"https:\/\/blog.edu.turku.fi\/turunklassillinenlukio\/files\/2013\/11\/lukiodiplomikatselmus2013-055-150x150.jpg\" class=\"attachment-thumbnail size-thumbnail\" alt=\"Makeaa tarjolla Teatteritaiteen lukiodiplomip\u00e4iv\u00e4ss\u00e4\" aria-describedby=\"gallery-1-620\" \/><\/a>\n\t\t\t<\/dt>\n\t\t\t\t<dd class='wp-caption-text gallery-caption' id='gallery-1-620'>\n\t\t\t\tJuhana Herttuat odottavat ostajaansa.\n\t\t\t\t<\/dd><\/dl><dl class='gallery-item'>\n\t\t\t<dt class='gallery-icon portrait'>\n\t\t\t\t<a href='https:\/\/blog.edu.turku.fi\/turunklassillinenlukio\/tapahtumat\/tapahtumia-menneilta-vuosilta\/lukiodiplomikatselmuskuvat2013\/lukiodiplomikatselmus2013-059\/'><img loading=\"lazy\" decoding=\"async\" width=\"150\" height=\"150\" src=\"https:\/\/blog.edu.turku.fi\/turunklassillinenlukio\/files\/2013\/11\/lukiodiplomikatselmus2013-059-150x150.jpg\" class=\"attachment-thumbnail size-thumbnail\" alt=\"Lukiodiplomien avauspuheenvuoro\" \/><\/a>\n\t\t\t<\/dt><\/dl><br style=\"clear: both\" \/><dl class='gallery-item'>\n\t\t\t<dt class='gallery-icon landscape'>\n\t\t\t\t<a href='https:\/\/blog.edu.turku.fi\/turunklassillinenlukio\/tapahtumat\/tapahtumia-menneilta-vuosilta\/lukiodiplomikatselmuskuvat2013\/lukiodiplomikatselmus2013-074\/'><img loading=\"lazy\" decoding=\"async\" width=\"150\" height=\"150\" src=\"https:\/\/blog.edu.turku.fi\/turunklassillinenlukio\/files\/2013\/11\/lukiodiplomikatselmus2013-074-150x150.jpg\" class=\"attachment-thumbnail size-thumbnail\" alt=\"Kuva &quot;Heijastus&quot;-nimisest\u00e4 esityksest\u00e4\" aria-describedby=\"gallery-1-619\" \/><\/a>\n\t\t\t<\/dt>\n\t\t\t\t<dd class='wp-caption-text gallery-caption' id='gallery-1-619'>\n\t\t\t\tHeijastus. Teksti on kuvausta nuorten el\u00e4m\u00e4st\u00e4, ajatuksista ja heid\u00e4n l\u00e4pik\u00e4ymist\u00e4\u00e4n tunteista niin arjen kuin ihmissuhteiden py\u00f6rteiss\u00e4. Se k\u00e4sittelee sy\u00f6mish\u00e4iri\u00f6t\u00e4, nuoren minuutta ja sopeutumista. Ehk\u00e4 sin\u00e4kin voit samaistua henkil\u00f6hahmojen sielunmaailman tai murteellisiin puhetapoihin. Diplomi: Katja Tihleman (k\u00e4sikirjoitus).\n\t\t\t\t<\/dd><\/dl>\n\t\t\t<br style='clear: both' \/>\n\t\t<\/div>\n\n<p><strong>Kuvia lauantain 30.11.2013 kahdesta esityksest\u00e4\u00a0<\/strong><\/p>\n<ul>\n<li>Katso kolme lyhytt\u00e4 videop\u00e4tk\u00e4\u00e4 <strong><a href=\"http:\/\/www.edukanava.fi\/kanavat\/klassillinen\/26e6c27aaf484005b665\/\" target=\"_blank\" rel=\"noopener\">koulumme Edukanavalta<\/a>.<\/strong><\/li>\n<\/ul>\n\n","protected":false},"excerpt":{"rendered":"<p>Teatteritaiteen lukiodiplomikatselmus 29.-30.11.2013 Kuvia perjantain 29.11.2013 kahdesta esityksest\u00e4 Kuvia lauantain 30.11.2013 kahdesta esityksest\u00e4\u00a0 Katso kolme lyhytt\u00e4 videop\u00e4tk\u00e4\u00e4 koulumme Edukanavalta.<\/p>\n","protected":false},"author":416,"featured_media":0,"parent":2448,"menu_order":11,"comment_status":"closed","ping_status":"closed","template":"","meta":{"footnotes":""},"class_list":["post-577","page","type-page","status-publish","hentry"],"_links":{"self":[{"href":"https:\/\/blog.edu.turku.fi\/turunklassillinenlukio\/wp-json\/wp\/v2\/pages\/577","targetHints":{"allow":["GET"]}}],"collection":[{"href":"https:\/\/blog.edu.turku.fi\/turunklassillinenlukio\/wp-json\/wp\/v2\/pages"}],"about":[{"href":"https:\/\/blog.edu.turku.fi\/turunklassillinenlukio\/wp-json\/wp\/v2\/types\/page"}],"author":[{"embeddable":true,"href":"https:\/\/blog.edu.turku.fi\/turunklassillinenlukio\/wp-json\/wp\/v2\/users\/416"}],"replies":[{"embeddable":true,"href":"https:\/\/blog.edu.turku.fi\/turunklassillinenlukio\/wp-json\/wp\/v2\/comments?post=577"}],"version-history":[{"count":19,"href":"https:\/\/blog.edu.turku.fi\/turunklassillinenlukio\/wp-json\/wp\/v2\/pages\/577\/revisions"}],"predecessor-version":[{"id":4304,"href":"https:\/\/blog.edu.turku.fi\/turunklassillinenlukio\/wp-json\/wp\/v2\/pages\/577\/revisions\/4304"}],"up":[{"embeddable":true,"href":"https:\/\/blog.edu.turku.fi\/turunklassillinenlukio\/wp-json\/wp\/v2\/pages\/2448"}],"wp:attachment":[{"href":"https:\/\/blog.edu.turku.fi\/turunklassillinenlukio\/wp-json\/wp\/v2\/media?parent=577"}],"curies":[{"name":"wp","href":"https:\/\/api.w.org\/{rel}","templated":true}]}}