{"id":53,"date":"2013-03-06T09:45:23","date_gmt":"2013-03-06T07:45:23","guid":{"rendered":"https:\/\/blog.edu.turku.fi\/turunklassillinenlukio\/?page_id=53"},"modified":"2019-06-11T12:24:59","modified_gmt":"2019-06-11T09:24:59","slug":"ylioppilaskirjoitukset","status":"publish","type":"page","link":"https:\/\/blog.edu.turku.fi\/turunklassillinenlukio\/ylioppilaskirjoitukset\/","title":{"rendered":"Ylioppilaskirjoitukset"},"content":{"rendered":"<ul>\n<li><a href=\"https:\/\/blog.edu.turku.fi\/turunklassillinenlukio\/ylioppilaskirjoitukset\/tervetuloa-tekemaan-digitaalista-yo-koetta-turun-klassilliseen-lukioon\/\">Tervetuloa s\u00e4hk\u00f6iseen YO-kokeeseen<\/a><\/li>\n<li><a href=\"https:\/\/blog.edu.turku.fi\/turunklassillinenlukio\/ylioppilaskirjoitukset\/yo-kirjoitusten-aikataulut\/\">Yo-kirjoitusten ohjeita ja aikataulut<\/a><\/li>\n<li><a href=\"https:\/\/blog.edu.turku.fi\/turunklassillinenlukio\/ylioppilaskirjoitukset\/ylioppilaskirjoituksiin-ilmoittautuminen\/\">Ylioppilaskirjoituksiin ilmoittautuminen<\/a><\/li>\n<li><a href=\"https:\/\/blog.edu.turku.fi\/turunklassillinenlukio\/ylioppilaskirjoitukset\/tentit\/\">Tentit ja S-merkinn\u00e4t<\/a><\/li>\n<li><a href=\"https:\/\/blog.edu.turku.fi\/klassillinentiedotus\/files\/2014\/10\/Opiskelijan-ohje-alustavien-YO-tulosten.pdf\">Opiskelijan ohje alustavien YO-tulosten katseluun<\/a> (PDF, 58 kt)<\/li>\n<\/ul>\n","protected":false},"excerpt":{"rendered":"<p>Tervetuloa s\u00e4hk\u00f6iseen YO-kokeeseen Yo-kirjoitusten ohjeita ja aikataulut Ylioppilaskirjoituksiin ilmoittautuminen Tentit ja S-merkinn\u00e4t Opiskelijan ohje alustavien YO-tulosten katseluun (PDF, 58 kt)<\/p>\n","protected":false},"author":98,"featured_media":0,"parent":0,"menu_order":9,"comment_status":"closed","ping_status":"closed","template":"","meta":{"footnotes":""},"class_list":["post-53","page","type-page","status-publish","hentry"],"_links":{"self":[{"href":"https:\/\/blog.edu.turku.fi\/turunklassillinenlukio\/wp-json\/wp\/v2\/pages\/53","targetHints":{"allow":["GET"]}}],"collection":[{"href":"https:\/\/blog.edu.turku.fi\/turunklassillinenlukio\/wp-json\/wp\/v2\/pages"}],"about":[{"href":"https:\/\/blog.edu.turku.fi\/turunklassillinenlukio\/wp-json\/wp\/v2\/types\/page"}],"author":[{"embeddable":true,"href":"https:\/\/blog.edu.turku.fi\/turunklassillinenlukio\/wp-json\/wp\/v2\/users\/98"}],"replies":[{"embeddable":true,"href":"https:\/\/blog.edu.turku.fi\/turunklassillinenlukio\/wp-json\/wp\/v2\/comments?post=53"}],"version-history":[{"count":16,"href":"https:\/\/blog.edu.turku.fi\/turunklassillinenlukio\/wp-json\/wp\/v2\/pages\/53\/revisions"}],"predecessor-version":[{"id":4731,"href":"https:\/\/blog.edu.turku.fi\/turunklassillinenlukio\/wp-json\/wp\/v2\/pages\/53\/revisions\/4731"}],"wp:attachment":[{"href":"https:\/\/blog.edu.turku.fi\/turunklassillinenlukio\/wp-json\/wp\/v2\/media?parent=53"}],"curies":[{"name":"wp","href":"https:\/\/api.w.org\/{rel}","templated":true}]}}