{"id":50,"date":"2013-01-29T12:21:17","date_gmt":"2013-01-29T10:21:17","guid":{"rendered":"https:\/\/blog.edu.turku.fi\/turunklassillinenlukio\/?page_id=50"},"modified":"2019-06-10T09:23:26","modified_gmt":"2019-06-10T06:23:26","slug":"ilmaisulinja","status":"publish","type":"page","link":"https:\/\/blog.edu.turku.fi\/turunklassillinenlukio\/hakeminen\/ilmaisulinja\/","title":{"rendered":"Ilmaisulinja"},"content":{"rendered":"<p><strong>Hakeminen ilmaisulinjalle<br \/>\n<\/strong><\/p>\n<p>Turun klassilliseen lukioon haetaan\u00a0toisen asteen <a href=\"https:\/\/opintopolku.fi\/wp\/fi\/\">Opintopolun<\/a> kautta .<\/p>\n<p>Ilmaisulinjamme(taideviestint\u00e4) linjakoodi on \/810.<\/p>\n<p>Turun klassillisen lukion ilmaisulinjan (taideviestint\u00e4) p\u00e4\u00e4sykokeet j\u00e4rjestet\u00e4\u00e4n koululla\u00a0keskiviikkona 15.4.2020. P\u00e4\u00e4sykoe sis\u00e4lt\u00e4\u00e4 sek\u00e4 <a href=\"https:\/\/blog.edu.turku.fi\/turunklassillinenlukio\/hakeminen\/ilmaisulinja\/ilmaisulinja-etukateistehtava\/\">etuk\u00e4teisteht\u00e4v\u00e4n<\/a>, ett\u00e4 kirjallisen kokeen. Etuk\u00e4teisteht\u00e4v\u00e4 tulee palauttaa p\u00e4\u00e4sykokeeseen tultaessa!<\/p>\n<p>Ilmoittautuminen Turun klassillisen lukion (Eskelinkatu 4) aulassa alkaa noin klo\u00a012.30 ja p\u00e4\u00e4ttyy klo 13.00 (ole paikalla viimeist\u00e4\u00e4n klo 12.50). <em>Klo 13.15\u00a0alkaa kaikille pakollinen kirjallinen osuus.<\/em><\/p>\n<p>P\u00e4\u00e4sykoe loppuu viimeist\u00e4\u00e4n klo 16.15.<br \/>\nP\u00e4\u00e4sykokeisiin ei ilmoittauduta erikseen eik\u00e4 koululta l\u00e4hetet\u00e4 erillist\u00e4 kutsua. My\u00f6s lukion toiselle vuositasolle hakevien tulee osallistua p\u00e4\u00e4sykokeisiin, jos he tahtovat opiskella ilmaisua.<\/p>\n<p><a href=\"https:\/\/blog.edu.turku.fi\/turunklassillinenlukio\/hakeminen\/ilmaisulinja\/ilmaisulinja-etukateistehtava\/\">Etuk\u00e4teisteht\u00e4v\u00e4st\u00e4<\/a> ja p\u00e4\u00e4sykokeesta saa yhteens\u00e4 10 pistett\u00e4. Pisteisiin lis\u00e4t\u00e4\u00e4n lukuaineiden keskiarvo perusasteen p\u00e4\u00e4tt\u00f6todistuksesta. Maksimipisteet ovat siis 20.<\/p>\n<p>P\u00e4\u00e4sykokeeseen tulee ottaa mukaan kirjoitusv\u00e4lineet.<br \/>\n<em>Valmistaudu todistamaan henkil\u00f6llisyytesi ilmoittautumisen yhteydess\u00e4.<br \/>\n<\/em>Kirjallinen osa mittaa hakijan ajattelun kypsyytt\u00e4, mit\u00e4 vaaditaan lukio-opinnoissa. Teht\u00e4vien muoto vaihtelee vuosien mittaan. Kokeessa on aikaisempina vuosina ollut my\u00f6s luovaa ajattelua mittaava osa.<\/p>\n","protected":false},"excerpt":{"rendered":"<p>Hakeminen ilmaisulinjalle Turun klassilliseen lukioon haetaan\u00a0toisen asteen Opintopolun kautta . Ilmaisulinjamme(taideviestint\u00e4) linjakoodi on \/810. Turun klassillisen lukion ilmaisulinjan (taideviestint\u00e4) p\u00e4\u00e4sykokeet j\u00e4rjestet\u00e4\u00e4n koululla\u00a0keskiviikkona 15.4.2020. P\u00e4\u00e4sykoe sis\u00e4lt\u00e4\u00e4 sek\u00e4 etuk\u00e4teisteht\u00e4v\u00e4n, ett\u00e4 kirjallisen kokeen. Etuk\u00e4teisteht\u00e4v\u00e4 tulee palauttaa p\u00e4\u00e4sykokeeseen tultaessa! Ilmoittautuminen Turun klassillisen lukion (Eskelinkatu &hellip; <a href=\"https:\/\/blog.edu.turku.fi\/turunklassillinenlukio\/hakeminen\/ilmaisulinja\/\">Lue loppuun <span class=\"meta-nav\">&rarr;<\/span><\/a><\/p>\n","protected":false},"author":98,"featured_media":0,"parent":28,"menu_order":2,"comment_status":"closed","ping_status":"closed","template":"","meta":{"footnotes":""},"class_list":["post-50","page","type-page","status-publish","hentry"],"_links":{"self":[{"href":"https:\/\/blog.edu.turku.fi\/turunklassillinenlukio\/wp-json\/wp\/v2\/pages\/50","targetHints":{"allow":["GET"]}}],"collection":[{"href":"https:\/\/blog.edu.turku.fi\/turunklassillinenlukio\/wp-json\/wp\/v2\/pages"}],"about":[{"href":"https:\/\/blog.edu.turku.fi\/turunklassillinenlukio\/wp-json\/wp\/v2\/types\/page"}],"author":[{"embeddable":true,"href":"https:\/\/blog.edu.turku.fi\/turunklassillinenlukio\/wp-json\/wp\/v2\/users\/98"}],"replies":[{"embeddable":true,"href":"https:\/\/blog.edu.turku.fi\/turunklassillinenlukio\/wp-json\/wp\/v2\/comments?post=50"}],"version-history":[{"count":33,"href":"https:\/\/blog.edu.turku.fi\/turunklassillinenlukio\/wp-json\/wp\/v2\/pages\/50\/revisions"}],"predecessor-version":[{"id":4684,"href":"https:\/\/blog.edu.turku.fi\/turunklassillinenlukio\/wp-json\/wp\/v2\/pages\/50\/revisions\/4684"}],"up":[{"embeddable":true,"href":"https:\/\/blog.edu.turku.fi\/turunklassillinenlukio\/wp-json\/wp\/v2\/pages\/28"}],"wp:attachment":[{"href":"https:\/\/blog.edu.turku.fi\/turunklassillinenlukio\/wp-json\/wp\/v2\/media?parent=50"}],"curies":[{"name":"wp","href":"https:\/\/api.w.org\/{rel}","templated":true}]}}