{"id":4828,"date":"2019-09-13T14:59:29","date_gmt":"2019-09-13T11:59:29","guid":{"rendered":"https:\/\/blog.edu.turku.fi\/turunklassillinenlukio\/?page_id=4828"},"modified":"2019-09-27T10:24:07","modified_gmt":"2019-09-27T07:24:07","slug":"yliopistojen-ja-korkeakoulujen-kurkistuskurssit","status":"publish","type":"page","link":"https:\/\/blog.edu.turku.fi\/turunklassillinenlukio\/opinto-ohjaus\/yliopistojen-ja-korkeakoulujen-kurkistuskurssit\/","title":{"rendered":"Yliopistojen ja korkeakoulujen kurkistuskurssit"},"content":{"rendered":"<p>Alta l\u00f6ytyy linkit Turun yliopiston, Turun ammattikorkeakoulun sek\u00e4 Humanistisen ammattikorkeakoulun kurkistuskurssitarjontaan.<\/p>\n<p>Mik\u00e4li haluat osallistua kurkistuskursseille, tutustu tarjontaan, ilmoittaudu ohjeiden mukaisesti ja mene my\u00f6s paikalle. Luennon j\u00e4lkeen t\u00e4yt\u00e4 <a href=\"https:\/\/forms.office.com\/Pages\/ResponsePage.aspx?id=A3yf5VlXsEavJ3rc4HcBgTXMhimnSEtGu3r_wDE8YgZUNFNVNjVSMTNNNUpUTkU5SEMwTkRPWUw2Qy4u\">arviointilomake<\/a>.<\/p>\n<p>Jos haluat kurkistuskursseista lukion kurssisuorituksen, niit\u00e4 tulee k\u00e4yd\u00e4 tietty m\u00e4\u00e4r\u00e4 ja jokaisesta lennosta tulee t\u00e4ytt\u00e4\u00e4 arviointilomake. Tarkka m\u00e4\u00e4r\u00e4 (10-15 luentoa) ilmoitetaan my\u00f6hemmin syksyll\u00e4.<\/p>\n<p>Turun yliopiston kurkistuskurssien tarjonta: <a href=\"https:\/\/www.utu.fi\/fi\/opiskelijaksi\/tutustu-yliopistoon\">https:\/\/www.utu.fi\/fi\/opiskelijaksi\/tutustu-yliopistoon<\/a><\/p>\n<p>Turun Ammattikorkeakoulun kurkistuskurssien tarjonta: <a href=\"https:\/\/www.lyyti.fi\/reg\/Lukiolaisten_ilmoittautumiset_syksy_2019_5808\">https:\/\/www.lyyti.fi\/reg\/Lukiolaisten_ilmoittautumiset_syksy_2019_5808<\/a><\/p>\n<p>Humanistisen ammattikorkeakoulun kurkisuskurssien tarjonta: <a href=\"https:\/\/blog.edu.turku.fi\/turunklassillinenlukio\/files\/2019\/09\/Kurkistuskurssit_Humak.pdf\">Kurkistuskurssit_Humak.pdf<\/a> (828 kt)<\/p>\n<p>Diakin <a href=\"https:\/\/uutiskirje.diak.fi\/a\/s\/170157398-eeb3a544f4a883bee3e1310e82199d12\/3438028\">kurkistuskurssit<\/a> ammattikorkeakouluopintoihin<\/p>\n","protected":false},"excerpt":{"rendered":"<p>Alta l\u00f6ytyy linkit Turun yliopiston, Turun ammattikorkeakoulun sek\u00e4 Humanistisen ammattikorkeakoulun kurkistuskurssitarjontaan. Mik\u00e4li haluat osallistua kurkistuskursseille, tutustu tarjontaan, ilmoittaudu ohjeiden mukaisesti ja mene my\u00f6s paikalle. Luennon j\u00e4lkeen t\u00e4yt\u00e4 arviointilomake. Jos haluat kurkistuskursseista lukion kurssisuorituksen, niit\u00e4 tulee k\u00e4yd\u00e4 tietty m\u00e4\u00e4r\u00e4 ja jokaisesta &hellip; <a href=\"https:\/\/blog.edu.turku.fi\/turunklassillinenlukio\/opinto-ohjaus\/yliopistojen-ja-korkeakoulujen-kurkistuskurssit\/\">Lue loppuun <span class=\"meta-nav\">&rarr;<\/span><\/a><\/p>\n","protected":false},"author":1368,"featured_media":0,"parent":52,"menu_order":0,"comment_status":"closed","ping_status":"closed","template":"","meta":{"footnotes":""},"class_list":["post-4828","page","type-page","status-publish","hentry"],"_links":{"self":[{"href":"https:\/\/blog.edu.turku.fi\/turunklassillinenlukio\/wp-json\/wp\/v2\/pages\/4828","targetHints":{"allow":["GET"]}}],"collection":[{"href":"https:\/\/blog.edu.turku.fi\/turunklassillinenlukio\/wp-json\/wp\/v2\/pages"}],"about":[{"href":"https:\/\/blog.edu.turku.fi\/turunklassillinenlukio\/wp-json\/wp\/v2\/types\/page"}],"author":[{"embeddable":true,"href":"https:\/\/blog.edu.turku.fi\/turunklassillinenlukio\/wp-json\/wp\/v2\/users\/1368"}],"replies":[{"embeddable":true,"href":"https:\/\/blog.edu.turku.fi\/turunklassillinenlukio\/wp-json\/wp\/v2\/comments?post=4828"}],"version-history":[{"count":5,"href":"https:\/\/blog.edu.turku.fi\/turunklassillinenlukio\/wp-json\/wp\/v2\/pages\/4828\/revisions"}],"predecessor-version":[{"id":4836,"href":"https:\/\/blog.edu.turku.fi\/turunklassillinenlukio\/wp-json\/wp\/v2\/pages\/4828\/revisions\/4836"}],"up":[{"embeddable":true,"href":"https:\/\/blog.edu.turku.fi\/turunklassillinenlukio\/wp-json\/wp\/v2\/pages\/52"}],"wp:attachment":[{"href":"https:\/\/blog.edu.turku.fi\/turunklassillinenlukio\/wp-json\/wp\/v2\/media?parent=4828"}],"curies":[{"name":"wp","href":"https:\/\/api.w.org\/{rel}","templated":true}]}}