{"id":4794,"date":"2019-08-09T15:16:51","date_gmt":"2019-08-09T12:16:51","guid":{"rendered":"https:\/\/blog.edu.turku.fi\/turunklassillinenlukio\/?page_id=4794"},"modified":"2019-08-09T15:16:51","modified_gmt":"2019-08-09T12:16:51","slug":"kansallisen-kirjakaupaun-lukiokirjatarjous","status":"publish","type":"page","link":"https:\/\/blog.edu.turku.fi\/turunklassillinenlukio\/opinnot\/lukuvuosi-2019-2020\/kansallisen-kirjakaupaun-lukiokirjatarjous\/","title":{"rendered":"Kansallisen kirjakaupaun lukiokirjatarjous"},"content":{"rendered":"<p><strong>Kansallisen Kirjakaupan lukiokirjatarjous Turun klassillisen lukion lukiolaisille <\/strong><\/p>\n<p><a href=\"https:\/\/blog.edu.turku.fi\/turunklassillinenlukio\/files\/2014\/08\/turunklassillinen2019.pdf\">T\u00e4st\u00e4 p\u00e4\u00e4set<\/a> (PDF, 317 kt) Turun klassillisen lukion oppikirjojen lukiokohtaiseen tilauslomakkeeseen.<\/p>\n<p>Listan kanssa voi tulla liikkeisiimme tai l\u00e4hett\u00e4\u00e4 tilauksen etuk\u00e4teen <a href=\"mailto:info@kansallinenkirjakauppa.fi\">info@kansallinenkirjakauppa.fi<\/a>. Ker\u00e4\u00e4mme kirjat valmiiksi ja ilmoitamme tekstiviestill\u00e4, kun kirjat ovat noudettavissa. Digikirjatilaukset l\u00e4hetet\u00e4\u00e4n s\u00e4hk\u00f6postiin noudon yhteydess\u00e4.<\/p>\n<p>Lis\u00e4ksi kotisivuiltamme l\u00f6ytyy lukiokohtainen tilauslinkki. <a href=\"http:\/\/www.kansallinenkirjakauppa.fi\/lukiokirjat\/24\/11\">http:\/\/www.kansallinenkirjakauppa.fi\/lukiokirjat\/24\/11<\/a><\/p>\n<p>T\u00e4ss\u00e4 viel\u00e4 yleisi\u00e4 ohjeita <a href=\"http:\/\/www.emaileri.fi\/g\/l\/266685\/0\/0\/1315\/603\/5\">http:\/\/www.emaileri.fi\/g\/l\/266685\/0\/0\/1315\/603\/5<\/a><\/p>\n<p>Tervetuloa asioimaan!<br \/>\nTurun Kansallinen Kirjakauppa Oy<\/p>\n","protected":false},"excerpt":{"rendered":"<p>Kansallisen Kirjakaupan lukiokirjatarjous Turun klassillisen lukion lukiolaisille T\u00e4st\u00e4 p\u00e4\u00e4set (PDF, 317 kt) Turun klassillisen lukion oppikirjojen lukiokohtaiseen tilauslomakkeeseen. Listan kanssa voi tulla liikkeisiimme tai l\u00e4hett\u00e4\u00e4 tilauksen etuk\u00e4teen info@kansallinenkirjakauppa.fi. Ker\u00e4\u00e4mme kirjat valmiiksi ja ilmoitamme tekstiviestill\u00e4, kun kirjat ovat noudettavissa. Digikirjatilaukset l\u00e4hetet\u00e4\u00e4n &hellip; <a href=\"https:\/\/blog.edu.turku.fi\/turunklassillinenlukio\/opinnot\/lukuvuosi-2019-2020\/kansallisen-kirjakaupaun-lukiokirjatarjous\/\">Lue loppuun <span class=\"meta-nav\">&rarr;<\/span><\/a><\/p>\n","protected":false},"author":1368,"featured_media":0,"parent":4589,"menu_order":0,"comment_status":"closed","ping_status":"closed","template":"","meta":{"footnotes":""},"class_list":["post-4794","page","type-page","status-publish","hentry"],"_links":{"self":[{"href":"https:\/\/blog.edu.turku.fi\/turunklassillinenlukio\/wp-json\/wp\/v2\/pages\/4794","targetHints":{"allow":["GET"]}}],"collection":[{"href":"https:\/\/blog.edu.turku.fi\/turunklassillinenlukio\/wp-json\/wp\/v2\/pages"}],"about":[{"href":"https:\/\/blog.edu.turku.fi\/turunklassillinenlukio\/wp-json\/wp\/v2\/types\/page"}],"author":[{"embeddable":true,"href":"https:\/\/blog.edu.turku.fi\/turunklassillinenlukio\/wp-json\/wp\/v2\/users\/1368"}],"replies":[{"embeddable":true,"href":"https:\/\/blog.edu.turku.fi\/turunklassillinenlukio\/wp-json\/wp\/v2\/comments?post=4794"}],"version-history":[{"count":1,"href":"https:\/\/blog.edu.turku.fi\/turunklassillinenlukio\/wp-json\/wp\/v2\/pages\/4794\/revisions"}],"predecessor-version":[{"id":4795,"href":"https:\/\/blog.edu.turku.fi\/turunklassillinenlukio\/wp-json\/wp\/v2\/pages\/4794\/revisions\/4795"}],"up":[{"embeddable":true,"href":"https:\/\/blog.edu.turku.fi\/turunklassillinenlukio\/wp-json\/wp\/v2\/pages\/4589"}],"wp:attachment":[{"href":"https:\/\/blog.edu.turku.fi\/turunklassillinenlukio\/wp-json\/wp\/v2\/media?parent=4794"}],"curies":[{"name":"wp","href":"https:\/\/api.w.org\/{rel}","templated":true}]}}