{"id":4778,"date":"2019-08-07T13:04:14","date_gmt":"2019-08-07T10:04:14","guid":{"rendered":"https:\/\/blog.edu.turku.fi\/turunklassillinenlukio\/?page_id=4778"},"modified":"2019-08-08T08:49:12","modified_gmt":"2019-08-08T05:49:12","slug":"4778-2","status":"publish","type":"page","link":"https:\/\/blog.edu.turku.fi\/turunklassillinenlukio\/opinnot\/lukuvuosi-2019-2020\/4778-2\/","title":{"rendered":"8.8.2019 lukuvuoden aloitus"},"content":{"rendered":"<p><strong>Lukion aloitus 8.8.2019\u00a0<\/strong><\/p>\n<p><strong>16-, 17- ja 18-tasolla lukuvuosi alkaa klo 9.30<\/strong><\/p>\n<p><strong>19-tasolla lukuvuosi alkaa klo 10<\/strong><\/p>\n<p><strong>\u00a0<\/strong><\/p>\n<table>\n<tbody>\n<tr>\n<td width=\"141\"><strong>10.8.2018<\/strong><strong>\u00a0<\/strong><\/td>\n<td width=\"142\"><strong>19-taso<\/strong><strong>\u00a0<\/strong><\/td>\n<td width=\"140\"><strong>18-taso<\/strong><strong>\u00a0<\/strong><\/td>\n<td width=\"143\"><strong>17-taso ja 16-taso<\/strong><strong>\u00a0<\/strong><\/td>\n<\/tr>\n<tr>\n<td width=\"141\"><strong>9.30-10.00<\/strong><strong>\u00a0<\/strong><\/td>\n<td width=\"142\">&#8212;&#8212;&#8212;&#8212;&#8212;&#8212;&#8212;<\/td>\n<td width=\"140\">luokkiin<\/td>\n<td width=\"143\">salin kautta luokkiin<\/td>\n<\/tr>\n<tr>\n<td width=\"141\"><strong>10.00-10.30<\/strong><strong>\u00a0<\/strong><\/td>\n<td width=\"142\">salin kautta luokkiin<\/td>\n<td width=\"140\">luokkiin<\/td>\n<td width=\"143\">luokkiin<\/td>\n<\/tr>\n<tr>\n<td width=\"141\"><strong>10.30-11.00<\/strong><strong>\u00a0<\/strong><\/td>\n<td width=\"142\">luokkiin<\/td>\n<td width=\"140\">luokkiin<\/td>\n<td width=\"143\">sy\u00f6m\u00e4\u00e4n<\/td>\n<\/tr>\n<tr>\n<td width=\"141\"><strong>11.00-11.30<\/strong><strong>\u00a0<\/strong><\/td>\n<td width=\"142\">luokkiin<\/td>\n<td width=\"140\">sy\u00f6m\u00e4\u00e4n<\/td>\n<td width=\"143\">tarvittaessa luokkiin<\/td>\n<\/tr>\n<tr>\n<td width=\"141\"><strong>11.30-12.00<\/strong><strong>\u00a0<\/strong><\/td>\n<td width=\"142\">sy\u00f6m\u00e4\u00e4n \/tutorit opastavat)<\/td>\n<td width=\"140\"><\/td>\n<td width=\"143\"><\/td>\n<\/tr>\n<tr>\n<td width=\"141\"><strong>12.00<\/strong><strong>\u00a0<\/strong><\/td>\n<td width=\"142\">luokan kautta kierrokselle , tutorit<\/td>\n<td width=\"140\"><\/td>\n<td width=\"143\"><\/td>\n<\/tr>\n<tr>\n<td width=\"141\"><strong>\u00a0<\/strong><\/td>\n<td width=\"142\"><\/td>\n<td width=\"140\"><\/td>\n<td width=\"143\"><\/td>\n<\/tr>\n<\/tbody>\n<\/table>\n<p>&nbsp;<\/p>\n<p>Turun klassillinen lukio<\/p>\n<table>\n<tbody>\n<tr>\n<td width=\"110\">TKL18A<\/td>\n<td width=\"96\">ALV<\/td>\n<td width=\"94\">KL408<\/td>\n<td width=\"18\"><\/td>\n<td width=\"96\">TKL17A<\/td>\n<td width=\"64\">AHO<\/td>\n<td width=\"67\">KL309<\/td>\n<\/tr>\n<tr>\n<td width=\"110\">TKL18B<\/td>\n<td width=\"96\">PUU<\/td>\n<td width=\"94\">KL219<\/td>\n<td width=\"18\"><\/td>\n<td width=\"96\">TKL17B<\/td>\n<td width=\"64\">PAL<\/td>\n<td width=\"67\">KL407<\/td>\n<\/tr>\n<tr>\n<td width=\"110\">TKL18C<\/td>\n<td width=\"96\">VUO<\/td>\n<td width=\"94\">KL312<\/td>\n<td width=\"18\"><\/td>\n<td width=\"96\">TKL17C<\/td>\n<td width=\"64\">FAE<\/td>\n<td width=\"67\">KL314<\/td>\n<\/tr>\n<tr>\n<td width=\"110\">TKL18D<\/td>\n<td width=\"96\">ALS<\/td>\n<td width=\"94\">KL311<\/td>\n<td width=\"18\"><\/td>\n<td width=\"96\">TKL17D<\/td>\n<td width=\"64\">KOI<\/td>\n<td width=\"67\">KL316<\/td>\n<\/tr>\n<tr>\n<td width=\"110\">TKL18E<\/td>\n<td width=\"96\">K\u00c4H<\/td>\n<td width=\"94\">KL315<\/td>\n<td width=\"18\"><\/td>\n<td width=\"96\">TKL17E<\/td>\n<td width=\"64\">LIU<\/td>\n<td width=\"67\">KL405<\/td>\n<\/tr>\n<tr>\n<td width=\"110\">TKL18F<\/td>\n<td width=\"96\">R\u00d6N<\/td>\n<td width=\"94\">KL313<\/td>\n<td width=\"18\"><\/td>\n<td width=\"96\">TKL17F<\/td>\n<td width=\"64\">INK<\/td>\n<td width=\"67\">KL307<\/td>\n<\/tr>\n<tr>\n<td width=\"110\">TKL18G<\/td>\n<td width=\"96\">TUO<\/td>\n<td width=\"94\">KL215<\/td>\n<td width=\"18\"><\/td>\n<td width=\"96\">TKL17G<\/td>\n<td width=\"64\">PEN<\/td>\n<td width=\"67\">KL411<\/td>\n<\/tr>\n<tr>\n<td width=\"110\">TKL18H<\/td>\n<td width=\"96\">VII<\/td>\n<td width=\"94\">KL218<\/td>\n<td width=\"18\"><\/td>\n<td width=\"96\">TKL17H<\/td>\n<td width=\"64\">VIR<\/td>\n<td width=\"67\">KL217<\/td>\n<\/tr>\n<\/tbody>\n<\/table>\n<p>&nbsp;<\/p>\n<table>\n<tbody>\n<tr>\n<td width=\"113\">TKL19A<\/td>\n<td width=\"94\">ANT<\/td>\n<td width=\"96\">KL412<\/td>\n<td width=\"15\"><\/td>\n<td width=\"96\">TKL16<\/td>\n<td width=\"66\">PUK<\/td>\n<td width=\"71\">KL410<\/td>\n<\/tr>\n<tr>\n<td width=\"113\">TKL19B<\/td>\n<td width=\"94\">KAR<\/td>\n<td width=\"96\">KL413<\/td>\n<td width=\"15\"><\/td>\n<td width=\"96\"><\/td>\n<td width=\"66\"><\/td>\n<td width=\"71\"><\/td>\n<\/tr>\n<tr>\n<td width=\"113\">TKL19C<\/td>\n<td width=\"94\">FRI<\/td>\n<td width=\"96\">KL214<\/td>\n<td width=\"15\"><\/td>\n<td width=\"96\"><\/td>\n<td width=\"66\"><\/td>\n<td width=\"71\"><\/td>\n<\/tr>\n<tr>\n<td width=\"113\">TKL19D<\/td>\n<td width=\"94\">SALA<\/td>\n<td width=\"96\">KL308<\/td>\n<td width=\"15\"><\/td>\n<td width=\"96\"><\/td>\n<td width=\"66\"><\/td>\n<td width=\"71\"><\/td>\n<\/tr>\n<tr>\n<td width=\"113\">TKL19E<\/td>\n<td width=\"94\">PAJ<\/td>\n<td width=\"96\">KL418<\/td>\n<td width=\"15\"><\/td>\n<td width=\"96\"><\/td>\n<td width=\"66\"><\/td>\n<td width=\"71\"><\/td>\n<\/tr>\n<tr>\n<td width=\"113\">TKL19F<\/td>\n<td width=\"94\">PAS<\/td>\n<td width=\"96\">Suurluokka<\/td>\n<td width=\"15\"><\/td>\n<td width=\"96\"><\/td>\n<td width=\"66\"><\/td>\n<td width=\"71\"><\/td>\n<\/tr>\n<tr>\n<td width=\"113\">TKL19G<\/td>\n<td width=\"94\">SOI<\/td>\n<td width=\"96\">KL409<\/td>\n<td width=\"15\"><\/td>\n<td width=\"96\"><\/td>\n<td width=\"66\"><\/td>\n<td width=\"71\"><\/td>\n<\/tr>\n<tr>\n<td width=\"113\">TKL19H<\/td>\n<td width=\"94\">LAT<\/td>\n<td width=\"96\">KL310<\/td>\n<td width=\"15\"><\/td>\n<td width=\"96\"><\/td>\n<td width=\"66\"><\/td>\n<td width=\"71\"><\/td>\n<\/tr>\n<tr>\n<td width=\"113\"><\/td>\n<td width=\"94\"><\/td>\n<td width=\"96\"><\/td>\n<td width=\"15\"><\/td>\n<td width=\"96\"><\/td>\n<td width=\"66\"><\/td>\n<td width=\"71\"><\/td>\n<\/tr>\n<\/tbody>\n<\/table>\n","protected":false},"excerpt":{"rendered":"<p>Lukion aloitus 8.8.2019\u00a0 16-, 17- ja 18-tasolla lukuvuosi alkaa klo 9.30 19-tasolla lukuvuosi alkaa klo 10 \u00a0 10.8.2018\u00a0 19-taso\u00a0 18-taso\u00a0 17-taso ja 16-taso\u00a0 9.30-10.00\u00a0 &#8212;&#8212;&#8212;&#8212;&#8212;&#8212;&#8212; luokkiin salin kautta luokkiin 10.00-10.30\u00a0 salin kautta luokkiin luokkiin luokkiin 10.30-11.00\u00a0 luokkiin luokkiin sy\u00f6m\u00e4\u00e4n 11.00-11.30\u00a0 &hellip; <a href=\"https:\/\/blog.edu.turku.fi\/turunklassillinenlukio\/opinnot\/lukuvuosi-2019-2020\/4778-2\/\">Lue loppuun <span class=\"meta-nav\">&rarr;<\/span><\/a><\/p>\n","protected":false},"author":723,"featured_media":0,"parent":4589,"menu_order":0,"comment_status":"closed","ping_status":"closed","template":"","meta":{"footnotes":""},"class_list":["post-4778","page","type-page","status-publish","hentry"],"_links":{"self":[{"href":"https:\/\/blog.edu.turku.fi\/turunklassillinenlukio\/wp-json\/wp\/v2\/pages\/4778","targetHints":{"allow":["GET"]}}],"collection":[{"href":"https:\/\/blog.edu.turku.fi\/turunklassillinenlukio\/wp-json\/wp\/v2\/pages"}],"about":[{"href":"https:\/\/blog.edu.turku.fi\/turunklassillinenlukio\/wp-json\/wp\/v2\/types\/page"}],"author":[{"embeddable":true,"href":"https:\/\/blog.edu.turku.fi\/turunklassillinenlukio\/wp-json\/wp\/v2\/users\/723"}],"replies":[{"embeddable":true,"href":"https:\/\/blog.edu.turku.fi\/turunklassillinenlukio\/wp-json\/wp\/v2\/comments?post=4778"}],"version-history":[{"count":5,"href":"https:\/\/blog.edu.turku.fi\/turunklassillinenlukio\/wp-json\/wp\/v2\/pages\/4778\/revisions"}],"predecessor-version":[{"id":4785,"href":"https:\/\/blog.edu.turku.fi\/turunklassillinenlukio\/wp-json\/wp\/v2\/pages\/4778\/revisions\/4785"}],"up":[{"embeddable":true,"href":"https:\/\/blog.edu.turku.fi\/turunklassillinenlukio\/wp-json\/wp\/v2\/pages\/4589"}],"wp:attachment":[{"href":"https:\/\/blog.edu.turku.fi\/turunklassillinenlukio\/wp-json\/wp\/v2\/media?parent=4778"}],"curies":[{"name":"wp","href":"https:\/\/api.w.org\/{rel}","templated":true}]}}