{"id":4735,"date":"2019-06-11T12:26:39","date_gmt":"2019-06-11T09:26:39","guid":{"rendered":"https:\/\/blog.edu.turku.fi\/turunklassillinenlukio\/?page_id=4735"},"modified":"2019-06-11T12:49:45","modified_gmt":"2019-06-11T09:49:45","slug":"tapahtumia-lukuvuodelta-2019-2020","status":"publish","type":"page","link":"https:\/\/blog.edu.turku.fi\/turunklassillinenlukio\/tapahtumat\/tapahtumia-lukuvuodelta-2019-2020\/","title":{"rendered":"Tapahtumia lukuvuodelta 2019-2020"},"content":{"rendered":"<p>T\u00e4lle sivulle tullaan ker\u00e4\u00e4m\u00e4\u00e4n artikeleita lukuvuoden 2019-2020 tapahtumista.<\/p>\n","protected":false},"excerpt":{"rendered":"<p>T\u00e4lle sivulle tullaan ker\u00e4\u00e4m\u00e4\u00e4n artikeleita lukuvuoden 2019-2020 tapahtumista.<\/p>\n","protected":false},"author":1368,"featured_media":0,"parent":1788,"menu_order":0,"comment_status":"closed","ping_status":"closed","template":"","meta":{"footnotes":""},"class_list":["post-4735","page","type-page","status-publish","hentry"],"_links":{"self":[{"href":"https:\/\/blog.edu.turku.fi\/turunklassillinenlukio\/wp-json\/wp\/v2\/pages\/4735","targetHints":{"allow":["GET"]}}],"collection":[{"href":"https:\/\/blog.edu.turku.fi\/turunklassillinenlukio\/wp-json\/wp\/v2\/pages"}],"about":[{"href":"https:\/\/blog.edu.turku.fi\/turunklassillinenlukio\/wp-json\/wp\/v2\/types\/page"}],"author":[{"embeddable":true,"href":"https:\/\/blog.edu.turku.fi\/turunklassillinenlukio\/wp-json\/wp\/v2\/users\/1368"}],"replies":[{"embeddable":true,"href":"https:\/\/blog.edu.turku.fi\/turunklassillinenlukio\/wp-json\/wp\/v2\/comments?post=4735"}],"version-history":[{"count":3,"href":"https:\/\/blog.edu.turku.fi\/turunklassillinenlukio\/wp-json\/wp\/v2\/pages\/4735\/revisions"}],"predecessor-version":[{"id":4739,"href":"https:\/\/blog.edu.turku.fi\/turunklassillinenlukio\/wp-json\/wp\/v2\/pages\/4735\/revisions\/4739"}],"up":[{"embeddable":true,"href":"https:\/\/blog.edu.turku.fi\/turunklassillinenlukio\/wp-json\/wp\/v2\/pages\/1788"}],"wp:attachment":[{"href":"https:\/\/blog.edu.turku.fi\/turunklassillinenlukio\/wp-json\/wp\/v2\/media?parent=4735"}],"curies":[{"name":"wp","href":"https:\/\/api.w.org\/{rel}","templated":true}]}}