{"id":4665,"date":"2019-06-04T14:20:24","date_gmt":"2019-06-04T11:20:24","guid":{"rendered":"https:\/\/blog.edu.turku.fi\/turunklassillinenlukio\/?page_id=4665"},"modified":"2019-06-04T14:20:24","modified_gmt":"2019-06-04T11:20:24","slug":"steam-kurssit-lukuvuonna-2019-2020","status":"publish","type":"page","link":"https:\/\/blog.edu.turku.fi\/turunklassillinenlukio\/opinnot\/steam-kurssit-lukuvuonna-2019-2020\/","title":{"rendered":"STEAM-kurssit lukuvuonna 2019-2020"},"content":{"rendered":"<p>STEAM Turku on Turun kaupungin sivistystoimialan varhaiskasvatuksen, perusopetuksen ja toisen asteen yhdist\u00e4v\u00e4 tiede- ja teknologiapolku. STEAM on suora v\u00e4yl\u00e4 jatko-opintoihin ja Turun teknologiakampukselle ja se vahvistaa ja verkottaa osaamista yhteisty\u00f6kouluihin koko Lounais-Suomen laajuudelta.<\/p>\n<p>STEAM-hankkeen alla tarjotaan Turun lukiolaisille yhteisi\u00e4 kursseja, jotka vaihtelevat vuosittain. Lukuvuonna 2019-2020 on tarjolla seuraavat kurssit, jotka ovat jokaisen valittavissa.<\/p>\n<p><strong>STM01 <\/strong><strong>Tiede kohtaa taiteen (Turun Suomalaisen Yhteiskoulun lukion tarjotin)<\/strong><\/p>\n<p>Kokeilevalla ty\u00f6pajakurssilla tiede, teknologia, matematiikka ja taide k\u00e4yv\u00e4t vuoropuhelua. Kurssilla yhdistet\u00e4\u00e4n monipuolisesti tieteen ja taiteen luovia menetelmi\u00e4.<\/p>\n<p><strong>STM02 <\/strong><strong>Mekaniikka 2 (Turun Suomalaisen Yhteiskoulun lukion tarjotin)<\/strong><\/p>\n<p>Syvennet\u00e4\u00e4n ymm\u00e4rryst\u00e4 mekaanisista systeemeist\u00e4. Keskeisen\u00e4 tavoitteena on<\/p>\n<p>kokeellinen ty\u00f6skentely ja sen raportointi.<\/p>\n<p><strong>STM03 <\/strong><strong>Energia (Turun Suomalaisen Yhteiskoulun lukion tarjotin)<\/strong><\/p>\n<p>Kurssilla k\u00e4sitell\u00e4\u00e4n energiaa ilmi\u00f6n\u00e4 sek\u00e4 uusiutuvia ja uusiutumattomia energial\u00e4hteit\u00e4 keskittyen tulevaisuuden energial\u00e4hteisiin, niiden mahdollisuuksiin ilmastonmuutoksen ehk\u00e4isyss\u00e4 ja energiaratkaisujen merkitykseen yhteiskunnassa.<\/p>\n<p><strong>STM06 <\/strong><strong>Ohjelmoinnin perusteet (Kerttulin lukion tarjotin)<\/strong><\/p>\n<p>Kurssin keskeisi\u00e4 sis\u00e4lt\u00f6j\u00e4 ovat pienimuotoisten ohjelmien tekeminen ja lopuksi suunniteltava ja koodattava ohjelmointity\u00f6 sek\u00e4 sen dokumentointi.<\/p>\n<p><strong>STM07 <\/strong><strong>Ohjelmoinnin jatkokurssi (Kerttulin lukion tarjotin)<\/strong><\/p>\n<p>Kurssin keskeisi\u00e4 sis\u00e4lt\u00f6j\u00e4 ovat luokkien ja olioiden toiminnan ymm\u00e4rt\u00e4minen ja niiden k\u00e4ytt\u00f6 itse suunnitelluissa ja koodatuissa ohjelmissa.<\/p>\n<p><strong>STM08 <\/strong><strong>Tietotekniikka ja kyberturvallisuus (Kerttulin lukion tarjotin)<\/strong><\/p>\n<p>Kurssin tavoitteena on antaa tietotekniikasta kiinnostuneille opiskelijoille k\u00e4sitys tietokoneiden toimintaperiaatteista, kyberturvallisuuden perusteita sek\u00e4 tietotekniikan sovelluskohteista.<\/p>\n<p><strong>STM11 <\/strong><strong>Lukiosta korkeakouluun (Luostarivuoren Lyseon lukion tarjotin)<\/strong><\/p>\n<p>Kurssilla kartoitetaan opiskelijan kykyj\u00e4, osaamista ja kiinnostuksen aiheita, joiden pohjalta h\u00e4n kartoittaa omaa tulevaisuuden urapolkuaan mentorin, ty\u00f6h\u00f6n ja korkeakouluopintoihin tutustumisen kautta.<\/p>\n<p><strong>STM12 <\/strong><strong>NOT-koulu (Luostarivuoren Lyseon lukion tarjotin)<\/strong><\/p>\n<p>Kurssilla perehdyt\u00e4\u00e4n t\u00e4htitieteen havaintomenetelmiin ja tehd\u00e4\u00e4n et\u00e4n\u00e4 Tuorlan observatoriolta k\u00e4sin havaintoja Kanarian saarilla olevalla NOT-teleskoopilla. Tulokset k\u00e4sitell\u00e4\u00e4n ja raportoidaan tieteellisin menetelmin.<\/p>\n<p><strong>STM13 <\/strong><strong>Muotoilukurssi (Luostarivuoren Lyseon lukion tarjotin)<\/strong><\/p>\n<p>Tavoitteena on muototajun kehitt\u00e4minen ja esineisiin liittyv\u00e4n estetiikan ymm\u00e4rt\u00e4minen sek\u00e4 oman luovuuden kehitt\u00e4minen esineiden ja sisustuksen alueella.<\/p>\n<p><strong>STM16 <\/strong><strong>Mainonta (Turun klassillisen lukion tarjotin)<\/strong><\/p>\n<p>Kurssilla tutustutaan mainonnan eri vaikuttamisen keinoihin. Opetellaan eri mainostyypit sek\u00e4 mietit\u00e4\u00e4n kohderyhmi\u00e4. Keskityt\u00e4\u00e4n erityisesti mainoskampanjan suunnitteluun.<\/p>\n<p><strong>STM17 <\/strong><strong>Nanoselluloosaa ja geopolymeerej\u00e4 (Turun klassillisen lukion tarjotin)<\/strong><\/p>\n<p>Kurssilla perehdyt\u00e4\u00e4n uusiutuviin materiaaleihin ja kierr\u00e4tykseen uuden teknologian tuomien mahdollisuuksien avulla. Tutustutaan nanoselluloosan mahdollisuuksiin, uusiutuvien ja kierr\u00e4tett\u00e4vien materiaalien k\u00e4ytt\u00f6\u00f6n 3D-tulostuksessa sek\u00e4 geopolymeereihin kiertotaloudessa.<\/p>\n","protected":false},"excerpt":{"rendered":"<p>STEAM Turku on Turun kaupungin sivistystoimialan varhaiskasvatuksen, perusopetuksen ja toisen asteen yhdist\u00e4v\u00e4 tiede- ja teknologiapolku. STEAM on suora v\u00e4yl\u00e4 jatko-opintoihin ja Turun teknologiakampukselle ja se vahvistaa ja verkottaa osaamista yhteisty\u00f6kouluihin koko Lounais-Suomen laajuudelta. STEAM-hankkeen alla tarjotaan Turun lukiolaisille yhteisi\u00e4 kursseja, &hellip; <a href=\"https:\/\/blog.edu.turku.fi\/turunklassillinenlukio\/opinnot\/steam-kurssit-lukuvuonna-2019-2020\/\">Lue loppuun <span class=\"meta-nav\">&rarr;<\/span><\/a><\/p>\n","protected":false},"author":1368,"featured_media":0,"parent":805,"menu_order":0,"comment_status":"closed","ping_status":"closed","template":"","meta":{"footnotes":""},"class_list":["post-4665","page","type-page","status-publish","hentry"],"_links":{"self":[{"href":"https:\/\/blog.edu.turku.fi\/turunklassillinenlukio\/wp-json\/wp\/v2\/pages\/4665","targetHints":{"allow":["GET"]}}],"collection":[{"href":"https:\/\/blog.edu.turku.fi\/turunklassillinenlukio\/wp-json\/wp\/v2\/pages"}],"about":[{"href":"https:\/\/blog.edu.turku.fi\/turunklassillinenlukio\/wp-json\/wp\/v2\/types\/page"}],"author":[{"embeddable":true,"href":"https:\/\/blog.edu.turku.fi\/turunklassillinenlukio\/wp-json\/wp\/v2\/users\/1368"}],"replies":[{"embeddable":true,"href":"https:\/\/blog.edu.turku.fi\/turunklassillinenlukio\/wp-json\/wp\/v2\/comments?post=4665"}],"version-history":[{"count":1,"href":"https:\/\/blog.edu.turku.fi\/turunklassillinenlukio\/wp-json\/wp\/v2\/pages\/4665\/revisions"}],"predecessor-version":[{"id":4666,"href":"https:\/\/blog.edu.turku.fi\/turunklassillinenlukio\/wp-json\/wp\/v2\/pages\/4665\/revisions\/4666"}],"up":[{"embeddable":true,"href":"https:\/\/blog.edu.turku.fi\/turunklassillinenlukio\/wp-json\/wp\/v2\/pages\/805"}],"wp:attachment":[{"href":"https:\/\/blog.edu.turku.fi\/turunklassillinenlukio\/wp-json\/wp\/v2\/media?parent=4665"}],"curies":[{"name":"wp","href":"https:\/\/api.w.org\/{rel}","templated":true}]}}