{"id":4609,"date":"2019-05-22T12:53:40","date_gmt":"2019-05-22T09:53:40","guid":{"rendered":"https:\/\/blog.edu.turku.fi\/turunklassillinenlukio\/?page_id=4609"},"modified":"2019-05-22T12:58:17","modified_gmt":"2019-05-22T09:58:17","slug":"ranskan-lukijoita-opintomatkalla-rennesissa-23-30-4-2019","status":"publish","type":"page","link":"https:\/\/blog.edu.turku.fi\/turunklassillinenlukio\/tapahtumat\/tapahtumia-lukuvuodelta-2018-2019\/ranskan-lukijoita-opintomatkalla-rennesissa-23-30-4-2019\/","title":{"rendered":"Ranskan lukijoita opintomatkalla Rennesiss\u00e4 23.-30.4.2019"},"content":{"rendered":"<p>Joukko Turun lukioiden ranskan opiskelijoita aloitti matkansa kohti Ranskassa sijaitsevaa Rennesi\u00e4 aamuviidelt\u00e4 tiistaina 23. huhtikuuta. Edess\u00e4 oli mielenkiintoinen ja kauan odotettu viikko ranskalaisten opiskelijoiden perheiss\u00e4 asuen.<\/p>\n<p>Matkamme alkoi v\u00e4h\u00e4n ep\u00e4onnekkaasti, sill\u00e4 linja-automatkan j\u00e4lkeen, Helsinki-Vantaan lentokent\u00e4lle p\u00e4\u00e4sty\u00e4mme, saimme tiet\u00e4\u00e4 lennon olevan my\u00f6h\u00e4ss\u00e4 noin tunnin verran. Lennon viiv\u00e4stymisen vuoksi jo maksettu Pariisi-Rennes junamatkamme meni meilt\u00e4 ohi ja jouduimme odottamaan seuraavaa junaa. Uuteen junamatkaan sis\u00e4ltyi vaihto suunnilleen matkan puolessa v\u00e4liss\u00e4. Ilta kuuden aikaan, pitk\u00e4n matkustusp\u00e4iv\u00e4n j\u00e4lkeen, saavuimme vihdoin Rennesiin, jossa vaihtoparimme olivat meit\u00e4 vastassa.<\/p>\n<p>Keskiviikkona me kaikki suomalaiset ja ranskalaiset tapasimme lukiolla, josta l\u00e4hdimme yhdess\u00e4 linja-autolla kohti Mont Saint Michel -luostarisaarta. Kun saavuimme perille, kiertelimme saarta muutaman tunnin vapaasti ja monet vierailivat saaren huipulla sijaitsevassa suuressa luostarissa. Sen j\u00e4lkeen tapasimme oppaamme ja tarkoituksena oli menn\u00e4 k\u00e4velem\u00e4\u00e4n laskuveden paljastamaan merenpohjaan. K\u00e4velless\u00e4mme p\u00e4\u00e4simme kokemaan my\u00f6s juoksuhiekan upottavuuden, mik\u00e4 oli hauskaa ja j\u00e4nnitt\u00e4v\u00e4\u00e4.<\/p>\n<p>Torstaiaamuna menimme ranskalaisten vaihtariemme mukana lukiolle ja aloitimme p\u00e4iv\u00e4n osallistumalla matematiikan tunnille. Tunnin j\u00e4lkeen tutustuimme koulurakennukseen parin entisen opettajan johdolla ja saimme kuulla paljon koulun historiasta. P\u00e4\u00e4simme katsomaan muun muassa koulun upeaa kirjastoa sek\u00e4 sellaisia luokkia, jotka eiv\u00e4t ole en\u00e4\u00e4 k\u00e4yt\u00f6ss\u00e4. Luokissa meille esiteltiin yli sata vuotta vanhoja, edelleen toimivia fysiikan laitteita. Iltap\u00e4iv\u00e4ll\u00e4 menimme Les Champs Libres -kulttuurikeskuksen Bretagne-museoon, jossa selvitimme ranskalaisten meille tekemi\u00e4 teht\u00e4vi\u00e4.<\/p>\n<p>Perjantaina tutustuimme Rennesin historialliseen keskustaan oppaan kanssa. Vieraillessamme Saint Pierre -katedraalissa ja Bretagnen parlamenttitalossa opimme paljon niiden tapahtumarikkaista vaiheista. Iltap\u00e4iv\u00e4ll\u00e4 menimme taidemuseoon, jossa oli suuri kokoelma teoksia eri aikakausilta. Taidemuseovierailun j\u00e4lkeen l\u00e4hdimme metrolla Ferme de la harpe -nimiseen paikkaan, jossa opimme Bretagnen alueen kulttuurista. Meille soitettiin kansanmusiikin tyypillisi\u00e4 soittimia ja opetettiin kaksi kansantanssia. Illalla menimme ranskalaisten j\u00e4rjest\u00e4m\u00e4\u00e4n illanviettoon, jossa muun muassa kuuntelimme musiikkia ja paistoimme kreppej\u00e4.<\/p>\n<p>Viikonlopun jokainen vietti suurimmaksi osaksi oman vaihtoparin perheen kanssa. Osa matkasi esimerkiksi Pariisiin tai meren rannalle. Viikonloppuna pelattiin my\u00f6s Ranskan cupin loppuottelu Paris Saint-Germain \u2013 ja Stade Rennais -joukkueiden v\u00e4lill\u00e4. Jotkut meist\u00e4 olivat j\u00e4nnitt\u00e4m\u00e4ss\u00e4 ottelun lopputulosta Rennesin keskustassa sijaitsevalla aukiolla, jonne oli pystytetty j\u00e4ttiscreeni. Rennes voitti cupin 48 vuoden tauon j\u00e4lkeen ja ylpeys voitosta n\u00e4kyi ja kuului y\u00f6ll\u00e4 kaupungin kaduilla sek\u00e4 seuraavana p\u00e4iv\u00e4n\u00e4 alueen lehdiss\u00e4.<\/p>\n<p>Maanantaina l\u00e4hdimme junalla kohti Saint-Malon satamakaupunkia. Perill\u00e4 k\u00e4velimme rantaa pitkin jylhi\u00e4 kallioita ihmetellen ja k\u00e4vimme my\u00f6s saaressa, jonne voi k\u00e4vell\u00e4 vain laskuveden aikana. Sen j\u00e4lkeen menimme sy\u00f6m\u00e4\u00e4n galetteja (tattarijauhosta valmistettuja, suolaisia lettuja) pieneen ravintolaan. My\u00f6hemmin k\u00e4velimme kaupungin suojamuureja pitkin ja selvitimme v\u00e4h\u00e4n kaupungin historiaa.<\/p>\n<p>Tiistaina 30.4. l\u00e4hdimme aikaisin aamulla junalla kohti Pariisin lentokentt\u00e4\u00e4. Lentomme l\u00e4hti ajallaan ja pian olimmekin jo bussissa matkalla kotia kohti. Onnistunut ja unohtumaton matkamme sai hauskan lopun laulaessamme karaokea bussissa. Seuraavaksi uudet ranskalaiset yst\u00e4v\u00e4mme saapuvat meid\u00e4n luoksemme viikoksi!<\/p>\n<p><a href=\"https:\/\/blog.edu.turku.fi\/turunklassillinenlukio\/files\/2019\/05\/59935052_614615609053818_7649814238575198208_n-1-993x1024.jpg\"><img loading=\"lazy\" decoding=\"async\" class=\"alignnone wp-image-4610\" src=\"https:\/\/blog.edu.turku.fi\/turunklassillinenlukio\/files\/2019\/05\/59935052_614615609053818_7649814238575198208_n-1-993x1024-291x300.jpg\" alt=\"\" width=\"194\" height=\"200\" srcset=\"https:\/\/blog.edu.turku.fi\/turunklassillinenlukio\/files\/2019\/05\/59935052_614615609053818_7649814238575198208_n-1-993x1024-291x300.jpg 291w, https:\/\/blog.edu.turku.fi\/turunklassillinenlukio\/files\/2019\/05\/59935052_614615609053818_7649814238575198208_n-1-993x1024.jpg 993w\" sizes=\"auto, (max-width: 194px) 100vw, 194px\" \/><\/a> <a href=\"https:\/\/blog.edu.turku.fi\/turunklassillinenlukio\/files\/2019\/05\/59969007_177444039860139_3804165706455449600_n-1002x1024.jpg\"><img loading=\"lazy\" decoding=\"async\" class=\"alignnone wp-image-4611\" src=\"https:\/\/blog.edu.turku.fi\/turunklassillinenlukio\/files\/2019\/05\/59969007_177444039860139_3804165706455449600_n-1002x1024-294x300.jpg\" alt=\"\" width=\"196\" height=\"200\" srcset=\"https:\/\/blog.edu.turku.fi\/turunklassillinenlukio\/files\/2019\/05\/59969007_177444039860139_3804165706455449600_n-1002x1024-294x300.jpg 294w, https:\/\/blog.edu.turku.fi\/turunklassillinenlukio\/files\/2019\/05\/59969007_177444039860139_3804165706455449600_n-1002x1024.jpg 1002w\" sizes=\"auto, (max-width: 196px) 100vw, 196px\" \/><\/a> <a href=\"https:\/\/blog.edu.turku.fi\/turunklassillinenlukio\/files\/2019\/05\/60361996_587722915045291_2330322772317700096_n-993x1024.jpg\"><img loading=\"lazy\" decoding=\"async\" class=\"alignnone wp-image-4617\" src=\"https:\/\/blog.edu.turku.fi\/turunklassillinenlukio\/files\/2019\/05\/60361996_587722915045291_2330322772317700096_n-993x1024-291x300.jpg\" alt=\"\" width=\"194\" height=\"200\" srcset=\"https:\/\/blog.edu.turku.fi\/turunklassillinenlukio\/files\/2019\/05\/60361996_587722915045291_2330322772317700096_n-993x1024-291x300.jpg 291w, https:\/\/blog.edu.turku.fi\/turunklassillinenlukio\/files\/2019\/05\/60361996_587722915045291_2330322772317700096_n-993x1024.jpg 993w\" sizes=\"auto, (max-width: 194px) 100vw, 194px\" \/><\/a> <a href=\"https:\/\/blog.edu.turku.fi\/turunklassillinenlukio\/files\/2019\/05\/60223449_408422416664752_1457518381920944128_n-768x1024.jpg\"><img loading=\"lazy\" decoding=\"async\" class=\"alignnone wp-image-4613\" src=\"https:\/\/blog.edu.turku.fi\/turunklassillinenlukio\/files\/2019\/05\/60223449_408422416664752_1457518381920944128_n-768x1024-225x300.jpg\" alt=\"\" width=\"150\" height=\"200\" srcset=\"https:\/\/blog.edu.turku.fi\/turunklassillinenlukio\/files\/2019\/05\/60223449_408422416664752_1457518381920944128_n-768x1024-225x300.jpg 225w, https:\/\/blog.edu.turku.fi\/turunklassillinenlukio\/files\/2019\/05\/60223449_408422416664752_1457518381920944128_n-768x1024.jpg 768w\" sizes=\"auto, (max-width: 150px) 100vw, 150px\" \/><\/a> <a href=\"https:\/\/blog.edu.turku.fi\/turunklassillinenlukio\/files\/2019\/05\/60356807_817140081991011_5973566259034324992_n-768x1024.jpg\"><img loading=\"lazy\" decoding=\"async\" class=\"alignnone wp-image-4616\" src=\"https:\/\/blog.edu.turku.fi\/turunklassillinenlukio\/files\/2019\/05\/60356807_817140081991011_5973566259034324992_n-768x1024-225x300.jpg\" alt=\"\" width=\"150\" height=\"200\" srcset=\"https:\/\/blog.edu.turku.fi\/turunklassillinenlukio\/files\/2019\/05\/60356807_817140081991011_5973566259034324992_n-768x1024-225x300.jpg 225w, https:\/\/blog.edu.turku.fi\/turunklassillinenlukio\/files\/2019\/05\/60356807_817140081991011_5973566259034324992_n-768x1024.jpg 768w\" sizes=\"auto, (max-width: 150px) 100vw, 150px\" \/><\/a><a href=\"https:\/\/blog.edu.turku.fi\/turunklassillinenlukio\/files\/2019\/05\/60259092_671754746593326_8113343125092564992_n-942x1024.jpg\"> <img loading=\"lazy\" decoding=\"async\" class=\"alignnone wp-image-4614\" src=\"https:\/\/blog.edu.turku.fi\/turunklassillinenlukio\/files\/2019\/05\/60259092_671754746593326_8113343125092564992_n-942x1024-276x300.jpg\" alt=\"\" width=\"184\" height=\"200\" srcset=\"https:\/\/blog.edu.turku.fi\/turunklassillinenlukio\/files\/2019\/05\/60259092_671754746593326_8113343125092564992_n-942x1024-276x300.jpg 276w, https:\/\/blog.edu.turku.fi\/turunklassillinenlukio\/files\/2019\/05\/60259092_671754746593326_8113343125092564992_n-942x1024.jpg 942w\" sizes=\"auto, (max-width: 184px) 100vw, 184px\" \/><\/a><a href=\"https:\/\/blog.edu.turku.fi\/turunklassillinenlukio\/files\/2019\/05\/59981833_316518595683813_2345678354142724096_n-1024x768.jpg\"><img loading=\"lazy\" decoding=\"async\" class=\"alignnone wp-image-4612\" src=\"https:\/\/blog.edu.turku.fi\/turunklassillinenlukio\/files\/2019\/05\/59981833_316518595683813_2345678354142724096_n-1024x768-300x225.jpg\" alt=\"\" width=\"200\" height=\"150\" srcset=\"https:\/\/blog.edu.turku.fi\/turunklassillinenlukio\/files\/2019\/05\/59981833_316518595683813_2345678354142724096_n-1024x768-300x225.jpg 300w, https:\/\/blog.edu.turku.fi\/turunklassillinenlukio\/files\/2019\/05\/59981833_316518595683813_2345678354142724096_n-1024x768.jpg 1024w\" sizes=\"auto, (max-width: 200px) 100vw, 200px\" \/><\/a> <a href=\"https:\/\/blog.edu.turku.fi\/turunklassillinenlukio\/files\/2019\/05\/60346361_812744409086299_8301015745475641344_n-1024x638.jpg\"><img loading=\"lazy\" decoding=\"async\" class=\"alignnone wp-image-4615\" src=\"https:\/\/blog.edu.turku.fi\/turunklassillinenlukio\/files\/2019\/05\/60346361_812744409086299_8301015745475641344_n-1024x638-300x187.jpg\" alt=\"\" width=\"202\" height=\"126\" srcset=\"https:\/\/blog.edu.turku.fi\/turunklassillinenlukio\/files\/2019\/05\/60346361_812744409086299_8301015745475641344_n-1024x638-300x187.jpg 300w, https:\/\/blog.edu.turku.fi\/turunklassillinenlukio\/files\/2019\/05\/60346361_812744409086299_8301015745475641344_n-1024x638.jpg 1024w\" sizes=\"auto, (max-width: 202px) 100vw, 202px\" \/><\/a><\/p>\n<p>Teksti <em>Susanna M\u00e4kel\u00e4<\/em>, Kuvat <em>Susanna M\u00e4kel\u00e4, Sari Juvonen<\/em><\/p>\n","protected":false},"excerpt":{"rendered":"<p>Joukko Turun lukioiden ranskan opiskelijoita aloitti matkansa kohti Ranskassa sijaitsevaa Rennesi\u00e4 aamuviidelt\u00e4 tiistaina 23. huhtikuuta. Edess\u00e4 oli mielenkiintoinen ja kauan odotettu viikko ranskalaisten opiskelijoiden perheiss\u00e4 asuen. Matkamme alkoi v\u00e4h\u00e4n ep\u00e4onnekkaasti, sill\u00e4 linja-automatkan j\u00e4lkeen, Helsinki-Vantaan lentokent\u00e4lle p\u00e4\u00e4sty\u00e4mme, saimme tiet\u00e4\u00e4 lennon olevan &hellip; <a href=\"https:\/\/blog.edu.turku.fi\/turunklassillinenlukio\/tapahtumat\/tapahtumia-lukuvuodelta-2018-2019\/ranskan-lukijoita-opintomatkalla-rennesissa-23-30-4-2019\/\">Lue loppuun <span class=\"meta-nav\">&rarr;<\/span><\/a><\/p>\n","protected":false},"author":1368,"featured_media":0,"parent":4061,"menu_order":0,"comment_status":"closed","ping_status":"closed","template":"","meta":{"footnotes":""},"class_list":["post-4609","page","type-page","status-publish","hentry"],"_links":{"self":[{"href":"https:\/\/blog.edu.turku.fi\/turunklassillinenlukio\/wp-json\/wp\/v2\/pages\/4609","targetHints":{"allow":["GET"]}}],"collection":[{"href":"https:\/\/blog.edu.turku.fi\/turunklassillinenlukio\/wp-json\/wp\/v2\/pages"}],"about":[{"href":"https:\/\/blog.edu.turku.fi\/turunklassillinenlukio\/wp-json\/wp\/v2\/types\/page"}],"author":[{"embeddable":true,"href":"https:\/\/blog.edu.turku.fi\/turunklassillinenlukio\/wp-json\/wp\/v2\/users\/1368"}],"replies":[{"embeddable":true,"href":"https:\/\/blog.edu.turku.fi\/turunklassillinenlukio\/wp-json\/wp\/v2\/comments?post=4609"}],"version-history":[{"count":5,"href":"https:\/\/blog.edu.turku.fi\/turunklassillinenlukio\/wp-json\/wp\/v2\/pages\/4609\/revisions"}],"predecessor-version":[{"id":4623,"href":"https:\/\/blog.edu.turku.fi\/turunklassillinenlukio\/wp-json\/wp\/v2\/pages\/4609\/revisions\/4623"}],"up":[{"embeddable":true,"href":"https:\/\/blog.edu.turku.fi\/turunklassillinenlukio\/wp-json\/wp\/v2\/pages\/4061"}],"wp:attachment":[{"href":"https:\/\/blog.edu.turku.fi\/turunklassillinenlukio\/wp-json\/wp\/v2\/media?parent=4609"}],"curies":[{"name":"wp","href":"https:\/\/api.w.org\/{rel}","templated":true}]}}