{"id":4601,"date":"2019-05-22T12:16:46","date_gmt":"2019-05-22T09:16:46","guid":{"rendered":"https:\/\/blog.edu.turku.fi\/turunklassillinenlukio\/?page_id=4601"},"modified":"2019-05-22T12:16:56","modified_gmt":"2019-05-22T09:16:56","slug":"ruotsin-lukijoiden-opintomatka-tukholmaan-14-18-5-2019","status":"publish","type":"page","link":"https:\/\/blog.edu.turku.fi\/turunklassillinenlukio\/tapahtumat\/tapahtumia-lukuvuodelta-2018-2019\/ruotsin-lukijoiden-opintomatka-tukholmaan-14-18-5-2019\/","title":{"rendered":"Ruotsin lukijoiden opintomatka Tukholmaan 14.-18.5.2019"},"content":{"rendered":"<p style=\"background: white\"><span style=\"font-family: 'Calibri',sans-serif;color: black\">Toukokuun puoliv\u00e4liss\u00e4 28 opiskelijaa ja kolme opettajaa saapuivat aurinkoiseen Tukholmaan. Kahden p\u00e4iv\u00e4n ajan eh\u00a0\u00a0\u00a0 dimme k\u00e4vell\u00e4 n. 30 kilometri\u00e4, vierailla useassa mielenkiintoisessa kohteessa, n\u00e4hd\u00e4 kaupunkia sek\u00e4 nauraa paljon.<\/span><\/p>\n<p style=\"background: white\"><span style=\"font-family: 'Calibri',sans-serif;color: black\">Ensimm\u00e4inen p\u00e4iv\u00e4 alkoi sill\u00e4, ett\u00e4 otimme Slussenista lossin majoituspaikkaamme matkustajakoti Af Chapmaniin, jossa nautime aamupalan. T\u00e4m\u00e4n j\u00e4lkeen opiskelijat tekiv\u00e4t ryhmiss\u00e4 suunnistuksen Tukholman vanhassa kaupungissa. Rankan suunnistusurakan j\u00e4lkeen nautimme ruotsalaisen Fikan, jonka j\u00e4lkeen l\u00e4hdimme Hallwylska-museoon. Museo on vanha koti, joka aikoinan kuului yhdelle Ruotsin rikkaimmista suvuista. Museon j\u00e4lkeen alkoi opiskelijoiden oma aika. Jotkut l\u00e4htiv\u00e4t ostoksille, toiset sy\u00f6m\u00e4\u00e4n. Yksi ryhm\u00e4 halusi jatkaa museek\u00e4yntej\u00e4 vierailemalla Lavataiteen museossa. Illalla yhteinen ohjelma jatkui ABBA the museumissa, jossa sai laulaa, tanssia ja jopa luoda omaa musiikkia. Kaiken t\u00e4m\u00e4n pystyi taltioimaan ja kuuntelemaan j\u00e4lkeenp\u00e4in kotoa.<\/span><\/p>\n<p style=\"background: white\"><span style=\"font-family: 'Calibri',sans-serif;color: black\">Toisen p\u00e4iv\u00e4n ohjelmaan kuului kaksi museok\u00e4ynti\u00e4. Aloitimme Vasa-museosta, jossa opas mm. vei meid\u00e4t huoneeseen, joka oli tarkka kopio oikean laivan sis\u00e4tiloista. Siell\u00e4 saimme kuulla el\u00e4m\u00e4st\u00e4 laivalla 1900-luvun alussa.<\/span><span style=\"font-family: 'Calibri',sans-serif;color: black\">\u00a0<\/span><\/p>\n<p style=\"background: white\"><span style=\"font-family: 'Calibri',sans-serif;color: black\">Monen mielest\u00e4 hauskin museo oli Tekniska mus\u00e9et, jossa tehtiin pelastusoperaatio ryhmiss\u00e4. Teht\u00e4v\u00e4n\u00e4 oli pelastaa nelj\u00e4 Lego-ukkoa autiolta saarelta. Teht\u00e4v\u00e4 osoittautui yll\u00e4tt\u00e4v\u00e4n haastavaksi, ainakin opettajille. Opiskelijamme saivat kuitenkin museohenkil\u00f6kunnalta paljon kehuja. Olivat kuulemma oiva esimerkki siit\u00e4 kuinka toimiva Suomen kouluj\u00e4rjestelm\u00e4 on.<\/span><\/p>\n<p style=\"background: white\"><span style=\"font-family: 'Calibri',sans-serif;color: black\">Loppup\u00e4iv\u00e4n opiskelijat saivat kiert\u00e4\u00e4 Tukholmaa ryhmiss\u00e4, ennen tapaamista satamassa. Vapaaehtoisena yhteisen\u00e4 ohjelmana oli kuitenkin Fotografiska museo l\u00e4hell\u00e4 satamaa.<\/span><\/p>\n<p style=\"background: white\"><span style=\"font-family: 'Calibri',sans-serif;color: black\">Lauantaiaamuna v\u00e4synyt, mutta onnellinen ryhm\u00e4 Turun klassillisesta lukiosta saapui Turun satamaan. Oli hienoa saada kokea kaunis Tukholma ihanien ja innokkaiden opiskelijoiden kanssa.<\/span><\/p>\n<p style=\"background: white\"><span style=\"font-family: 'Calibri',sans-serif;color: black\"><a href=\"https:\/\/blog.edu.turku.fi\/turunklassillinenlukio\/files\/2019\/05\/Tekniska.jpg\"><img loading=\"lazy\" decoding=\"async\" class=\"alignnone wp-image-4606\" src=\"https:\/\/blog.edu.turku.fi\/turunklassillinenlukio\/files\/2019\/05\/Tekniska-300x225.jpg\" alt=\"\" width=\"200\" height=\"150\" srcset=\"https:\/\/blog.edu.turku.fi\/turunklassillinenlukio\/files\/2019\/05\/Tekniska-300x225.jpg 300w, https:\/\/blog.edu.turku.fi\/turunklassillinenlukio\/files\/2019\/05\/Tekniska.jpg 960w\" sizes=\"auto, (max-width: 200px) 100vw, 200px\" \/><\/a> <a href=\"https:\/\/blog.edu.turku.fi\/turunklassillinenlukio\/files\/2019\/05\/Solglas\u00f6gon.jpg\"><img loading=\"lazy\" decoding=\"async\" class=\"alignnone wp-image-4605\" src=\"https:\/\/blog.edu.turku.fi\/turunklassillinenlukio\/files\/2019\/05\/Solglas\u00f6gon-300x225.jpg\" alt=\"\" width=\"200\" height=\"150\" srcset=\"https:\/\/blog.edu.turku.fi\/turunklassillinenlukio\/files\/2019\/05\/Solglas\u00f6gon-300x225.jpg 300w, https:\/\/blog.edu.turku.fi\/turunklassillinenlukio\/files\/2019\/05\/Solglas\u00f6gon.jpg 960w\" sizes=\"auto, (max-width: 200px) 100vw, 200px\" \/><\/a><a href=\"https:\/\/blog.edu.turku.fi\/turunklassillinenlukio\/files\/2019\/05\/F\u00e4rjan.jpg\"> <img loading=\"lazy\" decoding=\"async\" class=\"alignnone wp-image-4603\" src=\"https:\/\/blog.edu.turku.fi\/turunklassillinenlukio\/files\/2019\/05\/F\u00e4rjan-300x225.jpg\" alt=\"\" width=\"200\" height=\"150\" srcset=\"https:\/\/blog.edu.turku.fi\/turunklassillinenlukio\/files\/2019\/05\/F\u00e4rjan-300x225.jpg 300w, https:\/\/blog.edu.turku.fi\/turunklassillinenlukio\/files\/2019\/05\/F\u00e4rjan.jpg 960w\" sizes=\"auto, (max-width: 200px) 100vw, 200px\" \/><\/a> <a href=\"https:\/\/blog.edu.turku.fi\/turunklassillinenlukio\/files\/2019\/05\/Gamlastan.jpg\"><img loading=\"lazy\" decoding=\"async\" class=\"alignnone wp-image-4604\" src=\"https:\/\/blog.edu.turku.fi\/turunklassillinenlukio\/files\/2019\/05\/Gamlastan-242x300.jpg\" alt=\"\" width=\"161\" height=\"200\" srcset=\"https:\/\/blog.edu.turku.fi\/turunklassillinenlukio\/files\/2019\/05\/Gamlastan-242x300.jpg 242w, https:\/\/blog.edu.turku.fi\/turunklassillinenlukio\/files\/2019\/05\/Gamlastan.jpg 750w\" sizes=\"auto, (max-width: 161px) 100vw, 161px\" \/><\/a><a href=\"https:\/\/blog.edu.turku.fi\/turunklassillinenlukio\/files\/2019\/05\/Abba.jpg\"> <img loading=\"lazy\" decoding=\"async\" class=\"alignnone wp-image-4602\" src=\"https:\/\/blog.edu.turku.fi\/turunklassillinenlukio\/files\/2019\/05\/Abba-244x300.jpg\" alt=\"\" width=\"163\" height=\"200\" srcset=\"https:\/\/blog.edu.turku.fi\/turunklassillinenlukio\/files\/2019\/05\/Abba-244x300.jpg 244w, https:\/\/blog.edu.turku.fi\/turunklassillinenlukio\/files\/2019\/05\/Abba.jpg 750w\" sizes=\"auto, (max-width: 163px) 100vw, 163px\" \/><\/a><br \/>\n<\/span><\/p>\n","protected":false},"excerpt":{"rendered":"<p>Toukokuun puoliv\u00e4liss\u00e4 28 opiskelijaa ja kolme opettajaa saapuivat aurinkoiseen Tukholmaan. Kahden p\u00e4iv\u00e4n ajan eh\u00a0\u00a0\u00a0 dimme k\u00e4vell\u00e4 n. 30 kilometri\u00e4, vierailla useassa mielenkiintoisessa kohteessa, n\u00e4hd\u00e4 kaupunkia sek\u00e4 nauraa paljon. Ensimm\u00e4inen p\u00e4iv\u00e4 alkoi sill\u00e4, ett\u00e4 otimme Slussenista lossin majoituspaikkaamme matkustajakoti Af Chapmaniin, &hellip; <a href=\"https:\/\/blog.edu.turku.fi\/turunklassillinenlukio\/tapahtumat\/tapahtumia-lukuvuodelta-2018-2019\/ruotsin-lukijoiden-opintomatka-tukholmaan-14-18-5-2019\/\">Lue loppuun <span class=\"meta-nav\">&rarr;<\/span><\/a><\/p>\n","protected":false},"author":1368,"featured_media":0,"parent":4061,"menu_order":0,"comment_status":"closed","ping_status":"closed","template":"","meta":{"footnotes":""},"class_list":["post-4601","page","type-page","status-publish","hentry"],"_links":{"self":[{"href":"https:\/\/blog.edu.turku.fi\/turunklassillinenlukio\/wp-json\/wp\/v2\/pages\/4601","targetHints":{"allow":["GET"]}}],"collection":[{"href":"https:\/\/blog.edu.turku.fi\/turunklassillinenlukio\/wp-json\/wp\/v2\/pages"}],"about":[{"href":"https:\/\/blog.edu.turku.fi\/turunklassillinenlukio\/wp-json\/wp\/v2\/types\/page"}],"author":[{"embeddable":true,"href":"https:\/\/blog.edu.turku.fi\/turunklassillinenlukio\/wp-json\/wp\/v2\/users\/1368"}],"replies":[{"embeddable":true,"href":"https:\/\/blog.edu.turku.fi\/turunklassillinenlukio\/wp-json\/wp\/v2\/comments?post=4601"}],"version-history":[{"count":1,"href":"https:\/\/blog.edu.turku.fi\/turunklassillinenlukio\/wp-json\/wp\/v2\/pages\/4601\/revisions"}],"predecessor-version":[{"id":4607,"href":"https:\/\/blog.edu.turku.fi\/turunklassillinenlukio\/wp-json\/wp\/v2\/pages\/4601\/revisions\/4607"}],"up":[{"embeddable":true,"href":"https:\/\/blog.edu.turku.fi\/turunklassillinenlukio\/wp-json\/wp\/v2\/pages\/4061"}],"wp:attachment":[{"href":"https:\/\/blog.edu.turku.fi\/turunklassillinenlukio\/wp-json\/wp\/v2\/media?parent=4601"}],"curies":[{"name":"wp","href":"https:\/\/api.w.org\/{rel}","templated":true}]}}