{"id":4597,"date":"2019-05-22T09:15:47","date_gmt":"2019-05-22T06:15:47","guid":{"rendered":"https:\/\/blog.edu.turku.fi\/turunklassillinenlukio\/?page_id=4597"},"modified":"2019-05-22T09:15:47","modified_gmt":"2019-05-22T06:15:47","slug":"taide-media-media-taide-b-gallerian-projektitilassa-22-5-2-6-2019","status":"publish","type":"page","link":"https:\/\/blog.edu.turku.fi\/turunklassillinenlukio\/tapahtumat\/tapahtumia-lukuvuodelta-2018-2019\/taide-media-media-taide-b-gallerian-projektitilassa-22-5-2-6-2019\/","title":{"rendered":"TAIDE &#8211; media MEDIA &#8211; taide B-gallerian Projektitilassa 22.5.-2.6.2019"},"content":{"rendered":"<p><b><a href=\"https:\/\/blog.edu.turku.fi\/turunklassillinenlukio\/files\/2019\/05\/B-galleria.png\"><img loading=\"lazy\" decoding=\"async\" class=\"wp-image-4598 alignleft\" src=\"https:\/\/blog.edu.turku.fi\/turunklassillinenlukio\/files\/2019\/05\/B-galleria-225x225.png\" alt=\"\" width=\"131\" height=\"131\" srcset=\"https:\/\/blog.edu.turku.fi\/turunklassillinenlukio\/files\/2019\/05\/B-galleria.png 225w, https:\/\/blog.edu.turku.fi\/turunklassillinenlukio\/files\/2019\/05\/B-galleria-150x150.png 150w\" sizes=\"auto, (max-width: 131px) 100vw, 131px\" \/><\/a>TAIDE &#8211; media MEDIA &#8211; taide <\/b><b><br \/>\n<\/b><b>B-gallerian Projektitila 22.05.\u201302.06.2019<br \/>\n<\/b><b>Avajaiset tiistaina 21.05. klo 18-20. Tervetuloa!<\/b><\/p>\n<p>&nbsp;<\/p>\n<p><b><br \/>\nTAIDE &#8211; media MEDIA -taide<\/b> on mediataiteen kurssin yhteisn\u00e4yttely Turun klassillisesta lukiosta.<\/p>\n<p>Opiskelijat pohtivat teoksissaan aisteja ja aistikokemuksia, kehollisuutta, ymp\u00e4r\u00f6iv\u00e4\u00e4 maailmaa sek\u00e4 rajojen asettamista mediataiteen keinoin. Tilassa on esill\u00e4 on valokuvia, taide-zinej\u00e4, videotaidetta sek\u00e4 \u00e4\u00e4niteoksia. Jokainen tekij\u00e4 on itse valinnut aiheensa, rajannut sen, valinnut ty\u00f6v\u00e4lineens\u00e4, sek\u00e4 nimennyt n\u00e4yttelykokonaisuutensa. Oman n\u00e4yttelyn prosessi ja kokoaminen on kurssin t\u00e4rkein sis\u00e4lt\u00f6.<\/p>\n<p>N\u00e4yttely avaa kiinnostavan oven lukioik\u00e4isen kykyyn k\u00e4sitell\u00e4 taidetta, tutkia valitsemaansa aihetta ja teemaa, toteuttaa omatoimisesti harkittu n\u00e4yttelykokonaisuus, sek\u00e4 tutkia erilaisia taiteen keinoja sek\u00e4 suunnitella itse n\u00e4yttelyn ripustus galleriaan.<\/p>\n<p>Opiskelija toteuttaa materiaalin ja sis\u00e4ll\u00f6n opetuksen ulkopuolisella ajalla, kurssin puitteissa k\u00e4yd\u00e4\u00e4n l\u00e4pi erilaisia tekniikoita, ja k\u00e4yt\u00f6ss\u00e4 on my\u00f6s lukion ty\u00f6v\u00e4lineet.<\/p>\n<p>Kurssi j\u00e4rjestet\u00e4\u00e4n nyt ensimm\u00e4isen kerran, ja ilmaisukurssien n\u00e4yttely on my\u00f6s nyt ensimm\u00e4ist\u00e4 kertaa esill\u00e4 taidegalleriassa. Aikaisemmin n\u00e4yttelyit\u00e4 on ollut muun muassa kaupunginkirjastossa.<\/p>\n<p><strong>B-galleria<br \/>\n<\/strong>Aninkaistenkatu 5 L 5<br \/>\n20100 Turku<br \/>\n+358 (0) 44 284 5381<br \/>\nbgalleria@gmail.com<br \/>\nwww.bgalleria.net<br \/>\nTi\u2013Pe \/ Tis\u2013Fre \/ Tue\u2013Fri 12\u201318<br \/>\nLa\u2013Su \/ L\u00f6r\u2013S\u00f6n \/ Sat\u2013Sun 12\u201316<\/p>\n<p>&nbsp;<\/p>\n","protected":false},"excerpt":{"rendered":"<p>TAIDE &#8211; media MEDIA &#8211; taide B-gallerian Projektitila 22.05.\u201302.06.2019 Avajaiset tiistaina 21.05. klo 18-20. Tervetuloa! &nbsp; TAIDE &#8211; media MEDIA -taide on mediataiteen kurssin yhteisn\u00e4yttely Turun klassillisesta lukiosta. Opiskelijat pohtivat teoksissaan aisteja ja aistikokemuksia, kehollisuutta, ymp\u00e4r\u00f6iv\u00e4\u00e4 maailmaa sek\u00e4 rajojen asettamista &hellip; <a href=\"https:\/\/blog.edu.turku.fi\/turunklassillinenlukio\/tapahtumat\/tapahtumia-lukuvuodelta-2018-2019\/taide-media-media-taide-b-gallerian-projektitilassa-22-5-2-6-2019\/\">Lue loppuun <span class=\"meta-nav\">&rarr;<\/span><\/a><\/p>\n","protected":false},"author":1368,"featured_media":0,"parent":4061,"menu_order":0,"comment_status":"closed","ping_status":"closed","template":"","meta":{"footnotes":""},"class_list":["post-4597","page","type-page","status-publish","hentry"],"_links":{"self":[{"href":"https:\/\/blog.edu.turku.fi\/turunklassillinenlukio\/wp-json\/wp\/v2\/pages\/4597","targetHints":{"allow":["GET"]}}],"collection":[{"href":"https:\/\/blog.edu.turku.fi\/turunklassillinenlukio\/wp-json\/wp\/v2\/pages"}],"about":[{"href":"https:\/\/blog.edu.turku.fi\/turunklassillinenlukio\/wp-json\/wp\/v2\/types\/page"}],"author":[{"embeddable":true,"href":"https:\/\/blog.edu.turku.fi\/turunklassillinenlukio\/wp-json\/wp\/v2\/users\/1368"}],"replies":[{"embeddable":true,"href":"https:\/\/blog.edu.turku.fi\/turunklassillinenlukio\/wp-json\/wp\/v2\/comments?post=4597"}],"version-history":[{"count":1,"href":"https:\/\/blog.edu.turku.fi\/turunklassillinenlukio\/wp-json\/wp\/v2\/pages\/4597\/revisions"}],"predecessor-version":[{"id":4599,"href":"https:\/\/blog.edu.turku.fi\/turunklassillinenlukio\/wp-json\/wp\/v2\/pages\/4597\/revisions\/4599"}],"up":[{"embeddable":true,"href":"https:\/\/blog.edu.turku.fi\/turunklassillinenlukio\/wp-json\/wp\/v2\/pages\/4061"}],"wp:attachment":[{"href":"https:\/\/blog.edu.turku.fi\/turunklassillinenlukio\/wp-json\/wp\/v2\/media?parent=4597"}],"curies":[{"name":"wp","href":"https:\/\/api.w.org\/{rel}","templated":true}]}}