{"id":4543,"date":"2019-04-30T10:24:24","date_gmt":"2019-04-30T07:24:24","guid":{"rendered":"https:\/\/blog.edu.turku.fi\/turunklassillinenlukio\/?page_id=4543"},"modified":"2019-05-02T12:29:40","modified_gmt":"2019-05-02T09:29:40","slug":"hyvinvoiva-klassillinen-3-5-2019","status":"publish","type":"page","link":"https:\/\/blog.edu.turku.fi\/turunklassillinenlukio\/tapahtumat\/tapahtumia-lukuvuodelta-2018-2019\/hyvinvoiva-klassillinen-3-5-2019\/","title":{"rendered":"Hyvinvoiva klassillinen 3.5.2019"},"content":{"rendered":"<p>Hyvinvointip\u00e4iv\u00e4 ykk\u00f6sille<\/p>\n<p>Aika Perjantai 3.5.2019<\/p>\n<p><strong>OHJELMA\u00a0 <\/strong><\/p>\n<p>klo 8.15 kokoontuminen ensimm\u00e4isen opetustuokion luokkaan. Ne, joilla ei tuntia, ilmoittautuvat luokassa 218. Opettajan kanssa k\u00e4yd\u00e4\u00e4n yhdess\u00e4 l\u00e4pi p\u00e4iv\u00e4n ohjelma. P\u00e4iv\u00e4n avaus ja tervehdyssanat keskusradion kautta.<\/p>\n<p><strong>Aamup\u00e4iv\u00e4n ohjelma:\u00a0 <\/strong><\/p>\n<p><strong>Seksuaalinen h\u00e4irint\u00e4<br \/>\n&#8211; <\/strong>MLL ja Lounais-Suomen Poliisi, liikuntasali<br \/>\n<strong>Tiede ja luulot \u2013 Miksi harhaudumme terveysv\u00e4itteist\u00e4?<br \/>\n&#8211; <\/strong>Vastal\u00e4\u00e4ke ry, luokka 218<br \/>\n<strong>Valitse fiksusti- ruoka vaikuttaa terveyteesi nyt ja tulevaisuudessa<br \/>\n&#8211; <\/strong>yritt\u00e4j\u00e4, terveydenhoitaja, suurlk<br \/>\n<strong>Terveyskampus Turku<br \/>\n&#8211; <\/strong>toiminnanjohtaja ja tiimivet\u00e4j\u00e4 Terveyskampus, liikuntasali<\/p>\n<p>Kiertoaikataulu:<\/p>\n<table width=\"427\">\n<tbody>\n<tr>\n<td width=\"90\"><strong>klo\u00a0 8.30\u20139.10\u00a0<\/strong><\/td>\n<td width=\"70\"><\/td>\n<td width=\"267\"><\/td>\n<\/tr>\n<tr>\n<td width=\"90\">Ryhm\u00e4 A<\/td>\n<td width=\"70\">liikuntasali<\/td>\n<td width=\"267\">18A, 18B, 18C Ali &#8211; Lahtin<\/td>\n<\/tr>\n<tr>\n<td width=\"90\">Ryhm\u00e4 B<\/td>\n<td width=\"70\">218<\/td>\n<td width=\"267\">18C Lahtiv \u2013Sar, 18D, 18E, 18F Kar-Riv<\/td>\n<\/tr>\n<tr>\n<td width=\"90\">Ryhm\u00e4 C<\/td>\n<td width=\"70\">suurluokka<\/td>\n<td width=\"267\">18F Roi-Sz, 18G, 18H<\/td>\n<\/tr>\n<tr>\n<td><strong>klo\u00a0 9.15\u201310.00\u00a0<\/strong><\/td>\n<td><\/td>\n<td><\/td>\n<\/tr>\n<tr>\n<td width=\"90\">Ryhm\u00e4 A<\/td>\n<td width=\"70\">218<\/td>\n<td width=\"267\">18A, 18B, 18C Ali &#8211; Lahtin<\/td>\n<\/tr>\n<tr>\n<td width=\"90\">Ryhm\u00e4 B<\/td>\n<td width=\"70\">suurluokka<\/td>\n<td width=\"267\">18C Lahtiv \u2013Sar, 18D, 18E, 18F Kar-Riv<\/td>\n<\/tr>\n<tr>\n<td width=\"90\">Ryhm\u00e4 C<\/td>\n<td width=\"70\">liikuntasali<\/td>\n<td width=\"267\">18F Roi-Sz, 18G, 18H<\/td>\n<\/tr>\n<tr>\n<td><strong>klo 10.05\u201310.45<\/strong><\/td>\n<td><\/td>\n<td><\/td>\n<\/tr>\n<tr>\n<td width=\"90\">Ryhm\u00e4 A<\/td>\n<td width=\"70\">suurluokka<\/td>\n<td width=\"267\">18A, 18B, 18C Ali &#8211; Lahtin<\/td>\n<\/tr>\n<tr>\n<td width=\"90\">Ryhm\u00e4 B<\/td>\n<td width=\"70\">liikuntasali<\/td>\n<td width=\"267\">18C Lahtiv \u2013Sar, 18D, 18E, 18F Kar-Riv<\/td>\n<\/tr>\n<tr>\n<td width=\"90\">Ryhm\u00e4 C<\/td>\n<td width=\"70\">218<\/td>\n<td width=\"267\">18F Roi-Sz, 18G, 18H<\/td>\n<\/tr>\n<\/tbody>\n<\/table>\n<p><strong>klo 10.50 -11.30<\/strong><br \/>\n&#8211; Ruokailu niille, joiden iltap\u00e4iv\u00e4n pajat ovat koululla<br \/>\n&#8211; Terveyskampus Turku -luento, niille, joiden iltap\u00e4iv\u00e4n pajat ovat p\u00e4\u00e4s\u00e4\u00e4nt\u00f6isesti koulun ulkopuolella (keilailu, jalkapallo, pes\u00e4pallo, liikuntalaboratorio, lipunry\u00f6st\u00f6, palloilu liikuntasalissa)<\/p>\n<p><strong>klo 11.35 \u2013 12.15<br \/>\n<\/strong>&#8211; Ruokailu niille, joiden iltap\u00e4iv\u00e4n pajat ovat p\u00e4\u00e4s\u00e4\u00e4nt\u00f6isesti koulun ulkopuolella (keilailu, jalkapallo, pes\u00e4pallo, liikuntalaboratorio, lipunry\u00f6st\u00f6, palloilu liikuntasalissa)<br \/>\n&#8211; Terveyskampus Turku luento niille, joiden iltap\u00e4iv\u00e4n pajat ovat koululla<\/p>\n<p><strong>Siirtyminen hyvinvointipajoihin\u00a0 (erillinen ohjelma)<\/strong><\/p>\n<p><strong>Pajat erillisen ohjelman mukaisesti klo 12.15 \u2013 14.00 (varmistuu to 2.5.)<\/strong><\/p>\n","protected":false},"excerpt":{"rendered":"<p>Hyvinvointip\u00e4iv\u00e4 ykk\u00f6sille Aika Perjantai 3.5.2019 OHJELMA\u00a0 klo 8.15 kokoontuminen ensimm\u00e4isen opetustuokion luokkaan. Ne, joilla ei tuntia, ilmoittautuvat luokassa 218. Opettajan kanssa k\u00e4yd\u00e4\u00e4n yhdess\u00e4 l\u00e4pi p\u00e4iv\u00e4n ohjelma. P\u00e4iv\u00e4n avaus ja tervehdyssanat keskusradion kautta. Aamup\u00e4iv\u00e4n ohjelma:\u00a0 Seksuaalinen h\u00e4irint\u00e4 &#8211; MLL ja Lounais-Suomen &hellip; <a href=\"https:\/\/blog.edu.turku.fi\/turunklassillinenlukio\/tapahtumat\/tapahtumia-lukuvuodelta-2018-2019\/hyvinvoiva-klassillinen-3-5-2019\/\">Lue loppuun <span class=\"meta-nav\">&rarr;<\/span><\/a><\/p>\n","protected":false},"author":1368,"featured_media":0,"parent":4061,"menu_order":0,"comment_status":"closed","ping_status":"closed","template":"","meta":{"footnotes":""},"class_list":["post-4543","page","type-page","status-publish","hentry"],"_links":{"self":[{"href":"https:\/\/blog.edu.turku.fi\/turunklassillinenlukio\/wp-json\/wp\/v2\/pages\/4543","targetHints":{"allow":["GET"]}}],"collection":[{"href":"https:\/\/blog.edu.turku.fi\/turunklassillinenlukio\/wp-json\/wp\/v2\/pages"}],"about":[{"href":"https:\/\/blog.edu.turku.fi\/turunklassillinenlukio\/wp-json\/wp\/v2\/types\/page"}],"author":[{"embeddable":true,"href":"https:\/\/blog.edu.turku.fi\/turunklassillinenlukio\/wp-json\/wp\/v2\/users\/1368"}],"replies":[{"embeddable":true,"href":"https:\/\/blog.edu.turku.fi\/turunklassillinenlukio\/wp-json\/wp\/v2\/comments?post=4543"}],"version-history":[{"count":7,"href":"https:\/\/blog.edu.turku.fi\/turunklassillinenlukio\/wp-json\/wp\/v2\/pages\/4543\/revisions"}],"predecessor-version":[{"id":4553,"href":"https:\/\/blog.edu.turku.fi\/turunklassillinenlukio\/wp-json\/wp\/v2\/pages\/4543\/revisions\/4553"}],"up":[{"embeddable":true,"href":"https:\/\/blog.edu.turku.fi\/turunklassillinenlukio\/wp-json\/wp\/v2\/pages\/4061"}],"wp:attachment":[{"href":"https:\/\/blog.edu.turku.fi\/turunklassillinenlukio\/wp-json\/wp\/v2\/media?parent=4543"}],"curies":[{"name":"wp","href":"https:\/\/api.w.org\/{rel}","templated":true}]}}