{"id":4537,"date":"2019-04-30T09:12:48","date_gmt":"2019-04-30T06:12:48","guid":{"rendered":"https:\/\/blog.edu.turku.fi\/turunklassillinenlukio\/?page_id=4537"},"modified":"2019-04-30T09:13:04","modified_gmt":"2019-04-30T06:13:04","slug":"24h-leiri-17-18-4-raision-lukiolla","status":"publish","type":"page","link":"https:\/\/blog.edu.turku.fi\/turunklassillinenlukio\/tapahtumat\/tapahtumia-lukuvuodelta-2018-2019\/24h-leiri-17-18-4-raision-lukiolla\/","title":{"rendered":"24h-leiri 17.-18.4. Raision lukiolla"},"content":{"rendered":"<p>24 tuntia ty\u00f6ntouhussa<\/p>\n<p>Leirin ensimm\u00e4isen\u00e4 p\u00e4iv\u00e4n\u00e4, keskiviikkona 17.4, kokoonnuimme Raision lukiolla. Saimme kaulaamme upeat sinisen v\u00e4riset nimill\u00e4mme varustetut kaulanauhat, joista meid\u00e4t tunnistettiin leiril\u00e4isiksi. Leiriseikkailumme alkoi noin kello 10 aikoihin koulun salissa avaustilaisuudella. Olimme hyvin innoissamme ja mahan pohjassa tuntui mukavan pieni j\u00e4nnitys. Kun vihdoin ja viimein saimme kuulla mihin olimmekaan ryhtyneet, aivoissani alkoi heti py\u00f6ri\u00e4 kaikenlaisia ideoita. Leirihaasteen antajana toimi Bayer Oy. Ainoa sen hetkinen ajatukseni oli, ett\u00e4 t\u00e4st\u00e4 tulee ty\u00f6l\u00e4\u00e4t 24 tuntia. Teht\u00e4v\u00e4n\u00e4mme oli siis kehitell\u00e4 ryhmiss\u00e4 seuraavat 24 tuntia uudenlainen innovaatio, jonka avulla lis\u00e4tt\u00e4isiin nuorten tietoisuutta l\u00e4\u00e4keteollisuusyhti\u00f6 Bayer Oy:st\u00e4. Leirihaasteen lis\u00e4ksi saimme tarkempaa infoa aikatauluista, s\u00e4\u00e4nn\u00f6ist\u00e4 sek\u00e4 ohjeista. Lopuksi saimme Bayerin varatoimitusjohtajalta, Peter Essenilt\u00e4, sek\u00e4 leirikapteeneilta kannustuksia ja vinkkej\u00e4.<\/p>\n<p>Siit\u00e4 se p\u00e4iv\u00e4 sitten l\u00e4hti k\u00e4yntiin. Ennen varsinaisia teht\u00e4vi\u00e4 p\u00e4\u00e4simme tietenkin tutustumaan omiin ryhmiimme erilaisten leikkien ja pelien kautta. kello 14 aikoihin palasimme takaisin saliin kuuntelemaan moniosaaja Mika Tunturia. Tunturin luento oli kyll\u00e4 silmi\u00e4 avartava. H\u00e4n kertoi meille millaista on olla yritt\u00e4j\u00e4 ja mit\u00e4 yritt\u00e4jyys pit\u00e4\u00e4 sis\u00e4ll\u00e4\u00e4n. Olin todella yll\u00e4ttynyt, kun h\u00e4n kertoi olleensa yritt\u00e4j\u00e4n\u00e4 niin monta kymment\u00e4 vuotta. Sen lis\u00e4ksi, ett\u00e4 Tunturi on toiminut eri aloilla yritt\u00e4j\u00e4n\u00e4 sek\u00e4 perustanut omia yrityksi\u00e4\u00e4n, h\u00e4n on ollut mukana lukuisan monissa vapaaehtoist\u00f6iss\u00e4. Onhan se aika uskomatonta. Kyll\u00e4 siin\u00e4 kasvoi aika suuri arvostus h\u00e4nt\u00e4 kohtaan. Omasta mielest\u00e4ni luento oli kaikin puolin mahtava ja Tunturin huumori teki siit\u00e4 viel\u00e4 mahtavamman ja kiinnostavan. Tunturin luento sai minut kyll\u00e4 kiinnostumaan yritt\u00e4j\u00e4n\u00e4 toimimisesta.<\/p>\n<p>Kello 15:sta eteenp\u00e4in p\u00e4\u00e4simme vihdoin ja viimein leirihaasteen pariin. Meille j\u00e4rjestetyill\u00e4 rastipisteill\u00e4 oli erilaisia teht\u00e4vi\u00e4 liittyen innovaatioomme. Ryhm\u00e4\u00e4ni kuului minun lis\u00e4kseni kolme muuta, kaksi poikaa ja yksi tytt\u00f6. Olin todella tyytyv\u00e4inen ryhm\u00e4\u00e4ni ja meid\u00e4n yhteishenkeemme. Ryhm\u00e4mme innovaatio oli biohajoava kondomi. P\u00e4\u00e4simme rasteilla kehittelem\u00e4\u00e4n innovaatiotamme valmistavalle yritykselle muun muassa nimen ja logon, liikeidean, budjetin, mainoksen sek\u00e4 sloganin. Meid\u00e4n ty\u00f6skentelymme oli hyvin innovatiivista ja jokaiselta ryhm\u00e4n j\u00e4senelt\u00e4 tuli mahtavia ideoita, joita kuunneltiin ja hy\u00f6dynnettiin. Kehitimme yll\u00e4tt\u00e4v\u00e4n helposti ja taitavasti ideaamme eteenp\u00e4in, teimme ahkerasti t\u00f6it\u00e4, jaoimme ty\u00f6teht\u00e4vi\u00e4 ja mik\u00e4 t\u00e4rkeint\u00e4, meill\u00e4 oli hauskaa yhdess\u00e4. Kun rastiteht\u00e4v\u00e4t oli saatu p\u00e4\u00e4t\u00f6kseen, oli pankissa k\u00e4ymisen aika. P\u00e4iv\u00e4n aikana olimme harjoitelleet hissipuheen pankinjohtajille, jolla toivoimme saavamme lainaa innovaatioomme. Kello oli \u201dvasta\u201d 1.20, kun oli vuoromme. Asiallisin vaattein ja hyvin mutta v\u00e4synein mielin marssimme sis\u00e4\u00e4n. Meille my\u00f6nnettiin 10 miljoonaa euroa. HUIPPUA! Asioiminen siell\u00e4 tuntui kuin asioisi oikeasti pankissa. Nyt osaamme asioida jo pankissakin!<\/p>\n<p>Rankan p\u00e4iv\u00e4n ja pankissa asioimisen j\u00e4lkeen oli ansaittu lepohetki. Meid\u00e4n ryhm\u00e4ll\u00e4mme ei kuitenkaan sellaiseen ollut niink\u00e4\u00e4n aikaa. Hioimme ideaamme paremmaksi ja paremmaksi sek\u00e4 viimeistelimme sit\u00e4 aamua varten. V\u00e4synein\u00e4 heiluimme ulkona pime\u00e4ss\u00e4 kuvaamassa videota esityst\u00e4mme varten, josta tuli loistava siihen n\u00e4hden kuinka v\u00e4syneit\u00e4 olimme. Onneksi p\u00e4iv\u00e4n aikana oli kolme hupipistett\u00e4, joissa oli sallittua antaa aivojen lev\u00e4t\u00e4. Ty\u00f6mme oli valmis. Loppu y\u00f6 oli vapaata (nukkumisen aikaa). Itse olin nukkumatta silm\u00e4n r\u00e4p\u00e4yst\u00e4k\u00e4\u00e4n, mik\u00e4 kostautui kyll\u00e4 aamulla\u2026<\/p>\n<p>Vihdoin koitti kaunis aurinkoinen torstai aamu. Ennen aamupalaa oli viel\u00e4 aikaa tehd\u00e4 viime hetken muutoksia ja hiomisia sek\u00e4 oli aikaa harjoitella. Kello 9 h-hetki koitti. 11 ryhm\u00e4\u00e4 ja vain 4 minuuttia aikaa esitell\u00e4 leiril\u00e4isille sek\u00e4 Bayerin tiimille oma tuotos. J\u00e4nnityst\u00e4 alkoi olla ilmassa, koska meid\u00e4n hetkemme koitti vasta viimeisten joukossa. Olihan se suuri kunnia esitell\u00e4 meid\u00e4n ideoima tuote itse Bayerin tiimille. Olin todella ylpe\u00e4 tiimist\u00e4ni ja tuotoksestamme, jonka eteen teimme ahkerasti t\u00f6it\u00e4. T\u00e4m\u00e4 ahkera ty\u00f6skentelymme palkittiin nelj\u00e4nnell\u00e4 sijalla. L\u00e4hdin ylpe\u00e4n\u00e4 ja hyvill\u00e4 mielin kotiin nukkumaan univelkaani pois.<\/p>\n<p>Leirist\u00e4 j\u00e4i mieleen monta hyv\u00e4\u00e4 asiaa ja opin my\u00f6s jonkin verran uutta. Leirill\u00e4 oli mukavaa porukkaa (etenkin oman ryhm\u00e4ni j\u00e4senet sek\u00e4 ohjaajat!), mit\u00e4\u00e4n ei otettu liian vakavasti, toisia kuunneltiin ja arvostettiin sek\u00e4 ohjaajat opastivat ja auttoivat meit\u00e4 omatoimisesti, mik\u00e4 teki leirist\u00e4 osittain my\u00f6s mukavan. K\u00e4sitykseni yritt\u00e4jyydest\u00e4 ei kuitenkaan muuttunut, vaikka jonkin verran jotakin uutta tietoa saattoikin tulla esille. Leiri kokonaisuudessaan sai minut kiinnostumaan entist\u00e4 enemm\u00e4n yritt\u00e4jyydest\u00e4. L\u00e4hdin leirille, koska minua kiinnosti jonkin verran yritt\u00e4jyys, mutta en ollut mitenk\u00e4\u00e4n erityisesti ajatellut sit\u00e4 sen tarkemmin. En kuitenkaan olisi uskonut sielt\u00e4 l\u00e4htiess\u00e4ni, ett\u00e4 yritt\u00e4j\u00e4n\u00e4 toimiminen kiinnostaisi minua niinkin paljon, ett\u00e4 voisin kuvitella ryhtyv\u00e4ni jonain p\u00e4iv\u00e4n\u00e4 yritt\u00e4j\u00e4ksi. Uskon, ett\u00e4 Mika Tunturin luento oli se, joka her\u00e4tti kiinnostustani entist\u00e4 enemm\u00e4n ja jollain tavalla my\u00f6s rohkaisi minua. Toivon ja uskon, ett\u00e4 leirist\u00e4 on hy\u00f6ty\u00e4 tulevaisuudessani. Eih\u00e4n sit\u00e4 tied\u00e4, vaikka kymmenenkin vuoden p\u00e4\u00e4st\u00e4 olisi yritys pystyss\u00e4, jota min\u00e4 itse johdan.<\/p>\n<p><a href=\"https:\/\/blog.edu.turku.fi\/turunklassillinenlukio\/files\/2019\/04\/IMG_20190418_101705.jpg\"><img loading=\"lazy\" decoding=\"async\" class=\"alignnone wp-image-4540\" src=\"https:\/\/blog.edu.turku.fi\/turunklassillinenlukio\/files\/2019\/04\/IMG_20190418_101705-300x225.jpg\" alt=\"\" width=\"200\" height=\"150\" srcset=\"https:\/\/blog.edu.turku.fi\/turunklassillinenlukio\/files\/2019\/04\/IMG_20190418_101705-300x225.jpg 300w, https:\/\/blog.edu.turku.fi\/turunklassillinenlukio\/files\/2019\/04\/IMG_20190418_101705-1024x768.jpg 1024w, https:\/\/blog.edu.turku.fi\/turunklassillinenlukio\/files\/2019\/04\/IMG_20190418_101705.jpg 1383w\" sizes=\"auto, (max-width: 200px) 100vw, 200px\" \/><\/a> <a href=\"https:\/\/blog.edu.turku.fi\/turunklassillinenlukio\/files\/2019\/04\/IMG_20190418_094542.jpg\"><img loading=\"lazy\" decoding=\"async\" class=\"alignnone wp-image-4539\" src=\"https:\/\/blog.edu.turku.fi\/turunklassillinenlukio\/files\/2019\/04\/IMG_20190418_094542-300x225.jpg\" alt=\"\" width=\"200\" height=\"150\" srcset=\"https:\/\/blog.edu.turku.fi\/turunklassillinenlukio\/files\/2019\/04\/IMG_20190418_094542-300x225.jpg 300w, https:\/\/blog.edu.turku.fi\/turunklassillinenlukio\/files\/2019\/04\/IMG_20190418_094542-1024x768.jpg 1024w, https:\/\/blog.edu.turku.fi\/turunklassillinenlukio\/files\/2019\/04\/IMG_20190418_094542.jpg 1383w\" sizes=\"auto, (max-width: 200px) 100vw, 200px\" \/><\/a> <a href=\"https:\/\/blog.edu.turku.fi\/turunklassillinenlukio\/files\/2019\/04\/IMG_20190418_092254.jpg\"><img loading=\"lazy\" decoding=\"async\" class=\"alignnone wp-image-4538\" src=\"https:\/\/blog.edu.turku.fi\/turunklassillinenlukio\/files\/2019\/04\/IMG_20190418_092254-300x225.jpg\" alt=\"\" width=\"200\" height=\"150\" srcset=\"https:\/\/blog.edu.turku.fi\/turunklassillinenlukio\/files\/2019\/04\/IMG_20190418_092254-300x225.jpg 300w, https:\/\/blog.edu.turku.fi\/turunklassillinenlukio\/files\/2019\/04\/IMG_20190418_092254-1024x768.jpg 1024w, https:\/\/blog.edu.turku.fi\/turunklassillinenlukio\/files\/2019\/04\/IMG_20190418_092254.jpg 1383w\" sizes=\"auto, (max-width: 200px) 100vw, 200px\" \/><\/a><\/p>\n<p>Rabab Abi Mosleh<\/p>\n","protected":false},"excerpt":{"rendered":"<p>24 tuntia ty\u00f6ntouhussa Leirin ensimm\u00e4isen\u00e4 p\u00e4iv\u00e4n\u00e4, keskiviikkona 17.4, kokoonnuimme Raision lukiolla. Saimme kaulaamme upeat sinisen v\u00e4riset nimill\u00e4mme varustetut kaulanauhat, joista meid\u00e4t tunnistettiin leiril\u00e4isiksi. Leiriseikkailumme alkoi noin kello 10 aikoihin koulun salissa avaustilaisuudella. Olimme hyvin innoissamme ja mahan pohjassa tuntui mukavan &hellip; <a href=\"https:\/\/blog.edu.turku.fi\/turunklassillinenlukio\/tapahtumat\/tapahtumia-lukuvuodelta-2018-2019\/24h-leiri-17-18-4-raision-lukiolla\/\">Lue loppuun <span class=\"meta-nav\">&rarr;<\/span><\/a><\/p>\n","protected":false},"author":1368,"featured_media":0,"parent":4061,"menu_order":0,"comment_status":"closed","ping_status":"closed","template":"","meta":{"footnotes":""},"class_list":["post-4537","page","type-page","status-publish","hentry"],"_links":{"self":[{"href":"https:\/\/blog.edu.turku.fi\/turunklassillinenlukio\/wp-json\/wp\/v2\/pages\/4537","targetHints":{"allow":["GET"]}}],"collection":[{"href":"https:\/\/blog.edu.turku.fi\/turunklassillinenlukio\/wp-json\/wp\/v2\/pages"}],"about":[{"href":"https:\/\/blog.edu.turku.fi\/turunklassillinenlukio\/wp-json\/wp\/v2\/types\/page"}],"author":[{"embeddable":true,"href":"https:\/\/blog.edu.turku.fi\/turunklassillinenlukio\/wp-json\/wp\/v2\/users\/1368"}],"replies":[{"embeddable":true,"href":"https:\/\/blog.edu.turku.fi\/turunklassillinenlukio\/wp-json\/wp\/v2\/comments?post=4537"}],"version-history":[{"count":1,"href":"https:\/\/blog.edu.turku.fi\/turunklassillinenlukio\/wp-json\/wp\/v2\/pages\/4537\/revisions"}],"predecessor-version":[{"id":4541,"href":"https:\/\/blog.edu.turku.fi\/turunklassillinenlukio\/wp-json\/wp\/v2\/pages\/4537\/revisions\/4541"}],"up":[{"embeddable":true,"href":"https:\/\/blog.edu.turku.fi\/turunklassillinenlukio\/wp-json\/wp\/v2\/pages\/4061"}],"wp:attachment":[{"href":"https:\/\/blog.edu.turku.fi\/turunklassillinenlukio\/wp-json\/wp\/v2\/media?parent=4537"}],"curies":[{"name":"wp","href":"https:\/\/api.w.org\/{rel}","templated":true}]}}