{"id":4530,"date":"2019-04-29T12:19:26","date_gmt":"2019-04-29T09:19:26","guid":{"rendered":"https:\/\/blog.edu.turku.fi\/turunklassillinenlukio\/?page_id=4530"},"modified":"2019-06-10T10:14:50","modified_gmt":"2019-06-10T07:14:50","slug":"tuomo","status":"publish","type":"page","link":"https:\/\/blog.edu.turku.fi\/turunklassillinenlukio\/opinnot\/tuomo\/","title":{"rendered":"TuOMO &#8211; Tutoriaalinen Oppimisymp\u00e4rist\u00f6 lyhyen Matematiikan Opettamiseen"},"content":{"rendered":"<p>TuOMO (Tutoriaalinen Oppimisymp\u00e4rist\u00f6 lyhyen Matematiikan Opettamiseen) on OPH-hanke, joka on toteutettu Turun yliopiston Tulevaisuuden teknologioiden laitoksella kehitettyyn ViLLE-j\u00e4rjestelm\u00e4\u00e4n. Hanke k\u00e4sitt\u00e4\u00e4 kaikki lukion lyhyen matematiikan kurssit ja alkaa olla p\u00e4\u00e4t\u00f6ksess\u00e4\u00e4n. <a href=\"https:\/\/youtu.be\/tuMWlGDoxXc\">Tutustu TuOMOn esittelyvideoon<\/a>.<\/p>\n<p>Lis\u00e4tietoa TuOMOsta saat esim. ITK:ssa kev\u00e4\u00e4ll\u00e4 2018 pidetyst\u00e4 esityksest\u00e4 <a href=\"https:\/\/blog.edu.turku.fi\/turunklassillinenlukio\/files\/2019\/04\/ITK-Tutoriaalinen-oppimisymp\u00e4rist\u00f6-lyhyen-matematiikan-opiskeluun.pdf\">ITK Tutoriaalinen oppimisymp\u00e4rist\u00f6 lyhyen matematiikan opiskeluun<\/a> (PDF, 730 kt) tai uusimmasta webinaaritallenteesta <a href=\"http:\/\/opetus.adobeconnect.com\/pvdy50am6qjo\/\">http:\/\/opetus.adobeconnect.com\/pvdy50am6qjo\/<\/a>.<\/p>\n<p>&nbsp;<\/p>\n","protected":false},"excerpt":{"rendered":"<p>TuOMO (Tutoriaalinen Oppimisymp\u00e4rist\u00f6 lyhyen Matematiikan Opettamiseen) on OPH-hanke, joka on toteutettu Turun yliopiston Tulevaisuuden teknologioiden laitoksella kehitettyyn ViLLE-j\u00e4rjestelm\u00e4\u00e4n. Hanke k\u00e4sitt\u00e4\u00e4 kaikki lukion lyhyen matematiikan kurssit ja alkaa olla p\u00e4\u00e4t\u00f6ksess\u00e4\u00e4n. Tutustu TuOMOn esittelyvideoon. Lis\u00e4tietoa TuOMOsta saat esim. ITK:ssa kev\u00e4\u00e4ll\u00e4 2018 pidetyst\u00e4 &hellip; <a href=\"https:\/\/blog.edu.turku.fi\/turunklassillinenlukio\/opinnot\/tuomo\/\">Lue loppuun <span class=\"meta-nav\">&rarr;<\/span><\/a><\/p>\n","protected":false},"author":1368,"featured_media":0,"parent":805,"menu_order":0,"comment_status":"closed","ping_status":"closed","template":"","meta":{"footnotes":""},"class_list":["post-4530","page","type-page","status-publish","hentry"],"_links":{"self":[{"href":"https:\/\/blog.edu.turku.fi\/turunklassillinenlukio\/wp-json\/wp\/v2\/pages\/4530","targetHints":{"allow":["GET"]}}],"collection":[{"href":"https:\/\/blog.edu.turku.fi\/turunklassillinenlukio\/wp-json\/wp\/v2\/pages"}],"about":[{"href":"https:\/\/blog.edu.turku.fi\/turunklassillinenlukio\/wp-json\/wp\/v2\/types\/page"}],"author":[{"embeddable":true,"href":"https:\/\/blog.edu.turku.fi\/turunklassillinenlukio\/wp-json\/wp\/v2\/users\/1368"}],"replies":[{"embeddable":true,"href":"https:\/\/blog.edu.turku.fi\/turunklassillinenlukio\/wp-json\/wp\/v2\/comments?post=4530"}],"version-history":[{"count":6,"href":"https:\/\/blog.edu.turku.fi\/turunklassillinenlukio\/wp-json\/wp\/v2\/pages\/4530\/revisions"}],"predecessor-version":[{"id":4689,"href":"https:\/\/blog.edu.turku.fi\/turunklassillinenlukio\/wp-json\/wp\/v2\/pages\/4530\/revisions\/4689"}],"up":[{"embeddable":true,"href":"https:\/\/blog.edu.turku.fi\/turunklassillinenlukio\/wp-json\/wp\/v2\/pages\/805"}],"wp:attachment":[{"href":"https:\/\/blog.edu.turku.fi\/turunklassillinenlukio\/wp-json\/wp\/v2\/media?parent=4530"}],"curies":[{"name":"wp","href":"https:\/\/api.w.org\/{rel}","templated":true}]}}