{"id":4462,"date":"2019-03-07T11:59:55","date_gmt":"2019-03-07T09:59:55","guid":{"rendered":"https:\/\/blog.edu.turku.fi\/turunklassillinenlukio\/?page_id=4462"},"modified":"2019-03-07T11:59:55","modified_gmt":"2019-03-07T09:59:55","slug":"yes-kummi-anu-beranger-vierailee-rua06-kurssilla-1-3-2019","status":"publish","type":"page","link":"https:\/\/blog.edu.turku.fi\/turunklassillinenlukio\/tapahtumat\/tapahtumia-lukuvuodelta-2018-2019\/yes-kummi-anu-beranger-vierailee-rua06-kurssilla-1-3-2019\/","title":{"rendered":"YES-kummi Anu Beranger vierailee RUA06-kurssilla 1.3.2019"},"content":{"rendered":"<p>YES-kummi, Anu Beranger vieraili RUA06-kurssin tunnilla coachaamassa: auttamassa opiskelijoita parantamaan itsetuntemustaan, l\u00f6yt\u00e4m\u00e4\u00e4n vahvuutensa, rentoutumaan, l\u00e4hestym\u00e4\u00e4n haasteita rauhallisemmin, l\u00f6yt\u00e4m\u00e4\u00e4n uusia ajatuskuvioita. Toisaalta auttamassa opiskelijoita l\u00f6yt\u00e4m\u00e4\u00e4n taitonsa, jotka saattelevat heid\u00e4t ty\u00f6markkinoille, l\u00f6yt\u00e4m\u00e4\u00e4n sen mit\u00e4 haluavat. Esimerkiksi sosiaalisten taitojen oppiminen auttaa auttaa monessa, vaikkapa ty\u00f6haastattelussa.<\/p>\n<p>T\u00e4ll\u00e4 kertaa aiheina olivat mm. luonteenvahvuudet, vuorovaikutustaidot ja kielitaito ty\u00f6el\u00e4m\u00e4taitona. Opettaja Hanna Inkil\u00e4inen esitt\u00e4\u00e4 kiitokset Anulle inspiroivasta tunnista!<br \/>\n<a href=\"https:\/\/blog.edu.turku.fi\/turunklassillinenlukio\/files\/2019\/03\/IMG-20190301-WA0001.jpg\"><img loading=\"lazy\" decoding=\"async\" class=\"alignnone  wp-image-4463\" src=\"https:\/\/blog.edu.turku.fi\/turunklassillinenlukio\/files\/2019\/03\/IMG-20190301-WA0001-220x300.jpg\" alt=\"\" width=\"147\" height=\"200\" srcset=\"https:\/\/blog.edu.turku.fi\/turunklassillinenlukio\/files\/2019\/03\/IMG-20190301-WA0001-220x300.jpg 220w, https:\/\/blog.edu.turku.fi\/turunklassillinenlukio\/files\/2019\/03\/IMG-20190301-WA0001-751x1024.jpg 751w, https:\/\/blog.edu.turku.fi\/turunklassillinenlukio\/files\/2019\/03\/IMG-20190301-WA0001.jpg 1174w\" sizes=\"auto, (max-width: 147px) 100vw, 147px\" \/><\/a><a href=\"https:\/\/blog.edu.turku.fi\/turunklassillinenlukio\/files\/2019\/03\/IMG-20190301-WA0003.jpg\"> <img loading=\"lazy\" decoding=\"async\" class=\"alignnone  wp-image-4465\" src=\"https:\/\/blog.edu.turku.fi\/turunklassillinenlukio\/files\/2019\/03\/IMG-20190301-WA0003-225x300.jpg\" alt=\"\" width=\"150\" height=\"200\" srcset=\"https:\/\/blog.edu.turku.fi\/turunklassillinenlukio\/files\/2019\/03\/IMG-20190301-WA0003-225x300.jpg 225w, https:\/\/blog.edu.turku.fi\/turunklassillinenlukio\/files\/2019\/03\/IMG-20190301-WA0003-768x1024.jpg 768w, https:\/\/blog.edu.turku.fi\/turunklassillinenlukio\/files\/2019\/03\/IMG-20190301-WA0003.jpg 1200w\" sizes=\"auto, (max-width: 150px) 100vw, 150px\" \/><\/a> <a href=\"https:\/\/blog.edu.turku.fi\/turunklassillinenlukio\/files\/2019\/03\/IMG-20190301-WA0002.jpg\"> <img loading=\"lazy\" decoding=\"async\" class=\"alignnone  wp-image-4464\" src=\"https:\/\/blog.edu.turku.fi\/turunklassillinenlukio\/files\/2019\/03\/IMG-20190301-WA0002-300x225.jpg\" alt=\"\" width=\"267\" height=\"200\" srcset=\"https:\/\/blog.edu.turku.fi\/turunklassillinenlukio\/files\/2019\/03\/IMG-20190301-WA0002-300x225.jpg 300w, https:\/\/blog.edu.turku.fi\/turunklassillinenlukio\/files\/2019\/03\/IMG-20190301-WA0002-1024x768.jpg 1024w, https:\/\/blog.edu.turku.fi\/turunklassillinenlukio\/files\/2019\/03\/IMG-20190301-WA0002.jpg 1600w\" sizes=\"auto, (max-width: 267px) 100vw, 267px\" \/><\/a><\/p>\n","protected":false},"excerpt":{"rendered":"<p>YES-kummi, Anu Beranger vieraili RUA06-kurssin tunnilla coachaamassa: auttamassa opiskelijoita parantamaan itsetuntemustaan, l\u00f6yt\u00e4m\u00e4\u00e4n vahvuutensa, rentoutumaan, l\u00e4hestym\u00e4\u00e4n haasteita rauhallisemmin, l\u00f6yt\u00e4m\u00e4\u00e4n uusia ajatuskuvioita. Toisaalta auttamassa opiskelijoita l\u00f6yt\u00e4m\u00e4\u00e4n taitonsa, jotka saattelevat heid\u00e4t ty\u00f6markkinoille, l\u00f6yt\u00e4m\u00e4\u00e4n sen mit\u00e4 haluavat. Esimerkiksi sosiaalisten taitojen oppiminen auttaa auttaa monessa, &hellip; <a href=\"https:\/\/blog.edu.turku.fi\/turunklassillinenlukio\/tapahtumat\/tapahtumia-lukuvuodelta-2018-2019\/yes-kummi-anu-beranger-vierailee-rua06-kurssilla-1-3-2019\/\">Lue loppuun <span class=\"meta-nav\">&rarr;<\/span><\/a><\/p>\n","protected":false},"author":1368,"featured_media":0,"parent":4061,"menu_order":0,"comment_status":"closed","ping_status":"closed","template":"","meta":{"footnotes":""},"class_list":["post-4462","page","type-page","status-publish","hentry"],"_links":{"self":[{"href":"https:\/\/blog.edu.turku.fi\/turunklassillinenlukio\/wp-json\/wp\/v2\/pages\/4462","targetHints":{"allow":["GET"]}}],"collection":[{"href":"https:\/\/blog.edu.turku.fi\/turunklassillinenlukio\/wp-json\/wp\/v2\/pages"}],"about":[{"href":"https:\/\/blog.edu.turku.fi\/turunklassillinenlukio\/wp-json\/wp\/v2\/types\/page"}],"author":[{"embeddable":true,"href":"https:\/\/blog.edu.turku.fi\/turunklassillinenlukio\/wp-json\/wp\/v2\/users\/1368"}],"replies":[{"embeddable":true,"href":"https:\/\/blog.edu.turku.fi\/turunklassillinenlukio\/wp-json\/wp\/v2\/comments?post=4462"}],"version-history":[{"count":1,"href":"https:\/\/blog.edu.turku.fi\/turunklassillinenlukio\/wp-json\/wp\/v2\/pages\/4462\/revisions"}],"predecessor-version":[{"id":4466,"href":"https:\/\/blog.edu.turku.fi\/turunklassillinenlukio\/wp-json\/wp\/v2\/pages\/4462\/revisions\/4466"}],"up":[{"embeddable":true,"href":"https:\/\/blog.edu.turku.fi\/turunklassillinenlukio\/wp-json\/wp\/v2\/pages\/4061"}],"wp:attachment":[{"href":"https:\/\/blog.edu.turku.fi\/turunklassillinenlukio\/wp-json\/wp\/v2\/media?parent=4462"}],"curies":[{"name":"wp","href":"https:\/\/api.w.org\/{rel}","templated":true}]}}