{"id":4458,"date":"2019-03-07T10:54:46","date_gmt":"2019-03-07T08:54:46","guid":{"rendered":"https:\/\/blog.edu.turku.fi\/turunklassillinenlukio\/?page_id=4458"},"modified":"2019-03-07T12:56:26","modified_gmt":"2019-03-07T10:56:26","slug":"marko-jantunen-luennoin-paihderiippuvuudesta-6-3-2019","status":"publish","type":"page","link":"https:\/\/blog.edu.turku.fi\/turunklassillinenlukio\/tapahtumat\/tapahtumia-lukuvuodelta-2018-2019\/marko-jantunen-luennoin-paihderiippuvuudesta-6-3-2019\/","title":{"rendered":"Marko Jantunen luennoi p\u00e4ihderiippuvuudesta 6.3.2019"},"content":{"rendered":"<p>Ex-huippuj\u00e4\u00e4kiekkoilija Marko Jantunen tuli koulullemme ke 6.3.2019 klo 13.15 kertomaan p\u00e4ihderiippuvuudesta kertoen samalla oman tarinansa.<\/p>\n<p>Jantunen aloitti lyhyell\u00e4 videolla, jossa kertoo mitk\u00e4 tapahtumat vaikuttivat p\u00e4ihderiippuvuuden syntymiseen, jatkoi kertomalla omasta urastaan v\u00e4lill\u00e4 aina viitaten tuleviin p\u00e4ihdeongelmiinsa. P\u00e4\u00e4paino esityksen alussa oli kuitenkin p\u00e4ihderiippuvuus ja siihen liittyv\u00e4t k\u00e4sitteet: p\u00e4ihteet, addiktio, perinn\u00f6llisyys, kemiallinen riippuvuus, sairaus ja sen fyysiset, psyykkiset, sosiaaliset ja hengelliset oireet, sairauden kielt\u00e4minen, sen puolustelu, selittely ja kontrollointiyritykset.<\/p>\n<p>Jantusen k\u00e4ydess\u00e4 l\u00e4pi sairauden eli p\u00e4ihderiippuvuuden vaiheita, h\u00e4n otti mukaan oman tarinansa kaikessa karuudessaan. H\u00e4n kertoi miten sairauden alkuvaiheessa oli kaikki viel\u00e4 hauskaa ja sosiaalista, miten keskivaiheessa alkoi tulla ongelmia ihmissuhteissa, t\u00f6iss\u00e4 ja virkavallan kanssa ja miten loppuvaiheessa h\u00e4n menetti t\u00e4ysin kontrollin, menetti omaisuutensa, ty\u00f6ns\u00e4, perheens\u00e4, menetti kaiken ja miten lopulta vajosi julmaan alamaailmaan, joutui kokemaan kaikki sen lieveilmi\u00f6t ennenkuin se yksi todellinen yst\u00e4v\u00e4 sai vedetty\u00e4 h\u00e4net sielt\u00e4 pois ja ohjattua hoitoon.<br \/>\n<a href=\"https:\/\/blog.edu.turku.fi\/turunklassillinenlukio\/files\/2019\/03\/TUKLLU2.jpg\"><img loading=\"lazy\" decoding=\"async\" class=\"alignnone size-medium wp-image-4454\" src=\"https:\/\/blog.edu.turku.fi\/turunklassillinenlukio\/files\/2019\/03\/TUKLLU2-300x169.jpg\" alt=\"\" width=\"300\" height=\"169\" srcset=\"https:\/\/blog.edu.turku.fi\/turunklassillinenlukio\/files\/2019\/03\/TUKLLU2-300x169.jpg 300w, https:\/\/blog.edu.turku.fi\/turunklassillinenlukio\/files\/2019\/03\/TUKLLU2-1024x576.jpg 1024w, https:\/\/blog.edu.turku.fi\/turunklassillinenlukio\/files\/2019\/03\/TUKLLU2.jpg 1383w\" sizes=\"auto, (max-width: 300px) 100vw, 300px\" \/><\/a> <a href=\"https:\/\/blog.edu.turku.fi\/turunklassillinenlukio\/files\/2019\/03\/TUKLLU.jpg\"><img loading=\"lazy\" decoding=\"async\" class=\"alignnone size-medium wp-image-4453\" src=\"https:\/\/blog.edu.turku.fi\/turunklassillinenlukio\/files\/2019\/03\/TUKLLU-300x169.jpg\" alt=\"\" width=\"300\" height=\"169\" srcset=\"https:\/\/blog.edu.turku.fi\/turunklassillinenlukio\/files\/2019\/03\/TUKLLU-300x169.jpg 300w, https:\/\/blog.edu.turku.fi\/turunklassillinenlukio\/files\/2019\/03\/TUKLLU-1024x576.jpg 1024w, https:\/\/blog.edu.turku.fi\/turunklassillinenlukio\/files\/2019\/03\/TUKLLU.jpg 1383w\" sizes=\"auto, (max-width: 300px) 100vw, 300px\" \/><\/a><\/p>\n<p>Luento hiljensi lopussa yleis\u00f6n ja antoi varmasti kaikille kuulijoille ajateltavaa. Hienoa oli se, ett\u00e4 Jantunen tekee t\u00e4ll\u00e4 hetkell\u00e4 upeaa ty\u00f6t\u00e4 valistaakseen nuoria p\u00e4ihteiden vaaroista ja on itse edelleen kuivilla. Kiitos Marko!<\/p>\n","protected":false},"excerpt":{"rendered":"<p>Ex-huippuj\u00e4\u00e4kiekkoilija Marko Jantunen tuli koulullemme ke 6.3.2019 klo 13.15 kertomaan p\u00e4ihderiippuvuudesta kertoen samalla oman tarinansa. Jantunen aloitti lyhyell\u00e4 videolla, jossa kertoo mitk\u00e4 tapahtumat vaikuttivat p\u00e4ihderiippuvuuden syntymiseen, jatkoi kertomalla omasta urastaan v\u00e4lill\u00e4 aina viitaten tuleviin p\u00e4ihdeongelmiinsa. P\u00e4\u00e4paino esityksen alussa oli kuitenkin &hellip; <a href=\"https:\/\/blog.edu.turku.fi\/turunklassillinenlukio\/tapahtumat\/tapahtumia-lukuvuodelta-2018-2019\/marko-jantunen-luennoin-paihderiippuvuudesta-6-3-2019\/\">Lue loppuun <span class=\"meta-nav\">&rarr;<\/span><\/a><\/p>\n","protected":false},"author":1368,"featured_media":0,"parent":4061,"menu_order":0,"comment_status":"closed","ping_status":"closed","template":"","meta":{"footnotes":""},"class_list":["post-4458","page","type-page","status-publish","hentry"],"_links":{"self":[{"href":"https:\/\/blog.edu.turku.fi\/turunklassillinenlukio\/wp-json\/wp\/v2\/pages\/4458","targetHints":{"allow":["GET"]}}],"collection":[{"href":"https:\/\/blog.edu.turku.fi\/turunklassillinenlukio\/wp-json\/wp\/v2\/pages"}],"about":[{"href":"https:\/\/blog.edu.turku.fi\/turunklassillinenlukio\/wp-json\/wp\/v2\/types\/page"}],"author":[{"embeddable":true,"href":"https:\/\/blog.edu.turku.fi\/turunklassillinenlukio\/wp-json\/wp\/v2\/users\/1368"}],"replies":[{"embeddable":true,"href":"https:\/\/blog.edu.turku.fi\/turunklassillinenlukio\/wp-json\/wp\/v2\/comments?post=4458"}],"version-history":[{"count":2,"href":"https:\/\/blog.edu.turku.fi\/turunklassillinenlukio\/wp-json\/wp\/v2\/pages\/4458\/revisions"}],"predecessor-version":[{"id":4475,"href":"https:\/\/blog.edu.turku.fi\/turunklassillinenlukio\/wp-json\/wp\/v2\/pages\/4458\/revisions\/4475"}],"up":[{"embeddable":true,"href":"https:\/\/blog.edu.turku.fi\/turunklassillinenlukio\/wp-json\/wp\/v2\/pages\/4061"}],"wp:attachment":[{"href":"https:\/\/blog.edu.turku.fi\/turunklassillinenlukio\/wp-json\/wp\/v2\/media?parent=4458"}],"curies":[{"name":"wp","href":"https:\/\/api.w.org\/{rel}","templated":true}]}}