{"id":4449,"date":"2019-03-07T10:46:03","date_gmt":"2019-03-07T08:46:03","guid":{"rendered":"https:\/\/blog.edu.turku.fi\/turunklassillinenlukio\/?page_id=4449"},"modified":"2019-03-07T10:46:03","modified_gmt":"2019-03-07T08:46:03","slug":"luento-turun-huumetilanteesta-ja-marko-jantusen-tarina-5-3-2019","status":"publish","type":"page","link":"https:\/\/blog.edu.turku.fi\/turunklassillinenlukio\/tapahtumat\/tapahtumia-lukuvuodelta-2018-2019\/luento-turun-huumetilanteesta-ja-marko-jantusen-tarina-5-3-2019\/","title":{"rendered":"Luento Turun huumetilanteesta ja Marko Jantusen tarina 5.3.2019"},"content":{"rendered":"<p>Tiistaina 5.3. klo 18.00 oli kaikkien Turun suomenkielisten lukioiden huoltajat kutsuttu Turun Suomalaisen Yhteiskoulun lukion juhlasaliin kuuntelemaan katsausta Turun seudun t\u00e4m\u00e4n hetkisest\u00e4 huumetilanteesta sek\u00e4 Marko Jantusen rankkaa tarinaa siit\u00e4, miten huippuj\u00e4\u00e4kiekkoilijasta tulee narkomaani ja miten rankasta huumemaailmasta voi p\u00e4\u00e4st\u00e4 pois.<\/p>\n<p>Illan aloitti ylikonstaapeli Janne Aro-Heinil\u00e4, joka kertoi faktatietoa Turun alueella t\u00e4ll\u00e4 hetkell\u00e4 saavavilla olevista huumeista, niiden hankkimisesta, k\u00e4yt\u00f6n yleistymisest\u00e4 ja laajalle levinneist\u00e4 tapauksista. Tilanne ei ainakaan ole helpottunut poliisin n\u00e4k\u00f6kulmasta, sill\u00e4 verkossa tapahtuva viestint\u00e4 ja v\u00e4litt\u00e4minen sitovat entist\u00e4 enemm\u00e4n poliisien ty\u00f6nvoimaa.<br \/>\n<a href=\"https:\/\/blog.edu.turku.fi\/turunklassillinenlukio\/files\/2019\/03\/Janne.jpg\"><img loading=\"lazy\" decoding=\"async\" class=\"alignnone  wp-image-4450\" src=\"https:\/\/blog.edu.turku.fi\/turunklassillinenlukio\/files\/2019\/03\/Janne-169x300.jpg\" alt=\"\" width=\"113\" height=\"201\" srcset=\"https:\/\/blog.edu.turku.fi\/turunklassillinenlukio\/files\/2019\/03\/Janne-169x300.jpg 169w, https:\/\/blog.edu.turku.fi\/turunklassillinenlukio\/files\/2019\/03\/Janne-576x1024.jpg 576w, https:\/\/blog.edu.turku.fi\/turunklassillinenlukio\/files\/2019\/03\/Janne.jpg 778w\" sizes=\"auto, (max-width: 113px) 100vw, 113px\" \/><\/a><\/p>\n<p>T\u00e4st\u00e4 jatkoi ex-j\u00e4\u00e4kiekkoilija Marko Jantunen omalla esityksell\u00e4\u00e4n. Jantunen aloitti lyhyell\u00e4 videolla, jossa kertoo mitk\u00e4 tapahtumat vaikuttivat p\u00e4ihderiippuvuuden syntymiseen, jatkoi kertomalla omasta urastaan v\u00e4lill\u00e4 aina viitaten tuleviin p\u00e4ihdeongelmiinsa. P\u00e4\u00e4paino esityksen alussa oli kuitenkin p\u00e4ihderiippuvuus ja siihen liittyv\u00e4t k\u00e4sitteet: p\u00e4ihteet, addiktio, perinn\u00f6llisyys, kemiallinen riippuvuus, sairaus ja sen fyysiset, psyykkiset, sosiaaliset ja hengelliset oireet, sairauden kielt\u00e4minen, sen puolustelu, selittely ja kontrollointiyritykset.<\/p>\n<p>Jantusen k\u00e4ydess\u00e4 l\u00e4pi sairauden eli p\u00e4ihderiippuvuuden vaiheita, h\u00e4n otti mukaan oman tarinansa kaikessa karuudessaan. H\u00e4n kertoi miten sairauden alkuvaiheessa oli kaikki viel\u00e4 hauskaa ja sosiaalista, miten keskivaiheessa alkoi tulla ongelmia ihmissuhteissa, t\u00f6iss\u00e4 ja virkavallan kanssa ja miten loppuvaiheessa h\u00e4n menetti t\u00e4ysin kontrollin, menetti omaisuutensa, ty\u00f6ns\u00e4, perheens\u00e4, menetti kaiken ja miten vajosi julmaan alamaailmaan, joutui kokemaan kaikki sen lieveilmi\u00f6t ennenkuin se yksi todellinen yst\u00e4v\u00e4 sai vedetty\u00e4 h\u00e4net sielt\u00e4 pois ja ohjattua hoitoon.<br \/>\n<a href=\"https:\/\/blog.edu.turku.fi\/turunklassillinenlukio\/files\/2019\/03\/Marko.jpg\"><img loading=\"lazy\" decoding=\"async\" class=\"alignnone  wp-image-4451\" src=\"https:\/\/blog.edu.turku.fi\/turunklassillinenlukio\/files\/2019\/03\/Marko-169x300.jpg\" alt=\"\" width=\"113\" height=\"201\" srcset=\"https:\/\/blog.edu.turku.fi\/turunklassillinenlukio\/files\/2019\/03\/Marko-169x300.jpg 169w, https:\/\/blog.edu.turku.fi\/turunklassillinenlukio\/files\/2019\/03\/Marko-576x1024.jpg 576w, https:\/\/blog.edu.turku.fi\/turunklassillinenlukio\/files\/2019\/03\/Marko.jpg 778w\" sizes=\"auto, (max-width: 113px) 100vw, 113px\" \/><\/a> <a href=\"https:\/\/blog.edu.turku.fi\/turunklassillinenlukio\/files\/2019\/03\/TSYK.jpg\"><img loading=\"lazy\" decoding=\"async\" class=\"alignnone  wp-image-4452\" src=\"https:\/\/blog.edu.turku.fi\/turunklassillinenlukio\/files\/2019\/03\/TSYK-300x169.jpg\" alt=\"\" width=\"201\" height=\"113\" srcset=\"https:\/\/blog.edu.turku.fi\/turunklassillinenlukio\/files\/2019\/03\/TSYK-300x169.jpg 300w, https:\/\/blog.edu.turku.fi\/turunklassillinenlukio\/files\/2019\/03\/TSYK-1024x576.jpg 1024w, https:\/\/blog.edu.turku.fi\/turunklassillinenlukio\/files\/2019\/03\/TSYK.jpg 1383w\" sizes=\"auto, (max-width: 201px) 100vw, 201px\" \/><\/a><\/p>\n<p>Luento oli eritt\u00e4in pys\u00e4ytt\u00e4v\u00e4 ja antoi varmasti kaikille kuulijoille ajateltavaa. Hienoa oli se, ett\u00e4 Jantunen tekee t\u00e4ll\u00e4 hetkell\u00e4 upeaa ty\u00f6t\u00e4 valistaakseen nuoria p\u00e4ihteiden vaaroista ja on itse edelleen kuivilla.<\/p>\n<p>Suuret kiitokset sek\u00e4 ylikonstaapeli Janne Aro-Heinil\u00e4lle ett\u00e4 Marko Jantuselle onnistuneesta illasta.<\/p>\n","protected":false},"excerpt":{"rendered":"<p>Tiistaina 5.3. klo 18.00 oli kaikkien Turun suomenkielisten lukioiden huoltajat kutsuttu Turun Suomalaisen Yhteiskoulun lukion juhlasaliin kuuntelemaan katsausta Turun seudun t\u00e4m\u00e4n hetkisest\u00e4 huumetilanteesta sek\u00e4 Marko Jantusen rankkaa tarinaa siit\u00e4, miten huippuj\u00e4\u00e4kiekkoilijasta tulee narkomaani ja miten rankasta huumemaailmasta voi p\u00e4\u00e4st\u00e4 pois. &hellip; <a href=\"https:\/\/blog.edu.turku.fi\/turunklassillinenlukio\/tapahtumat\/tapahtumia-lukuvuodelta-2018-2019\/luento-turun-huumetilanteesta-ja-marko-jantusen-tarina-5-3-2019\/\">Lue loppuun <span class=\"meta-nav\">&rarr;<\/span><\/a><\/p>\n","protected":false},"author":1368,"featured_media":0,"parent":4061,"menu_order":0,"comment_status":"closed","ping_status":"closed","template":"","meta":{"footnotes":""},"class_list":["post-4449","page","type-page","status-publish","hentry"],"_links":{"self":[{"href":"https:\/\/blog.edu.turku.fi\/turunklassillinenlukio\/wp-json\/wp\/v2\/pages\/4449","targetHints":{"allow":["GET"]}}],"collection":[{"href":"https:\/\/blog.edu.turku.fi\/turunklassillinenlukio\/wp-json\/wp\/v2\/pages"}],"about":[{"href":"https:\/\/blog.edu.turku.fi\/turunklassillinenlukio\/wp-json\/wp\/v2\/types\/page"}],"author":[{"embeddable":true,"href":"https:\/\/blog.edu.turku.fi\/turunklassillinenlukio\/wp-json\/wp\/v2\/users\/1368"}],"replies":[{"embeddable":true,"href":"https:\/\/blog.edu.turku.fi\/turunklassillinenlukio\/wp-json\/wp\/v2\/comments?post=4449"}],"version-history":[{"count":1,"href":"https:\/\/blog.edu.turku.fi\/turunklassillinenlukio\/wp-json\/wp\/v2\/pages\/4449\/revisions"}],"predecessor-version":[{"id":4455,"href":"https:\/\/blog.edu.turku.fi\/turunklassillinenlukio\/wp-json\/wp\/v2\/pages\/4449\/revisions\/4455"}],"up":[{"embeddable":true,"href":"https:\/\/blog.edu.turku.fi\/turunklassillinenlukio\/wp-json\/wp\/v2\/pages\/4061"}],"wp:attachment":[{"href":"https:\/\/blog.edu.turku.fi\/turunklassillinenlukio\/wp-json\/wp\/v2\/media?parent=4449"}],"curies":[{"name":"wp","href":"https:\/\/api.w.org\/{rel}","templated":true}]}}