{"id":4419,"date":"2019-01-29T09:30:37","date_gmt":"2019-01-29T07:30:37","guid":{"rendered":"https:\/\/blog.edu.turku.fi\/turunklassillinenlukio\/?page_id=4419"},"modified":"2019-06-11T12:52:18","modified_gmt":"2019-06-11T09:52:18","slug":"tanssin-lukiodiplomien-katselmus-pe-18-1-2019-tntlla","status":"publish","type":"page","link":"https:\/\/blog.edu.turku.fi\/turunklassillinenlukio\/tapahtumat\/tapahtumia-lukuvuodelta-2018-2019\/tanssin-lukiodiplomien-katselmus-pe-18-1-2019-tntlla\/","title":{"rendered":"Tanssin lukiodiplomien katselmus pe 18.1.2019 TNT:ll\u00e4"},"content":{"rendered":"<p>Tanssilukiodiplomien arviointikatselmus pidettiin pe 18.1.2019 klo 18.00 ja ko 19.00 Turun Nuoren Teatterin tiloissa. Kahdessa n\u00e4yt\u00f6ksess\u00e4 t\u00e4ysille katsomoille esitetyt 3 diplomity\u00f6t\u00e4 arvioitiin lukiomme oman tanssiopettajan Miira Kaarenojan ja ulkopuolisen arvioitsijan, Tanssin l\u00e4ntisen aluekeskuksen toiminnanjohtajan Sanna Meskan toimesta.<\/p>\n<p>Tarkemmat tiedot diplomeista ja niiden tekij\u00f6ist\u00e4 l\u00f6ytyv\u00e4t alla olevasta ohjelmalehtisest\u00e4.<br \/>\n<a href=\"https:\/\/blog.edu.turku.fi\/turunklassillinenlukio\/files\/2019\/01\/Tanssidiplomit-k2019.pdf\">Tanssidiplomit k2019<\/a> (PDF, 296 kt)<\/p>\n","protected":false},"excerpt":{"rendered":"<p>Tanssilukiodiplomien arviointikatselmus pidettiin pe 18.1.2019 klo 18.00 ja ko 19.00 Turun Nuoren Teatterin tiloissa. Kahdessa n\u00e4yt\u00f6ksess\u00e4 t\u00e4ysille katsomoille esitetyt 3 diplomity\u00f6t\u00e4 arvioitiin lukiomme oman tanssiopettajan Miira Kaarenojan ja ulkopuolisen arvioitsijan, Tanssin l\u00e4ntisen aluekeskuksen toiminnanjohtajan Sanna Meskan toimesta. Tarkemmat tiedot diplomeista &hellip; <a href=\"https:\/\/blog.edu.turku.fi\/turunklassillinenlukio\/tapahtumat\/tapahtumia-lukuvuodelta-2018-2019\/tanssin-lukiodiplomien-katselmus-pe-18-1-2019-tntlla\/\">Lue loppuun <span class=\"meta-nav\">&rarr;<\/span><\/a><\/p>\n","protected":false},"author":1368,"featured_media":0,"parent":4061,"menu_order":0,"comment_status":"closed","ping_status":"closed","template":"","meta":{"footnotes":""},"class_list":["post-4419","page","type-page","status-publish","hentry"],"_links":{"self":[{"href":"https:\/\/blog.edu.turku.fi\/turunklassillinenlukio\/wp-json\/wp\/v2\/pages\/4419","targetHints":{"allow":["GET"]}}],"collection":[{"href":"https:\/\/blog.edu.turku.fi\/turunklassillinenlukio\/wp-json\/wp\/v2\/pages"}],"about":[{"href":"https:\/\/blog.edu.turku.fi\/turunklassillinenlukio\/wp-json\/wp\/v2\/types\/page"}],"author":[{"embeddable":true,"href":"https:\/\/blog.edu.turku.fi\/turunklassillinenlukio\/wp-json\/wp\/v2\/users\/1368"}],"replies":[{"embeddable":true,"href":"https:\/\/blog.edu.turku.fi\/turunklassillinenlukio\/wp-json\/wp\/v2\/comments?post=4419"}],"version-history":[{"count":2,"href":"https:\/\/blog.edu.turku.fi\/turunklassillinenlukio\/wp-json\/wp\/v2\/pages\/4419\/revisions"}],"predecessor-version":[{"id":4740,"href":"https:\/\/blog.edu.turku.fi\/turunklassillinenlukio\/wp-json\/wp\/v2\/pages\/4419\/revisions\/4740"}],"up":[{"embeddable":true,"href":"https:\/\/blog.edu.turku.fi\/turunklassillinenlukio\/wp-json\/wp\/v2\/pages\/4061"}],"wp:attachment":[{"href":"https:\/\/blog.edu.turku.fi\/turunklassillinenlukio\/wp-json\/wp\/v2\/media?parent=4419"}],"curies":[{"name":"wp","href":"https:\/\/api.w.org\/{rel}","templated":true}]}}