{"id":4402,"date":"2019-01-14T09:22:50","date_gmt":"2019-01-14T07:22:50","guid":{"rendered":"https:\/\/blog.edu.turku.fi\/turunklassillinenlukio\/?page_id=4402"},"modified":"2019-01-14T09:22:50","modified_gmt":"2019-01-14T07:22:50","slug":"suomenmestaruus-hopeaa-sokrates-vaittelykilpailussa-11-12-1-2019","status":"publish","type":"page","link":"https:\/\/blog.edu.turku.fi\/turunklassillinenlukio\/tapahtumat\/tapahtumia-lukuvuodelta-2018-2019\/suomenmestaruus-hopeaa-sokrates-vaittelykilpailussa-11-12-1-2019\/","title":{"rendered":"Suomenmestaruus hopeaa Sokrates-v\u00e4ittelykilpailussa 11.-12.1.2019"},"content":{"rendered":"<p>Sokrates-v\u00e4ittelykilpailu on Suomen suurin lukiolaisten v\u00e4ittelykilpailu. Nuorten filosofiatapahtuman yhteydess\u00e4 j\u00e4rjestett\u00e4v\u00e4 kisa toivottaa tervetulleeksi opiskelijat kaikista Suomen lukioista v\u00e4ittelem\u00e4\u00e4n! Kaksip\u00e4iv\u00e4isen kisan j\u00e4rjest\u00e4v\u00e4t Filosofian ja El\u00e4m\u00e4nkatsomustiedon opettajat Feto ry sek\u00e4 Dilemma ry eli Helsingin yliopiston filosofian opiskelijat.<\/p>\n<p>V\u00e4ittelyt alkoivat perjantaina 11.1. klo 14 ja jatkuvat halki koko tapahtuman huipentuen finaaliin Siltasaari-salissa lauantai-iltana 12.1.<\/p>\n<p>Vuoden 2019 v\u00e4ittelyaiheet liittyv\u00e4t Nufitin teemaan T\u00e4ydellinen:<\/p>\n<ol>\n<li>Jollei tavoittele t\u00e4ydellisyytt\u00e4, ei saavuta hyv\u00e4\u00e4.<\/li>\n<li>Vasta sitten kun kaiken teoria on valmis, voimme ymm\u00e4rt\u00e4\u00e4 maailman oikein.<\/li>\n<li>T\u00e4ydellisen v\u00e4ittelij\u00e4n pit\u00e4\u00e4 osata h\u00e4vit\u00e4.<\/li>\n<li>T\u00e4m\u00e4 on t\u00e4ydellisin mahdollinen maailma.<\/li>\n<li>T\u00e4ydellist\u00e4 rationaalisuutta on hy\u00f6dyllist\u00e4 tavoitella.<\/li>\n<li>Koska tiede on ep\u00e4t\u00e4ydellist\u00e4, pit\u00e4\u00e4 etsi\u00e4 muita selityksi\u00e4.<\/li>\n<li>T\u00e4ydellist\u00e4 vapautta ei ole.<\/li>\n<li>Jokainen lapsi on syntyess\u00e4\u00e4n t\u00e4ydellinen ihminen.<\/li>\n<li>T\u00e4ydellinen tasa-arvo on tavoiteltava ihanne.<\/li>\n<li>Tyydy tavalliseen.<\/li>\n<li>Ei tarvitse olla paras, riitt\u00e4\u00e4 kun on parempi kuin muut.<\/li>\n<li>Vain kauneudessa ihminen voi kokea t\u00e4ydellisyyden.<\/li>\n<li>\u00c4l\u00e4 rasita\u00a0toisia ep\u00e4t\u00e4ydellisyyksill\u00e4si.<\/li>\n<li>Ihmiskunnan pit\u00e4isi tavoitella t\u00e4ydellistymist\u00e4 teknologian avulla.<\/li>\n<li>Jumala on t\u00e4ydellinen.<\/li>\n<li>Ep\u00e4t\u00e4ydellisyys on kiinnostavampaa kuin t\u00e4ydellisyys.<\/li>\n<li>T\u00e4ydellinen sananvapaus vie tuhoon.<\/li>\n<li>Ihminen voi olla enemm\u00e4n tai v\u00e4hemm\u00e4n ihminen, sen\u00a0sijaan hevonen ei voi olla enemm\u00e4n tai v\u00e4hemm\u00e4n hevonen.<\/li>\n<\/ol>\n<p><a href=\"https:\/\/blog.edu.turku.fi\/turunklassillinenlukio\/files\/2019\/01\/v\u00e4ittelyjoukkue2019.jpg\"><img loading=\"lazy\" decoding=\"async\" class=\"wp-image-4404 alignleft\" src=\"https:\/\/blog.edu.turku.fi\/turunklassillinenlukio\/files\/2019\/01\/v\u00e4ittelyjoukkue2019-243x300.jpg\" alt=\"\" width=\"162\" height=\"200\" srcset=\"https:\/\/blog.edu.turku.fi\/turunklassillinenlukio\/files\/2019\/01\/v\u00e4ittelyjoukkue2019-243x300.jpg 243w, https:\/\/blog.edu.turku.fi\/turunklassillinenlukio\/files\/2019\/01\/v\u00e4ittelyjoukkue2019.jpg 777w\" sizes=\"auto, (max-width: 162px) 100vw, 162px\" \/><\/a>Lukiomme joukkue aloitti v\u00e4ittelyt lauantaina lohkossa IV yhdess\u00e4 Lyseonpuiston lukion, Tampereen yliopiston normaalikoulun lukion ja Turun suomalainen yhteiskoulun lukion kanssa ja eteni v\u00e4lieriin lohkovoittajana. V\u00e4lier\u00e4ss\u00e4 vastaan asettui Linnankoskenlukio, jonka voitettuaan joukkueemme eteni finaaliin Kallion lukiota vastaan. Kahden v\u00e4syneen joukkueen taistelu p\u00e4\u00e4ttyi Kallion lukion voittoon, mutta siit\u00e4 huolimatta saamme olla ylpeit\u00e4 joukkueestamme ja heid\u00e4n menestyksest\u00e4\u00e4n.<\/p>\n<p>Onnittelut &#8221;valmentajalle&#8221; Laura Apellille sek\u00e4 koko v\u00e4ittelyjoukkueelle; Meeri Mattila, Henrik H\u00f6rkk\u00f6, Kaneli Hautala, Anni Virtanen ja Silja Mets\u00e4t\u00e4hti. Lis\u00e4ksi taustatiimiss\u00e4 korvaamatonta valmistelu- ja kannustusapua antoivat kaikki muut v\u00e4ittelykerhon j\u00e4senet.<\/p>\n","protected":false},"excerpt":{"rendered":"<p>Sokrates-v\u00e4ittelykilpailu on Suomen suurin lukiolaisten v\u00e4ittelykilpailu. Nuorten filosofiatapahtuman yhteydess\u00e4 j\u00e4rjestett\u00e4v\u00e4 kisa toivottaa tervetulleeksi opiskelijat kaikista Suomen lukioista v\u00e4ittelem\u00e4\u00e4n! Kaksip\u00e4iv\u00e4isen kisan j\u00e4rjest\u00e4v\u00e4t Filosofian ja El\u00e4m\u00e4nkatsomustiedon opettajat Feto ry sek\u00e4 Dilemma ry eli Helsingin yliopiston filosofian opiskelijat. V\u00e4ittelyt alkoivat perjantaina 11.1. klo &hellip; <a href=\"https:\/\/blog.edu.turku.fi\/turunklassillinenlukio\/tapahtumat\/tapahtumia-lukuvuodelta-2018-2019\/suomenmestaruus-hopeaa-sokrates-vaittelykilpailussa-11-12-1-2019\/\">Lue loppuun <span class=\"meta-nav\">&rarr;<\/span><\/a><\/p>\n","protected":false},"author":1368,"featured_media":0,"parent":4061,"menu_order":0,"comment_status":"closed","ping_status":"closed","template":"","meta":{"footnotes":""},"class_list":["post-4402","page","type-page","status-publish","hentry"],"_links":{"self":[{"href":"https:\/\/blog.edu.turku.fi\/turunklassillinenlukio\/wp-json\/wp\/v2\/pages\/4402","targetHints":{"allow":["GET"]}}],"collection":[{"href":"https:\/\/blog.edu.turku.fi\/turunklassillinenlukio\/wp-json\/wp\/v2\/pages"}],"about":[{"href":"https:\/\/blog.edu.turku.fi\/turunklassillinenlukio\/wp-json\/wp\/v2\/types\/page"}],"author":[{"embeddable":true,"href":"https:\/\/blog.edu.turku.fi\/turunklassillinenlukio\/wp-json\/wp\/v2\/users\/1368"}],"replies":[{"embeddable":true,"href":"https:\/\/blog.edu.turku.fi\/turunklassillinenlukio\/wp-json\/wp\/v2\/comments?post=4402"}],"version-history":[{"count":2,"href":"https:\/\/blog.edu.turku.fi\/turunklassillinenlukio\/wp-json\/wp\/v2\/pages\/4402\/revisions"}],"predecessor-version":[{"id":4407,"href":"https:\/\/blog.edu.turku.fi\/turunklassillinenlukio\/wp-json\/wp\/v2\/pages\/4402\/revisions\/4407"}],"up":[{"embeddable":true,"href":"https:\/\/blog.edu.turku.fi\/turunklassillinenlukio\/wp-json\/wp\/v2\/pages\/4061"}],"wp:attachment":[{"href":"https:\/\/blog.edu.turku.fi\/turunklassillinenlukio\/wp-json\/wp\/v2\/media?parent=4402"}],"curies":[{"name":"wp","href":"https:\/\/api.w.org\/{rel}","templated":true}]}}