{"id":4398,"date":"2019-01-11T15:07:09","date_gmt":"2019-01-11T13:07:09","guid":{"rendered":"https:\/\/blog.edu.turku.fi\/turunklassillinenlukio\/?page_id=4398"},"modified":"2019-01-11T15:07:09","modified_gmt":"2019-01-11T13:07:09","slug":"illin-improillat-10-16-1-2019","status":"publish","type":"page","link":"https:\/\/blog.edu.turku.fi\/turunklassillinenlukio\/tapahtumat\/tapahtumia-lukuvuodelta-2018-2019\/illin-improillat-10-16-1-2019\/","title":{"rendered":"ILLIn improillat 10.-16.1.2019"},"content":{"rendered":"<p>Turun klassILLIsen lukion improillat p\u00e4\u00e4siv\u00e4t vauhtiin taas ILLI-luokassa!<br \/>\nT\u00e4ysi tupa ILLI-luokassa p\u00e4\u00e4si nauttimaan Impro 2-kurssilaisten hulvattomista improilloista. Iltoja j\u00e4rjestettiin kaikkiaan kolme:<br \/>\n10.1.2019 klo 18.00<br \/>\n14.1.2019 klo 18.00<br \/>\n16.1.2019 klo 18.00<br \/>\nEsitykset kestiv\u00e4t n. 45 min ja jokaisessa esityksess\u00e4 lavalla n\u00e4htiin eri kattaus taitavia opiskelijoita, joten paikalle tulleet p\u00e4\u00e4siv\u00e4t viihtym\u00e4\u00e4n kaikissa kolmessa esityksess\u00e4! Tilojen vuoksi paikkoja esityksiin oli rajoitetusti, jonka vuoksi l\u00e4hesk\u00e4\u00e4n kaikki halukkaat eiv\u00e4t p\u00e4\u00e4sseet katsomaan haluamaansa esityst\u00e4. Improillan tuotto k\u00e4ytet\u00e4\u00e4n kokonaisuudessaan illiopiskelijoiden hyv\u00e4ksi.<\/p>\n","protected":false},"excerpt":{"rendered":"<p>Turun klassILLIsen lukion improillat p\u00e4\u00e4siv\u00e4t vauhtiin taas ILLI-luokassa! T\u00e4ysi tupa ILLI-luokassa p\u00e4\u00e4si nauttimaan Impro 2-kurssilaisten hulvattomista improilloista. Iltoja j\u00e4rjestettiin kaikkiaan kolme: 10.1.2019 klo 18.00 14.1.2019 klo 18.00 16.1.2019 klo 18.00 Esitykset kestiv\u00e4t n. 45 min ja jokaisessa esityksess\u00e4 lavalla n\u00e4htiin &hellip; <a href=\"https:\/\/blog.edu.turku.fi\/turunklassillinenlukio\/tapahtumat\/tapahtumia-lukuvuodelta-2018-2019\/illin-improillat-10-16-1-2019\/\">Lue loppuun <span class=\"meta-nav\">&rarr;<\/span><\/a><\/p>\n","protected":false},"author":1368,"featured_media":0,"parent":4061,"menu_order":0,"comment_status":"closed","ping_status":"closed","template":"","meta":{"footnotes":""},"class_list":["post-4398","page","type-page","status-publish","hentry"],"_links":{"self":[{"href":"https:\/\/blog.edu.turku.fi\/turunklassillinenlukio\/wp-json\/wp\/v2\/pages\/4398","targetHints":{"allow":["GET"]}}],"collection":[{"href":"https:\/\/blog.edu.turku.fi\/turunklassillinenlukio\/wp-json\/wp\/v2\/pages"}],"about":[{"href":"https:\/\/blog.edu.turku.fi\/turunklassillinenlukio\/wp-json\/wp\/v2\/types\/page"}],"author":[{"embeddable":true,"href":"https:\/\/blog.edu.turku.fi\/turunklassillinenlukio\/wp-json\/wp\/v2\/users\/1368"}],"replies":[{"embeddable":true,"href":"https:\/\/blog.edu.turku.fi\/turunklassillinenlukio\/wp-json\/wp\/v2\/comments?post=4398"}],"version-history":[{"count":1,"href":"https:\/\/blog.edu.turku.fi\/turunklassillinenlukio\/wp-json\/wp\/v2\/pages\/4398\/revisions"}],"predecessor-version":[{"id":4399,"href":"https:\/\/blog.edu.turku.fi\/turunklassillinenlukio\/wp-json\/wp\/v2\/pages\/4398\/revisions\/4399"}],"up":[{"embeddable":true,"href":"https:\/\/blog.edu.turku.fi\/turunklassillinenlukio\/wp-json\/wp\/v2\/pages\/4061"}],"wp:attachment":[{"href":"https:\/\/blog.edu.turku.fi\/turunklassillinenlukio\/wp-json\/wp\/v2\/media?parent=4398"}],"curies":[{"name":"wp","href":"https:\/\/api.w.org\/{rel}","templated":true}]}}