{"id":4373,"date":"2018-12-21T09:57:48","date_gmt":"2018-12-21T07:57:48","guid":{"rendered":"https:\/\/blog.edu.turku.fi\/turunklassillinenlukio\/?page_id=4373"},"modified":"2018-12-21T09:57:48","modified_gmt":"2018-12-21T07:57:48","slug":"allia-illia-ja-lyhareita-pe-21-12-2018","status":"publish","type":"page","link":"https:\/\/blog.edu.turku.fi\/turunklassillinenlukio\/tapahtumat\/tapahtumia-lukuvuodelta-2018-2019\/allia-illia-ja-lyhareita-pe-21-12-2018\/","title":{"rendered":"\u00c4lli\u00e4, illi\u00e4 ja lyh\u00e4reit\u00e4 pe 21.12.2018"},"content":{"rendered":"<p>Klassillinen lukio osallistuu kansainv\u00e4liseen lyhytelokuvap\u00e4iv\u00e4\u00e4n perjantaina 21.12. omalla lyhytelokuvatapahtumallaan.<\/p>\n<p>Elokuvia esitet\u00e4\u00e4n mediateekiss\u00e4 ensimm\u00e4isell\u00e4 v\u00e4litunnilla klo 9.30 &#8211; 9.45 sek\u00e4 ruokatuntien aikana klo 11.00 &#8211; 12.30. Tarjolla on jouluisia lyh\u00e4reit\u00e4 sek\u00e4 Rakkautta &amp; anarkiaa -elokuvafestivaalin lyh\u00e4riparhaimmistoa. Elokuvia katsotaan ja k\u00e4sitell\u00e4\u00e4n my\u00f6s osalla oppitunneista.<\/p>\n<p>Tervetuloa! Koulu tarjoaa popparit. \ud83d\ude42<\/p>\n<p><strong>OHJELMISTO:<br \/>\n<\/strong><strong>klo 9.30<br \/>\n<\/strong>HYV\u00c4\u00c4 JOULUA<br \/>\n10 min | Fin\/Eng | S | Ohjaus: Matti Ij\u00e4s<br \/>\nRaitiovaunukuski Asko l\u00f6yt\u00e4\u00e4 jouluaattona vauvan raitiovaunustaan. Asko l\u00e4htee etsim\u00e4\u00e4n vauvalle kotia.<\/p>\n<p><strong>klo 11.00 &#8211; 12.30<br \/>\n<\/strong>STAR SHAPED SCAR<br \/>\nSuomi | 2018 | Dokumentti | 12 min | Fin\/Eng | K7 | Ohjaus: Virva Kunttu, Vuokko Kunttu<br \/>\nJasmin Britney pit\u00e4\u00e4 prinsessamekoista, meikeist\u00e4 ja kaikista ihanista ja kiilt\u00e4vist\u00e4 tavaroista. H\u00e4nen suurin intohimonsa ovat kalliit Christian Louboutine -keng\u00e4t. N\u00e4ill\u00e4 kengill\u00e4 on niin korkea korko, ett\u00e4 niill\u00e4 on mahdoton k\u00e4vell\u00e4. R&amp;A Shorts -p\u00e4\u00e4palkinnon voittaja.<\/p>\n<p>ME EI VIETET\u00c4 JOULUA<br \/>\n10 min | Fin\/Eng<br \/>\nN\u00e4lk\u00e4iset kaverukset vierailevat naapurissa asuvan somaliperheen luona ilmaisen aterian toivossa.<\/p>\n<p>KELLE KELLOT KILAHTAA<br \/>\n8 min |\u00a0No dialogue \/ Ei dialogia | K12 | Ohjaus: Samppa Kukkonen<br \/>\nSamppa Kukkosen (Turun taideakatemiasta) animaatiossa pohjoisen mets\u00e4ss\u00e4 tapahtuu hirve\u00e4 onnettomuus, joka pilaa kaikkien joulun.<\/p>\n<p>RARE EXPORTS INC.<br \/>\n8 min | Eng | <strong>HUOM! K16<\/strong> | Ohjaus: Jalmari Helander<br \/>\nAlunperin mainostuotantoyhti\u00f6n asiakkaille joululahjaksi tehty lyhytelokuva, josta tuli kansainv\u00e4linen huippumenestys. Rare Exports Inc. on kuvitteellinen yritysesittely firmasta, joka tekee vaarallisista luonnonvaraisista joulupukeista haluttua kansainv\u00e4list\u00e4 kauppatavaraa, kilttej\u00e4 ostoskeskuspukkeja.<\/p>\n<p>SIIVOOJA<br \/>\nSuomi | 2018 | Fiktio | 16 min | Fin\/Eng | K7 | Ohjaus: Teemu Nikki<br \/>\nSiivotessaan siivooja l\u00f6yt\u00e4\u00e4 itsens\u00e4 odottamattomasta tilanteesta.<\/p>\n<p>VIIME HETKEN OSTOKSIA<br \/>\n2001 | 14 min | Fin | S | Ohjaus: Zaida Bergroth<br \/>\nT\u00e4n\u00e4 vuonna joulupukki tarvitsee apua. Pertill\u00e4 ei ole varaa ostaa tytt\u00e4relleen joululahjaa.<\/p>\n","protected":false},"excerpt":{"rendered":"<p>Klassillinen lukio osallistuu kansainv\u00e4liseen lyhytelokuvap\u00e4iv\u00e4\u00e4n perjantaina 21.12. omalla lyhytelokuvatapahtumallaan. Elokuvia esitet\u00e4\u00e4n mediateekiss\u00e4 ensimm\u00e4isell\u00e4 v\u00e4litunnilla klo 9.30 &#8211; 9.45 sek\u00e4 ruokatuntien aikana klo 11.00 &#8211; 12.30. Tarjolla on jouluisia lyh\u00e4reit\u00e4 sek\u00e4 Rakkautta &amp; anarkiaa -elokuvafestivaalin lyh\u00e4riparhaimmistoa. Elokuvia katsotaan ja k\u00e4sitell\u00e4\u00e4n my\u00f6s &hellip; <a href=\"https:\/\/blog.edu.turku.fi\/turunklassillinenlukio\/tapahtumat\/tapahtumia-lukuvuodelta-2018-2019\/allia-illia-ja-lyhareita-pe-21-12-2018\/\">Lue loppuun <span class=\"meta-nav\">&rarr;<\/span><\/a><\/p>\n","protected":false},"author":1368,"featured_media":0,"parent":4061,"menu_order":0,"comment_status":"closed","ping_status":"closed","template":"","meta":{"footnotes":""},"class_list":["post-4373","page","type-page","status-publish","hentry"],"_links":{"self":[{"href":"https:\/\/blog.edu.turku.fi\/turunklassillinenlukio\/wp-json\/wp\/v2\/pages\/4373","targetHints":{"allow":["GET"]}}],"collection":[{"href":"https:\/\/blog.edu.turku.fi\/turunklassillinenlukio\/wp-json\/wp\/v2\/pages"}],"about":[{"href":"https:\/\/blog.edu.turku.fi\/turunklassillinenlukio\/wp-json\/wp\/v2\/types\/page"}],"author":[{"embeddable":true,"href":"https:\/\/blog.edu.turku.fi\/turunklassillinenlukio\/wp-json\/wp\/v2\/users\/1368"}],"replies":[{"embeddable":true,"href":"https:\/\/blog.edu.turku.fi\/turunklassillinenlukio\/wp-json\/wp\/v2\/comments?post=4373"}],"version-history":[{"count":1,"href":"https:\/\/blog.edu.turku.fi\/turunklassillinenlukio\/wp-json\/wp\/v2\/pages\/4373\/revisions"}],"predecessor-version":[{"id":4374,"href":"https:\/\/blog.edu.turku.fi\/turunklassillinenlukio\/wp-json\/wp\/v2\/pages\/4373\/revisions\/4374"}],"up":[{"embeddable":true,"href":"https:\/\/blog.edu.turku.fi\/turunklassillinenlukio\/wp-json\/wp\/v2\/pages\/4061"}],"wp:attachment":[{"href":"https:\/\/blog.edu.turku.fi\/turunklassillinenlukio\/wp-json\/wp\/v2\/media?parent=4373"}],"curies":[{"name":"wp","href":"https:\/\/api.w.org\/{rel}","templated":true}]}}