{"id":4336,"date":"2018-11-28T14:01:26","date_gmt":"2018-11-28T12:01:26","guid":{"rendered":"https:\/\/blog.edu.turku.fi\/turunklassillinenlukio\/?page_id=4336"},"modified":"2019-11-13T14:27:36","modified_gmt":"2019-11-13T12:27:36","slug":"ilmaisulinja-etukateistehtava","status":"publish","type":"page","link":"https:\/\/blog.edu.turku.fi\/turunklassillinenlukio\/hakeminen\/ilmaisulinja\/ilmaisulinja-etukateistehtava\/","title":{"rendered":"Ilmaisulinja etuk\u00e4teisteht\u00e4v\u00e4"},"content":{"rendered":"<h2><strong><em>Teht\u00e4v\u00e4nanto (kev\u00e4t 2020)<br \/>\n<\/em><\/strong><\/h2>\n<p>Kirjoita 1-2 sivun mittainen teksti tai tee korkeintaan kolmen minuutin pituinen video, jossa esittelet itsesi, pohdit suhdettasi ilmaisuun ja taiteeseen sek\u00e4 perustelet hakuvalintaasi. Voit muotoilla tekstisi esimerkiksi seuraavien kysymysten pohjalta:Kuka olet? Kuvaile itse\u00e4si.<\/p>\n<p>Mit\u00e4 harrastat ja mist\u00e4 asioista olet kiinnostunut?<\/p>\n<p>Mik\u00e4 on suhteesi taiteeseen ja sen tekemiseen, erityisesti ilmaisulinjamme painopistealueisiin (teatteri, media, tanssi)?<\/p>\n<p>Miksi Turun klassillisen lukion ilmaisulinja olisi oikea paikka sinulle?<\/p>\n<h2><strong><em>Pisteytys<\/em><\/strong><\/h2>\n<p>Todistuksen keskiarvosta saat max 10p. (esim. keskiarvo 8,7 =8,7p.). Etuk\u00e4teisteht\u00e4v\u00e4st\u00e4 voi saada max 4p ja kirjallisesta p\u00e4\u00e4sykoeteht\u00e4v\u00e4st\u00e4 max 5p. sek\u00e4 yhden harkinnanvaraisen pisteen, jos jokin teht\u00e4v\u00e4 osoittaa erityisi\u00e4 ansioita.<\/p>\n<p>Etuk\u00e4teisteht\u00e4v\u00e4n arvioinnissa kiinnitet\u00e4\u00e4n huomiota motivoituneisuuteen, aktiivisuuteen, pohdintaan sek\u00e4 selke\u00e4\u00e4n ja persoonalliseen esitystapaan.<\/p>\n<h2><strong><em>Etuk\u00e4teisteht\u00e4v\u00e4n palautus<\/em><\/strong><\/h2>\n<p>Kirjallisesti tehty teht\u00e4v\u00e4 palautetaan printattuna p\u00e4\u00e4sykokeeseen tultaessa. Videomuotoiseen esittelyyn osoittava linkki tulee l\u00e4hett\u00e4\u00e4\u00a0osoitteeseen klassillinen.lukio@turku.fi viimeist\u00e4\u00e4n p\u00e4\u00e4sykoep\u00e4iv\u00e4n\u00e4 klo 10.00. M\u00e4\u00e4r\u00e4ajan j\u00e4lkeen palautettuja teht\u00e4vi\u00e4 ei oteta huomioon p\u00e4\u00e4sykokeen pisteytyksess\u00e4.<\/p>\n","protected":false},"excerpt":{"rendered":"<p>Teht\u00e4v\u00e4nanto (kev\u00e4t 2020) Kirjoita 1-2 sivun mittainen teksti tai tee korkeintaan kolmen minuutin pituinen video, jossa esittelet itsesi, pohdit suhdettasi ilmaisuun ja taiteeseen sek\u00e4 perustelet hakuvalintaasi. Voit muotoilla tekstisi esimerkiksi seuraavien kysymysten pohjalta:Kuka olet? Kuvaile itse\u00e4si. Mit\u00e4 harrastat ja mist\u00e4 &hellip; <a href=\"https:\/\/blog.edu.turku.fi\/turunklassillinenlukio\/hakeminen\/ilmaisulinja\/ilmaisulinja-etukateistehtava\/\">Lue loppuun <span class=\"meta-nav\">&rarr;<\/span><\/a><\/p>\n","protected":false},"author":1368,"featured_media":0,"parent":50,"menu_order":0,"comment_status":"closed","ping_status":"closed","template":"","meta":{"footnotes":""},"class_list":["post-4336","page","type-page","status-publish","hentry"],"_links":{"self":[{"href":"https:\/\/blog.edu.turku.fi\/turunklassillinenlukio\/wp-json\/wp\/v2\/pages\/4336","targetHints":{"allow":["GET"]}}],"collection":[{"href":"https:\/\/blog.edu.turku.fi\/turunklassillinenlukio\/wp-json\/wp\/v2\/pages"}],"about":[{"href":"https:\/\/blog.edu.turku.fi\/turunklassillinenlukio\/wp-json\/wp\/v2\/types\/page"}],"author":[{"embeddable":true,"href":"https:\/\/blog.edu.turku.fi\/turunklassillinenlukio\/wp-json\/wp\/v2\/users\/1368"}],"replies":[{"embeddable":true,"href":"https:\/\/blog.edu.turku.fi\/turunklassillinenlukio\/wp-json\/wp\/v2\/comments?post=4336"}],"version-history":[{"count":4,"href":"https:\/\/blog.edu.turku.fi\/turunklassillinenlukio\/wp-json\/wp\/v2\/pages\/4336\/revisions"}],"predecessor-version":[{"id":4871,"href":"https:\/\/blog.edu.turku.fi\/turunklassillinenlukio\/wp-json\/wp\/v2\/pages\/4336\/revisions\/4871"}],"up":[{"embeddable":true,"href":"https:\/\/blog.edu.turku.fi\/turunklassillinenlukio\/wp-json\/wp\/v2\/pages\/50"}],"wp:attachment":[{"href":"https:\/\/blog.edu.turku.fi\/turunklassillinenlukio\/wp-json\/wp\/v2\/media?parent=4336"}],"curies":[{"name":"wp","href":"https:\/\/api.w.org\/{rel}","templated":true}]}}