{"id":4226,"date":"2018-10-31T14:04:26","date_gmt":"2018-10-31T12:04:26","guid":{"rendered":"https:\/\/blog.edu.turku.fi\/turunklassillinenlukio\/?page_id=4226"},"modified":"2019-01-14T09:23:57","modified_gmt":"2019-01-14T07:23:57","slug":"vasltakunnallinen-politiikkaviikko-29-10-2-11-2018","status":"publish","type":"page","link":"https:\/\/blog.edu.turku.fi\/turunklassillinenlukio\/tapahtumat\/tapahtumia-lukuvuodelta-2018-2019\/vasltakunnallinen-politiikkaviikko-29-10-2-11-2018\/","title":{"rendered":"Vasltakunnallinen politiikkaviikko 29.10.-2.11.2018"},"content":{"rendered":"<div class=\"dialog-off-canvas-main-canvas\">\n<div class=\"l-container\">\n<div class=\"l-content\">\n<div id=\"block-alli-theme-content\">\n<div class=\"node node--type-landing-page node--view-mode-full ds-1col clearfix\">\n<section class=\"l-section\">\n<div class=\"l l-padding\">\n<div class=\"textarea textarea--liftup\">\n<p>Allianssi ry:n j\u00e4rjest\u00e4m\u00e4 politiikkaviikko toteutettiin valtakunnallisesti 29.10.-2.11. Kyseess\u00e4 on vuosittainen teemaviikko, jonka aikana tutustutaan\u00a0politiikan toimintamekanismeihin sek\u00e4 ajankohtaisiin poliittisiin aiheisiin eri tavoin.<\/p>\n<div class=\"dialog-off-canvas-main-canvas\">\n<div class=\"l-container\">\n<div class=\"l-content\">\n<div id=\"block-alli-theme-content\">\n<div class=\"node node--type-landing-page node--view-mode-full ds-1col clearfix\">\n<section class=\"l-section\">\n<div class=\"l l-padding\">\n<div class=\"textarea textarea--liftup\">\n<p>Politiikkaviikon tavoitteena on\u00a0lis\u00e4t\u00e4 nuorten tietoa ja ymm\u00e4rryst\u00e4 politiikasta ja poliittisen vaikuttamisen mahdollisuuksista, tarjota ajantasaista oppimateriaalia ja toiminnallisia menetelmi\u00e4 yhteiskunnallisesta vaikuttamisesta sek\u00e4\u00a0tuoda nuoret ja\u00a0 poliittiset toimijat l\u00e4hemm\u00e4s toisiaan ja tehd\u00e4 yhteiskunnallisesta osallistumisesta luonteva osa nuorten el\u00e4m\u00e4\u00e4.<\/p>\n<p>Meid\u00e4n koulumme politiikkaviikko keskittyi tiistaille. P\u00e4iv\u00e4 aloitettiin opiskelijakunnan hallituksen politiikka-aiheisella p\u00e4iv\u00e4navauksella. Kello yhdeksitoista 2. kerroksen aulaan oli kutsuttu turkulaisia vaikuttajia sek\u00e4 politiikan ett\u00e4 j\u00e4rjest\u00f6jen taholta. Opiskelijoillamme oli mahdollisuus k\u00e4yd\u00e4 kyselem\u00e4ss\u00e4 puolueiden ja j\u00e4rjest\u00f6jen edustajilta yleisest\u00e4 ja poliittisesta vaikuttamisesta. T\u00e4m\u00e4n j\u00e4lkeen jatkettiin liikuntasalissa vaikuttamisen paneelikeskustelulla. Keskusteluun osallistuvat mm. kaupunginhallituksen puheenjohtaja Lauri Kattelus, Toni Saarinen, valtuutetut Riina Lumme, Henna Takatalo, Berhan Ahmadi sek\u00e4 Suomen lukiolaistenliiton edustaja Aleksi Aalto, Nuorivaltuuston edustaja Tatu Alari ja koulumme opiskelijakunnan hallituksen puheenjohtaja Silja Mets\u00e4t\u00e4hti. Paneelia johtivat opiskelijamme Iida-Mari Mikkonen ja Otso V\u00e4is\u00e4nen.<\/p>\n<p>Lauri Katteluksen sanoin, erinomaiset panelistit ja poikkeuksellisen valveutunut yleis\u00f6 saivat lyhyess\u00e4 ajassa vaikeasta aiheesta<span class=\"text_exposed_show\"> aikaan kaikkia puhuttelevan keskustelun.<\/span><\/p>\n<p><a href=\"https:\/\/blog.edu.turku.fi\/turunklassillinenlukio\/files\/2018\/10\/paneeli1.jpg\"><img loading=\"lazy\" decoding=\"async\" class=\"alignnone wp-image-4227\" src=\"https:\/\/blog.edu.turku.fi\/turunklassillinenlukio\/files\/2018\/10\/paneeli1-300x225.jpg\" alt=\"\" width=\"200\" height=\"150\" srcset=\"https:\/\/blog.edu.turku.fi\/turunklassillinenlukio\/files\/2018\/10\/paneeli1-300x225.jpg 300w, https:\/\/blog.edu.turku.fi\/turunklassillinenlukio\/files\/2018\/10\/paneeli1.jpg 922w\" sizes=\"auto, (max-width: 200px) 100vw, 200px\" \/><\/a> <a href=\"https:\/\/blog.edu.turku.fi\/turunklassillinenlukio\/files\/2018\/10\/Paneeli2.jpg\"><img loading=\"lazy\" decoding=\"async\" class=\"alignnone wp-image-4228\" src=\"https:\/\/blog.edu.turku.fi\/turunklassillinenlukio\/files\/2018\/10\/Paneeli2-300x225.jpg\" alt=\"\" width=\"200\" height=\"150\" srcset=\"https:\/\/blog.edu.turku.fi\/turunklassillinenlukio\/files\/2018\/10\/Paneeli2-300x225.jpg 300w, https:\/\/blog.edu.turku.fi\/turunklassillinenlukio\/files\/2018\/10\/Paneeli2.jpg 922w\" sizes=\"auto, (max-width: 200px) 100vw, 200px\" \/><\/a><\/p>\n<p>&nbsp;<\/p>\n<\/div>\n<\/div>\n<\/section>\n<\/div>\n<\/div>\n<\/div>\n<\/div>\n<\/div>\n<\/div>\n<\/div>\n<\/section>\n<\/div>\n<\/div>\n<\/div>\n<\/div>\n<\/div>\n","protected":false},"excerpt":{"rendered":"<p>Allianssi ry:n j\u00e4rjest\u00e4m\u00e4 politiikkaviikko toteutettiin valtakunnallisesti 29.10.-2.11. Kyseess\u00e4 on vuosittainen teemaviikko, jonka aikana tutustutaan\u00a0politiikan toimintamekanismeihin sek\u00e4 ajankohtaisiin poliittisiin aiheisiin eri tavoin. Politiikkaviikon tavoitteena on\u00a0lis\u00e4t\u00e4 nuorten tietoa ja ymm\u00e4rryst\u00e4 politiikasta ja poliittisen vaikuttamisen mahdollisuuksista, tarjota ajantasaista oppimateriaalia ja toiminnallisia menetelmi\u00e4 yhteiskunnallisesta &hellip; <a href=\"https:\/\/blog.edu.turku.fi\/turunklassillinenlukio\/tapahtumat\/tapahtumia-lukuvuodelta-2018-2019\/vasltakunnallinen-politiikkaviikko-29-10-2-11-2018\/\">Lue loppuun <span class=\"meta-nav\">&rarr;<\/span><\/a><\/p>\n","protected":false},"author":1368,"featured_media":0,"parent":4061,"menu_order":0,"comment_status":"closed","ping_status":"closed","template":"","meta":{"footnotes":""},"class_list":["post-4226","page","type-page","status-publish","hentry"],"_links":{"self":[{"href":"https:\/\/blog.edu.turku.fi\/turunklassillinenlukio\/wp-json\/wp\/v2\/pages\/4226","targetHints":{"allow":["GET"]}}],"collection":[{"href":"https:\/\/blog.edu.turku.fi\/turunklassillinenlukio\/wp-json\/wp\/v2\/pages"}],"about":[{"href":"https:\/\/blog.edu.turku.fi\/turunklassillinenlukio\/wp-json\/wp\/v2\/types\/page"}],"author":[{"embeddable":true,"href":"https:\/\/blog.edu.turku.fi\/turunklassillinenlukio\/wp-json\/wp\/v2\/users\/1368"}],"replies":[{"embeddable":true,"href":"https:\/\/blog.edu.turku.fi\/turunklassillinenlukio\/wp-json\/wp\/v2\/comments?post=4226"}],"version-history":[{"count":4,"href":"https:\/\/blog.edu.turku.fi\/turunklassillinenlukio\/wp-json\/wp\/v2\/pages\/4226\/revisions"}],"predecessor-version":[{"id":4409,"href":"https:\/\/blog.edu.turku.fi\/turunklassillinenlukio\/wp-json\/wp\/v2\/pages\/4226\/revisions\/4409"}],"up":[{"embeddable":true,"href":"https:\/\/blog.edu.turku.fi\/turunklassillinenlukio\/wp-json\/wp\/v2\/pages\/4061"}],"wp:attachment":[{"href":"https:\/\/blog.edu.turku.fi\/turunklassillinenlukio\/wp-json\/wp\/v2\/media?parent=4226"}],"curies":[{"name":"wp","href":"https:\/\/api.w.org\/{rel}","templated":true}]}}