{"id":4189,"date":"2018-10-11T11:52:33","date_gmt":"2018-10-11T08:52:33","guid":{"rendered":"https:\/\/blog.edu.turku.fi\/turunklassillinenlukio\/?page_id=4189"},"modified":"2018-11-09T11:47:59","modified_gmt":"2018-11-09T09:47:59","slug":"teatterin-lukiodiplomit","status":"publish","type":"page","link":"https:\/\/blog.edu.turku.fi\/turunklassillinenlukio\/tapahtumat\/tapahtumia-lukuvuodelta-2018-2019\/teatterin-lukiodiplomit\/","title":{"rendered":"Teatterin lukiodiplomit 9.-10.11.2018"},"content":{"rendered":"<h2><strong>TEATTERIN LUKIODIPLOMIT<\/strong><\/h2>\n<p>Diplomity\u00f6t ovat mainio kurkistusikkuna siihen millaisena abiturientit kokevat ymp\u00e4r\u00f6iv\u00e4n maailman juuri nyt.<\/p>\n<p>VARAA OMA PAIKKASI ETUK\u00c4TEEN S\u00c4HK\u00d6POSTITSE: varaukset.tuklu@gmail.com<\/p>\n<p>Paikkoja on rajoitetusti ja nopeat sy\u00f6v\u00e4t hitaat. Varmista paikkasi ajoissa! My\u00f6s kenraaliesitysten paikat tulee varata etuk\u00e4teen. Esitykset ovat maksuttomia.<\/p>\n<p>Pid\u00e4t\u00e4mme oikeuden muutoksiin.<\/p>\n<p><strong>DIPLOMIKATSELMUS<\/strong><br \/>\nIlliheimoneuvoston kahvikipsa herkkuineen aukeaa pe klo 14.30. Vain k\u00e4teinen. =)<\/p>\n<p><strong>PE 9.11.2018<\/strong><br \/>\n<em><strong>Klo 14.45<\/strong><\/em> Katselmuksen avaus 2. kerroksen aulassa<\/p>\n<p><em><strong>Klo 15.00- 15.30<\/strong><\/em> illiluokka: <strong>Nallekarkit<\/strong><br \/>\nReeta ei halua kertoa itsest\u00e4\u00e4n mit\u00e4\u00e4n, kenellek\u00e4\u00e4n, eik\u00e4 h\u00e4n varsinkaan halua, ett\u00e4 kukaan saa tiet\u00e4\u00e4 todellisuuden rajalla tanssivasta \u00e4idist\u00e4. Aikaisempi todellisuus, jonka keski\u00f6ss\u00e4 olivat vain ty\u00f6t\u00f6n \u00e4iti ja nettikaveri Pupu, kuitenkin muuttuu, kun Reeta tapaa itsevarman Santun, joka vaatii Reetaa avautumaan.<br \/>\nESITYKSEN KESTO N. 30MIN.<br \/>\nK\u00e4sikirjoitus: Iida-Sofia Luusua<br \/>\nOhjaus: Ty\u00f6ryhm\u00e4<br \/>\nLavalla:<br \/>\nAnna Uurto (n\u00e4yttelij\u00e4nty\u00f6n diplomi)<br \/>\nMinea K\u00e4hk\u00f6nen (n\u00e4yttelij\u00e4nty\u00f6n diplomi)<br \/>\nJasmin M\u00e4kil\u00e4 (n\u00e4yttelij\u00e4nty\u00f6n diplomi)<br \/>\nSirius Heinonen<\/p>\n<p><em><strong>Klo 16.00.-16.30<\/strong><\/em> illiluokka: <strong>Ep\u00e4kuolleet<\/strong><br \/>\nAntaisitko sin\u00e4 toisen koskea mielt\u00e4si? Antaisitko toisen koskea mielesi kipeint\u00e4 kohtaa? Ehk\u00e4 se tapahtuu vahingossa. Ehk\u00e4 kaikki menee sekaisin. Ehk\u00e4 sin\u00e4 menet sekaisin. Ehk\u00e4 sin\u00e4 olet jo. Sattuuko? Sattuu.<br \/>\nEsityksen kesto n. 20min.<br \/>\nK\u00e4sikirjoitus: Ville Koskivaara<br \/>\nOhjaus: Nika R\u00e4m\u00e4 (ohjauksen diplomi)<br \/>\nLavalla:<br \/>\nJulia Backman (n\u00e4yttelij\u00e4nty\u00f6n diplomi)<br \/>\nRonja-Eerika Kantonen (n\u00e4yttelij\u00e4nty\u00f6n diplomi)<br \/>\nTekniikka:<br \/>\nNoora Kankare (valosuunnittelun diplomi)<\/p>\n<p><strong>LA 10.11.2018<\/strong><br \/>\n<em><strong>Klo 10.00-10.30<\/strong><\/em> illiluokka: <strong>Paljon melua tyhj\u00e4st\u00e4 (T\u00e4ynn\u00e4)<\/strong><br \/>\nPaljon melua tyhj\u00e4st\u00e4 on romanttinen komedia, joka tuo shakesperiaanisen huumorin nykyp\u00e4iv\u00e4\u00e4n. N\u00e4ytelm\u00e4 seuraa kahden pariskunnan ja yhden sein\u00e4ruusun kommellusrikkaita suhdekiemuroita. Onko olemassa oikeaa tapaa rakastaa?<br \/>\nESITYKSEN KESTO N. 30 MIN.<br \/>\nK\u00e4sikirjoitus: William Shakespeare, suom. ja sov. Fiona Syr\u00e9n<br \/>\nOhjaus: Fiona Syr\u00e9n (ohjaajanty\u00f6n diplomi)<br \/>\nLavalla: Jenni Nerg (n\u00e4yttelij\u00e4nty\u00f6n diplomi)<br \/>\nAnna Murtoniemi (n\u00e4yttelij\u00e4nty\u00f6n diplomi)<br \/>\nRosaliina Virtanen (n\u00e4yttelij\u00e4nty\u00f6n diplomi)<br \/>\nEetu Meri\u00f6 (n\u00e4yttelij\u00e4nty\u00f6n diplomi)<br \/>\nJaakko Salo<br \/>\nTekniikka: Ty\u00f6ryhm\u00e4<br \/>\nTekniikan ajot: Fiona Syr\u00e9n<\/p>\n<p><strong>ILLIHEIMONEUVOSTON KAHVIKIPSA AUKEAA!<\/strong><br \/>\nVain k\u00e4teinen<\/p>\n<p><em><strong>Klo 10.45-11.15<\/strong><\/em> luokka: <strong>Sukupuutto<\/strong><br \/>\nK\u00e4sikirjoituksen lukutilaisuus, jossa luettava teksti k\u00e4sittelee sukupuuttoa nuoren tyt\u00f6n kokemusten ja ajatusten kautta. Matka on mutkikas ja raskas, mutta pienet onnistumiset antavat voimaa jatkaa. Onko kaikki vaiva loppujen lopuksi sen arvoista? Mihin asti ollaan valmiita menem\u00e4\u00e4n, jotta viimeiset lajin edustajat voidaan pelastaa?<br \/>\nK\u00e4sikirjoitus: Maria Takaeilola (dramaturgian diplomi)<\/p>\n<p><em><strong>Klo 11.30-12.00<\/strong><\/em> illiluokka: <strong>Tavallisuuden aave \u2013 kuvia kotimaasta (T\u00e4ynn\u00e4)<\/strong><br \/>\n(K\u00e4ynti esitykseen sis\u00e4\u00e4ntulokerroksesta)<br \/>\n\u201dMulla on vain yksi toive t\u00e4ss\u00e4 el\u00e4m\u00e4ss\u00e4. Ja se on se, ett\u00e4 saisi olla ihan tavallinen, siis ihan vaan normaali ihminen.\u201d<br \/>\nOletko joskus miettinyt, miksi et voi olla niin kuin muut?<br \/>\nTavallisuuden aave kritisoi ja pyrkii rikkomaan vaiettuja tapoja ja perinteit\u00e4 sek\u00e4 ymm\u00e4rt\u00e4m\u00e4\u00e4n ja kuvaamaan kansakunnan yhteisi\u00e4 kipupisteit\u00e4 ja kummallisuuksia. Esityksess\u00e4 k\u00e4ytet\u00e4\u00e4n h\u00f6yheni\u00e4, jotka saattavat aiheuttaa herkimmille allergisia reaktioita.<br \/>\nESITYKSEN KESTO N: 30 MIN.<br \/>\nK\u00e4sikirjoitus: Saara Turunen<br \/>\nOhjaus: Eemeli V\u00e4is\u00e4nen (ohjaajanty\u00f6n diplomi)<br \/>\nRooleissa: Emma Maunu<br \/>\nMaisa Merit\u00e4hti<br \/>\nJaakko Salo (n\u00e4yttelij\u00e4nty\u00f6n diplomi)<br \/>\nEeli Salow<br \/>\nAada Sarmiala (n\u00e4yttelij\u00e4nty\u00f6n diplomi)<br \/>\nLeevi Uitto<br \/>\nTekniikka: Valpuri Kinnunen (valosuunnittelun diplomi)<\/p>\n<p><strong>Kenraalit:<\/strong><br \/>\n6.11. klo 14.45 illiluokka:Tavallisuuden aave &#8211; kuvia kotimaasta<br \/>\n7.11. klo 14.45 illiluokka: Nallekarkit<br \/>\n7.11. klo 15.30 luokka: Sukupuutto<br \/>\n8.11. klo 14.45 illiluokka: Ep\u00e4kuolleet<br \/>\n8.11. klo 15.30 illiluokka: Paljon melua tyhj\u00e4st\u00e4<\/p>\n<p><strong>Lis\u00e4esitykset:<\/strong><br \/>\n12.11. klo 18.00 illiluokka: Ep\u00e4kuolleet<br \/>\n13.11. klo 18.00 illiluokka: Nallekarkit<br \/>\n15.11. klo 17.00 Illiluokka: Tavallisuuden aave &#8211; kuvia kotimaasta (loppuunvarattu)<br \/>\n15.11. klo 18.00 illiluokka: Paljon melua tyhj\u00e4st\u00e4<br \/>\n19.11. klo 18.00 illiluokka: Nallekarkit<br \/>\n20.11. klo 17.00 illiluokka: Tavallisuuden aave &#8211; kuvia kotimaasta<br \/>\n20.11. klo 18.00 illiluokka: Ep\u00e4kuolleet<br \/>\n21.11. klo 17.30 luokka: Sukupuutto<br \/>\n21.11. klo 18.15 illiluokka: Paljon melua tyhj\u00e4st\u00e4<\/p>\n<p><em><strong>L\u00e4mpim\u00e4sti tervetuloa!<\/strong><\/em><\/p>\n","protected":false},"excerpt":{"rendered":"<p>TEATTERIN LUKIODIPLOMIT Diplomity\u00f6t ovat mainio kurkistusikkuna siihen millaisena abiturientit kokevat ymp\u00e4r\u00f6iv\u00e4n maailman juuri nyt. VARAA OMA PAIKKASI ETUK\u00c4TEEN S\u00c4HK\u00d6POSTITSE: varaukset.tuklu@gmail.com Paikkoja on rajoitetusti ja nopeat sy\u00f6v\u00e4t hitaat. Varmista paikkasi ajoissa! My\u00f6s kenraaliesitysten paikat tulee varata etuk\u00e4teen. Esitykset ovat maksuttomia. Pid\u00e4t\u00e4mme &hellip; <a href=\"https:\/\/blog.edu.turku.fi\/turunklassillinenlukio\/tapahtumat\/tapahtumia-lukuvuodelta-2018-2019\/teatterin-lukiodiplomit\/\">Lue loppuun <span class=\"meta-nav\">&rarr;<\/span><\/a><\/p>\n","protected":false},"author":1368,"featured_media":0,"parent":4061,"menu_order":0,"comment_status":"closed","ping_status":"closed","template":"","meta":{"footnotes":""},"class_list":["post-4189","page","type-page","status-publish","hentry"],"_links":{"self":[{"href":"https:\/\/blog.edu.turku.fi\/turunklassillinenlukio\/wp-json\/wp\/v2\/pages\/4189","targetHints":{"allow":["GET"]}}],"collection":[{"href":"https:\/\/blog.edu.turku.fi\/turunklassillinenlukio\/wp-json\/wp\/v2\/pages"}],"about":[{"href":"https:\/\/blog.edu.turku.fi\/turunklassillinenlukio\/wp-json\/wp\/v2\/types\/page"}],"author":[{"embeddable":true,"href":"https:\/\/blog.edu.turku.fi\/turunklassillinenlukio\/wp-json\/wp\/v2\/users\/1368"}],"replies":[{"embeddable":true,"href":"https:\/\/blog.edu.turku.fi\/turunklassillinenlukio\/wp-json\/wp\/v2\/comments?post=4189"}],"version-history":[{"count":9,"href":"https:\/\/blog.edu.turku.fi\/turunklassillinenlukio\/wp-json\/wp\/v2\/pages\/4189\/revisions"}],"predecessor-version":[{"id":4268,"href":"https:\/\/blog.edu.turku.fi\/turunklassillinenlukio\/wp-json\/wp\/v2\/pages\/4189\/revisions\/4268"}],"up":[{"embeddable":true,"href":"https:\/\/blog.edu.turku.fi\/turunklassillinenlukio\/wp-json\/wp\/v2\/pages\/4061"}],"wp:attachment":[{"href":"https:\/\/blog.edu.turku.fi\/turunklassillinenlukio\/wp-json\/wp\/v2\/media?parent=4189"}],"curies":[{"name":"wp","href":"https:\/\/api.w.org\/{rel}","templated":true}]}}