{"id":4184,"date":"2018-10-11T11:34:29","date_gmt":"2018-10-11T08:34:29","guid":{"rendered":"https:\/\/blog.edu.turku.fi\/turunklassillinenlukio\/?page_id=4184"},"modified":"2018-10-11T11:57:31","modified_gmt":"2018-10-11T08:57:31","slug":"illilaiset-kansallisteatterissa-10-10-2018","status":"publish","type":"page","link":"https:\/\/blog.edu.turku.fi\/turunklassillinenlukio\/tapahtumat\/tapahtumia-lukuvuodelta-2018-2019\/illilaiset-kansallisteatterissa-10-10-2018\/","title":{"rendered":"ILLIl\u00e4iset Kansallisteatterissa 10.10.2018"},"content":{"rendered":"<p><a href=\"https:\/\/blog.edu.turku.fi\/turunklassillinenlukio\/files\/2018\/10\/JR.jpg\"><img loading=\"lazy\" decoding=\"async\" class=\"wp-image-4185 alignnone\" src=\"https:\/\/blog.edu.turku.fi\/turunklassillinenlukio\/files\/2018\/10\/JR-300x102.jpg\" alt=\"\" width=\"394\" height=\"134\" srcset=\"https:\/\/blog.edu.turku.fi\/turunklassillinenlukio\/files\/2018\/10\/JR-300x102.jpg 300w, https:\/\/blog.edu.turku.fi\/turunklassillinenlukio\/files\/2018\/10\/JR-1024x349.jpg 1024w, https:\/\/blog.edu.turku.fi\/turunklassillinenlukio\/files\/2018\/10\/JR.jpg 2048w\" sizes=\"auto, (max-width: 394px) 100vw, 394px\" \/><\/a><br \/>\n74 ILLI-opiskelijaa ja 6 opettajaa l\u00e4htiv\u00e4t iltap\u00e4iv\u00e4ll\u00e4 bussilla kohti Helsinki\u00e4 ja Kansallisteatteria. Ensimm\u00e4isen vuoden ILLI-opiskelijoiden perinteisen teatterimatkan n\u00e4yt\u00f6kseksi valikoitui t\u00e4n\u00e4 vuonna Julia ja Romeo, Willian Shakespearen nuoruudesta, rakkaudesta ja kuolemasta kertova tragedia. Suurella n\u00e4ytt\u00e4m\u00f6ll\u00e4 esitetty dynaaminen n\u00e4yttelij\u00e4ensamble kokosi yhteen kahden sukupolven teatterintekij\u00f6it\u00e4. Jussi Nikkil\u00e4n ohjaamassa klassikkotulkinnassa p\u00e4\u00e4henkil\u00f6t Julia (Satu Tuuli Karhu) ja Romeo (Olli Riipinen) yhdess\u00e4 muiden n\u00e4yttelij\u00f6iden kanssa toivat lavalle mutkattoman ja nuorekkaan esityksen.<\/p>\n<p>Mielenkiintoinen toteutus, ja kuten yleens\u00e4, osa tykk\u00e4si, osa ei.<\/p>\n","protected":false},"excerpt":{"rendered":"<p>74 ILLI-opiskelijaa ja 6 opettajaa l\u00e4htiv\u00e4t iltap\u00e4iv\u00e4ll\u00e4 bussilla kohti Helsinki\u00e4 ja Kansallisteatteria. Ensimm\u00e4isen vuoden ILLI-opiskelijoiden perinteisen teatterimatkan n\u00e4yt\u00f6kseksi valikoitui t\u00e4n\u00e4 vuonna Julia ja Romeo, Willian Shakespearen nuoruudesta, rakkaudesta ja kuolemasta kertova tragedia. Suurella n\u00e4ytt\u00e4m\u00f6ll\u00e4 esitetty dynaaminen n\u00e4yttelij\u00e4ensamble kokosi yhteen kahden &hellip; <a href=\"https:\/\/blog.edu.turku.fi\/turunklassillinenlukio\/tapahtumat\/tapahtumia-lukuvuodelta-2018-2019\/illilaiset-kansallisteatterissa-10-10-2018\/\">Lue loppuun <span class=\"meta-nav\">&rarr;<\/span><\/a><\/p>\n","protected":false},"author":1368,"featured_media":0,"parent":4061,"menu_order":0,"comment_status":"closed","ping_status":"closed","template":"","meta":{"footnotes":""},"class_list":["post-4184","page","type-page","status-publish","hentry"],"_links":{"self":[{"href":"https:\/\/blog.edu.turku.fi\/turunklassillinenlukio\/wp-json\/wp\/v2\/pages\/4184","targetHints":{"allow":["GET"]}}],"collection":[{"href":"https:\/\/blog.edu.turku.fi\/turunklassillinenlukio\/wp-json\/wp\/v2\/pages"}],"about":[{"href":"https:\/\/blog.edu.turku.fi\/turunklassillinenlukio\/wp-json\/wp\/v2\/types\/page"}],"author":[{"embeddable":true,"href":"https:\/\/blog.edu.turku.fi\/turunklassillinenlukio\/wp-json\/wp\/v2\/users\/1368"}],"replies":[{"embeddable":true,"href":"https:\/\/blog.edu.turku.fi\/turunklassillinenlukio\/wp-json\/wp\/v2\/comments?post=4184"}],"version-history":[{"count":2,"href":"https:\/\/blog.edu.turku.fi\/turunklassillinenlukio\/wp-json\/wp\/v2\/pages\/4184\/revisions"}],"predecessor-version":[{"id":4192,"href":"https:\/\/blog.edu.turku.fi\/turunklassillinenlukio\/wp-json\/wp\/v2\/pages\/4184\/revisions\/4192"}],"up":[{"embeddable":true,"href":"https:\/\/blog.edu.turku.fi\/turunklassillinenlukio\/wp-json\/wp\/v2\/pages\/4061"}],"wp:attachment":[{"href":"https:\/\/blog.edu.turku.fi\/turunklassillinenlukio\/wp-json\/wp\/v2\/media?parent=4184"}],"curies":[{"name":"wp","href":"https:\/\/api.w.org\/{rel}","templated":true}]}}