{"id":4171,"date":"2018-10-11T10:21:30","date_gmt":"2018-10-11T07:21:30","guid":{"rendered":"https:\/\/blog.edu.turku.fi\/turunklassillinenlukio\/?page_id=4171"},"modified":"2019-06-11T13:03:20","modified_gmt":"2019-06-11T10:03:20","slug":"en-rocklektion-pa-svenska-10-10-2018","status":"publish","type":"page","link":"https:\/\/blog.edu.turku.fi\/turunklassillinenlukio\/tapahtumat\/tapahtumia-lukuvuodelta-2018-2019\/en-rocklektion-pa-svenska-10-10-2018\/","title":{"rendered":"En rocklektion p\u00e5 svenska 10.10.2018"},"content":{"rendered":"<p>\u201dEn rocklektion p\u00e5 svenska\u201d oli vauhdikas opiskelijoille suunnattu rockesitys, jossa duo Svedu ja Pelle\u02ee veiv\u00e4t oppilaat rockmatkalle Ruotsiin. Esityksess\u00e4 etsittiin vastauksia mm. kysymyksiin Mik\u00e4 on Ruotsissa niin suosittu \u201cMello?\u201d Kuka on Ruotsin kuningasperheen kovin rokkari? Oletteko kuulleet \u201cSvensk-finsk bingosta\u201d? Kuka on Ruotsin tunnetuin mutta silti t\u00e4ysin tuntematon muusikko? <span class=\"text_exposed_show\">Laulujen ja musiikin lis\u00e4ksi esiintyj\u00e4t kertoivat ruotsalaisista tavoista ja artisteista. Konsertti kesti 35\u201340 minuuttia ja sai osan yleis\u00f6st\u00e4 jopa tanssahtelemaan salin takaosassa.<br \/>\n<\/span><\/p>\n<p><a href=\"https:\/\/blog.edu.turku.fi\/turunklassillinenlukio\/files\/2018\/10\/20181010_132049.jpg\"><img loading=\"lazy\" decoding=\"async\" class=\"alignnone wp-image-4174\" src=\"https:\/\/blog.edu.turku.fi\/turunklassillinenlukio\/files\/2018\/10\/20181010_132049-225x300.jpg\" alt=\"\" width=\"150\" height=\"200\" srcset=\"https:\/\/blog.edu.turku.fi\/turunklassillinenlukio\/files\/2018\/10\/20181010_132049-225x300.jpg 225w, https:\/\/blog.edu.turku.fi\/turunklassillinenlukio\/files\/2018\/10\/20181010_132049-768x1024.jpg 768w, https:\/\/blog.edu.turku.fi\/turunklassillinenlukio\/files\/2018\/10\/20181010_132049.jpg 864w\" sizes=\"auto, (max-width: 150px) 100vw, 150px\" \/> <\/a><a href=\"https:\/\/blog.edu.turku.fi\/turunklassillinenlukio\/files\/2018\/10\/20181010_134406.jpg\"><img loading=\"lazy\" decoding=\"async\" class=\"alignnone wp-image-4173\" src=\"https:\/\/blog.edu.turku.fi\/turunklassillinenlukio\/files\/2018\/10\/20181010_134406-225x300.jpg\" alt=\"\" width=\"150\" height=\"200\" srcset=\"https:\/\/blog.edu.turku.fi\/turunklassillinenlukio\/files\/2018\/10\/20181010_134406-225x300.jpg 225w, https:\/\/blog.edu.turku.fi\/turunklassillinenlukio\/files\/2018\/10\/20181010_134406-768x1024.jpg 768w, https:\/\/blog.edu.turku.fi\/turunklassillinenlukio\/files\/2018\/10\/20181010_134406.jpg 864w\" sizes=\"auto, (max-width: 150px) 100vw, 150px\" \/>\u00a0<\/a><a href=\"https:\/\/blog.edu.turku.fi\/turunklassillinenlukio\/files\/2018\/10\/20181010_134435.jpg\"><img loading=\"lazy\" decoding=\"async\" class=\"alignnone wp-image-4172\" src=\"https:\/\/blog.edu.turku.fi\/turunklassillinenlukio\/files\/2018\/10\/20181010_134435-225x300.jpg\" alt=\"\" width=\"150\" height=\"200\" srcset=\"https:\/\/blog.edu.turku.fi\/turunklassillinenlukio\/files\/2018\/10\/20181010_134435-225x300.jpg 225w, https:\/\/blog.edu.turku.fi\/turunklassillinenlukio\/files\/2018\/10\/20181010_134435-768x1024.jpg 768w, https:\/\/blog.edu.turku.fi\/turunklassillinenlukio\/files\/2018\/10\/20181010_134435.jpg 864w\" sizes=\"auto, (max-width: 150px) 100vw, 150px\" \/><\/a><\/p>\n","protected":false},"excerpt":{"rendered":"<p>\u201dEn rocklektion p\u00e5 svenska\u201d oli vauhdikas opiskelijoille suunnattu rockesitys, jossa duo Svedu ja Pelle\u02ee veiv\u00e4t oppilaat rockmatkalle Ruotsiin. Esityksess\u00e4 etsittiin vastauksia mm. kysymyksiin Mik\u00e4 on Ruotsissa niin suosittu \u201cMello?\u201d Kuka on Ruotsin kuningasperheen kovin rokkari? Oletteko kuulleet \u201cSvensk-finsk bingosta\u201d? Kuka &hellip; <a href=\"https:\/\/blog.edu.turku.fi\/turunklassillinenlukio\/tapahtumat\/tapahtumia-lukuvuodelta-2018-2019\/en-rocklektion-pa-svenska-10-10-2018\/\">Lue loppuun <span class=\"meta-nav\">&rarr;<\/span><\/a><\/p>\n","protected":false},"author":1368,"featured_media":0,"parent":4061,"menu_order":0,"comment_status":"closed","ping_status":"closed","template":"","meta":{"footnotes":""},"class_list":["post-4171","page","type-page","status-publish","hentry"],"_links":{"self":[{"href":"https:\/\/blog.edu.turku.fi\/turunklassillinenlukio\/wp-json\/wp\/v2\/pages\/4171","targetHints":{"allow":["GET"]}}],"collection":[{"href":"https:\/\/blog.edu.turku.fi\/turunklassillinenlukio\/wp-json\/wp\/v2\/pages"}],"about":[{"href":"https:\/\/blog.edu.turku.fi\/turunklassillinenlukio\/wp-json\/wp\/v2\/types\/page"}],"author":[{"embeddable":true,"href":"https:\/\/blog.edu.turku.fi\/turunklassillinenlukio\/wp-json\/wp\/v2\/users\/1368"}],"replies":[{"embeddable":true,"href":"https:\/\/blog.edu.turku.fi\/turunklassillinenlukio\/wp-json\/wp\/v2\/comments?post=4171"}],"version-history":[{"count":3,"href":"https:\/\/blog.edu.turku.fi\/turunklassillinenlukio\/wp-json\/wp\/v2\/pages\/4171\/revisions"}],"predecessor-version":[{"id":4741,"href":"https:\/\/blog.edu.turku.fi\/turunklassillinenlukio\/wp-json\/wp\/v2\/pages\/4171\/revisions\/4741"}],"up":[{"embeddable":true,"href":"https:\/\/blog.edu.turku.fi\/turunklassillinenlukio\/wp-json\/wp\/v2\/pages\/4061"}],"wp:attachment":[{"href":"https:\/\/blog.edu.turku.fi\/turunklassillinenlukio\/wp-json\/wp\/v2\/media?parent=4171"}],"curies":[{"name":"wp","href":"https:\/\/api.w.org\/{rel}","templated":true}]}}