{"id":4136,"date":"2018-09-21T14:03:51","date_gmt":"2018-09-21T11:03:51","guid":{"rendered":"https:\/\/blog.edu.turku.fi\/turunklassillinenlukio\/?page_id=4136"},"modified":"2018-09-21T14:04:02","modified_gmt":"2018-09-21T11:04:02","slug":"martin-appel-besokte-var-skola-20-9-2018","status":"publish","type":"page","link":"https:\/\/blog.edu.turku.fi\/turunklassillinenlukio\/tapahtumat\/tapahtumia-lukuvuodelta-2018-2019\/martin-appel-besokte-var-skola-20-9-2018\/","title":{"rendered":"Martin Appel bes\u00f6kte v\u00e5r skola 20.9.2018"},"content":{"rendered":"<p>Martin Appel fr\u00e5n Svenska Nu bes\u00f6kte v\u00e5r skola och pratade on framtidens teknik, robotar och vilka yrken som kommer att f\u00f6rsvinna.<\/p>\n<p>Martin Appel \u00e4r en svensk journalist som skriver om internet, teknik och sociala medier. Utifr\u00e5n l\u00e4rarens \u00f6nskem\u00e5l kan han guida eleverna till de b\u00e4sta svenska medierna p\u00e5 n\u00e4tet eller prata mer om framtidens robotisering.\u00a0<span id=\"more-9310\"><\/span>Han visar olika exempel och pratar p\u00e5 ett roligt s\u00e4tt med glimten i \u00f6gat. Martin anv\u00e4nder ett klart och tydligt spr\u00e5k och ser till att alla eleverna i gruppen h\u00e4nger med.<\/p>\n<p>Med hj\u00e4lp av musik, video och spel visar Martin olika kul saker p\u00e5 n\u00e4tet, och tanken \u00e4r att inspirera eleverna till att anv\u00e4nda sina kunskaper i svenska \u00e4ven utanf\u00f6r skolan.<\/p>\n<p><a href=\"https:\/\/blog.edu.turku.fi\/turunklassillinenlukio\/files\/2018\/09\/IMG-20180920-WA0000.jpg\"><img loading=\"lazy\" decoding=\"async\" class=\"alignnone wp-image-4137\" src=\"https:\/\/blog.edu.turku.fi\/turunklassillinenlukio\/files\/2018\/09\/IMG-20180920-WA0000-225x300.jpg\" alt=\"\" width=\"150\" height=\"200\" srcset=\"https:\/\/blog.edu.turku.fi\/turunklassillinenlukio\/files\/2018\/09\/IMG-20180920-WA0000-225x300.jpg 225w, https:\/\/blog.edu.turku.fi\/turunklassillinenlukio\/files\/2018\/09\/IMG-20180920-WA0000-768x1024.jpg 768w, https:\/\/blog.edu.turku.fi\/turunklassillinenlukio\/files\/2018\/09\/IMG-20180920-WA0000.jpg 1200w\" sizes=\"auto, (max-width: 150px) 100vw, 150px\" \/>\u00a0\u00a0<\/a><a href=\"https:\/\/blog.edu.turku.fi\/turunklassillinenlukio\/files\/2018\/09\/IMG-20180920-WA0001.jpg\"><img loading=\"lazy\" decoding=\"async\" class=\"alignnone wp-image-4138\" src=\"https:\/\/blog.edu.turku.fi\/turunklassillinenlukio\/files\/2018\/09\/IMG-20180920-WA0001-225x300.jpg\" alt=\"\" width=\"150\" height=\"200\" srcset=\"https:\/\/blog.edu.turku.fi\/turunklassillinenlukio\/files\/2018\/09\/IMG-20180920-WA0001-225x300.jpg 225w, https:\/\/blog.edu.turku.fi\/turunklassillinenlukio\/files\/2018\/09\/IMG-20180920-WA0001-768x1024.jpg 768w, https:\/\/blog.edu.turku.fi\/turunklassillinenlukio\/files\/2018\/09\/IMG-20180920-WA0001.jpg 1200w\" sizes=\"auto, (max-width: 150px) 100vw, 150px\" \/><\/a><\/p>\n<p>Skr\u00e4mmande och intressant!<\/p>\n<p>&nbsp;<\/p>\n","protected":false},"excerpt":{"rendered":"<p>Martin Appel fr\u00e5n Svenska Nu bes\u00f6kte v\u00e5r skola och pratade on framtidens teknik, robotar och vilka yrken som kommer att f\u00f6rsvinna. Martin Appel \u00e4r en svensk journalist som skriver om internet, teknik och sociala medier. Utifr\u00e5n l\u00e4rarens \u00f6nskem\u00e5l kan han &hellip; <a href=\"https:\/\/blog.edu.turku.fi\/turunklassillinenlukio\/tapahtumat\/tapahtumia-lukuvuodelta-2018-2019\/martin-appel-besokte-var-skola-20-9-2018\/\">Lue loppuun <span class=\"meta-nav\">&rarr;<\/span><\/a><\/p>\n","protected":false},"author":1368,"featured_media":0,"parent":4061,"menu_order":0,"comment_status":"closed","ping_status":"closed","template":"","meta":{"footnotes":""},"class_list":["post-4136","page","type-page","status-publish","hentry"],"_links":{"self":[{"href":"https:\/\/blog.edu.turku.fi\/turunklassillinenlukio\/wp-json\/wp\/v2\/pages\/4136","targetHints":{"allow":["GET"]}}],"collection":[{"href":"https:\/\/blog.edu.turku.fi\/turunklassillinenlukio\/wp-json\/wp\/v2\/pages"}],"about":[{"href":"https:\/\/blog.edu.turku.fi\/turunklassillinenlukio\/wp-json\/wp\/v2\/types\/page"}],"author":[{"embeddable":true,"href":"https:\/\/blog.edu.turku.fi\/turunklassillinenlukio\/wp-json\/wp\/v2\/users\/1368"}],"replies":[{"embeddable":true,"href":"https:\/\/blog.edu.turku.fi\/turunklassillinenlukio\/wp-json\/wp\/v2\/comments?post=4136"}],"version-history":[{"count":1,"href":"https:\/\/blog.edu.turku.fi\/turunklassillinenlukio\/wp-json\/wp\/v2\/pages\/4136\/revisions"}],"predecessor-version":[{"id":4139,"href":"https:\/\/blog.edu.turku.fi\/turunklassillinenlukio\/wp-json\/wp\/v2\/pages\/4136\/revisions\/4139"}],"up":[{"embeddable":true,"href":"https:\/\/blog.edu.turku.fi\/turunklassillinenlukio\/wp-json\/wp\/v2\/pages\/4061"}],"wp:attachment":[{"href":"https:\/\/blog.edu.turku.fi\/turunklassillinenlukio\/wp-json\/wp\/v2\/media?parent=4136"}],"curies":[{"name":"wp","href":"https:\/\/api.w.org\/{rel}","templated":true}]}}