{"id":4114,"date":"2018-09-19T10:13:30","date_gmt":"2018-09-19T07:13:30","guid":{"rendered":"https:\/\/blog.edu.turku.fi\/turunklassillinenlukio\/?page_id=4114"},"modified":"2018-09-19T13:59:45","modified_gmt":"2018-09-19T10:59:45","slug":"plan-lahettilas-sini-mulari-vieraili-ai04-kursseilla-11-9-2018","status":"publish","type":"page","link":"https:\/\/blog.edu.turku.fi\/turunklassillinenlukio\/tapahtumat\/tapahtumia-lukuvuodelta-2018-2019\/plan-lahettilas-sini-mulari-vieraili-ai04-kursseilla-11-9-2018\/","title":{"rendered":"Plan-l\u00e4hettil\u00e4s Sini Mulari vieraili \u00c4I04-kursseilla 11.9.2018"},"content":{"rendered":"<p><span style=\"font-size: 10.0pt;font-family: 'Arial',sans-serif;color: black\">Plan-l\u00e4hettil\u00e4s Sini Mulari piti ty\u00f6pajoja teemasta Kest\u00e4v\u00e4 kehitys ja lasten oikeudet ja ne keskittyiv\u00e4t p\u00e4\u00e4s\u00e4\u00e4nt\u00f6isesti \u00e4idinkielen 4-kursseille, Tekstit ja vaikuttaminen, joilla kirjoitetaan esimerkiksi mielipidekirjoituksia. Mularin esitys k\u00e4sitteli enimm\u00e4kseen ilmastonmuutosta ja sen globaaleja seurauksia, mutta teema linkittyi my\u00f6s eriarvoisuuteen ja lasten oikeuksiin. Ty\u00f6pajassa k\u00e4siteltiin my\u00f6s sit\u00e4, miten\u00a0ilmastonmuutokseen voi vaikuttaa. Opettajan tavoitteena oli nostaa esiin yhteiskunnallisia teemoja, n\u00e4hd\u00e4 yksi vaikuttamaan pyrkiv\u00e4 esitys, osallistua siihen ja muodostaa asiasta omia n\u00e4kemyksi\u00e4<\/span><\/p>\n<p><span style=\"font-size: 10.0pt;font-family: 'Arial',sans-serif;color: black\">Ty\u00f6pajat sis<a href=\"https:\/\/blog.edu.turku.fi\/turunklassillinenlukio\/files\/2017\/10\/Plan-logo-vector-RGB.svg_.png\"><img loading=\"lazy\" decoding=\"async\" class=\"wp-image-3458 alignleft\" src=\"https:\/\/blog.edu.turku.fi\/turunklassillinenlukio\/files\/2017\/10\/Plan-logo-vector-RGB.svg_-180x199.png\" alt=\"\" width=\"134\" height=\"148\" \/><\/a>\u00e4lsiv\u00e4t luentoa, videon, keskustelua ja oman mielipiteen muodostamista. Niiss\u00e4 oli my\u00f6s v\u00e4h\u00e4n fyysisi\u00e4 harjoituksia, kun mielipidett\u00e4 tai omaa n\u00e4kemyst\u00e4\u00a0piti ilmaista kehonkielell\u00e4 (nousemalla yl\u00f6s tai laskeutumalla alas). Pienryhm\u00e4t saivat my\u00f6s ratkottavakseen ongelman, jonka\u00a0pohdinnassa\u00a0tuli harjoiteltua loogisen p\u00e4\u00e4ttelyn, mielipiteen ilmaisemisen ja perustelemisen taitoja.\u00a0Kaiken kaikkiaan vierailu \u00a0lis\u00e4si tietoa asiasta ja\u00a0harjaannutti ajattelun taitoja.<\/span><\/p>\n<p><a href=\"https:\/\/blog.edu.turku.fi\/turunklassillinenlukio\/files\/2018\/09\/s2018_1.jpg\"><img loading=\"lazy\" decoding=\"async\" class=\"alignnone  wp-image-4119\" src=\"https:\/\/blog.edu.turku.fi\/turunklassillinenlukio\/files\/2018\/09\/s2018_1-300x223.jpg\" alt=\"\" width=\"269\" height=\"200\" srcset=\"https:\/\/blog.edu.turku.fi\/turunklassillinenlukio\/files\/2018\/09\/s2018_1-300x223.jpg 300w, https:\/\/blog.edu.turku.fi\/turunklassillinenlukio\/files\/2018\/09\/s2018_1.jpg 960w\" sizes=\"auto, (max-width: 269px) 100vw, 269px\" \/><\/a>\u00a0<a href=\"https:\/\/blog.edu.turku.fi\/turunklassillinenlukio\/files\/2018\/09\/s2018_3.jpg\"><img loading=\"lazy\" decoding=\"async\" class=\"alignnone  wp-image-4121\" src=\"https:\/\/blog.edu.turku.fi\/turunklassillinenlukio\/files\/2018\/09\/s2018_3-225x300.jpg\" alt=\"\" width=\"150\" height=\"200\" srcset=\"https:\/\/blog.edu.turku.fi\/turunklassillinenlukio\/files\/2018\/09\/s2018_3-225x300.jpg 225w, https:\/\/blog.edu.turku.fi\/turunklassillinenlukio\/files\/2018\/09\/s2018_3.jpg 720w\" sizes=\"auto, (max-width: 150px) 100vw, 150px\" \/><\/a><a href=\"https:\/\/blog.edu.turku.fi\/turunklassillinenlukio\/files\/2018\/09\/s2018_2.jpg\"> <img loading=\"lazy\" decoding=\"async\" class=\"alignnone  wp-image-4120\" src=\"https:\/\/blog.edu.turku.fi\/turunklassillinenlukio\/files\/2018\/09\/s2018_2-225x300.jpg\" alt=\"\" width=\"150\" height=\"200\" srcset=\"https:\/\/blog.edu.turku.fi\/turunklassillinenlukio\/files\/2018\/09\/s2018_2-225x300.jpg 225w, https:\/\/blog.edu.turku.fi\/turunklassillinenlukio\/files\/2018\/09\/s2018_2.jpg 720w\" sizes=\"auto, (max-width: 150px) 100vw, 150px\" \/><\/a><\/p>\n","protected":false},"excerpt":{"rendered":"<p>Plan-l\u00e4hettil\u00e4s Sini Mulari piti ty\u00f6pajoja teemasta Kest\u00e4v\u00e4 kehitys ja lasten oikeudet ja ne keskittyiv\u00e4t p\u00e4\u00e4s\u00e4\u00e4nt\u00f6isesti \u00e4idinkielen 4-kursseille, Tekstit ja vaikuttaminen, joilla kirjoitetaan esimerkiksi mielipidekirjoituksia. Mularin esitys k\u00e4sitteli enimm\u00e4kseen ilmastonmuutosta ja sen globaaleja seurauksia, mutta teema linkittyi my\u00f6s eriarvoisuuteen ja lasten &hellip; <a href=\"https:\/\/blog.edu.turku.fi\/turunklassillinenlukio\/tapahtumat\/tapahtumia-lukuvuodelta-2018-2019\/plan-lahettilas-sini-mulari-vieraili-ai04-kursseilla-11-9-2018\/\">Lue loppuun <span class=\"meta-nav\">&rarr;<\/span><\/a><\/p>\n","protected":false},"author":1368,"featured_media":0,"parent":4061,"menu_order":0,"comment_status":"closed","ping_status":"closed","template":"","meta":{"footnotes":""},"class_list":["post-4114","page","type-page","status-publish","hentry"],"_links":{"self":[{"href":"https:\/\/blog.edu.turku.fi\/turunklassillinenlukio\/wp-json\/wp\/v2\/pages\/4114","targetHints":{"allow":["GET"]}}],"collection":[{"href":"https:\/\/blog.edu.turku.fi\/turunklassillinenlukio\/wp-json\/wp\/v2\/pages"}],"about":[{"href":"https:\/\/blog.edu.turku.fi\/turunklassillinenlukio\/wp-json\/wp\/v2\/types\/page"}],"author":[{"embeddable":true,"href":"https:\/\/blog.edu.turku.fi\/turunklassillinenlukio\/wp-json\/wp\/v2\/users\/1368"}],"replies":[{"embeddable":true,"href":"https:\/\/blog.edu.turku.fi\/turunklassillinenlukio\/wp-json\/wp\/v2\/comments?post=4114"}],"version-history":[{"count":3,"href":"https:\/\/blog.edu.turku.fi\/turunklassillinenlukio\/wp-json\/wp\/v2\/pages\/4114\/revisions"}],"predecessor-version":[{"id":4123,"href":"https:\/\/blog.edu.turku.fi\/turunklassillinenlukio\/wp-json\/wp\/v2\/pages\/4114\/revisions\/4123"}],"up":[{"embeddable":true,"href":"https:\/\/blog.edu.turku.fi\/turunklassillinenlukio\/wp-json\/wp\/v2\/pages\/4061"}],"wp:attachment":[{"href":"https:\/\/blog.edu.turku.fi\/turunklassillinenlukio\/wp-json\/wp\/v2\/media?parent=4114"}],"curies":[{"name":"wp","href":"https:\/\/api.w.org\/{rel}","templated":true}]}}