{"id":4061,"date":"2018-08-02T14:00:44","date_gmt":"2018-08-02T11:00:44","guid":{"rendered":"https:\/\/blog.edu.turku.fi\/turunklassillinenlukio\/?page_id=4061"},"modified":"2019-06-11T13:04:52","modified_gmt":"2019-06-11T10:04:52","slug":"tapahtumia-lukuvuodelta-2018-2019","status":"publish","type":"page","link":"https:\/\/blog.edu.turku.fi\/turunklassillinenlukio\/tapahtumat\/tapahtumia-lukuvuodelta-2018-2019\/","title":{"rendered":"Tapahtumia lukuvuodelta 2018-2019"},"content":{"rendered":"<p>T\u00e4lle sivulle on ker\u00e4tty artikkeleita lukuvuodelta 2018-2019<\/p>\n<ul>\n<li><a href=\"https:\/\/blog.edu.turku.fi\/turunklassillinenlukio\/tapahtumat\/tapahtumia-lukuvuodelta-2018-2019\/plan-lahettilas-sini-mulari-vieraili-ai04-kursseilla-11-9-2018\/\">Plan-l\u00e4hettil\u00e4s Sini Mulari vierailee \u00c4I04-kursseilla<\/a><\/li>\n<li><a href=\"https:\/\/blog.edu.turku.fi\/turunklassillinenlukio\/tapahtumat\/tapahtumia-lukuvuodelta-2018-2019\/ministeri-anne-mari-virolainen-vieraili-koulullamme-17-9-2018\/\">Ministeri Anne-Mari Virolainen vierailee koulussamme<\/a><\/li>\n<li><a href=\"https:\/\/blog.edu.turku.fi\/turunklassillinenlukio\/?page_id=4136&amp;preview=true\">Martin Appel bes\u00f6kte v\u00e5r skola<\/a><\/li>\n<li><a href=\"https:\/\/blog.edu.turku.fi\/turunklassillinenlukio\/tapahtumat\/tapahtumia-lukuvuodelta-2018-2019\/en-rocklektion-pa-svenska-10-10-2018\/\">En rocklektion p\u00e5 svenska<\/a><\/li>\n<li><a href=\"https:\/\/blog.edu.turku.fi\/turunklassillinenlukio\/tapahtumat\/tapahtumia-lukuvuodelta-2018-2019\/illilaiset-kansallisteatterissa-10-10-2018\/\">ILLIl\u00e4iset Kansallisteatterissa<\/a><\/li>\n<li><a href=\"https:\/\/blog.edu.turku.fi\/turunklassillinenlukio\/tapahtumat\/tapahtumia-lukuvuodelta-2018-2019\/vasltakunnallinen-politiikkaviikko-29-10-2-11-2018\/\">Valtakunnallinen politiikkaviikko<\/a><\/li>\n<li><a href=\"https:\/\/blog.edu.turku.fi\/turunklassillinenlukio\/tapahtumat\/tapahtumia-lukuvuodelta-2018-2019\/kauhugalleria-2-3-11-2018\/\">Kauhugalleria<\/a><\/li>\n<li><a href=\"https:\/\/blog.edu.turku.fi\/turunklassillinenlukio\/tapahtumat\/tapahtumia-lukuvuodelta-2018-2019\/teatterin-lukiodiplomit\/\">Teatterin lukiodiplomit<\/a><\/li>\n<li><a href=\"https:\/\/blog.edu.turku.fi\/turunklassillinenlukio\/tapahtumat\/tapahtumia-lukuvuodelta-2018-2019\/etydi-kurssilaisten-esitykset-wamissa-ti-20-11-2018\/\">Etydi-kurssilaisten esitykset WAMissa Sis\u00e4llissota-n\u00e4yttelyn yhteydess\u00e4<\/a><\/li>\n<li><a href=\"https:\/\/blog.edu.turku.fi\/turunklassillinenlukio\/tapahtumat\/tapahtumia-lukuvuodelta-2018-2019\/juha-kontturi-puhumassa-internetista-ja-tekijanoikeuksista-pe-7-12-ja-ti-11-12-2018\/\">Juha Kontturi kertomassa tekij\u00e4noikeuksista sosiaalisessa mediassa<\/a><\/li>\n<li><a href=\"https:\/\/blog.edu.turku.fi\/turunklassillinenlukio\/tapahtumat\/tapahtumia-lukuvuodelta-2018-2019\/allia-illia-ja-lyhareita-pe-21-12-2018\/\">Kansainv\u00e4linen Lyh\u00e4rip\u00e4iv\u00e4<\/a><\/li>\n<li><a href=\"https:\/\/blog.edu.turku.fi\/turunklassillinenlukio\/tapahtumat\/tapahtumia-lukuvuodelta-2018-2019\/illin-improillat-10-16-1-2019\/\">ILLIn improillat<\/a><\/li>\n<li><a href=\"https:\/\/blog.edu.turku.fi\/turunklassillinenlukio\/tapahtumat\/tapahtumia-lukuvuodelta-2018-2019\/suomenmestaruus-hopeaa-sokrates-vaittelykilpailussa-11-12-1-2019\/\">SM-hopeaa Sokrates-v\u00e4ittelykilpailussa<\/a><\/li>\n<li><a href=\"https:\/\/blog.edu.turku.fi\/turunklassillinenlukio\/tapahtumat\/tapahtumia-lukuvuodelta-2018-2019\/tanssin-lukiodiplomien-katselmus-pe-18-1-2019-tntlla\/\">Tanssin lukiodiplomit<\/a><\/li>\n<li><a href=\"https:\/\/blog.edu.turku.fi\/turunklassillinenlukio\/tapahtumat\/tapahtumia-lukuvuodelta-2018-2019\/yes-kummi-anu-beranger-vierailee-rua06-kurssilla-1-3-2019\/\">YES-kummi Anu Beranger koulullamme<\/a><\/li>\n<li><a href=\"https:\/\/blog.edu.turku.fi\/turunklassillinenlukio\/tapahtumat\/tapahtumia-lukuvuodelta-2018-2019\/rua02-kurssilaiset-vierailevat-wamissa-5-3-2019\/\">A-ruotsin lukijoita WAMissa<\/a><\/li>\n<li><a href=\"https:\/\/blog.edu.turku.fi\/turunklassillinenlukio\/tapahtumat\/tapahtumia-lukuvuodelta-2018-2019\/luento-turun-huumetilanteesta-ja-marko-jantusen-tarina-5-3-2019\/\">Luento Turun huumetilanteesta ja Marko Jantusen tarina<\/a><\/li>\n<li><a href=\"https:\/\/blog.edu.turku.fi\/turunklassillinenlukio\/tapahtumat\/tapahtumia-lukuvuodelta-2018-2019\/marko-jantunen-luennoin-paihderiippuvuudesta-6-3-2019\/\">Marko Jantunen luennoi p\u00e4ihderiippuvuudesta opiskelijoillemme<\/a><\/li>\n<li><a href=\"https:\/\/blog.edu.turku.fi\/turunklassillinenlukio\/tapahtumat\/tapahtumia-lukuvuodelta-2018-2019\/minna-canthin-ja-tasa-arvonpaivan-ohjelmaa-turun-paakirjastossa-viikolla-12\/\">Minna Canthin ja tasa-arvonp\u00e4iv\u00e4 Turun kaupungin kirjastossa<\/a><\/li>\n<li><a href=\"https:\/\/blog.edu.turku.fi\/turunklassillinenlukio\/tapahtumat\/tapahtumia-lukuvuodelta-2018-2019\/24h-leiri-17-18-4-raision-lukiolla\/\">24h-leiri Raision lukiolla<\/a><\/li>\n<li><a href=\"https:\/\/blog.edu.turku.fi\/turunklassillinenlukio\/tapahtumat\/tapahtumia-lukuvuodelta-2018-2019\/ranskan-lukijoita-opintomatkalla-rennesissa-23-30-4-2019\/\">Opintomatka Rennesiin<\/a><\/li>\n<li><a href=\"https:\/\/blog.edu.turku.fi\/turunklassillinenlukio\/tapahtumat\/tapahtumia-lukuvuodelta-2018-2019\/ruotsin-lukijoiden-opintomatka-tukholmaan-14-18-5-2019\/\">Opintomatka Tukholmaan<\/a><\/li>\n<li><a href=\"https:\/\/blog.edu.turku.fi\/turunklassillinenlukio\/tapahtumat\/tapahtumia-lukuvuodelta-2018-2019\/taide-media-media-taide-b-gallerian-projektitilassa-22-5-2-6-2019\/\">TAIDE &#8211; media, MEDIA &#8211; taide<\/a><\/li>\n<\/ul>\n","protected":false},"excerpt":{"rendered":"<p>T\u00e4lle sivulle on ker\u00e4tty artikkeleita lukuvuodelta 2018-2019 Plan-l\u00e4hettil\u00e4s Sini Mulari vierailee \u00c4I04-kursseilla Ministeri Anne-Mari Virolainen vierailee koulussamme Martin Appel bes\u00f6kte v\u00e5r skola En rocklektion p\u00e5 svenska ILLIl\u00e4iset Kansallisteatterissa Valtakunnallinen politiikkaviikko Kauhugalleria Teatterin lukiodiplomit Etydi-kurssilaisten esitykset WAMissa Sis\u00e4llissota-n\u00e4yttelyn yhteydess\u00e4 Juha Kontturi &hellip; <a href=\"https:\/\/blog.edu.turku.fi\/turunklassillinenlukio\/tapahtumat\/tapahtumia-lukuvuodelta-2018-2019\/\">Lue loppuun <span class=\"meta-nav\">&rarr;<\/span><\/a><\/p>\n","protected":false},"author":1368,"featured_media":0,"parent":1788,"menu_order":0,"comment_status":"closed","ping_status":"closed","template":"","meta":{"footnotes":""},"class_list":["post-4061","page","type-page","status-publish","hentry"],"_links":{"self":[{"href":"https:\/\/blog.edu.turku.fi\/turunklassillinenlukio\/wp-json\/wp\/v2\/pages\/4061","targetHints":{"allow":["GET"]}}],"collection":[{"href":"https:\/\/blog.edu.turku.fi\/turunklassillinenlukio\/wp-json\/wp\/v2\/pages"}],"about":[{"href":"https:\/\/blog.edu.turku.fi\/turunklassillinenlukio\/wp-json\/wp\/v2\/types\/page"}],"author":[{"embeddable":true,"href":"https:\/\/blog.edu.turku.fi\/turunklassillinenlukio\/wp-json\/wp\/v2\/users\/1368"}],"replies":[{"embeddable":true,"href":"https:\/\/blog.edu.turku.fi\/turunklassillinenlukio\/wp-json\/wp\/v2\/comments?post=4061"}],"version-history":[{"count":32,"href":"https:\/\/blog.edu.turku.fi\/turunklassillinenlukio\/wp-json\/wp\/v2\/pages\/4061\/revisions"}],"predecessor-version":[{"id":4742,"href":"https:\/\/blog.edu.turku.fi\/turunklassillinenlukio\/wp-json\/wp\/v2\/pages\/4061\/revisions\/4742"}],"up":[{"embeddable":true,"href":"https:\/\/blog.edu.turku.fi\/turunklassillinenlukio\/wp-json\/wp\/v2\/pages\/1788"}],"wp:attachment":[{"href":"https:\/\/blog.edu.turku.fi\/turunklassillinenlukio\/wp-json\/wp\/v2\/media?parent=4061"}],"curies":[{"name":"wp","href":"https:\/\/api.w.org\/{rel}","templated":true}]}}