{"id":3943,"date":"2018-05-23T13:19:05","date_gmt":"2018-05-23T10:19:05","guid":{"rendered":"https:\/\/blog.edu.turku.fi\/turunklassillinenlukio\/?page_id=3943"},"modified":"2018-05-23T13:20:18","modified_gmt":"2018-05-23T10:20:18","slug":"ystavyyskoulu-lycee-emile-zola","status":"publish","type":"page","link":"https:\/\/blog.edu.turku.fi\/turunklassillinenlukio\/kansainvalinen-toiminta\/ystavyyskoulu-lycee-emile-zola\/","title":{"rendered":"Yst\u00e4vyyskoulu Lyc\u00e9e Emile Zola"},"content":{"rendered":"<p>Lukiomme yst\u00e4vyyskoulun opiskelijat Lyc\u00e9e Emile Zolasta, Rennesin kaupungista, Bretagnesta, tekev\u00e4t kev\u00e4isin viikon matkan kouluumme ja vastaavasti meid\u00e4n ranskan lukijamme matkaavat Rennesiin my\u00f6hemmin samana kev\u00e4\u00e4n\u00e4. Tarkempia matkakertomuksia vierailuilta voit lukea nettilehdest\u00e4mme <a href=\"https:\/\/blog.edu.turku.fi\/klassillinenverkkolehti\/\">\u00c4LLI\u00c4 JA ILLI\u00c4<\/a>.<br \/>\n<a href=\"https:\/\/blog.edu.turku.fi\/turunklassillinenlukio\/files\/2018\/05\/IMG_0076.jpg\"><img loading=\"lazy\" decoding=\"async\" class=\"alignnone size-medium wp-image-3944\" src=\"https:\/\/blog.edu.turku.fi\/turunklassillinenlukio\/files\/2018\/05\/IMG_0076-300x225.jpg\" alt=\"\" width=\"300\" height=\"225\" srcset=\"https:\/\/blog.edu.turku.fi\/turunklassillinenlukio\/files\/2018\/05\/IMG_0076-300x225.jpg 300w, https:\/\/blog.edu.turku.fi\/turunklassillinenlukio\/files\/2018\/05\/IMG_0076-1024x768.jpg 1024w, https:\/\/blog.edu.turku.fi\/turunklassillinenlukio\/files\/2018\/05\/IMG_0076.jpg 2048w\" sizes=\"auto, (max-width: 300px) 100vw, 300px\" \/><\/a><\/p>\n","protected":false},"excerpt":{"rendered":"<p>Lukiomme yst\u00e4vyyskoulun opiskelijat Lyc\u00e9e Emile Zolasta, Rennesin kaupungista, Bretagnesta, tekev\u00e4t kev\u00e4isin viikon matkan kouluumme ja vastaavasti meid\u00e4n ranskan lukijamme matkaavat Rennesiin my\u00f6hemmin samana kev\u00e4\u00e4n\u00e4. Tarkempia matkakertomuksia vierailuilta voit lukea nettilehdest\u00e4mme \u00c4LLI\u00c4 JA ILLI\u00c4.<\/p>\n","protected":false},"author":1368,"featured_media":0,"parent":876,"menu_order":0,"comment_status":"closed","ping_status":"closed","template":"","meta":{"footnotes":""},"class_list":["post-3943","page","type-page","status-publish","hentry"],"_links":{"self":[{"href":"https:\/\/blog.edu.turku.fi\/turunklassillinenlukio\/wp-json\/wp\/v2\/pages\/3943","targetHints":{"allow":["GET"]}}],"collection":[{"href":"https:\/\/blog.edu.turku.fi\/turunklassillinenlukio\/wp-json\/wp\/v2\/pages"}],"about":[{"href":"https:\/\/blog.edu.turku.fi\/turunklassillinenlukio\/wp-json\/wp\/v2\/types\/page"}],"author":[{"embeddable":true,"href":"https:\/\/blog.edu.turku.fi\/turunklassillinenlukio\/wp-json\/wp\/v2\/users\/1368"}],"replies":[{"embeddable":true,"href":"https:\/\/blog.edu.turku.fi\/turunklassillinenlukio\/wp-json\/wp\/v2\/comments?post=3943"}],"version-history":[{"count":2,"href":"https:\/\/blog.edu.turku.fi\/turunklassillinenlukio\/wp-json\/wp\/v2\/pages\/3943\/revisions"}],"predecessor-version":[{"id":3946,"href":"https:\/\/blog.edu.turku.fi\/turunklassillinenlukio\/wp-json\/wp\/v2\/pages\/3943\/revisions\/3946"}],"up":[{"embeddable":true,"href":"https:\/\/blog.edu.turku.fi\/turunklassillinenlukio\/wp-json\/wp\/v2\/pages\/876"}],"wp:attachment":[{"href":"https:\/\/blog.edu.turku.fi\/turunklassillinenlukio\/wp-json\/wp\/v2\/media?parent=3943"}],"curies":[{"name":"wp","href":"https:\/\/api.w.org\/{rel}","templated":true}]}}