{"id":3906,"date":"2018-05-14T15:26:20","date_gmt":"2018-05-14T12:26:20","guid":{"rendered":"https:\/\/blog.edu.turku.fi\/turunklassillinenlukio\/?page_id=3906"},"modified":"2018-05-14T15:26:20","modified_gmt":"2018-05-14T12:26:20","slug":"drone-koulutusta-opiskelijoille-9-5-2018","status":"publish","type":"page","link":"https:\/\/blog.edu.turku.fi\/turunklassillinenlukio\/tapahtumat\/tapahtumia-lukuvuodelta-2017-2018\/drone-koulutusta-opiskelijoille-9-5-2018\/","title":{"rendered":"Drone-koulutusta opiskelijoille 9.5.2018"},"content":{"rendered":"<p>Keskiviikkona 9.5.2018 maantiedon kurssit tunnit pidettiin ulkona Halisten kosken ymp\u00e4rist\u00f6ss\u00e4 ja harjoiteltiin drone-lenn\u00e4tyst\u00e4. Alla ohjelma ja info p\u00e4\u00e4piirteitt\u00e4in. Kelit olivat mit\u00e4 parhaimmat, aurinko paistoi pilvett\u00f6m\u00e4lt\u00e4 taivaalta ja l\u00e4mp\u00f6tila kohosi reilusti yli 20 asteen!!<\/p>\n<p>Harjoittelemaan l\u00e4hdettiin monestakin syyst\u00e4. Jo t\u00e4ll\u00e4 hetkell\u00e4 uusia teknologioita ja laitteita hy\u00f6dynnet\u00e4\u00e4n monipuolisesti muun muassa lukiomme uusmedia \u2013kurssilla ja TSYKin maantieteen kurssilla. LukioTEKO \u2013hankkeen aikana alkanut yhteisty\u00f6 Helsingin yliopiston maantieteen ja geotieteiden kanssa toi Turkuun my\u00f6s yhden parhaista droneosaajista, Arttu Paarlahden. Tavoitteena oli treenata drone-lentoja turvallisesti ja kuvata arvokasta kulttuurimaisemaa, Aurajoen meanderointia, melojia ja kev\u00e4ist\u00e4 kulttuurimaisemaa opiskelijavoimin. Materiaalia hy\u00f6dynnet\u00e4\u00e4n mm. maisema-analyysiin maantieteen kursseilla.<\/p>\n<p><a href=\"https:\/\/blog.edu.turku.fi\/turunklassillinenlukio\/files\/2018\/05\/kuva5.jpg\"><img loading=\"lazy\" decoding=\"async\" class=\"alignnone  wp-image-3907\" src=\"https:\/\/blog.edu.turku.fi\/turunklassillinenlukio\/files\/2018\/05\/kuva5-300x169.jpg\" alt=\"\" width=\"135\" height=\"76\" srcset=\"https:\/\/blog.edu.turku.fi\/turunklassillinenlukio\/files\/2018\/05\/kuva5-300x169.jpg 300w, https:\/\/blog.edu.turku.fi\/turunklassillinenlukio\/files\/2018\/05\/kuva5-1024x576.jpg 1024w, https:\/\/blog.edu.turku.fi\/turunklassillinenlukio\/files\/2018\/05\/kuva5.jpg 1600w\" sizes=\"auto, (max-width: 135px) 100vw, 135px\" \/><\/a><\/p>\n","protected":false},"excerpt":{"rendered":"<p>Keskiviikkona 9.5.2018 maantiedon kurssit tunnit pidettiin ulkona Halisten kosken ymp\u00e4rist\u00f6ss\u00e4 ja harjoiteltiin drone-lenn\u00e4tyst\u00e4. Alla ohjelma ja info p\u00e4\u00e4piirteitt\u00e4in. Kelit olivat mit\u00e4 parhaimmat, aurinko paistoi pilvett\u00f6m\u00e4lt\u00e4 taivaalta ja l\u00e4mp\u00f6tila kohosi reilusti yli 20 asteen!! Harjoittelemaan l\u00e4hdettiin monestakin syyst\u00e4. Jo t\u00e4ll\u00e4 hetkell\u00e4 &hellip; <a href=\"https:\/\/blog.edu.turku.fi\/turunklassillinenlukio\/tapahtumat\/tapahtumia-lukuvuodelta-2017-2018\/drone-koulutusta-opiskelijoille-9-5-2018\/\">Lue loppuun <span class=\"meta-nav\">&rarr;<\/span><\/a><\/p>\n","protected":false},"author":1368,"featured_media":0,"parent":3265,"menu_order":0,"comment_status":"closed","ping_status":"closed","template":"","meta":{"footnotes":""},"class_list":["post-3906","page","type-page","status-publish","hentry"],"_links":{"self":[{"href":"https:\/\/blog.edu.turku.fi\/turunklassillinenlukio\/wp-json\/wp\/v2\/pages\/3906","targetHints":{"allow":["GET"]}}],"collection":[{"href":"https:\/\/blog.edu.turku.fi\/turunklassillinenlukio\/wp-json\/wp\/v2\/pages"}],"about":[{"href":"https:\/\/blog.edu.turku.fi\/turunklassillinenlukio\/wp-json\/wp\/v2\/types\/page"}],"author":[{"embeddable":true,"href":"https:\/\/blog.edu.turku.fi\/turunklassillinenlukio\/wp-json\/wp\/v2\/users\/1368"}],"replies":[{"embeddable":true,"href":"https:\/\/blog.edu.turku.fi\/turunklassillinenlukio\/wp-json\/wp\/v2\/comments?post=3906"}],"version-history":[{"count":1,"href":"https:\/\/blog.edu.turku.fi\/turunklassillinenlukio\/wp-json\/wp\/v2\/pages\/3906\/revisions"}],"predecessor-version":[{"id":3908,"href":"https:\/\/blog.edu.turku.fi\/turunklassillinenlukio\/wp-json\/wp\/v2\/pages\/3906\/revisions\/3908"}],"up":[{"embeddable":true,"href":"https:\/\/blog.edu.turku.fi\/turunklassillinenlukio\/wp-json\/wp\/v2\/pages\/3265"}],"wp:attachment":[{"href":"https:\/\/blog.edu.turku.fi\/turunklassillinenlukio\/wp-json\/wp\/v2\/media?parent=3906"}],"curies":[{"name":"wp","href":"https:\/\/api.w.org\/{rel}","templated":true}]}}