{"id":3893,"date":"2018-05-14T10:37:45","date_gmt":"2018-05-14T07:37:45","guid":{"rendered":"https:\/\/blog.edu.turku.fi\/turunklassillinenlukio\/?page_id=3893"},"modified":"2018-05-14T10:47:08","modified_gmt":"2018-05-14T07:47:08","slug":"valokuvanayttely-nyt-turun-kaupungin-paakirjastossa-1-31-5-2018","status":"publish","type":"page","link":"https:\/\/blog.edu.turku.fi\/turunklassillinenlukio\/tapahtumat\/tapahtumia-lukuvuodelta-2017-2018\/valokuvanayttely-nyt-turun-kaupungin-paakirjastossa-1-31-5-2018\/","title":{"rendered":"Valokuvan\u00e4yttely .Nyt Turun kaupungin p\u00e4\u00e4kirjastossa 1.-31.5.2018"},"content":{"rendered":"<p><a href=\"https:\/\/blog.edu.turku.fi\/turunklassillinenlukio\/files\/2018\/05\/nyt_klassikko-pieni.jpg\"><img loading=\"lazy\" decoding=\"async\" class=\"alignnone  wp-image-3901\" src=\"https:\/\/blog.edu.turku.fi\/turunklassillinenlukio\/files\/2018\/05\/nyt_klassikko-pieni-220x300.jpg\" alt=\"\" width=\"182\" height=\"248\" \/><\/a><br \/>\nLukiomme Valokuvaus 3 -kurssilaiset yhdess\u00e4 valokuvauksen opettaja Anniina Saksan pystyttiv\u00e4t Turun kaupungin p\u00e4\u00e4kirjastoon valokuvan\u00e4yttelyn nimelt\u00e4\u00e4n .Nyt. N\u00e4yttely on avoinna koko toukokuun ajan. Alla muutamia kuvia n\u00e4yttelyn kasaamisesta. Toivottavasti mahdollisimman moni ehtii k\u00e4yd\u00e4 tutustumassa n\u00e4yttelyyn!<br \/>\n<a href=\"https:\/\/blog.edu.turku.fi\/turunklassillinenlukio\/files\/2018\/05\/IMG_20180426_170711.jpg\"><img loading=\"lazy\" decoding=\"async\" class=\"alignnone  wp-image-3898\" src=\"https:\/\/blog.edu.turku.fi\/turunklassillinenlukio\/files\/2018\/05\/IMG_20180426_170711-169x300.jpg\" alt=\"\" width=\"82\" height=\"146\" \/> <\/a><a href=\"https:\/\/blog.edu.turku.fi\/turunklassillinenlukio\/files\/2018\/05\/IMG_20180426_170612.jpg\"><img loading=\"lazy\" decoding=\"async\" class=\"alignnone  wp-image-3897\" src=\"https:\/\/blog.edu.turku.fi\/turunklassillinenlukio\/files\/2018\/05\/IMG_20180426_170612-169x300.jpg\" alt=\"\" width=\"82\" height=\"145\" \/> <\/a><a href=\"https:\/\/blog.edu.turku.fi\/turunklassillinenlukio\/files\/2018\/05\/IMG_20180426_170841.jpg\"><img loading=\"lazy\" decoding=\"async\" class=\"alignnone  wp-image-3900\" src=\"https:\/\/blog.edu.turku.fi\/turunklassillinenlukio\/files\/2018\/05\/IMG_20180426_170841-300x166.jpg\" alt=\"\" width=\"181\" height=\"100\" \/><\/a> <a href=\"https:\/\/blog.edu.turku.fi\/turunklassillinenlukio\/files\/2018\/05\/IMG_20180426_170758.jpg\"><img loading=\"lazy\" decoding=\"async\" class=\"alignnone  wp-image-3899\" src=\"https:\/\/blog.edu.turku.fi\/turunklassillinenlukio\/files\/2018\/05\/IMG_20180426_170758-300x157.jpg\" alt=\"\" width=\"191\" height=\"100\" \/><\/a> <a href=\"https:\/\/blog.edu.turku.fi\/turunklassillinenlukio\/files\/2018\/05\/IMG_20180426_170538.jpg\"><img loading=\"lazy\" decoding=\"async\" class=\"alignnone  wp-image-3896\" src=\"https:\/\/blog.edu.turku.fi\/turunklassillinenlukio\/files\/2018\/05\/IMG_20180426_170538-300x169.jpg\" alt=\"\" width=\"178\" height=\"100\" \/><\/a> <a href=\"https:\/\/blog.edu.turku.fi\/turunklassillinenlukio\/files\/2018\/05\/IMG_20180426_162528.jpg\"><img loading=\"lazy\" decoding=\"async\" class=\"alignnone  wp-image-3895\" src=\"https:\/\/blog.edu.turku.fi\/turunklassillinenlukio\/files\/2018\/05\/IMG_20180426_162528-300x169.jpg\" alt=\"\" width=\"178\" height=\"100\" \/><\/a><\/p>\n","protected":false},"excerpt":{"rendered":"<p>Lukiomme Valokuvaus 3 -kurssilaiset yhdess\u00e4 valokuvauksen opettaja Anniina Saksan pystyttiv\u00e4t Turun kaupungin p\u00e4\u00e4kirjastoon valokuvan\u00e4yttelyn nimelt\u00e4\u00e4n .Nyt. N\u00e4yttely on avoinna koko toukokuun ajan. Alla muutamia kuvia n\u00e4yttelyn kasaamisesta. Toivottavasti mahdollisimman moni ehtii k\u00e4yd\u00e4 tutustumassa n\u00e4yttelyyn!<\/p>\n","protected":false},"author":1368,"featured_media":0,"parent":3265,"menu_order":0,"comment_status":"closed","ping_status":"closed","template":"","meta":{"footnotes":""},"class_list":["post-3893","page","type-page","status-publish","hentry"],"_links":{"self":[{"href":"https:\/\/blog.edu.turku.fi\/turunklassillinenlukio\/wp-json\/wp\/v2\/pages\/3893","targetHints":{"allow":["GET"]}}],"collection":[{"href":"https:\/\/blog.edu.turku.fi\/turunklassillinenlukio\/wp-json\/wp\/v2\/pages"}],"about":[{"href":"https:\/\/blog.edu.turku.fi\/turunklassillinenlukio\/wp-json\/wp\/v2\/types\/page"}],"author":[{"embeddable":true,"href":"https:\/\/blog.edu.turku.fi\/turunklassillinenlukio\/wp-json\/wp\/v2\/users\/1368"}],"replies":[{"embeddable":true,"href":"https:\/\/blog.edu.turku.fi\/turunklassillinenlukio\/wp-json\/wp\/v2\/comments?post=3893"}],"version-history":[{"count":3,"href":"https:\/\/blog.edu.turku.fi\/turunklassillinenlukio\/wp-json\/wp\/v2\/pages\/3893\/revisions"}],"predecessor-version":[{"id":3903,"href":"https:\/\/blog.edu.turku.fi\/turunklassillinenlukio\/wp-json\/wp\/v2\/pages\/3893\/revisions\/3903"}],"up":[{"embeddable":true,"href":"https:\/\/blog.edu.turku.fi\/turunklassillinenlukio\/wp-json\/wp\/v2\/pages\/3265"}],"wp:attachment":[{"href":"https:\/\/blog.edu.turku.fi\/turunklassillinenlukio\/wp-json\/wp\/v2\/media?parent=3893"}],"curies":[{"name":"wp","href":"https:\/\/api.w.org\/{rel}","templated":true}]}}