{"id":3880,"date":"2018-05-14T10:26:23","date_gmt":"2018-05-14T07:26:23","guid":{"rendered":"https:\/\/blog.edu.turku.fi\/turunklassillinenlukio\/?page_id=3880"},"modified":"2018-05-14T10:26:23","modified_gmt":"2018-05-14T07:26:23","slug":"ranskalaisia-vieraita-19-25-4-2018","status":"publish","type":"page","link":"https:\/\/blog.edu.turku.fi\/turunklassillinenlukio\/tapahtumat\/tapahtumia-lukuvuodelta-2017-2018\/ranskalaisia-vieraita-19-25-4-2018\/","title":{"rendered":"Ranskalaisia vieraita 19.-25.4.2018"},"content":{"rendered":"<p>Huhtikuun puolessa v\u00e4liss\u00e4 reilut 20 ranskalaista opiskelijaa sek\u00e4 kaksi heid\u00e4n opettajaansa saapuivat Suomeen viikon mittaisen vaihdon merkeiss\u00e4. Ranskalaiset tulevat Suomeen Lyc\u00e9e Victor Hugo -nimisest\u00e4 koulusta, joka sijaitsee Rennesiss\u00e4, maan l\u00e4nsiosassa. Suomessa vaihtoon osallistuvat Turun klassillisen lukion ja Puolalanm\u00e4en lukion opiskelijat majoittivat oman ranskalaisen vaihto-opiskelijansa viikon ajaksi. Ohjelmaan kuului tutustumisen lis\u00e4ksi mm. sirkuskoulua, Rosalan viikinkikyl\u00e4\u00e4 ja kulttuurin\u00e4ht\u00e4vyyksi\u00e4.<\/p>\n<p><a href=\"https:\/\/blog.edu.turku.fi\/turunklassillinenlukio\/files\/2018\/05\/IMG_5084.jpg\">\u00a0<img loading=\"lazy\" decoding=\"async\" class=\"alignnone  wp-image-3884\" src=\"https:\/\/blog.edu.turku.fi\/turunklassillinenlukio\/files\/2018\/05\/IMG_5084-225x300.jpg\" alt=\"\" width=\"100\" height=\"133\" \/><\/a> <a href=\"https:\/\/blog.edu.turku.fi\/turunklassillinenlukio\/files\/2018\/05\/IMG_5090.jpg\"><img loading=\"lazy\" decoding=\"async\" class=\"alignnone  wp-image-3885\" src=\"https:\/\/blog.edu.turku.fi\/turunklassillinenlukio\/files\/2018\/05\/IMG_5090-225x300.jpg\" alt=\"\" width=\"100\" height=\"133\" \/>\u00a0<\/a><a href=\"https:\/\/blog.edu.turku.fi\/turunklassillinenlukio\/files\/2018\/05\/IMG_5079.jpg\"><img loading=\"lazy\" decoding=\"async\" class=\"alignnone  wp-image-3882\" src=\"https:\/\/blog.edu.turku.fi\/turunklassillinenlukio\/files\/2018\/05\/IMG_5079-300x225.jpg\" alt=\"\" width=\"178\" height=\"133\" \/><\/a><a href=\"https:\/\/blog.edu.turku.fi\/turunklassillinenlukio\/files\/2018\/05\/IMG_5081.jpg\"> <img loading=\"lazy\" decoding=\"async\" class=\"alignnone  wp-image-3883\" src=\"https:\/\/blog.edu.turku.fi\/turunklassillinenlukio\/files\/2018\/05\/IMG_5081-300x225.jpg\" alt=\"\" width=\"177\" height=\"133\" \/><br \/>\n<\/a><a href=\"https:\/\/blog.edu.turku.fi\/turunklassillinenlukio\/files\/2018\/05\/IMG_5094.jpg\">\u00a0<\/a><a href=\"https:\/\/blog.edu.turku.fi\/turunklassillinenlukio\/files\/2018\/05\/IMG_5097.jpg\"><img loading=\"lazy\" decoding=\"async\" class=\"alignnone  wp-image-3888\" src=\"https:\/\/blog.edu.turku.fi\/turunklassillinenlukio\/files\/2018\/05\/IMG_5097-225x300.jpg\" alt=\"\" width=\"100\" height=\"133\" \/>\u00a0<\/a><a href=\"https:\/\/blog.edu.turku.fi\/turunklassillinenlukio\/files\/2018\/05\/IMG_5094.jpg\"><img loading=\"lazy\" decoding=\"async\" class=\"alignnone  wp-image-3886\" src=\"https:\/\/blog.edu.turku.fi\/turunklassillinenlukio\/files\/2018\/05\/IMG_5094-300x225.jpg\" alt=\"\" width=\"177\" height=\"133\" \/><\/a><a href=\"https:\/\/blog.edu.turku.fi\/turunklassillinenlukio\/files\/2018\/05\/IMG_5095.jpg\"> <img loading=\"lazy\" decoding=\"async\" class=\"alignnone  wp-image-3887\" src=\"https:\/\/blog.edu.turku.fi\/turunklassillinenlukio\/files\/2018\/05\/IMG_5095-300x225.jpg\" alt=\"\" width=\"177\" height=\"133\" \/><\/a><a href=\"https:\/\/blog.edu.turku.fi\/turunklassillinenlukio\/files\/2018\/05\/IMG_5099.jpg\"> <img loading=\"lazy\" decoding=\"async\" class=\"alignnone  wp-image-3889\" src=\"https:\/\/blog.edu.turku.fi\/turunklassillinenlukio\/files\/2018\/05\/IMG_5099-225x300.jpg\" alt=\"\" width=\"100\" height=\"133\" \/><\/a><\/p>\n<p>Nyt me suomalaiset j\u00e4\u00e4mme innolla odottamaan omaa, muutaman viikon p\u00e4\u00e4st\u00e4 alkavaa matkaamme Ranskaan. Onneksi odotus ei ole pitk\u00e4 ja kohta taas n\u00e4emme nyt jo tutuksi tulleet ranskalaiset vaihto-oppilaamme. En\u00e4\u00e4 voimme vain toivoa oman matkamme sujuvan yht\u00e4 hyvin kuin heid\u00e4n matkansa Suomeen.<\/p>\n<p>Tessa Malkavaara<\/p>\n","protected":false},"excerpt":{"rendered":"<p>Huhtikuun puolessa v\u00e4liss\u00e4 reilut 20 ranskalaista opiskelijaa sek\u00e4 kaksi heid\u00e4n opettajaansa saapuivat Suomeen viikon mittaisen vaihdon merkeiss\u00e4. Ranskalaiset tulevat Suomeen Lyc\u00e9e Victor Hugo -nimisest\u00e4 koulusta, joka sijaitsee Rennesiss\u00e4, maan l\u00e4nsiosassa. Suomessa vaihtoon osallistuvat Turun klassillisen lukion ja Puolalanm\u00e4en lukion opiskelijat &hellip; <a href=\"https:\/\/blog.edu.turku.fi\/turunklassillinenlukio\/tapahtumat\/tapahtumia-lukuvuodelta-2017-2018\/ranskalaisia-vieraita-19-25-4-2018\/\">Lue loppuun <span class=\"meta-nav\">&rarr;<\/span><\/a><\/p>\n","protected":false},"author":1368,"featured_media":0,"parent":3265,"menu_order":0,"comment_status":"closed","ping_status":"closed","template":"","meta":{"footnotes":""},"class_list":["post-3880","page","type-page","status-publish","hentry"],"_links":{"self":[{"href":"https:\/\/blog.edu.turku.fi\/turunklassillinenlukio\/wp-json\/wp\/v2\/pages\/3880","targetHints":{"allow":["GET"]}}],"collection":[{"href":"https:\/\/blog.edu.turku.fi\/turunklassillinenlukio\/wp-json\/wp\/v2\/pages"}],"about":[{"href":"https:\/\/blog.edu.turku.fi\/turunklassillinenlukio\/wp-json\/wp\/v2\/types\/page"}],"author":[{"embeddable":true,"href":"https:\/\/blog.edu.turku.fi\/turunklassillinenlukio\/wp-json\/wp\/v2\/users\/1368"}],"replies":[{"embeddable":true,"href":"https:\/\/blog.edu.turku.fi\/turunklassillinenlukio\/wp-json\/wp\/v2\/comments?post=3880"}],"version-history":[{"count":1,"href":"https:\/\/blog.edu.turku.fi\/turunklassillinenlukio\/wp-json\/wp\/v2\/pages\/3880\/revisions"}],"predecessor-version":[{"id":3890,"href":"https:\/\/blog.edu.turku.fi\/turunklassillinenlukio\/wp-json\/wp\/v2\/pages\/3880\/revisions\/3890"}],"up":[{"embeddable":true,"href":"https:\/\/blog.edu.turku.fi\/turunklassillinenlukio\/wp-json\/wp\/v2\/pages\/3265"}],"wp:attachment":[{"href":"https:\/\/blog.edu.turku.fi\/turunklassillinenlukio\/wp-json\/wp\/v2\/media?parent=3880"}],"curies":[{"name":"wp","href":"https:\/\/api.w.org\/{rel}","templated":true}]}}